{"id":18201,"date":"2024-05-09T11:59:48","date_gmt":"2024-05-09T10:59:48","guid":{"rendered":"https:\/\/pharmadreams.shop\/?post_type=product&#038;p=18201"},"modified":"2024-05-09T11:59:48","modified_gmt":"2024-05-09T10:59:48","slug":"svr-topialyse-gel-lavant-eco-recharge-1l","status":"publish","type":"product","link":"https:\/\/pharmadreams.shop\/index.php\/product\/svr-topialyse-gel-lavant-eco-recharge-1l\/","title":{"rendered":"SVR Topialyse Gel Lavant Eco-Recharge 1L"},"content":{"rendered":"","protected":false},"excerpt":{"rendered":"<p><strong>SVR Topialyse Gel Lavant Eco Recharge 1L<\/strong>\u00a0est un gel nettoyant doux protecteur, id\u00e9al pour l\u2019hygi\u00e8ne quotidienne des peaux sensibles et s\u00e8ches, du visage et du corps.<br \/>\nSa formule apaisante et hydratante 24h r\u00e9duit les sensations de grattages et adoucie la peau pour un confort imm\u00e9diat et longue dur\u00e9e.<br \/>\nRespectueux pour votre peau et pour la plan\u00e8te, il a une formule biod\u00e9gradable compos\u00e9e \u00e0 89% d\u2019ingr\u00e9dients d\u2019origine naturelle, protectrice du film hydrolipidique.<\/p>\n","protected":false},"featured_media":18202,"comment_status":"open","ping_status":"closed","template":"","meta":[],"product_brand":[],"product_cat":[28,163,304,194,79,20],"product_tag":[],"class_list":{"0":"post-18201","1":"product","2":"type-product","3":"status-publish","4":"has-post-thumbnail","6":"product_cat-corps","7":"product_cat-gel-lavant","8":"product_cat-nettoyant-visage","9":"product_cat-peaux-sensibles","10":"product_cat-peaux-seches","11":"product_cat-visage","13":"first","14":"instock","15":"shipping-taxable","16":"purchasable","17":"product-type-simple"},"yoast_head":"<!-- This site is optimized with the Yoast SEO plugin v23.0 - https:\/\/yoast.com\/wordpress\/plugins\/seo\/ -->\n<title>SVR Topialyse Gel Lavant Eco-Recharge 1L - pharmadreams<\/title>\n<meta name=\"robots\" content=\"index, follow, max-snippet:-1, max-image-preview:large, max-video-preview:-1\" \/>\n<link rel=\"canonical\" href=\"https:\/\/pharmadreams.shop\/index.php\/product\/svr-topialyse-gel-lavant-eco-recharge-1l\/\" \/>\n<meta property=\"og:locale\" content=\"fr_FR\" \/>\n<meta property=\"og:type\" content=\"article\" \/>\n<meta property=\"og:title\" content=\"SVR Topialyse Gel Lavant Eco-Recharge 1L - pharmadreams\" \/>\n<meta property=\"og:description\" content=\"SVR Topialyse Gel Lavant Eco Recharge 1L\u00a0est un gel nettoyant doux protecteur, id\u00e9al pour l\u2019hygi\u00e8ne quotidienne des peaux sensibles et s\u00e8ches, du visage et du corps. Sa formule apaisante et hydratante 24h r\u00e9duit les sensations de grattages et adoucie la peau pour un confort imm\u00e9diat et longue dur\u00e9e. Respectueux pour votre peau et pour la plan\u00e8te, il a une formule biod\u00e9gradable compos\u00e9e \u00e0 89% d\u2019ingr\u00e9dients d\u2019origine naturelle, protectrice du film hydrolipidique.\" \/>\n<meta property=\"og:url\" content=\"https:\/\/pharmadreams.shop\/index.php\/product\/svr-topialyse-gel-lavant-eco-recharge-1l\/\" \/>\n<meta property=\"og:site_name\" content=\"pharmadreams\" \/>\n<meta property=\"og:image\" content=\"https:\/\/pharmadreams.shop\/wp-content\/uploads\/2024\/05\/317604-laboratoires-svr-topialyse-gel-lavant-refill-1l-gel-douche-1l-recharge-1000x1000-1.webp\" \/>\n\t<meta property=\"og:image:width\" content=\"1000\" \/>\n\t<meta property=\"og:image:height\" content=\"1000\" \/>\n\t<meta property=\"og:image:type\" content=\"image\/webp\" \/>\n<meta name=\"twitter:card\" content=\"summary_large_image\" \/>\n<meta name=\"twitter:label1\" content=\"Dur\u00e9e de lecture estim\u00e9e\" \/>\n\t<meta name=\"twitter:data1\" content=\"1 minute\" \/>\n<script type=\"application\/ld+json\" class=\"yoast-schema-graph\">{\"@context\":\"https:\/\/schema.org\",\"@graph\":[{\"@type\":\"WebPage\",\"@id\":\"https:\/\/pharmadreams.shop\/index.php\/product\/svr-topialyse-gel-lavant-eco-recharge-1l\/\",\"url\":\"https:\/\/pharmadreams.shop\/index.php\/product\/svr-topialyse-gel-lavant-eco-recharge-1l\/\",\"name\":\"SVR Topialyse Gel Lavant Eco-Recharge 1L - pharmadreams\",\"isPartOf\":{\"@id\":\"https:\/\/pharmadreams.shop\/#website\"},\"primaryImageOfPage\":{\"@id\":\"https:\/\/pharmadreams.shop\/index.php\/product\/svr-topialyse-gel-lavant-eco-recharge-1l\/#primaryimage\"},\"image\":{\"@id\":\"https:\/\/pharmadreams.shop\/index.php\/product\/svr-topialyse-gel-lavant-eco-recharge-1l\/#primaryimage\"},\"thumbnailUrl\":\"https:\/\/pharmadreams.shop\/wp-content\/uploads\/2024\/05\/317604-laboratoires-svr-topialyse-gel-lavant-refill-1l-gel-douche-1l-recharge-1000x1000-1.webp\",\"datePublished\":\"2024-05-09T10:59:48+00:00\",\"dateModified\":\"2024-05-09T10:59:48+00:00\",\"breadcrumb\":{\"@id\":\"https:\/\/pharmadreams.shop\/index.php\/product\/svr-topialyse-gel-lavant-eco-recharge-1l\/#breadcrumb\"},\"inLanguage\":\"fr-FR\",\"potentialAction\":[{\"@type\":\"ReadAction\",\"target\":[\"https:\/\/pharmadreams.shop\/index.php\/product\/svr-topialyse-gel-lavant-eco-recharge-1l\/\"]}]},{\"@type\":\"ImageObject\",\"inLanguage\":\"fr-FR\",\"@id\":\"https:\/\/pharmadreams.shop\/index.php\/product\/svr-topialyse-gel-lavant-eco-recharge-1l\/#primaryimage\",\"url\":\"https:\/\/pharmadreams.shop\/wp-content\/uploads\/2024\/05\/317604-laboratoires-svr-topialyse-gel-lavant-refill-1l-gel-douche-1l-recharge-1000x1000-1.webp\",\"contentUrl\":\"https:\/\/pharmadreams.shop\/wp-content\/uploads\/2024\/05\/317604-laboratoires-svr-topialyse-gel-lavant-refill-1l-gel-douche-1l-recharge-1000x1000-1.webp\",\"width\":1000,\"height\":1000},{\"@type\":\"BreadcrumbList\",\"@id\":\"https:\/\/pharmadreams.shop\/index.php\/product\/svr-topialyse-gel-lavant-eco-recharge-1l\/#breadcrumb\",\"itemListElement\":[{\"@type\":\"ListItem\",\"position\":1,\"name\":\"Accueil\",\"item\":\"https:\/\/pharmadreams.shop\/\"},{\"@type\":\"ListItem\",\"position\":2,\"name\":\"Shop\",\"item\":\"https:\/\/pharmadreams.shop\/index.php\/shop\/\"},{\"@type\":\"ListItem\",\"position\":3,\"name\":\"SVR Topialyse Gel Lavant Eco-Recharge 1L\"}]},{\"@type\":\"WebSite\",\"@id\":\"https:\/\/pharmadreams.shop\/#website\",\"url\":\"https:\/\/pharmadreams.shop\/\",\"name\":\"pharmadreams\",\"description\":\"Parapharmacie en ligne\",\"potentialAction\":[{\"@type\":\"SearchAction\",\"target\":{\"@type\":\"EntryPoint\",\"urlTemplate\":\"https:\/\/pharmadreams.shop\/?s={search_term_string}\"},\"query-input\":\"required name=search_term_string\"}],\"inLanguage\":\"fr-FR\"}]}<\/script>\n<!-- \/ Yoast SEO plugin. -->","yoast_head_json":{"title":"SVR Topialyse Gel Lavant Eco-Recharge 1L - pharmadreams","robots":{"index":"index","follow":"follow","max-snippet":"max-snippet:-1","max-image-preview":"max-image-preview:large","max-video-preview":"max-video-preview:-1"},"canonical":"https:\/\/pharmadreams.shop\/index.php\/product\/svr-topialyse-gel-lavant-eco-recharge-1l\/","og_locale":"fr_FR","og_type":"article","og_title":"SVR Topialyse Gel Lavant Eco-Recharge 1L - pharmadreams","og_description":"SVR Topialyse Gel Lavant Eco Recharge 1L\u00a0est un gel nettoyant doux protecteur, id\u00e9al pour l\u2019hygi\u00e8ne quotidienne des peaux sensibles et s\u00e8ches, du visage et du corps. Sa formule apaisante et hydratante 24h r\u00e9duit les sensations de grattages et adoucie la peau pour un confort imm\u00e9diat et longue dur\u00e9e. Respectueux pour votre peau et pour la plan\u00e8te, il a une formule biod\u00e9gradable compos\u00e9e \u00e0 89% d\u2019ingr\u00e9dients d\u2019origine naturelle, protectrice du film hydrolipidique.","og_url":"https:\/\/pharmadreams.shop\/index.php\/product\/svr-topialyse-gel-lavant-eco-recharge-1l\/","og_site_name":"pharmadreams","og_image":[{"width":1000,"height":1000,"url":"https:\/\/pharmadreams.shop\/wp-content\/uploads\/2024\/05\/317604-laboratoires-svr-topialyse-gel-lavant-refill-1l-gel-douche-1l-recharge-1000x1000-1.webp","type":"image\/webp"}],"twitter_card":"summary_large_image","twitter_misc":{"Dur\u00e9e de lecture estim\u00e9e":"1 minute"},"schema":{"@context":"https:\/\/schema.org","@graph":[{"@type":"WebPage","@id":"https:\/\/pharmadreams.shop\/index.php\/product\/svr-topialyse-gel-lavant-eco-recharge-1l\/","url":"https:\/\/pharmadreams.shop\/index.php\/product\/svr-topialyse-gel-lavant-eco-recharge-1l\/","name":"SVR Topialyse Gel Lavant Eco-Recharge 1L - pharmadreams","isPartOf":{"@id":"https:\/\/pharmadreams.shop\/#website"},"primaryImageOfPage":{"@id":"https:\/\/pharmadreams.shop\/index.php\/product\/svr-topialyse-gel-lavant-eco-recharge-1l\/#primaryimage"},"image":{"@id":"https:\/\/pharmadreams.shop\/index.php\/product\/svr-topialyse-gel-lavant-eco-recharge-1l\/#primaryimage"},"thumbnailUrl":"https:\/\/pharmadreams.shop\/wp-content\/uploads\/2024\/05\/317604-laboratoires-svr-topialyse-gel-lavant-refill-1l-gel-douche-1l-recharge-1000x1000-1.webp","datePublished":"2024-05-09T10:59:48+00:00","dateModified":"2024-05-09T10:59:48+00:00","breadcrumb":{"@id":"https:\/\/pharmadreams.shop\/index.php\/product\/svr-topialyse-gel-lavant-eco-recharge-1l\/#breadcrumb"},"inLanguage":"fr-FR","potentialAction":[{"@type":"ReadAction","target":["https:\/\/pharmadreams.shop\/index.php\/product\/svr-topialyse-gel-lavant-eco-recharge-1l\/"]}]},{"@type":"ImageObject","inLanguage":"fr-FR","@id":"https:\/\/pharmadreams.shop\/index.php\/product\/svr-topialyse-gel-lavant-eco-recharge-1l\/#primaryimage","url":"https:\/\/pharmadreams.shop\/wp-content\/uploads\/2024\/05\/317604-laboratoires-svr-topialyse-gel-lavant-refill-1l-gel-douche-1l-recharge-1000x1000-1.webp","contentUrl":"https:\/\/pharmadreams.shop\/wp-content\/uploads\/2024\/05\/317604-laboratoires-svr-topialyse-gel-lavant-refill-1l-gel-douche-1l-recharge-1000x1000-1.webp","width":1000,"height":1000},{"@type":"BreadcrumbList","@id":"https:\/\/pharmadreams.shop\/index.php\/product\/svr-topialyse-gel-lavant-eco-recharge-1l\/#breadcrumb","itemListElement":[{"@type":"ListItem","position":1,"name":"Accueil","item":"https:\/\/pharmadreams.shop\/"},{"@type":"ListItem","position":2,"name":"Shop","item":"https:\/\/pharmadreams.shop\/index.php\/shop\/"},{"@type":"ListItem","position":3,"name":"SVR Topialyse Gel Lavant Eco-Recharge 1L"}]},{"@type":"WebSite","@id":"https:\/\/pharmadreams.shop\/#website","url":"https:\/\/pharmadreams.shop\/","name":"pharmadreams","description":"Parapharmacie en ligne","potentialAction":[{"@type":"SearchAction","target":{"@type":"EntryPoint","urlTemplate":"https:\/\/pharmadreams.shop\/?s={search_term_string}"},"query-input":"required name=search_term_string"}],"inLanguage":"fr-FR"}]}},"_links":{"self":[{"href":"https:\/\/pharmadreams.shop\/index.php\/wp-json\/wp\/v2\/product\/18201","targetHints":{"allow":["GET"]}}],"collection":[{"href":"https:\/\/pharmadreams.shop\/index.php\/wp-json\/wp\/v2\/product"}],"about":[{"href":"https:\/\/pharmadreams.shop\/index.php\/wp-json\/wp\/v2\/types\/product"}],"replies":[{"embeddable":true,"href":"https:\/\/pharmadreams.shop\/index.php\/wp-json\/wp\/v2\/comments?post=18201"}],"version-history":[{"count":0,"href":"https:\/\/pharmadreams.shop\/index.php\/wp-json\/wp\/v2\/product\/18201\/revisions"}],"wp:featuredmedia":[{"embeddable":true,"href":"https:\/\/pharmadreams.shop\/index.php\/wp-json\/wp\/v2\/media\/18202"}],"wp:attachment":[{"href":"https:\/\/pharmadreams.shop\/index.php\/wp-json\/wp\/v2\/media?parent=18201"}],"wp:term":[{"taxonomy":"product_brand","embeddable":true,"href":"https:\/\/pharmadreams.shop\/index.php\/wp-json\/wp\/v2\/product_brand?post=18201"},{"taxonomy":"product_cat","embeddable":true,"href":"https:\/\/pharmadreams.shop\/index.php\/wp-json\/wp\/v2\/product_cat?post=18201"},{"taxonomy":"product_tag","embeddable":true,"href":"https:\/\/pharmadreams.shop\/index.php\/wp-json\/wp\/v2\/product_tag?post=18201"}],"curies":[{"name":"wp","href":"https:\/\/api.w.org\/{rel}","templated":true}]}}