{"id":18204,"date":"2024-05-09T12:11:51","date_gmt":"2024-05-09T11:11:51","guid":{"rendered":"https:\/\/pharmadreams.shop\/?post_type=product&#038;p=18204"},"modified":"2024-05-09T12:11:51","modified_gmt":"2024-05-09T11:11:51","slug":"svr-topialyse-huile-lavante-1l","status":"publish","type":"product","link":"https:\/\/pharmadreams.shop\/index.php\/product\/svr-topialyse-huile-lavante-1l\/","title":{"rendered":"SVR Topialyse Huile Lavante  1L"},"content":{"rendered":"","protected":false},"excerpt":{"rendered":"<p><strong>SVR Topialyse Huile Lavante Micellaire 1L<\/strong><\/p>\n<p>Le soin lavant qui remplace tous les autres : gel douche, bain moussant, shampoing, hygi\u00e8ne intime, nettoyant visage et mains, d\u00e9maquillant sous la douche. Ne pique pas les yeux.<\/p>\n<p>Destin\u00e9e aux peaux s\u00e8ches \u00e0 atopiques,\u00a0<strong>SVR Topialyse huile lavante<\/strong>\u00a0micellaire est une huile relipidante anti-grattage qui convient aussi bien pour la douche que pour le bain. Ce soin lavant nourrit intens\u00e9ment les peaux de toute la famille et pr\u00e9serve leur film hydrolipidique tout en r\u00e9duisant les sensations de tiraillements et de grattage.<\/p>\n","protected":false},"featured_media":18205,"comment_status":"open","ping_status":"closed","template":"","meta":[],"product_brand":[],"product_cat":[28,155,98,101,304,194,79,20],"product_tag":[],"class_list":{"0":"post-18204","1":"product","2":"type-product","3":"status-publish","4":"has-post-thumbnail","6":"product_cat-corps","7":"product_cat-huile-corp","8":"product_cat-hydratation","9":"product_cat-mains","10":"product_cat-nettoyant-visage","11":"product_cat-peaux-sensibles","12":"product_cat-peaux-seches","13":"product_cat-visage","15":"first","16":"instock","17":"shipping-taxable","18":"purchasable","19":"product-type-simple"},"yoast_head":"<!-- This site is optimized with the Yoast SEO plugin v23.0 - https:\/\/yoast.com\/wordpress\/plugins\/seo\/ -->\n<title>SVR Topialyse Huile Lavante 1L - pharmadreams<\/title>\n<meta name=\"robots\" content=\"index, follow, max-snippet:-1, max-image-preview:large, max-video-preview:-1\" \/>\n<link rel=\"canonical\" href=\"https:\/\/pharmadreams.shop\/index.php\/product\/svr-topialyse-huile-lavante-1l\/\" \/>\n<meta property=\"og:locale\" content=\"fr_FR\" \/>\n<meta property=\"og:type\" content=\"article\" \/>\n<meta property=\"og:title\" content=\"SVR Topialyse Huile Lavante 1L - pharmadreams\" \/>\n<meta property=\"og:description\" content=\"SVR Topialyse Huile Lavante Micellaire 1L  Le soin lavant qui remplace tous les autres : gel douche, bain moussant, shampoing, hygi\u00e8ne intime, nettoyant visage et mains, d\u00e9maquillant sous la douche. Ne pique pas les yeux.  Destin\u00e9e aux peaux s\u00e8ches \u00e0 atopiques,\u00a0SVR Topialyse huile lavante\u00a0micellaire est une huile relipidante anti-grattage qui convient aussi bien pour la douche que pour le bain. Ce soin lavant nourrit intens\u00e9ment les peaux de toute la famille et pr\u00e9serve leur film hydrolipidique tout en r\u00e9duisant les sensations de tiraillements et de grattage.\" \/>\n<meta property=\"og:url\" content=\"https:\/\/pharmadreams.shop\/index.php\/product\/svr-topialyse-huile-lavante-1l\/\" \/>\n<meta property=\"og:site_name\" content=\"pharmadreams\" \/>\n<meta property=\"og:image\" content=\"https:\/\/pharmadreams.shop\/wp-content\/uploads\/2024\/05\/317637-laboratoires-svr-topialyse-huile-lavante-ocean-1l-huile-de-douche-1l-flacon-pompe-1000x1000-1.webp\" \/>\n\t<meta property=\"og:image:width\" content=\"1000\" \/>\n\t<meta property=\"og:image:height\" content=\"1000\" \/>\n\t<meta property=\"og:image:type\" content=\"image\/webp\" \/>\n<meta name=\"twitter:card\" content=\"summary_large_image\" \/>\n<meta name=\"twitter:label1\" content=\"Dur\u00e9e de lecture estim\u00e9e\" \/>\n\t<meta name=\"twitter:data1\" content=\"1 minute\" \/>\n<script type=\"application\/ld+json\" class=\"yoast-schema-graph\">{\"@context\":\"https:\/\/schema.org\",\"@graph\":[{\"@type\":\"WebPage\",\"@id\":\"https:\/\/pharmadreams.shop\/index.php\/product\/svr-topialyse-huile-lavante-1l\/\",\"url\":\"https:\/\/pharmadreams.shop\/index.php\/product\/svr-topialyse-huile-lavante-1l\/\",\"name\":\"SVR Topialyse Huile Lavante 1L - pharmadreams\",\"isPartOf\":{\"@id\":\"https:\/\/pharmadreams.shop\/#website\"},\"primaryImageOfPage\":{\"@id\":\"https:\/\/pharmadreams.shop\/index.php\/product\/svr-topialyse-huile-lavante-1l\/#primaryimage\"},\"image\":{\"@id\":\"https:\/\/pharmadreams.shop\/index.php\/product\/svr-topialyse-huile-lavante-1l\/#primaryimage\"},\"thumbnailUrl\":\"https:\/\/pharmadreams.shop\/wp-content\/uploads\/2024\/05\/317637-laboratoires-svr-topialyse-huile-lavante-ocean-1l-huile-de-douche-1l-flacon-pompe-1000x1000-1.webp\",\"datePublished\":\"2024-05-09T11:11:51+00:00\",\"dateModified\":\"2024-05-09T11:11:51+00:00\",\"breadcrumb\":{\"@id\":\"https:\/\/pharmadreams.shop\/index.php\/product\/svr-topialyse-huile-lavante-1l\/#breadcrumb\"},\"inLanguage\":\"fr-FR\",\"potentialAction\":[{\"@type\":\"ReadAction\",\"target\":[\"https:\/\/pharmadreams.shop\/index.php\/product\/svr-topialyse-huile-lavante-1l\/\"]}]},{\"@type\":\"ImageObject\",\"inLanguage\":\"fr-FR\",\"@id\":\"https:\/\/pharmadreams.shop\/index.php\/product\/svr-topialyse-huile-lavante-1l\/#primaryimage\",\"url\":\"https:\/\/pharmadreams.shop\/wp-content\/uploads\/2024\/05\/317637-laboratoires-svr-topialyse-huile-lavante-ocean-1l-huile-de-douche-1l-flacon-pompe-1000x1000-1.webp\",\"contentUrl\":\"https:\/\/pharmadreams.shop\/wp-content\/uploads\/2024\/05\/317637-laboratoires-svr-topialyse-huile-lavante-ocean-1l-huile-de-douche-1l-flacon-pompe-1000x1000-1.webp\",\"width\":1000,\"height\":1000},{\"@type\":\"BreadcrumbList\",\"@id\":\"https:\/\/pharmadreams.shop\/index.php\/product\/svr-topialyse-huile-lavante-1l\/#breadcrumb\",\"itemListElement\":[{\"@type\":\"ListItem\",\"position\":1,\"name\":\"Accueil\",\"item\":\"https:\/\/pharmadreams.shop\/\"},{\"@type\":\"ListItem\",\"position\":2,\"name\":\"Shop\",\"item\":\"https:\/\/pharmadreams.shop\/index.php\/shop\/\"},{\"@type\":\"ListItem\",\"position\":3,\"name\":\"SVR Topialyse Huile Lavante 1L\"}]},{\"@type\":\"WebSite\",\"@id\":\"https:\/\/pharmadreams.shop\/#website\",\"url\":\"https:\/\/pharmadreams.shop\/\",\"name\":\"pharmadreams\",\"description\":\"Parapharmacie en ligne\",\"potentialAction\":[{\"@type\":\"SearchAction\",\"target\":{\"@type\":\"EntryPoint\",\"urlTemplate\":\"https:\/\/pharmadreams.shop\/?s={search_term_string}\"},\"query-input\":\"required name=search_term_string\"}],\"inLanguage\":\"fr-FR\"}]}<\/script>\n<!-- \/ Yoast SEO plugin. -->","yoast_head_json":{"title":"SVR Topialyse Huile Lavante 1L - pharmadreams","robots":{"index":"index","follow":"follow","max-snippet":"max-snippet:-1","max-image-preview":"max-image-preview:large","max-video-preview":"max-video-preview:-1"},"canonical":"https:\/\/pharmadreams.shop\/index.php\/product\/svr-topialyse-huile-lavante-1l\/","og_locale":"fr_FR","og_type":"article","og_title":"SVR Topialyse Huile Lavante 1L - pharmadreams","og_description":"SVR Topialyse Huile Lavante Micellaire 1L  Le soin lavant qui remplace tous les autres : gel douche, bain moussant, shampoing, hygi\u00e8ne intime, nettoyant visage et mains, d\u00e9maquillant sous la douche. Ne pique pas les yeux.  Destin\u00e9e aux peaux s\u00e8ches \u00e0 atopiques,\u00a0SVR Topialyse huile lavante\u00a0micellaire est une huile relipidante anti-grattage qui convient aussi bien pour la douche que pour le bain. Ce soin lavant nourrit intens\u00e9ment les peaux de toute la famille et pr\u00e9serve leur film hydrolipidique tout en r\u00e9duisant les sensations de tiraillements et de grattage.","og_url":"https:\/\/pharmadreams.shop\/index.php\/product\/svr-topialyse-huile-lavante-1l\/","og_site_name":"pharmadreams","og_image":[{"width":1000,"height":1000,"url":"https:\/\/pharmadreams.shop\/wp-content\/uploads\/2024\/05\/317637-laboratoires-svr-topialyse-huile-lavante-ocean-1l-huile-de-douche-1l-flacon-pompe-1000x1000-1.webp","type":"image\/webp"}],"twitter_card":"summary_large_image","twitter_misc":{"Dur\u00e9e de lecture estim\u00e9e":"1 minute"},"schema":{"@context":"https:\/\/schema.org","@graph":[{"@type":"WebPage","@id":"https:\/\/pharmadreams.shop\/index.php\/product\/svr-topialyse-huile-lavante-1l\/","url":"https:\/\/pharmadreams.shop\/index.php\/product\/svr-topialyse-huile-lavante-1l\/","name":"SVR Topialyse Huile Lavante 1L - pharmadreams","isPartOf":{"@id":"https:\/\/pharmadreams.shop\/#website"},"primaryImageOfPage":{"@id":"https:\/\/pharmadreams.shop\/index.php\/product\/svr-topialyse-huile-lavante-1l\/#primaryimage"},"image":{"@id":"https:\/\/pharmadreams.shop\/index.php\/product\/svr-topialyse-huile-lavante-1l\/#primaryimage"},"thumbnailUrl":"https:\/\/pharmadreams.shop\/wp-content\/uploads\/2024\/05\/317637-laboratoires-svr-topialyse-huile-lavante-ocean-1l-huile-de-douche-1l-flacon-pompe-1000x1000-1.webp","datePublished":"2024-05-09T11:11:51+00:00","dateModified":"2024-05-09T11:11:51+00:00","breadcrumb":{"@id":"https:\/\/pharmadreams.shop\/index.php\/product\/svr-topialyse-huile-lavante-1l\/#breadcrumb"},"inLanguage":"fr-FR","potentialAction":[{"@type":"ReadAction","target":["https:\/\/pharmadreams.shop\/index.php\/product\/svr-topialyse-huile-lavante-1l\/"]}]},{"@type":"ImageObject","inLanguage":"fr-FR","@id":"https:\/\/pharmadreams.shop\/index.php\/product\/svr-topialyse-huile-lavante-1l\/#primaryimage","url":"https:\/\/pharmadreams.shop\/wp-content\/uploads\/2024\/05\/317637-laboratoires-svr-topialyse-huile-lavante-ocean-1l-huile-de-douche-1l-flacon-pompe-1000x1000-1.webp","contentUrl":"https:\/\/pharmadreams.shop\/wp-content\/uploads\/2024\/05\/317637-laboratoires-svr-topialyse-huile-lavante-ocean-1l-huile-de-douche-1l-flacon-pompe-1000x1000-1.webp","width":1000,"height":1000},{"@type":"BreadcrumbList","@id":"https:\/\/pharmadreams.shop\/index.php\/product\/svr-topialyse-huile-lavante-1l\/#breadcrumb","itemListElement":[{"@type":"ListItem","position":1,"name":"Accueil","item":"https:\/\/pharmadreams.shop\/"},{"@type":"ListItem","position":2,"name":"Shop","item":"https:\/\/pharmadreams.shop\/index.php\/shop\/"},{"@type":"ListItem","position":3,"name":"SVR Topialyse Huile Lavante 1L"}]},{"@type":"WebSite","@id":"https:\/\/pharmadreams.shop\/#website","url":"https:\/\/pharmadreams.shop\/","name":"pharmadreams","description":"Parapharmacie en ligne","potentialAction":[{"@type":"SearchAction","target":{"@type":"EntryPoint","urlTemplate":"https:\/\/pharmadreams.shop\/?s={search_term_string}"},"query-input":"required name=search_term_string"}],"inLanguage":"fr-FR"}]}},"_links":{"self":[{"href":"https:\/\/pharmadreams.shop\/index.php\/wp-json\/wp\/v2\/product\/18204","targetHints":{"allow":["GET"]}}],"collection":[{"href":"https:\/\/pharmadreams.shop\/index.php\/wp-json\/wp\/v2\/product"}],"about":[{"href":"https:\/\/pharmadreams.shop\/index.php\/wp-json\/wp\/v2\/types\/product"}],"replies":[{"embeddable":true,"href":"https:\/\/pharmadreams.shop\/index.php\/wp-json\/wp\/v2\/comments?post=18204"}],"version-history":[{"count":0,"href":"https:\/\/pharmadreams.shop\/index.php\/wp-json\/wp\/v2\/product\/18204\/revisions"}],"wp:featuredmedia":[{"embeddable":true,"href":"https:\/\/pharmadreams.shop\/index.php\/wp-json\/wp\/v2\/media\/18205"}],"wp:attachment":[{"href":"https:\/\/pharmadreams.shop\/index.php\/wp-json\/wp\/v2\/media?parent=18204"}],"wp:term":[{"taxonomy":"product_brand","embeddable":true,"href":"https:\/\/pharmadreams.shop\/index.php\/wp-json\/wp\/v2\/product_brand?post=18204"},{"taxonomy":"product_cat","embeddable":true,"href":"https:\/\/pharmadreams.shop\/index.php\/wp-json\/wp\/v2\/product_cat?post=18204"},{"taxonomy":"product_tag","embeddable":true,"href":"https:\/\/pharmadreams.shop\/index.php\/wp-json\/wp\/v2\/product_tag?post=18204"}],"curies":[{"name":"wp","href":"https:\/\/api.w.org\/{rel}","templated":true}]}}