{"id":18229,"date":"2024-05-09T14:44:58","date_gmt":"2024-05-09T13:44:58","guid":{"rendered":"https:\/\/pharmadreams.shop\/?post_type=product&#038;p=18229"},"modified":"2024-05-09T14:44:59","modified_gmt":"2024-05-09T13:44:59","slug":"svr-sebiaclear-cicapeel-15ml","status":"publish","type":"product","link":"https:\/\/pharmadreams.shop\/index.php\/product\/svr-sebiaclear-cicapeel-15ml\/","title":{"rendered":"SVR Sebiaclear Cicapeel 15ml"},"content":{"rendered":"","protected":false},"excerpt":{"rendered":"<p>Sebiaclear Cicapeel est le geste SOS des peaux \u00e0 imperfections. Ce gel actif ass\u00e8che et \u00e9limine boutons et points noirs tout en pr\u00e9venant la formation de marques.<\/p>\n<p>Pour les peaux sensibles \u00e0 tendance acn\u00e9ique, visage.<br \/>\nLe bouton au mauvais moment, un \u2026 classique. Sebiaclear Cicapeel, est le geste SOS stop-boutons 24h(1). Ce gel actif cibl\u00e9 ass\u00e8che et aide \u00e0 \u00e9liminer boutons et points noirs en un temps record tout en pr\u00e9venant la formation de marques. Sa texture gel invisible oil-free vous accompagnera tout au long de la journ\u00e9e.<\/p>\n<p>Appliquer le soin localement 2 ou plusieurs fois par jour.<\/p>\n<p>\u00c9viter le contour des yeux.<\/p>\n","protected":false},"featured_media":18230,"comment_status":"open","ping_status":"closed","template":"","meta":[],"product_brand":[],"product_cat":[97,114,242,79,20],"product_tag":[],"class_list":{"0":"post-18229","1":"product","2":"type-product","3":"status-publish","4":"has-post-thumbnail","6":"product_cat-anti-imperfection","7":"product_cat-gel","8":"product_cat-peaux-acneiques","9":"product_cat-peaux-seches","10":"product_cat-visage","12":"first","13":"instock","14":"shipping-taxable","15":"purchasable","16":"product-type-simple"},"yoast_head":"<!-- This site is optimized with the Yoast SEO plugin v23.0 - https:\/\/yoast.com\/wordpress\/plugins\/seo\/ -->\n<title>SVR Sebiaclear Cicapeel 15ml - pharmadreams<\/title>\n<meta name=\"robots\" content=\"index, follow, max-snippet:-1, max-image-preview:large, max-video-preview:-1\" \/>\n<link rel=\"canonical\" href=\"https:\/\/pharmadreams.shop\/index.php\/product\/svr-sebiaclear-cicapeel-15ml\/\" \/>\n<meta property=\"og:locale\" content=\"fr_FR\" \/>\n<meta property=\"og:type\" content=\"article\" \/>\n<meta property=\"og:title\" content=\"SVR Sebiaclear Cicapeel 15ml - pharmadreams\" \/>\n<meta property=\"og:description\" content=\"Sebiaclear Cicapeel est le geste SOS des peaux \u00e0 imperfections. Ce gel actif ass\u00e8che et \u00e9limine boutons et points noirs tout en pr\u00e9venant la formation de marques.  Pour les peaux sensibles \u00e0 tendance acn\u00e9ique, visage. Le bouton au mauvais moment, un \u2026 classique. Sebiaclear Cicapeel, est le geste SOS stop-boutons 24h(1). Ce gel actif cibl\u00e9 ass\u00e8che et aide \u00e0 \u00e9liminer boutons et points noirs en un temps record tout en pr\u00e9venant la formation de marques. Sa texture gel invisible oil-free vous accompagnera tout au long de la journ\u00e9e.  Appliquer le soin localement 2 ou plusieurs fois par jour.  \u00c9viter le contour des yeux.\" \/>\n<meta property=\"og:url\" content=\"https:\/\/pharmadreams.shop\/index.php\/product\/svr-sebiaclear-cicapeel-15ml\/\" \/>\n<meta property=\"og:site_name\" content=\"pharmadreams\" \/>\n<meta property=\"article:modified_time\" content=\"2024-05-09T13:44:59+00:00\" \/>\n<meta property=\"og:image\" content=\"https:\/\/pharmadreams.shop\/wp-content\/uploads\/2024\/05\/317545-laboratoires-svr-sebiaclear-cicapeel-15ml-soin-localise-15ml-tube-1000x1000-1.webp\" \/>\n\t<meta property=\"og:image:width\" content=\"1000\" \/>\n\t<meta property=\"og:image:height\" content=\"1000\" \/>\n\t<meta property=\"og:image:type\" content=\"image\/webp\" \/>\n<meta name=\"twitter:card\" content=\"summary_large_image\" \/>\n<meta name=\"twitter:label1\" content=\"Dur\u00e9e de lecture estim\u00e9e\" \/>\n\t<meta name=\"twitter:data1\" content=\"1 minute\" \/>\n<script type=\"application\/ld+json\" class=\"yoast-schema-graph\">{\"@context\":\"https:\/\/schema.org\",\"@graph\":[{\"@type\":\"WebPage\",\"@id\":\"https:\/\/pharmadreams.shop\/index.php\/product\/svr-sebiaclear-cicapeel-15ml\/\",\"url\":\"https:\/\/pharmadreams.shop\/index.php\/product\/svr-sebiaclear-cicapeel-15ml\/\",\"name\":\"SVR Sebiaclear Cicapeel 15ml - pharmadreams\",\"isPartOf\":{\"@id\":\"https:\/\/pharmadreams.shop\/#website\"},\"primaryImageOfPage\":{\"@id\":\"https:\/\/pharmadreams.shop\/index.php\/product\/svr-sebiaclear-cicapeel-15ml\/#primaryimage\"},\"image\":{\"@id\":\"https:\/\/pharmadreams.shop\/index.php\/product\/svr-sebiaclear-cicapeel-15ml\/#primaryimage\"},\"thumbnailUrl\":\"https:\/\/pharmadreams.shop\/wp-content\/uploads\/2024\/05\/317545-laboratoires-svr-sebiaclear-cicapeel-15ml-soin-localise-15ml-tube-1000x1000-1.webp\",\"datePublished\":\"2024-05-09T13:44:58+00:00\",\"dateModified\":\"2024-05-09T13:44:59+00:00\",\"breadcrumb\":{\"@id\":\"https:\/\/pharmadreams.shop\/index.php\/product\/svr-sebiaclear-cicapeel-15ml\/#breadcrumb\"},\"inLanguage\":\"fr-FR\",\"potentialAction\":[{\"@type\":\"ReadAction\",\"target\":[\"https:\/\/pharmadreams.shop\/index.php\/product\/svr-sebiaclear-cicapeel-15ml\/\"]}]},{\"@type\":\"ImageObject\",\"inLanguage\":\"fr-FR\",\"@id\":\"https:\/\/pharmadreams.shop\/index.php\/product\/svr-sebiaclear-cicapeel-15ml\/#primaryimage\",\"url\":\"https:\/\/pharmadreams.shop\/wp-content\/uploads\/2024\/05\/317545-laboratoires-svr-sebiaclear-cicapeel-15ml-soin-localise-15ml-tube-1000x1000-1.webp\",\"contentUrl\":\"https:\/\/pharmadreams.shop\/wp-content\/uploads\/2024\/05\/317545-laboratoires-svr-sebiaclear-cicapeel-15ml-soin-localise-15ml-tube-1000x1000-1.webp\",\"width\":1000,\"height\":1000},{\"@type\":\"BreadcrumbList\",\"@id\":\"https:\/\/pharmadreams.shop\/index.php\/product\/svr-sebiaclear-cicapeel-15ml\/#breadcrumb\",\"itemListElement\":[{\"@type\":\"ListItem\",\"position\":1,\"name\":\"Accueil\",\"item\":\"https:\/\/pharmadreams.shop\/\"},{\"@type\":\"ListItem\",\"position\":2,\"name\":\"Shop\",\"item\":\"https:\/\/pharmadreams.shop\/index.php\/shop\/\"},{\"@type\":\"ListItem\",\"position\":3,\"name\":\"SVR Sebiaclear Cicapeel 15ml\"}]},{\"@type\":\"WebSite\",\"@id\":\"https:\/\/pharmadreams.shop\/#website\",\"url\":\"https:\/\/pharmadreams.shop\/\",\"name\":\"pharmadreams\",\"description\":\"Parapharmacie en ligne\",\"potentialAction\":[{\"@type\":\"SearchAction\",\"target\":{\"@type\":\"EntryPoint\",\"urlTemplate\":\"https:\/\/pharmadreams.shop\/?s={search_term_string}\"},\"query-input\":\"required name=search_term_string\"}],\"inLanguage\":\"fr-FR\"}]}<\/script>\n<!-- \/ Yoast SEO plugin. -->","yoast_head_json":{"title":"SVR Sebiaclear Cicapeel 15ml - pharmadreams","robots":{"index":"index","follow":"follow","max-snippet":"max-snippet:-1","max-image-preview":"max-image-preview:large","max-video-preview":"max-video-preview:-1"},"canonical":"https:\/\/pharmadreams.shop\/index.php\/product\/svr-sebiaclear-cicapeel-15ml\/","og_locale":"fr_FR","og_type":"article","og_title":"SVR Sebiaclear Cicapeel 15ml - pharmadreams","og_description":"Sebiaclear Cicapeel est le geste SOS des peaux \u00e0 imperfections. Ce gel actif ass\u00e8che et \u00e9limine boutons et points noirs tout en pr\u00e9venant la formation de marques.  Pour les peaux sensibles \u00e0 tendance acn\u00e9ique, visage. Le bouton au mauvais moment, un \u2026 classique. Sebiaclear Cicapeel, est le geste SOS stop-boutons 24h(1). Ce gel actif cibl\u00e9 ass\u00e8che et aide \u00e0 \u00e9liminer boutons et points noirs en un temps record tout en pr\u00e9venant la formation de marques. Sa texture gel invisible oil-free vous accompagnera tout au long de la journ\u00e9e.  Appliquer le soin localement 2 ou plusieurs fois par jour.  \u00c9viter le contour des yeux.","og_url":"https:\/\/pharmadreams.shop\/index.php\/product\/svr-sebiaclear-cicapeel-15ml\/","og_site_name":"pharmadreams","article_modified_time":"2024-05-09T13:44:59+00:00","og_image":[{"width":1000,"height":1000,"url":"https:\/\/pharmadreams.shop\/wp-content\/uploads\/2024\/05\/317545-laboratoires-svr-sebiaclear-cicapeel-15ml-soin-localise-15ml-tube-1000x1000-1.webp","type":"image\/webp"}],"twitter_card":"summary_large_image","twitter_misc":{"Dur\u00e9e de lecture estim\u00e9e":"1 minute"},"schema":{"@context":"https:\/\/schema.org","@graph":[{"@type":"WebPage","@id":"https:\/\/pharmadreams.shop\/index.php\/product\/svr-sebiaclear-cicapeel-15ml\/","url":"https:\/\/pharmadreams.shop\/index.php\/product\/svr-sebiaclear-cicapeel-15ml\/","name":"SVR Sebiaclear Cicapeel 15ml - pharmadreams","isPartOf":{"@id":"https:\/\/pharmadreams.shop\/#website"},"primaryImageOfPage":{"@id":"https:\/\/pharmadreams.shop\/index.php\/product\/svr-sebiaclear-cicapeel-15ml\/#primaryimage"},"image":{"@id":"https:\/\/pharmadreams.shop\/index.php\/product\/svr-sebiaclear-cicapeel-15ml\/#primaryimage"},"thumbnailUrl":"https:\/\/pharmadreams.shop\/wp-content\/uploads\/2024\/05\/317545-laboratoires-svr-sebiaclear-cicapeel-15ml-soin-localise-15ml-tube-1000x1000-1.webp","datePublished":"2024-05-09T13:44:58+00:00","dateModified":"2024-05-09T13:44:59+00:00","breadcrumb":{"@id":"https:\/\/pharmadreams.shop\/index.php\/product\/svr-sebiaclear-cicapeel-15ml\/#breadcrumb"},"inLanguage":"fr-FR","potentialAction":[{"@type":"ReadAction","target":["https:\/\/pharmadreams.shop\/index.php\/product\/svr-sebiaclear-cicapeel-15ml\/"]}]},{"@type":"ImageObject","inLanguage":"fr-FR","@id":"https:\/\/pharmadreams.shop\/index.php\/product\/svr-sebiaclear-cicapeel-15ml\/#primaryimage","url":"https:\/\/pharmadreams.shop\/wp-content\/uploads\/2024\/05\/317545-laboratoires-svr-sebiaclear-cicapeel-15ml-soin-localise-15ml-tube-1000x1000-1.webp","contentUrl":"https:\/\/pharmadreams.shop\/wp-content\/uploads\/2024\/05\/317545-laboratoires-svr-sebiaclear-cicapeel-15ml-soin-localise-15ml-tube-1000x1000-1.webp","width":1000,"height":1000},{"@type":"BreadcrumbList","@id":"https:\/\/pharmadreams.shop\/index.php\/product\/svr-sebiaclear-cicapeel-15ml\/#breadcrumb","itemListElement":[{"@type":"ListItem","position":1,"name":"Accueil","item":"https:\/\/pharmadreams.shop\/"},{"@type":"ListItem","position":2,"name":"Shop","item":"https:\/\/pharmadreams.shop\/index.php\/shop\/"},{"@type":"ListItem","position":3,"name":"SVR Sebiaclear Cicapeel 15ml"}]},{"@type":"WebSite","@id":"https:\/\/pharmadreams.shop\/#website","url":"https:\/\/pharmadreams.shop\/","name":"pharmadreams","description":"Parapharmacie en ligne","potentialAction":[{"@type":"SearchAction","target":{"@type":"EntryPoint","urlTemplate":"https:\/\/pharmadreams.shop\/?s={search_term_string}"},"query-input":"required name=search_term_string"}],"inLanguage":"fr-FR"}]}},"_links":{"self":[{"href":"https:\/\/pharmadreams.shop\/index.php\/wp-json\/wp\/v2\/product\/18229","targetHints":{"allow":["GET"]}}],"collection":[{"href":"https:\/\/pharmadreams.shop\/index.php\/wp-json\/wp\/v2\/product"}],"about":[{"href":"https:\/\/pharmadreams.shop\/index.php\/wp-json\/wp\/v2\/types\/product"}],"replies":[{"embeddable":true,"href":"https:\/\/pharmadreams.shop\/index.php\/wp-json\/wp\/v2\/comments?post=18229"}],"version-history":[{"count":0,"href":"https:\/\/pharmadreams.shop\/index.php\/wp-json\/wp\/v2\/product\/18229\/revisions"}],"wp:featuredmedia":[{"embeddable":true,"href":"https:\/\/pharmadreams.shop\/index.php\/wp-json\/wp\/v2\/media\/18230"}],"wp:attachment":[{"href":"https:\/\/pharmadreams.shop\/index.php\/wp-json\/wp\/v2\/media?parent=18229"}],"wp:term":[{"taxonomy":"product_brand","embeddable":true,"href":"https:\/\/pharmadreams.shop\/index.php\/wp-json\/wp\/v2\/product_brand?post=18229"},{"taxonomy":"product_cat","embeddable":true,"href":"https:\/\/pharmadreams.shop\/index.php\/wp-json\/wp\/v2\/product_cat?post=18229"},{"taxonomy":"product_tag","embeddable":true,"href":"https:\/\/pharmadreams.shop\/index.php\/wp-json\/wp\/v2\/product_tag?post=18229"}],"curies":[{"name":"wp","href":"https:\/\/api.w.org\/{rel}","templated":true}]}}