{"id":18232,"date":"2024-05-09T14:51:58","date_gmt":"2024-05-09T13:51:58","guid":{"rendered":"https:\/\/pharmadreams.shop\/?post_type=product&#038;p=18232"},"modified":"2024-05-09T14:51:58","modified_gmt":"2024-05-09T13:51:58","slug":"svr-sebiaclear-micro-peel-150ml","status":"publish","type":"product","link":"https:\/\/pharmadreams.shop\/index.php\/product\/svr-sebiaclear-micro-peel-150ml\/","title":{"rendered":"SVR Sebiaclear Micro-Peel 150ml"},"content":{"rendered":"","protected":false},"excerpt":{"rendered":"<p>SVR Sebiaclear Micro-Peel 150 ml est une eau r\u00e9novatrice d\u00e9sincrustante lissante et hautement concentr\u00e9e, qui purifie, d\u00e9sincruste les pores et \u00e9limine les imperfections sans dess\u00e9cher la peau.<\/p>\n<p>Appliquer quotidiennement \u00e0 l\u2019aide d\u2019un coton ou au creux de la main sur peau propre. Micro peel est un v\u00e9ritable booster de soin, \u00e0 appliquer avant son soin hydratant habituel<\/p>\n","protected":false},"featured_media":18233,"comment_status":"open","ping_status":"closed","template":"","meta":[],"product_brand":[],"product_cat":[97,108,304,242,194,20],"product_tag":[],"class_list":{"0":"post-18232","1":"product","2":"type-product","3":"status-publish","4":"has-post-thumbnail","6":"product_cat-anti-imperfection","7":"product_cat-eau-micellaire","8":"product_cat-nettoyant-visage","9":"product_cat-peaux-acneiques","10":"product_cat-peaux-sensibles","11":"product_cat-visage","13":"first","14":"instock","15":"shipping-taxable","16":"purchasable","17":"product-type-simple"},"yoast_head":"<!-- This site is optimized with the Yoast SEO plugin v23.0 - https:\/\/yoast.com\/wordpress\/plugins\/seo\/ -->\n<title>SVR Sebiaclear Micro-Peel 150ml - pharmadreams<\/title>\n<meta name=\"robots\" content=\"index, follow, max-snippet:-1, max-image-preview:large, max-video-preview:-1\" \/>\n<link rel=\"canonical\" href=\"https:\/\/pharmadreams.shop\/index.php\/product\/svr-sebiaclear-micro-peel-150ml\/\" \/>\n<meta property=\"og:locale\" content=\"fr_FR\" \/>\n<meta property=\"og:type\" content=\"article\" \/>\n<meta property=\"og:title\" content=\"SVR Sebiaclear Micro-Peel 150ml - pharmadreams\" \/>\n<meta property=\"og:description\" content=\"SVR Sebiaclear Micro-Peel 150 ml est une eau r\u00e9novatrice d\u00e9sincrustante lissante et hautement concentr\u00e9e, qui purifie, d\u00e9sincruste les pores et \u00e9limine les imperfections sans dess\u00e9cher la peau.  Appliquer quotidiennement \u00e0 l\u2019aide d\u2019un coton ou au creux de la main sur peau propre. Micro peel est un v\u00e9ritable booster de soin, \u00e0 appliquer avant son soin hydratant habituel\" \/>\n<meta property=\"og:url\" content=\"https:\/\/pharmadreams.shop\/index.php\/product\/svr-sebiaclear-micro-peel-150ml\/\" \/>\n<meta property=\"og:site_name\" content=\"pharmadreams\" \/>\n<meta property=\"og:image\" content=\"https:\/\/pharmadreams.shop\/wp-content\/uploads\/2024\/05\/317585-laboratoires-svr-sebiaclear-micro-peel-150ml-lotion-et-tonique-150ml-flacon-1000x1000-1.webp\" \/>\n\t<meta property=\"og:image:width\" content=\"1000\" \/>\n\t<meta property=\"og:image:height\" content=\"1000\" \/>\n\t<meta property=\"og:image:type\" content=\"image\/webp\" \/>\n<meta name=\"twitter:card\" content=\"summary_large_image\" \/>\n<meta name=\"twitter:label1\" content=\"Dur\u00e9e de lecture estim\u00e9e\" \/>\n\t<meta name=\"twitter:data1\" content=\"1 minute\" \/>\n<script type=\"application\/ld+json\" class=\"yoast-schema-graph\">{\"@context\":\"https:\/\/schema.org\",\"@graph\":[{\"@type\":\"WebPage\",\"@id\":\"https:\/\/pharmadreams.shop\/index.php\/product\/svr-sebiaclear-micro-peel-150ml\/\",\"url\":\"https:\/\/pharmadreams.shop\/index.php\/product\/svr-sebiaclear-micro-peel-150ml\/\",\"name\":\"SVR Sebiaclear Micro-Peel 150ml - pharmadreams\",\"isPartOf\":{\"@id\":\"https:\/\/pharmadreams.shop\/#website\"},\"primaryImageOfPage\":{\"@id\":\"https:\/\/pharmadreams.shop\/index.php\/product\/svr-sebiaclear-micro-peel-150ml\/#primaryimage\"},\"image\":{\"@id\":\"https:\/\/pharmadreams.shop\/index.php\/product\/svr-sebiaclear-micro-peel-150ml\/#primaryimage\"},\"thumbnailUrl\":\"https:\/\/pharmadreams.shop\/wp-content\/uploads\/2024\/05\/317585-laboratoires-svr-sebiaclear-micro-peel-150ml-lotion-et-tonique-150ml-flacon-1000x1000-1.webp\",\"datePublished\":\"2024-05-09T13:51:58+00:00\",\"dateModified\":\"2024-05-09T13:51:58+00:00\",\"breadcrumb\":{\"@id\":\"https:\/\/pharmadreams.shop\/index.php\/product\/svr-sebiaclear-micro-peel-150ml\/#breadcrumb\"},\"inLanguage\":\"fr-FR\",\"potentialAction\":[{\"@type\":\"ReadAction\",\"target\":[\"https:\/\/pharmadreams.shop\/index.php\/product\/svr-sebiaclear-micro-peel-150ml\/\"]}]},{\"@type\":\"ImageObject\",\"inLanguage\":\"fr-FR\",\"@id\":\"https:\/\/pharmadreams.shop\/index.php\/product\/svr-sebiaclear-micro-peel-150ml\/#primaryimage\",\"url\":\"https:\/\/pharmadreams.shop\/wp-content\/uploads\/2024\/05\/317585-laboratoires-svr-sebiaclear-micro-peel-150ml-lotion-et-tonique-150ml-flacon-1000x1000-1.webp\",\"contentUrl\":\"https:\/\/pharmadreams.shop\/wp-content\/uploads\/2024\/05\/317585-laboratoires-svr-sebiaclear-micro-peel-150ml-lotion-et-tonique-150ml-flacon-1000x1000-1.webp\",\"width\":1000,\"height\":1000},{\"@type\":\"BreadcrumbList\",\"@id\":\"https:\/\/pharmadreams.shop\/index.php\/product\/svr-sebiaclear-micro-peel-150ml\/#breadcrumb\",\"itemListElement\":[{\"@type\":\"ListItem\",\"position\":1,\"name\":\"Accueil\",\"item\":\"https:\/\/pharmadreams.shop\/\"},{\"@type\":\"ListItem\",\"position\":2,\"name\":\"Shop\",\"item\":\"https:\/\/pharmadreams.shop\/index.php\/shop\/\"},{\"@type\":\"ListItem\",\"position\":3,\"name\":\"SVR Sebiaclear Micro-Peel 150ml\"}]},{\"@type\":\"WebSite\",\"@id\":\"https:\/\/pharmadreams.shop\/#website\",\"url\":\"https:\/\/pharmadreams.shop\/\",\"name\":\"pharmadreams\",\"description\":\"Parapharmacie en ligne\",\"potentialAction\":[{\"@type\":\"SearchAction\",\"target\":{\"@type\":\"EntryPoint\",\"urlTemplate\":\"https:\/\/pharmadreams.shop\/?s={search_term_string}\"},\"query-input\":\"required name=search_term_string\"}],\"inLanguage\":\"fr-FR\"}]}<\/script>\n<!-- \/ Yoast SEO plugin. -->","yoast_head_json":{"title":"SVR Sebiaclear Micro-Peel 150ml - pharmadreams","robots":{"index":"index","follow":"follow","max-snippet":"max-snippet:-1","max-image-preview":"max-image-preview:large","max-video-preview":"max-video-preview:-1"},"canonical":"https:\/\/pharmadreams.shop\/index.php\/product\/svr-sebiaclear-micro-peel-150ml\/","og_locale":"fr_FR","og_type":"article","og_title":"SVR Sebiaclear Micro-Peel 150ml - pharmadreams","og_description":"SVR Sebiaclear Micro-Peel 150 ml est une eau r\u00e9novatrice d\u00e9sincrustante lissante et hautement concentr\u00e9e, qui purifie, d\u00e9sincruste les pores et \u00e9limine les imperfections sans dess\u00e9cher la peau.  Appliquer quotidiennement \u00e0 l\u2019aide d\u2019un coton ou au creux de la main sur peau propre. Micro peel est un v\u00e9ritable booster de soin, \u00e0 appliquer avant son soin hydratant habituel","og_url":"https:\/\/pharmadreams.shop\/index.php\/product\/svr-sebiaclear-micro-peel-150ml\/","og_site_name":"pharmadreams","og_image":[{"width":1000,"height":1000,"url":"https:\/\/pharmadreams.shop\/wp-content\/uploads\/2024\/05\/317585-laboratoires-svr-sebiaclear-micro-peel-150ml-lotion-et-tonique-150ml-flacon-1000x1000-1.webp","type":"image\/webp"}],"twitter_card":"summary_large_image","twitter_misc":{"Dur\u00e9e de lecture estim\u00e9e":"1 minute"},"schema":{"@context":"https:\/\/schema.org","@graph":[{"@type":"WebPage","@id":"https:\/\/pharmadreams.shop\/index.php\/product\/svr-sebiaclear-micro-peel-150ml\/","url":"https:\/\/pharmadreams.shop\/index.php\/product\/svr-sebiaclear-micro-peel-150ml\/","name":"SVR Sebiaclear Micro-Peel 150ml - pharmadreams","isPartOf":{"@id":"https:\/\/pharmadreams.shop\/#website"},"primaryImageOfPage":{"@id":"https:\/\/pharmadreams.shop\/index.php\/product\/svr-sebiaclear-micro-peel-150ml\/#primaryimage"},"image":{"@id":"https:\/\/pharmadreams.shop\/index.php\/product\/svr-sebiaclear-micro-peel-150ml\/#primaryimage"},"thumbnailUrl":"https:\/\/pharmadreams.shop\/wp-content\/uploads\/2024\/05\/317585-laboratoires-svr-sebiaclear-micro-peel-150ml-lotion-et-tonique-150ml-flacon-1000x1000-1.webp","datePublished":"2024-05-09T13:51:58+00:00","dateModified":"2024-05-09T13:51:58+00:00","breadcrumb":{"@id":"https:\/\/pharmadreams.shop\/index.php\/product\/svr-sebiaclear-micro-peel-150ml\/#breadcrumb"},"inLanguage":"fr-FR","potentialAction":[{"@type":"ReadAction","target":["https:\/\/pharmadreams.shop\/index.php\/product\/svr-sebiaclear-micro-peel-150ml\/"]}]},{"@type":"ImageObject","inLanguage":"fr-FR","@id":"https:\/\/pharmadreams.shop\/index.php\/product\/svr-sebiaclear-micro-peel-150ml\/#primaryimage","url":"https:\/\/pharmadreams.shop\/wp-content\/uploads\/2024\/05\/317585-laboratoires-svr-sebiaclear-micro-peel-150ml-lotion-et-tonique-150ml-flacon-1000x1000-1.webp","contentUrl":"https:\/\/pharmadreams.shop\/wp-content\/uploads\/2024\/05\/317585-laboratoires-svr-sebiaclear-micro-peel-150ml-lotion-et-tonique-150ml-flacon-1000x1000-1.webp","width":1000,"height":1000},{"@type":"BreadcrumbList","@id":"https:\/\/pharmadreams.shop\/index.php\/product\/svr-sebiaclear-micro-peel-150ml\/#breadcrumb","itemListElement":[{"@type":"ListItem","position":1,"name":"Accueil","item":"https:\/\/pharmadreams.shop\/"},{"@type":"ListItem","position":2,"name":"Shop","item":"https:\/\/pharmadreams.shop\/index.php\/shop\/"},{"@type":"ListItem","position":3,"name":"SVR Sebiaclear Micro-Peel 150ml"}]},{"@type":"WebSite","@id":"https:\/\/pharmadreams.shop\/#website","url":"https:\/\/pharmadreams.shop\/","name":"pharmadreams","description":"Parapharmacie en ligne","potentialAction":[{"@type":"SearchAction","target":{"@type":"EntryPoint","urlTemplate":"https:\/\/pharmadreams.shop\/?s={search_term_string}"},"query-input":"required name=search_term_string"}],"inLanguage":"fr-FR"}]}},"_links":{"self":[{"href":"https:\/\/pharmadreams.shop\/index.php\/wp-json\/wp\/v2\/product\/18232","targetHints":{"allow":["GET"]}}],"collection":[{"href":"https:\/\/pharmadreams.shop\/index.php\/wp-json\/wp\/v2\/product"}],"about":[{"href":"https:\/\/pharmadreams.shop\/index.php\/wp-json\/wp\/v2\/types\/product"}],"replies":[{"embeddable":true,"href":"https:\/\/pharmadreams.shop\/index.php\/wp-json\/wp\/v2\/comments?post=18232"}],"version-history":[{"count":0,"href":"https:\/\/pharmadreams.shop\/index.php\/wp-json\/wp\/v2\/product\/18232\/revisions"}],"wp:featuredmedia":[{"embeddable":true,"href":"https:\/\/pharmadreams.shop\/index.php\/wp-json\/wp\/v2\/media\/18233"}],"wp:attachment":[{"href":"https:\/\/pharmadreams.shop\/index.php\/wp-json\/wp\/v2\/media?parent=18232"}],"wp:term":[{"taxonomy":"product_brand","embeddable":true,"href":"https:\/\/pharmadreams.shop\/index.php\/wp-json\/wp\/v2\/product_brand?post=18232"},{"taxonomy":"product_cat","embeddable":true,"href":"https:\/\/pharmadreams.shop\/index.php\/wp-json\/wp\/v2\/product_cat?post=18232"},{"taxonomy":"product_tag","embeddable":true,"href":"https:\/\/pharmadreams.shop\/index.php\/wp-json\/wp\/v2\/product_tag?post=18232"}],"curies":[{"name":"wp","href":"https:\/\/api.w.org\/{rel}","templated":true}]}}