{"id":18245,"date":"2024-05-09T15:19:23","date_gmt":"2024-05-09T14:19:23","guid":{"rendered":"https:\/\/pharmadreams.shop\/?post_type=product&#038;p=18245"},"modified":"2024-05-09T15:19:24","modified_gmt":"2024-05-09T14:19:24","slug":"svr-sebiaclear-creme-lavante-200ml","status":"publish","type":"product","link":"https:\/\/pharmadreams.shop\/index.php\/product\/svr-sebiaclear-creme-lavante-200ml\/","title":{"rendered":"SVR Sebiaclear Cr\u00e8me Lavante 200ml"},"content":{"rendered":"","protected":false},"excerpt":{"rendered":"<p><strong>SVR Sebiaclear cr\u00e8me lavante<\/strong>\u00a0est con\u00e7ue pour les peaux grasses qui sont\u00a0<strong>d\u00e9shydrat\u00e9es ou fragilis\u00e9es par des traitements<\/strong>. En effet, certains traitements anti-acn\u00e9 sont susceptibles de dess\u00e9cher la peau. Cela peut g\u00e9n\u00e9rer de d\u00e9sagr\u00e9ables sensations de tiraillement. La peau se met \u00e0 peler et elle est marqu\u00e9e par des rougeurs. Il lui faut des soins adapt\u00e9s.<\/p>\n","protected":false},"featured_media":18246,"comment_status":"open","ping_status":"closed","template":"","meta":[],"product_brand":[],"product_cat":[324,98,304,225,20],"product_tag":[],"class_list":{"0":"post-18245","1":"product","2":"type-product","3":"status-publish","4":"has-post-thumbnail","6":"product_cat-baume-lavant","7":"product_cat-hydratation","8":"product_cat-nettoyant-visage","9":"product_cat-peaux-grasses","10":"product_cat-visage","12":"first","13":"instock","14":"sale","15":"shipping-taxable","16":"purchasable","17":"product-type-simple"},"yoast_head":"<!-- This site is optimized with the Yoast SEO plugin v23.0 - https:\/\/yoast.com\/wordpress\/plugins\/seo\/ -->\n<title>SVR Sebiaclear Cr\u00e8me Lavante 200ml - pharmadreams<\/title>\n<meta name=\"robots\" content=\"index, follow, max-snippet:-1, max-image-preview:large, max-video-preview:-1\" \/>\n<link rel=\"canonical\" href=\"https:\/\/pharmadreams.shop\/index.php\/product\/svr-sebiaclear-creme-lavante-200ml\/\" \/>\n<meta property=\"og:locale\" content=\"fr_FR\" \/>\n<meta property=\"og:type\" content=\"article\" \/>\n<meta property=\"og:title\" content=\"SVR Sebiaclear Cr\u00e8me Lavante 200ml - pharmadreams\" \/>\n<meta property=\"og:description\" content=\"SVR Sebiaclear cr\u00e8me lavante\u00a0est con\u00e7ue pour les peaux grasses qui sont\u00a0d\u00e9shydrat\u00e9es ou fragilis\u00e9es par des traitements. En effet, certains traitements anti-acn\u00e9 sont susceptibles de dess\u00e9cher la peau. Cela peut g\u00e9n\u00e9rer de d\u00e9sagr\u00e9ables sensations de tiraillement. La peau se met \u00e0 peler et elle est marqu\u00e9e par des rougeurs. Il lui faut des soins adapt\u00e9s.\" \/>\n<meta property=\"og:url\" content=\"https:\/\/pharmadreams.shop\/index.php\/product\/svr-sebiaclear-creme-lavante-200ml\/\" \/>\n<meta property=\"og:site_name\" content=\"pharmadreams\" \/>\n<meta property=\"article:modified_time\" content=\"2024-05-09T14:19:24+00:00\" \/>\n<meta property=\"og:image\" content=\"https:\/\/pharmadreams.shop\/wp-content\/uploads\/2024\/05\/svr-sebiaclear-creme-lavante-200-ml.webp\" \/>\n\t<meta property=\"og:image:width\" content=\"1000\" \/>\n\t<meta property=\"og:image:height\" content=\"1000\" \/>\n\t<meta property=\"og:image:type\" content=\"image\/webp\" \/>\n<meta name=\"twitter:card\" content=\"summary_large_image\" \/>\n<meta name=\"twitter:label1\" content=\"Dur\u00e9e de lecture estim\u00e9e\" \/>\n\t<meta name=\"twitter:data1\" content=\"1 minute\" \/>\n<script type=\"application\/ld+json\" class=\"yoast-schema-graph\">{\"@context\":\"https:\/\/schema.org\",\"@graph\":[{\"@type\":\"WebPage\",\"@id\":\"https:\/\/pharmadreams.shop\/index.php\/product\/svr-sebiaclear-creme-lavante-200ml\/\",\"url\":\"https:\/\/pharmadreams.shop\/index.php\/product\/svr-sebiaclear-creme-lavante-200ml\/\",\"name\":\"SVR Sebiaclear Cr\u00e8me Lavante 200ml - pharmadreams\",\"isPartOf\":{\"@id\":\"https:\/\/pharmadreams.shop\/#website\"},\"primaryImageOfPage\":{\"@id\":\"https:\/\/pharmadreams.shop\/index.php\/product\/svr-sebiaclear-creme-lavante-200ml\/#primaryimage\"},\"image\":{\"@id\":\"https:\/\/pharmadreams.shop\/index.php\/product\/svr-sebiaclear-creme-lavante-200ml\/#primaryimage\"},\"thumbnailUrl\":\"https:\/\/pharmadreams.shop\/wp-content\/uploads\/2024\/05\/svr-sebiaclear-creme-lavante-200-ml.webp\",\"datePublished\":\"2024-05-09T14:19:23+00:00\",\"dateModified\":\"2024-05-09T14:19:24+00:00\",\"breadcrumb\":{\"@id\":\"https:\/\/pharmadreams.shop\/index.php\/product\/svr-sebiaclear-creme-lavante-200ml\/#breadcrumb\"},\"inLanguage\":\"fr-FR\",\"potentialAction\":[{\"@type\":\"ReadAction\",\"target\":[\"https:\/\/pharmadreams.shop\/index.php\/product\/svr-sebiaclear-creme-lavante-200ml\/\"]}]},{\"@type\":\"ImageObject\",\"inLanguage\":\"fr-FR\",\"@id\":\"https:\/\/pharmadreams.shop\/index.php\/product\/svr-sebiaclear-creme-lavante-200ml\/#primaryimage\",\"url\":\"https:\/\/pharmadreams.shop\/wp-content\/uploads\/2024\/05\/svr-sebiaclear-creme-lavante-200-ml.webp\",\"contentUrl\":\"https:\/\/pharmadreams.shop\/wp-content\/uploads\/2024\/05\/svr-sebiaclear-creme-lavante-200-ml.webp\",\"width\":1000,\"height\":1000},{\"@type\":\"BreadcrumbList\",\"@id\":\"https:\/\/pharmadreams.shop\/index.php\/product\/svr-sebiaclear-creme-lavante-200ml\/#breadcrumb\",\"itemListElement\":[{\"@type\":\"ListItem\",\"position\":1,\"name\":\"Accueil\",\"item\":\"https:\/\/pharmadreams.shop\/\"},{\"@type\":\"ListItem\",\"position\":2,\"name\":\"Shop\",\"item\":\"https:\/\/pharmadreams.shop\/index.php\/shop\/\"},{\"@type\":\"ListItem\",\"position\":3,\"name\":\"SVR Sebiaclear Cr\u00e8me Lavante 200ml\"}]},{\"@type\":\"WebSite\",\"@id\":\"https:\/\/pharmadreams.shop\/#website\",\"url\":\"https:\/\/pharmadreams.shop\/\",\"name\":\"pharmadreams\",\"description\":\"Parapharmacie en ligne\",\"potentialAction\":[{\"@type\":\"SearchAction\",\"target\":{\"@type\":\"EntryPoint\",\"urlTemplate\":\"https:\/\/pharmadreams.shop\/?s={search_term_string}\"},\"query-input\":\"required name=search_term_string\"}],\"inLanguage\":\"fr-FR\"}]}<\/script>\n<!-- \/ Yoast SEO plugin. -->","yoast_head_json":{"title":"SVR Sebiaclear Cr\u00e8me Lavante 200ml - pharmadreams","robots":{"index":"index","follow":"follow","max-snippet":"max-snippet:-1","max-image-preview":"max-image-preview:large","max-video-preview":"max-video-preview:-1"},"canonical":"https:\/\/pharmadreams.shop\/index.php\/product\/svr-sebiaclear-creme-lavante-200ml\/","og_locale":"fr_FR","og_type":"article","og_title":"SVR Sebiaclear Cr\u00e8me Lavante 200ml - pharmadreams","og_description":"SVR Sebiaclear cr\u00e8me lavante\u00a0est con\u00e7ue pour les peaux grasses qui sont\u00a0d\u00e9shydrat\u00e9es ou fragilis\u00e9es par des traitements. En effet, certains traitements anti-acn\u00e9 sont susceptibles de dess\u00e9cher la peau. Cela peut g\u00e9n\u00e9rer de d\u00e9sagr\u00e9ables sensations de tiraillement. La peau se met \u00e0 peler et elle est marqu\u00e9e par des rougeurs. Il lui faut des soins adapt\u00e9s.","og_url":"https:\/\/pharmadreams.shop\/index.php\/product\/svr-sebiaclear-creme-lavante-200ml\/","og_site_name":"pharmadreams","article_modified_time":"2024-05-09T14:19:24+00:00","og_image":[{"width":1000,"height":1000,"url":"https:\/\/pharmadreams.shop\/wp-content\/uploads\/2024\/05\/svr-sebiaclear-creme-lavante-200-ml.webp","type":"image\/webp"}],"twitter_card":"summary_large_image","twitter_misc":{"Dur\u00e9e de lecture estim\u00e9e":"1 minute"},"schema":{"@context":"https:\/\/schema.org","@graph":[{"@type":"WebPage","@id":"https:\/\/pharmadreams.shop\/index.php\/product\/svr-sebiaclear-creme-lavante-200ml\/","url":"https:\/\/pharmadreams.shop\/index.php\/product\/svr-sebiaclear-creme-lavante-200ml\/","name":"SVR Sebiaclear Cr\u00e8me Lavante 200ml - pharmadreams","isPartOf":{"@id":"https:\/\/pharmadreams.shop\/#website"},"primaryImageOfPage":{"@id":"https:\/\/pharmadreams.shop\/index.php\/product\/svr-sebiaclear-creme-lavante-200ml\/#primaryimage"},"image":{"@id":"https:\/\/pharmadreams.shop\/index.php\/product\/svr-sebiaclear-creme-lavante-200ml\/#primaryimage"},"thumbnailUrl":"https:\/\/pharmadreams.shop\/wp-content\/uploads\/2024\/05\/svr-sebiaclear-creme-lavante-200-ml.webp","datePublished":"2024-05-09T14:19:23+00:00","dateModified":"2024-05-09T14:19:24+00:00","breadcrumb":{"@id":"https:\/\/pharmadreams.shop\/index.php\/product\/svr-sebiaclear-creme-lavante-200ml\/#breadcrumb"},"inLanguage":"fr-FR","potentialAction":[{"@type":"ReadAction","target":["https:\/\/pharmadreams.shop\/index.php\/product\/svr-sebiaclear-creme-lavante-200ml\/"]}]},{"@type":"ImageObject","inLanguage":"fr-FR","@id":"https:\/\/pharmadreams.shop\/index.php\/product\/svr-sebiaclear-creme-lavante-200ml\/#primaryimage","url":"https:\/\/pharmadreams.shop\/wp-content\/uploads\/2024\/05\/svr-sebiaclear-creme-lavante-200-ml.webp","contentUrl":"https:\/\/pharmadreams.shop\/wp-content\/uploads\/2024\/05\/svr-sebiaclear-creme-lavante-200-ml.webp","width":1000,"height":1000},{"@type":"BreadcrumbList","@id":"https:\/\/pharmadreams.shop\/index.php\/product\/svr-sebiaclear-creme-lavante-200ml\/#breadcrumb","itemListElement":[{"@type":"ListItem","position":1,"name":"Accueil","item":"https:\/\/pharmadreams.shop\/"},{"@type":"ListItem","position":2,"name":"Shop","item":"https:\/\/pharmadreams.shop\/index.php\/shop\/"},{"@type":"ListItem","position":3,"name":"SVR Sebiaclear Cr\u00e8me Lavante 200ml"}]},{"@type":"WebSite","@id":"https:\/\/pharmadreams.shop\/#website","url":"https:\/\/pharmadreams.shop\/","name":"pharmadreams","description":"Parapharmacie en ligne","potentialAction":[{"@type":"SearchAction","target":{"@type":"EntryPoint","urlTemplate":"https:\/\/pharmadreams.shop\/?s={search_term_string}"},"query-input":"required name=search_term_string"}],"inLanguage":"fr-FR"}]}},"_links":{"self":[{"href":"https:\/\/pharmadreams.shop\/index.php\/wp-json\/wp\/v2\/product\/18245","targetHints":{"allow":["GET"]}}],"collection":[{"href":"https:\/\/pharmadreams.shop\/index.php\/wp-json\/wp\/v2\/product"}],"about":[{"href":"https:\/\/pharmadreams.shop\/index.php\/wp-json\/wp\/v2\/types\/product"}],"replies":[{"embeddable":true,"href":"https:\/\/pharmadreams.shop\/index.php\/wp-json\/wp\/v2\/comments?post=18245"}],"version-history":[{"count":0,"href":"https:\/\/pharmadreams.shop\/index.php\/wp-json\/wp\/v2\/product\/18245\/revisions"}],"wp:featuredmedia":[{"embeddable":true,"href":"https:\/\/pharmadreams.shop\/index.php\/wp-json\/wp\/v2\/media\/18246"}],"wp:attachment":[{"href":"https:\/\/pharmadreams.shop\/index.php\/wp-json\/wp\/v2\/media?parent=18245"}],"wp:term":[{"taxonomy":"product_brand","embeddable":true,"href":"https:\/\/pharmadreams.shop\/index.php\/wp-json\/wp\/v2\/product_brand?post=18245"},{"taxonomy":"product_cat","embeddable":true,"href":"https:\/\/pharmadreams.shop\/index.php\/wp-json\/wp\/v2\/product_cat?post=18245"},{"taxonomy":"product_tag","embeddable":true,"href":"https:\/\/pharmadreams.shop\/index.php\/wp-json\/wp\/v2\/product_tag?post=18245"}],"curies":[{"name":"wp","href":"https:\/\/api.w.org\/{rel}","templated":true}]}}