{"id":18248,"date":"2024-05-09T15:24:09","date_gmt":"2024-05-09T14:24:09","guid":{"rendered":"https:\/\/pharmadreams.shop\/?post_type=product&#038;p=18248"},"modified":"2024-05-09T15:24:10","modified_gmt":"2024-05-09T14:24:10","slug":"svr-sebiaclear-creme-lavante-400-ml","status":"publish","type":"product","link":"https:\/\/pharmadreams.shop\/index.php\/product\/svr-sebiaclear-creme-lavante-400-ml\/","title":{"rendered":"SVR Sebiaclear Cr\u00e8me Lavante 400 ml"},"content":{"rendered":"","protected":false},"excerpt":{"rendered":"<p>SVR Sebiaclear Cr\u00e8me Lavante 400 ml est un soin lavant anti-imperfections ultra-confort destin\u00e9 aux peaux grasses d\u00e9shydrat\u00e9es ou fragilis\u00e9es par les traitements dess\u00e9chants. Il nettoie en douceur, \u00e9limine les impuret\u00e9s et l\u2019exc\u00e8s de s\u00e9bum.<\/p>\n","protected":false},"featured_media":18249,"comment_status":"open","ping_status":"closed","template":"","meta":[],"product_brand":[],"product_cat":[97,324,304,242,225,162,20],"product_tag":[],"class_list":{"0":"post-18248","1":"product","2":"type-product","3":"status-publish","4":"has-post-thumbnail","6":"product_cat-anti-imperfection","7":"product_cat-baume-lavant","8":"product_cat-nettoyant-visage","9":"product_cat-peaux-acneiques","10":"product_cat-peaux-grasses","11":"product_cat-peaux-mixtes","12":"product_cat-visage","14":"first","15":"instock","16":"shipping-taxable","17":"purchasable","18":"product-type-simple"},"yoast_head":"<!-- This site is optimized with the Yoast SEO plugin v23.0 - https:\/\/yoast.com\/wordpress\/plugins\/seo\/ -->\n<title>SVR Sebiaclear Cr\u00e8me Lavante 400 ml - pharmadreams<\/title>\n<meta name=\"robots\" content=\"index, follow, max-snippet:-1, max-image-preview:large, max-video-preview:-1\" \/>\n<link rel=\"canonical\" href=\"https:\/\/pharmadreams.shop\/index.php\/product\/svr-sebiaclear-creme-lavante-400-ml\/\" \/>\n<meta property=\"og:locale\" content=\"fr_FR\" \/>\n<meta property=\"og:type\" content=\"article\" \/>\n<meta property=\"og:title\" content=\"SVR Sebiaclear Cr\u00e8me Lavante 400 ml - pharmadreams\" \/>\n<meta property=\"og:description\" content=\"SVR Sebiaclear Cr\u00e8me Lavante 400 ml est un soin lavant anti-imperfections ultra-confort destin\u00e9 aux peaux grasses d\u00e9shydrat\u00e9es ou fragilis\u00e9es par les traitements dess\u00e9chants. Il nettoie en douceur, \u00e9limine les impuret\u00e9s et l\u2019exc\u00e8s de s\u00e9bum.\" \/>\n<meta property=\"og:url\" content=\"https:\/\/pharmadreams.shop\/index.php\/product\/svr-sebiaclear-creme-lavante-400-ml\/\" \/>\n<meta property=\"og:site_name\" content=\"pharmadreams\" \/>\n<meta property=\"article:modified_time\" content=\"2024-05-09T14:24:10+00:00\" \/>\n<meta property=\"og:image\" content=\"https:\/\/pharmadreams.shop\/wp-content\/uploads\/2024\/05\/322671-laboratoires-svr-sebiaclear-creme-lavante-nettoyant-400ml-flacon-pompe-1000x1000-1.webp\" \/>\n\t<meta property=\"og:image:width\" content=\"1000\" \/>\n\t<meta property=\"og:image:height\" content=\"1000\" \/>\n\t<meta property=\"og:image:type\" content=\"image\/webp\" \/>\n<meta name=\"twitter:card\" content=\"summary_large_image\" \/>\n<meta name=\"twitter:label1\" content=\"Dur\u00e9e de lecture estim\u00e9e\" \/>\n\t<meta name=\"twitter:data1\" content=\"1 minute\" \/>\n<script type=\"application\/ld+json\" class=\"yoast-schema-graph\">{\"@context\":\"https:\/\/schema.org\",\"@graph\":[{\"@type\":\"WebPage\",\"@id\":\"https:\/\/pharmadreams.shop\/index.php\/product\/svr-sebiaclear-creme-lavante-400-ml\/\",\"url\":\"https:\/\/pharmadreams.shop\/index.php\/product\/svr-sebiaclear-creme-lavante-400-ml\/\",\"name\":\"SVR Sebiaclear Cr\u00e8me Lavante 400 ml - pharmadreams\",\"isPartOf\":{\"@id\":\"https:\/\/pharmadreams.shop\/#website\"},\"primaryImageOfPage\":{\"@id\":\"https:\/\/pharmadreams.shop\/index.php\/product\/svr-sebiaclear-creme-lavante-400-ml\/#primaryimage\"},\"image\":{\"@id\":\"https:\/\/pharmadreams.shop\/index.php\/product\/svr-sebiaclear-creme-lavante-400-ml\/#primaryimage\"},\"thumbnailUrl\":\"https:\/\/pharmadreams.shop\/wp-content\/uploads\/2024\/05\/322671-laboratoires-svr-sebiaclear-creme-lavante-nettoyant-400ml-flacon-pompe-1000x1000-1.webp\",\"datePublished\":\"2024-05-09T14:24:09+00:00\",\"dateModified\":\"2024-05-09T14:24:10+00:00\",\"breadcrumb\":{\"@id\":\"https:\/\/pharmadreams.shop\/index.php\/product\/svr-sebiaclear-creme-lavante-400-ml\/#breadcrumb\"},\"inLanguage\":\"fr-FR\",\"potentialAction\":[{\"@type\":\"ReadAction\",\"target\":[\"https:\/\/pharmadreams.shop\/index.php\/product\/svr-sebiaclear-creme-lavante-400-ml\/\"]}]},{\"@type\":\"ImageObject\",\"inLanguage\":\"fr-FR\",\"@id\":\"https:\/\/pharmadreams.shop\/index.php\/product\/svr-sebiaclear-creme-lavante-400-ml\/#primaryimage\",\"url\":\"https:\/\/pharmadreams.shop\/wp-content\/uploads\/2024\/05\/322671-laboratoires-svr-sebiaclear-creme-lavante-nettoyant-400ml-flacon-pompe-1000x1000-1.webp\",\"contentUrl\":\"https:\/\/pharmadreams.shop\/wp-content\/uploads\/2024\/05\/322671-laboratoires-svr-sebiaclear-creme-lavante-nettoyant-400ml-flacon-pompe-1000x1000-1.webp\",\"width\":1000,\"height\":1000},{\"@type\":\"BreadcrumbList\",\"@id\":\"https:\/\/pharmadreams.shop\/index.php\/product\/svr-sebiaclear-creme-lavante-400-ml\/#breadcrumb\",\"itemListElement\":[{\"@type\":\"ListItem\",\"position\":1,\"name\":\"Accueil\",\"item\":\"https:\/\/pharmadreams.shop\/\"},{\"@type\":\"ListItem\",\"position\":2,\"name\":\"Shop\",\"item\":\"https:\/\/pharmadreams.shop\/index.php\/shop\/\"},{\"@type\":\"ListItem\",\"position\":3,\"name\":\"SVR Sebiaclear Cr\u00e8me Lavante 400 ml\"}]},{\"@type\":\"WebSite\",\"@id\":\"https:\/\/pharmadreams.shop\/#website\",\"url\":\"https:\/\/pharmadreams.shop\/\",\"name\":\"pharmadreams\",\"description\":\"Parapharmacie en ligne\",\"potentialAction\":[{\"@type\":\"SearchAction\",\"target\":{\"@type\":\"EntryPoint\",\"urlTemplate\":\"https:\/\/pharmadreams.shop\/?s={search_term_string}\"},\"query-input\":\"required name=search_term_string\"}],\"inLanguage\":\"fr-FR\"}]}<\/script>\n<!-- \/ Yoast SEO plugin. -->","yoast_head_json":{"title":"SVR Sebiaclear Cr\u00e8me Lavante 400 ml - pharmadreams","robots":{"index":"index","follow":"follow","max-snippet":"max-snippet:-1","max-image-preview":"max-image-preview:large","max-video-preview":"max-video-preview:-1"},"canonical":"https:\/\/pharmadreams.shop\/index.php\/product\/svr-sebiaclear-creme-lavante-400-ml\/","og_locale":"fr_FR","og_type":"article","og_title":"SVR Sebiaclear Cr\u00e8me Lavante 400 ml - pharmadreams","og_description":"SVR Sebiaclear Cr\u00e8me Lavante 400 ml est un soin lavant anti-imperfections ultra-confort destin\u00e9 aux peaux grasses d\u00e9shydrat\u00e9es ou fragilis\u00e9es par les traitements dess\u00e9chants. Il nettoie en douceur, \u00e9limine les impuret\u00e9s et l\u2019exc\u00e8s de s\u00e9bum.","og_url":"https:\/\/pharmadreams.shop\/index.php\/product\/svr-sebiaclear-creme-lavante-400-ml\/","og_site_name":"pharmadreams","article_modified_time":"2024-05-09T14:24:10+00:00","og_image":[{"width":1000,"height":1000,"url":"https:\/\/pharmadreams.shop\/wp-content\/uploads\/2024\/05\/322671-laboratoires-svr-sebiaclear-creme-lavante-nettoyant-400ml-flacon-pompe-1000x1000-1.webp","type":"image\/webp"}],"twitter_card":"summary_large_image","twitter_misc":{"Dur\u00e9e de lecture estim\u00e9e":"1 minute"},"schema":{"@context":"https:\/\/schema.org","@graph":[{"@type":"WebPage","@id":"https:\/\/pharmadreams.shop\/index.php\/product\/svr-sebiaclear-creme-lavante-400-ml\/","url":"https:\/\/pharmadreams.shop\/index.php\/product\/svr-sebiaclear-creme-lavante-400-ml\/","name":"SVR Sebiaclear Cr\u00e8me Lavante 400 ml - pharmadreams","isPartOf":{"@id":"https:\/\/pharmadreams.shop\/#website"},"primaryImageOfPage":{"@id":"https:\/\/pharmadreams.shop\/index.php\/product\/svr-sebiaclear-creme-lavante-400-ml\/#primaryimage"},"image":{"@id":"https:\/\/pharmadreams.shop\/index.php\/product\/svr-sebiaclear-creme-lavante-400-ml\/#primaryimage"},"thumbnailUrl":"https:\/\/pharmadreams.shop\/wp-content\/uploads\/2024\/05\/322671-laboratoires-svr-sebiaclear-creme-lavante-nettoyant-400ml-flacon-pompe-1000x1000-1.webp","datePublished":"2024-05-09T14:24:09+00:00","dateModified":"2024-05-09T14:24:10+00:00","breadcrumb":{"@id":"https:\/\/pharmadreams.shop\/index.php\/product\/svr-sebiaclear-creme-lavante-400-ml\/#breadcrumb"},"inLanguage":"fr-FR","potentialAction":[{"@type":"ReadAction","target":["https:\/\/pharmadreams.shop\/index.php\/product\/svr-sebiaclear-creme-lavante-400-ml\/"]}]},{"@type":"ImageObject","inLanguage":"fr-FR","@id":"https:\/\/pharmadreams.shop\/index.php\/product\/svr-sebiaclear-creme-lavante-400-ml\/#primaryimage","url":"https:\/\/pharmadreams.shop\/wp-content\/uploads\/2024\/05\/322671-laboratoires-svr-sebiaclear-creme-lavante-nettoyant-400ml-flacon-pompe-1000x1000-1.webp","contentUrl":"https:\/\/pharmadreams.shop\/wp-content\/uploads\/2024\/05\/322671-laboratoires-svr-sebiaclear-creme-lavante-nettoyant-400ml-flacon-pompe-1000x1000-1.webp","width":1000,"height":1000},{"@type":"BreadcrumbList","@id":"https:\/\/pharmadreams.shop\/index.php\/product\/svr-sebiaclear-creme-lavante-400-ml\/#breadcrumb","itemListElement":[{"@type":"ListItem","position":1,"name":"Accueil","item":"https:\/\/pharmadreams.shop\/"},{"@type":"ListItem","position":2,"name":"Shop","item":"https:\/\/pharmadreams.shop\/index.php\/shop\/"},{"@type":"ListItem","position":3,"name":"SVR Sebiaclear Cr\u00e8me Lavante 400 ml"}]},{"@type":"WebSite","@id":"https:\/\/pharmadreams.shop\/#website","url":"https:\/\/pharmadreams.shop\/","name":"pharmadreams","description":"Parapharmacie en ligne","potentialAction":[{"@type":"SearchAction","target":{"@type":"EntryPoint","urlTemplate":"https:\/\/pharmadreams.shop\/?s={search_term_string}"},"query-input":"required name=search_term_string"}],"inLanguage":"fr-FR"}]}},"_links":{"self":[{"href":"https:\/\/pharmadreams.shop\/index.php\/wp-json\/wp\/v2\/product\/18248","targetHints":{"allow":["GET"]}}],"collection":[{"href":"https:\/\/pharmadreams.shop\/index.php\/wp-json\/wp\/v2\/product"}],"about":[{"href":"https:\/\/pharmadreams.shop\/index.php\/wp-json\/wp\/v2\/types\/product"}],"replies":[{"embeddable":true,"href":"https:\/\/pharmadreams.shop\/index.php\/wp-json\/wp\/v2\/comments?post=18248"}],"version-history":[{"count":0,"href":"https:\/\/pharmadreams.shop\/index.php\/wp-json\/wp\/v2\/product\/18248\/revisions"}],"wp:featuredmedia":[{"embeddable":true,"href":"https:\/\/pharmadreams.shop\/index.php\/wp-json\/wp\/v2\/media\/18249"}],"wp:attachment":[{"href":"https:\/\/pharmadreams.shop\/index.php\/wp-json\/wp\/v2\/media?parent=18248"}],"wp:term":[{"taxonomy":"product_brand","embeddable":true,"href":"https:\/\/pharmadreams.shop\/index.php\/wp-json\/wp\/v2\/product_brand?post=18248"},{"taxonomy":"product_cat","embeddable":true,"href":"https:\/\/pharmadreams.shop\/index.php\/wp-json\/wp\/v2\/product_cat?post=18248"},{"taxonomy":"product_tag","embeddable":true,"href":"https:\/\/pharmadreams.shop\/index.php\/wp-json\/wp\/v2\/product_tag?post=18248"}],"curies":[{"name":"wp","href":"https:\/\/api.w.org\/{rel}","templated":true}]}}