{"id":18274,"date":"2024-05-09T17:29:50","date_gmt":"2024-05-09T16:29:50","guid":{"rendered":"https:\/\/pharmadreams.shop\/?post_type=product&#038;p=18274"},"modified":"2024-05-09T17:29:51","modified_gmt":"2024-05-09T16:29:51","slug":"svr-physiopure-eau-micellaire-400ml","status":"publish","type":"product","link":"https:\/\/pharmadreams.shop\/index.php\/product\/svr-physiopure-eau-micellaire-400ml\/","title":{"rendered":"SVR PHYSIOPURE EAU MICELLAIRE 400ML"},"content":{"rendered":"","protected":false},"excerpt":{"rendered":"<p>Physiopure Eau micellaire est id\u00e9ale pour les femmes press\u00e9es en qu\u00eate de douceur qui recherchent un d\u00e9maquillage parfait en un seul geste. Les particules polluantes s\u2019envolent, le maquillage s\u2019efface. Il ne reste qu\u2019une peau absolument \u00e9clatante !<\/p>\n","protected":false},"featured_media":18275,"comment_status":"open","ping_status":"closed","template":"","meta":[],"product_brand":[],"product_cat":[108,191,234,20],"product_tag":[],"class_list":{"0":"post-18274","1":"product","2":"type-product","3":"status-publish","4":"has-post-thumbnail","6":"product_cat-eau-micellaire","7":"product_cat-nettoyant-et-demaquillant","8":"product_cat-tous-types-de-peaux","9":"product_cat-visage","11":"first","12":"instock","13":"shipping-taxable","14":"purchasable","15":"product-type-simple"},"yoast_head":"<!-- This site is optimized with the Yoast SEO plugin v23.0 - https:\/\/yoast.com\/wordpress\/plugins\/seo\/ -->\n<title>SVR PHYSIOPURE EAU MICELLAIRE 400ML - pharmadreams<\/title>\n<meta name=\"robots\" content=\"index, follow, max-snippet:-1, max-image-preview:large, max-video-preview:-1\" \/>\n<link rel=\"canonical\" href=\"https:\/\/pharmadreams.shop\/index.php\/product\/svr-physiopure-eau-micellaire-400ml\/\" \/>\n<meta property=\"og:locale\" content=\"fr_FR\" \/>\n<meta property=\"og:type\" content=\"article\" \/>\n<meta property=\"og:title\" content=\"SVR PHYSIOPURE EAU MICELLAIRE 400ML - pharmadreams\" \/>\n<meta property=\"og:description\" content=\"Physiopure Eau micellaire est id\u00e9ale pour les femmes press\u00e9es en qu\u00eate de douceur qui recherchent un d\u00e9maquillage parfait en un seul geste. Les particules polluantes s\u2019envolent, le maquillage s\u2019efface. Il ne reste qu\u2019une peau absolument \u00e9clatante !\" \/>\n<meta property=\"og:url\" content=\"https:\/\/pharmadreams.shop\/index.php\/product\/svr-physiopure-eau-micellaire-400ml\/\" \/>\n<meta property=\"og:site_name\" content=\"pharmadreams\" \/>\n<meta property=\"article:modified_time\" content=\"2024-05-09T16:29:51+00:00\" \/>\n<meta property=\"og:image\" content=\"https:\/\/pharmadreams.shop\/wp-content\/uploads\/2024\/05\/MicrosoftTeams-image_45_7_600x600_crop_center.webp\" \/>\n\t<meta property=\"og:image:width\" content=\"600\" \/>\n\t<meta property=\"og:image:height\" content=\"600\" \/>\n\t<meta property=\"og:image:type\" content=\"image\/webp\" \/>\n<meta name=\"twitter:card\" content=\"summary_large_image\" \/>\n<meta name=\"twitter:label1\" content=\"Dur\u00e9e de lecture estim\u00e9e\" \/>\n\t<meta name=\"twitter:data1\" content=\"1 minute\" \/>\n<script type=\"application\/ld+json\" class=\"yoast-schema-graph\">{\"@context\":\"https:\/\/schema.org\",\"@graph\":[{\"@type\":\"WebPage\",\"@id\":\"https:\/\/pharmadreams.shop\/index.php\/product\/svr-physiopure-eau-micellaire-400ml\/\",\"url\":\"https:\/\/pharmadreams.shop\/index.php\/product\/svr-physiopure-eau-micellaire-400ml\/\",\"name\":\"SVR PHYSIOPURE EAU MICELLAIRE 400ML - pharmadreams\",\"isPartOf\":{\"@id\":\"https:\/\/pharmadreams.shop\/#website\"},\"primaryImageOfPage\":{\"@id\":\"https:\/\/pharmadreams.shop\/index.php\/product\/svr-physiopure-eau-micellaire-400ml\/#primaryimage\"},\"image\":{\"@id\":\"https:\/\/pharmadreams.shop\/index.php\/product\/svr-physiopure-eau-micellaire-400ml\/#primaryimage\"},\"thumbnailUrl\":\"https:\/\/pharmadreams.shop\/wp-content\/uploads\/2024\/05\/MicrosoftTeams-image_45_7_600x600_crop_center.webp\",\"datePublished\":\"2024-05-09T16:29:50+00:00\",\"dateModified\":\"2024-05-09T16:29:51+00:00\",\"breadcrumb\":{\"@id\":\"https:\/\/pharmadreams.shop\/index.php\/product\/svr-physiopure-eau-micellaire-400ml\/#breadcrumb\"},\"inLanguage\":\"fr-FR\",\"potentialAction\":[{\"@type\":\"ReadAction\",\"target\":[\"https:\/\/pharmadreams.shop\/index.php\/product\/svr-physiopure-eau-micellaire-400ml\/\"]}]},{\"@type\":\"ImageObject\",\"inLanguage\":\"fr-FR\",\"@id\":\"https:\/\/pharmadreams.shop\/index.php\/product\/svr-physiopure-eau-micellaire-400ml\/#primaryimage\",\"url\":\"https:\/\/pharmadreams.shop\/wp-content\/uploads\/2024\/05\/MicrosoftTeams-image_45_7_600x600_crop_center.webp\",\"contentUrl\":\"https:\/\/pharmadreams.shop\/wp-content\/uploads\/2024\/05\/MicrosoftTeams-image_45_7_600x600_crop_center.webp\",\"width\":600,\"height\":600},{\"@type\":\"BreadcrumbList\",\"@id\":\"https:\/\/pharmadreams.shop\/index.php\/product\/svr-physiopure-eau-micellaire-400ml\/#breadcrumb\",\"itemListElement\":[{\"@type\":\"ListItem\",\"position\":1,\"name\":\"Accueil\",\"item\":\"https:\/\/pharmadreams.shop\/\"},{\"@type\":\"ListItem\",\"position\":2,\"name\":\"Shop\",\"item\":\"https:\/\/pharmadreams.shop\/index.php\/shop\/\"},{\"@type\":\"ListItem\",\"position\":3,\"name\":\"SVR PHYSIOPURE EAU MICELLAIRE 400ML\"}]},{\"@type\":\"WebSite\",\"@id\":\"https:\/\/pharmadreams.shop\/#website\",\"url\":\"https:\/\/pharmadreams.shop\/\",\"name\":\"pharmadreams\",\"description\":\"Parapharmacie en ligne\",\"potentialAction\":[{\"@type\":\"SearchAction\",\"target\":{\"@type\":\"EntryPoint\",\"urlTemplate\":\"https:\/\/pharmadreams.shop\/?s={search_term_string}\"},\"query-input\":\"required name=search_term_string\"}],\"inLanguage\":\"fr-FR\"}]}<\/script>\n<!-- \/ Yoast SEO plugin. -->","yoast_head_json":{"title":"SVR PHYSIOPURE EAU MICELLAIRE 400ML - pharmadreams","robots":{"index":"index","follow":"follow","max-snippet":"max-snippet:-1","max-image-preview":"max-image-preview:large","max-video-preview":"max-video-preview:-1"},"canonical":"https:\/\/pharmadreams.shop\/index.php\/product\/svr-physiopure-eau-micellaire-400ml\/","og_locale":"fr_FR","og_type":"article","og_title":"SVR PHYSIOPURE EAU MICELLAIRE 400ML - pharmadreams","og_description":"Physiopure Eau micellaire est id\u00e9ale pour les femmes press\u00e9es en qu\u00eate de douceur qui recherchent un d\u00e9maquillage parfait en un seul geste. Les particules polluantes s\u2019envolent, le maquillage s\u2019efface. Il ne reste qu\u2019une peau absolument \u00e9clatante !","og_url":"https:\/\/pharmadreams.shop\/index.php\/product\/svr-physiopure-eau-micellaire-400ml\/","og_site_name":"pharmadreams","article_modified_time":"2024-05-09T16:29:51+00:00","og_image":[{"width":600,"height":600,"url":"https:\/\/pharmadreams.shop\/wp-content\/uploads\/2024\/05\/MicrosoftTeams-image_45_7_600x600_crop_center.webp","type":"image\/webp"}],"twitter_card":"summary_large_image","twitter_misc":{"Dur\u00e9e de lecture estim\u00e9e":"1 minute"},"schema":{"@context":"https:\/\/schema.org","@graph":[{"@type":"WebPage","@id":"https:\/\/pharmadreams.shop\/index.php\/product\/svr-physiopure-eau-micellaire-400ml\/","url":"https:\/\/pharmadreams.shop\/index.php\/product\/svr-physiopure-eau-micellaire-400ml\/","name":"SVR PHYSIOPURE EAU MICELLAIRE 400ML - pharmadreams","isPartOf":{"@id":"https:\/\/pharmadreams.shop\/#website"},"primaryImageOfPage":{"@id":"https:\/\/pharmadreams.shop\/index.php\/product\/svr-physiopure-eau-micellaire-400ml\/#primaryimage"},"image":{"@id":"https:\/\/pharmadreams.shop\/index.php\/product\/svr-physiopure-eau-micellaire-400ml\/#primaryimage"},"thumbnailUrl":"https:\/\/pharmadreams.shop\/wp-content\/uploads\/2024\/05\/MicrosoftTeams-image_45_7_600x600_crop_center.webp","datePublished":"2024-05-09T16:29:50+00:00","dateModified":"2024-05-09T16:29:51+00:00","breadcrumb":{"@id":"https:\/\/pharmadreams.shop\/index.php\/product\/svr-physiopure-eau-micellaire-400ml\/#breadcrumb"},"inLanguage":"fr-FR","potentialAction":[{"@type":"ReadAction","target":["https:\/\/pharmadreams.shop\/index.php\/product\/svr-physiopure-eau-micellaire-400ml\/"]}]},{"@type":"ImageObject","inLanguage":"fr-FR","@id":"https:\/\/pharmadreams.shop\/index.php\/product\/svr-physiopure-eau-micellaire-400ml\/#primaryimage","url":"https:\/\/pharmadreams.shop\/wp-content\/uploads\/2024\/05\/MicrosoftTeams-image_45_7_600x600_crop_center.webp","contentUrl":"https:\/\/pharmadreams.shop\/wp-content\/uploads\/2024\/05\/MicrosoftTeams-image_45_7_600x600_crop_center.webp","width":600,"height":600},{"@type":"BreadcrumbList","@id":"https:\/\/pharmadreams.shop\/index.php\/product\/svr-physiopure-eau-micellaire-400ml\/#breadcrumb","itemListElement":[{"@type":"ListItem","position":1,"name":"Accueil","item":"https:\/\/pharmadreams.shop\/"},{"@type":"ListItem","position":2,"name":"Shop","item":"https:\/\/pharmadreams.shop\/index.php\/shop\/"},{"@type":"ListItem","position":3,"name":"SVR PHYSIOPURE EAU MICELLAIRE 400ML"}]},{"@type":"WebSite","@id":"https:\/\/pharmadreams.shop\/#website","url":"https:\/\/pharmadreams.shop\/","name":"pharmadreams","description":"Parapharmacie en ligne","potentialAction":[{"@type":"SearchAction","target":{"@type":"EntryPoint","urlTemplate":"https:\/\/pharmadreams.shop\/?s={search_term_string}"},"query-input":"required name=search_term_string"}],"inLanguage":"fr-FR"}]}},"_links":{"self":[{"href":"https:\/\/pharmadreams.shop\/index.php\/wp-json\/wp\/v2\/product\/18274","targetHints":{"allow":["GET"]}}],"collection":[{"href":"https:\/\/pharmadreams.shop\/index.php\/wp-json\/wp\/v2\/product"}],"about":[{"href":"https:\/\/pharmadreams.shop\/index.php\/wp-json\/wp\/v2\/types\/product"}],"replies":[{"embeddable":true,"href":"https:\/\/pharmadreams.shop\/index.php\/wp-json\/wp\/v2\/comments?post=18274"}],"version-history":[{"count":0,"href":"https:\/\/pharmadreams.shop\/index.php\/wp-json\/wp\/v2\/product\/18274\/revisions"}],"wp:featuredmedia":[{"embeddable":true,"href":"https:\/\/pharmadreams.shop\/index.php\/wp-json\/wp\/v2\/media\/18275"}],"wp:attachment":[{"href":"https:\/\/pharmadreams.shop\/index.php\/wp-json\/wp\/v2\/media?parent=18274"}],"wp:term":[{"taxonomy":"product_brand","embeddable":true,"href":"https:\/\/pharmadreams.shop\/index.php\/wp-json\/wp\/v2\/product_brand?post=18274"},{"taxonomy":"product_cat","embeddable":true,"href":"https:\/\/pharmadreams.shop\/index.php\/wp-json\/wp\/v2\/product_cat?post=18274"},{"taxonomy":"product_tag","embeddable":true,"href":"https:\/\/pharmadreams.shop\/index.php\/wp-json\/wp\/v2\/product_tag?post=18274"}],"curies":[{"name":"wp","href":"https:\/\/api.w.org\/{rel}","templated":true}]}}