{"id":18280,"date":"2024-05-09T17:46:19","date_gmt":"2024-05-09T16:46:19","guid":{"rendered":"https:\/\/pharmadreams.shop\/?post_type=product&#038;p=18280"},"modified":"2024-05-09T17:46:19","modified_gmt":"2024-05-09T16:46:19","slug":"svr-spf30-ampoule-protect-30ml","status":"publish","type":"product","link":"https:\/\/pharmadreams.shop\/index.php\/product\/svr-spf30-ampoule-protect-30ml\/","title":{"rendered":"SVR [SPF30] Ampoule Protect 30ml"},"content":{"rendered":"","protected":false},"excerpt":{"rendered":"<div class=\"product-short-description\">\n<p>SVR [SPF30] Ampoule Protect\u00a030 ml est un s\u00e9rum qui offre \u00e0 votre peau une correction face au vieillissement naturel de la peau face aux facteurs acc\u00e9l\u00e9rateurs du vieillissement.<\/p>\n<\/div>\n<form class=\"cart\" action=\"https:\/\/www.maparatunisie.tn\/produit\/svr-spf30-ampoule-protect-30ml\/\" enctype=\"multipart\/form-data\" method=\"post\">\n<div class=\"ux-quantity quantity buttons_added\">\n<p>Mettre quelques gouttes aux creux des mains, puis appliquer uniform\u00e9ment sur le visage.<\/p>\n<p>En cas d\u2019exposition solaire intense et r\u00e9p\u00e9t\u00e9e ou de transpiration, renouveler fr\u00e9quemment l\u2019application. Usage externe.<\/p>\n<\/div>\n<\/form>\n","protected":false},"featured_media":18281,"comment_status":"open","ping_status":"closed","template":"","meta":[],"product_brand":[],"product_cat":[100,233,285,20],"product_tag":[],"class_list":{"0":"post-18280","1":"product","2":"type-product","3":"status-publish","4":"has-post-thumbnail","6":"product_cat-anti-age","7":"product_cat-protection-solaire","8":"product_cat-vieillissement-cutane","9":"product_cat-visage","11":"first","12":"instock","13":"sale","14":"shipping-taxable","15":"purchasable","16":"product-type-simple"},"yoast_head":"<!-- This site is optimized with the Yoast SEO plugin v23.0 - https:\/\/yoast.com\/wordpress\/plugins\/seo\/ -->\n<title>SVR [SPF30] Ampoule Protect 30ml - pharmadreams<\/title>\n<meta name=\"robots\" content=\"index, follow, max-snippet:-1, max-image-preview:large, max-video-preview:-1\" \/>\n<link rel=\"canonical\" href=\"https:\/\/pharmadreams.shop\/index.php\/product\/svr-spf30-ampoule-protect-30ml\/\" \/>\n<meta property=\"og:locale\" content=\"fr_FR\" \/>\n<meta property=\"og:type\" content=\"article\" \/>\n<meta property=\"og:title\" content=\"SVR [SPF30] Ampoule Protect 30ml - pharmadreams\" \/>\n<meta property=\"og:description\" content=\"SVR [SPF30] Ampoule Protect\u00a030 ml est un s\u00e9rum qui offre \u00e0 votre peau une correction face au vieillissement naturel de la peau face aux facteurs acc\u00e9l\u00e9rateurs du vieillissement.      Mettre quelques gouttes aux creux des mains, puis appliquer uniform\u00e9ment sur le visage.  En cas d\u2019exposition solaire intense et r\u00e9p\u00e9t\u00e9e ou de transpiration, renouveler fr\u00e9quemment l\u2019application. Usage externe.\" \/>\n<meta property=\"og:url\" content=\"https:\/\/pharmadreams.shop\/index.php\/product\/svr-spf30-ampoule-protect-30ml\/\" \/>\n<meta property=\"og:site_name\" content=\"pharmadreams\" \/>\n<meta property=\"og:image\" content=\"https:\/\/pharmadreams.shop\/wp-content\/uploads\/2024\/05\/SVR-Ampoule-Protect-SPF30-30ml.jpg.webp\" \/>\n\t<meta property=\"og:image:width\" content=\"1080\" \/>\n\t<meta property=\"og:image:height\" content=\"1080\" \/>\n\t<meta property=\"og:image:type\" content=\"image\/webp\" \/>\n<meta name=\"twitter:card\" content=\"summary_large_image\" \/>\n<meta name=\"twitter:label1\" content=\"Dur\u00e9e de lecture estim\u00e9e\" \/>\n\t<meta name=\"twitter:data1\" content=\"1 minute\" \/>\n<script type=\"application\/ld+json\" class=\"yoast-schema-graph\">{\"@context\":\"https:\/\/schema.org\",\"@graph\":[{\"@type\":\"WebPage\",\"@id\":\"https:\/\/pharmadreams.shop\/index.php\/product\/svr-spf30-ampoule-protect-30ml\/\",\"url\":\"https:\/\/pharmadreams.shop\/index.php\/product\/svr-spf30-ampoule-protect-30ml\/\",\"name\":\"SVR [SPF30] Ampoule Protect 30ml - pharmadreams\",\"isPartOf\":{\"@id\":\"https:\/\/pharmadreams.shop\/#website\"},\"primaryImageOfPage\":{\"@id\":\"https:\/\/pharmadreams.shop\/index.php\/product\/svr-spf30-ampoule-protect-30ml\/#primaryimage\"},\"image\":{\"@id\":\"https:\/\/pharmadreams.shop\/index.php\/product\/svr-spf30-ampoule-protect-30ml\/#primaryimage\"},\"thumbnailUrl\":\"https:\/\/pharmadreams.shop\/wp-content\/uploads\/2024\/05\/SVR-Ampoule-Protect-SPF30-30ml.jpg.webp\",\"datePublished\":\"2024-05-09T16:46:19+00:00\",\"dateModified\":\"2024-05-09T16:46:19+00:00\",\"breadcrumb\":{\"@id\":\"https:\/\/pharmadreams.shop\/index.php\/product\/svr-spf30-ampoule-protect-30ml\/#breadcrumb\"},\"inLanguage\":\"fr-FR\",\"potentialAction\":[{\"@type\":\"ReadAction\",\"target\":[\"https:\/\/pharmadreams.shop\/index.php\/product\/svr-spf30-ampoule-protect-30ml\/\"]}]},{\"@type\":\"ImageObject\",\"inLanguage\":\"fr-FR\",\"@id\":\"https:\/\/pharmadreams.shop\/index.php\/product\/svr-spf30-ampoule-protect-30ml\/#primaryimage\",\"url\":\"https:\/\/pharmadreams.shop\/wp-content\/uploads\/2024\/05\/SVR-Ampoule-Protect-SPF30-30ml.jpg.webp\",\"contentUrl\":\"https:\/\/pharmadreams.shop\/wp-content\/uploads\/2024\/05\/SVR-Ampoule-Protect-SPF30-30ml.jpg.webp\",\"width\":1080,\"height\":1080},{\"@type\":\"BreadcrumbList\",\"@id\":\"https:\/\/pharmadreams.shop\/index.php\/product\/svr-spf30-ampoule-protect-30ml\/#breadcrumb\",\"itemListElement\":[{\"@type\":\"ListItem\",\"position\":1,\"name\":\"Accueil\",\"item\":\"https:\/\/pharmadreams.shop\/\"},{\"@type\":\"ListItem\",\"position\":2,\"name\":\"Shop\",\"item\":\"https:\/\/pharmadreams.shop\/index.php\/shop\/\"},{\"@type\":\"ListItem\",\"position\":3,\"name\":\"SVR [SPF30] Ampoule Protect 30ml\"}]},{\"@type\":\"WebSite\",\"@id\":\"https:\/\/pharmadreams.shop\/#website\",\"url\":\"https:\/\/pharmadreams.shop\/\",\"name\":\"pharmadreams\",\"description\":\"Parapharmacie en ligne\",\"potentialAction\":[{\"@type\":\"SearchAction\",\"target\":{\"@type\":\"EntryPoint\",\"urlTemplate\":\"https:\/\/pharmadreams.shop\/?s={search_term_string}\"},\"query-input\":\"required name=search_term_string\"}],\"inLanguage\":\"fr-FR\"}]}<\/script>\n<!-- \/ Yoast SEO plugin. -->","yoast_head_json":{"title":"SVR [SPF30] Ampoule Protect 30ml - pharmadreams","robots":{"index":"index","follow":"follow","max-snippet":"max-snippet:-1","max-image-preview":"max-image-preview:large","max-video-preview":"max-video-preview:-1"},"canonical":"https:\/\/pharmadreams.shop\/index.php\/product\/svr-spf30-ampoule-protect-30ml\/","og_locale":"fr_FR","og_type":"article","og_title":"SVR [SPF30] Ampoule Protect 30ml - pharmadreams","og_description":"SVR [SPF30] Ampoule Protect\u00a030 ml est un s\u00e9rum qui offre \u00e0 votre peau une correction face au vieillissement naturel de la peau face aux facteurs acc\u00e9l\u00e9rateurs du vieillissement.      Mettre quelques gouttes aux creux des mains, puis appliquer uniform\u00e9ment sur le visage.  En cas d\u2019exposition solaire intense et r\u00e9p\u00e9t\u00e9e ou de transpiration, renouveler fr\u00e9quemment l\u2019application. Usage externe.","og_url":"https:\/\/pharmadreams.shop\/index.php\/product\/svr-spf30-ampoule-protect-30ml\/","og_site_name":"pharmadreams","og_image":[{"width":1080,"height":1080,"url":"https:\/\/pharmadreams.shop\/wp-content\/uploads\/2024\/05\/SVR-Ampoule-Protect-SPF30-30ml.jpg.webp","type":"image\/webp"}],"twitter_card":"summary_large_image","twitter_misc":{"Dur\u00e9e de lecture estim\u00e9e":"1 minute"},"schema":{"@context":"https:\/\/schema.org","@graph":[{"@type":"WebPage","@id":"https:\/\/pharmadreams.shop\/index.php\/product\/svr-spf30-ampoule-protect-30ml\/","url":"https:\/\/pharmadreams.shop\/index.php\/product\/svr-spf30-ampoule-protect-30ml\/","name":"SVR [SPF30] Ampoule Protect 30ml - pharmadreams","isPartOf":{"@id":"https:\/\/pharmadreams.shop\/#website"},"primaryImageOfPage":{"@id":"https:\/\/pharmadreams.shop\/index.php\/product\/svr-spf30-ampoule-protect-30ml\/#primaryimage"},"image":{"@id":"https:\/\/pharmadreams.shop\/index.php\/product\/svr-spf30-ampoule-protect-30ml\/#primaryimage"},"thumbnailUrl":"https:\/\/pharmadreams.shop\/wp-content\/uploads\/2024\/05\/SVR-Ampoule-Protect-SPF30-30ml.jpg.webp","datePublished":"2024-05-09T16:46:19+00:00","dateModified":"2024-05-09T16:46:19+00:00","breadcrumb":{"@id":"https:\/\/pharmadreams.shop\/index.php\/product\/svr-spf30-ampoule-protect-30ml\/#breadcrumb"},"inLanguage":"fr-FR","potentialAction":[{"@type":"ReadAction","target":["https:\/\/pharmadreams.shop\/index.php\/product\/svr-spf30-ampoule-protect-30ml\/"]}]},{"@type":"ImageObject","inLanguage":"fr-FR","@id":"https:\/\/pharmadreams.shop\/index.php\/product\/svr-spf30-ampoule-protect-30ml\/#primaryimage","url":"https:\/\/pharmadreams.shop\/wp-content\/uploads\/2024\/05\/SVR-Ampoule-Protect-SPF30-30ml.jpg.webp","contentUrl":"https:\/\/pharmadreams.shop\/wp-content\/uploads\/2024\/05\/SVR-Ampoule-Protect-SPF30-30ml.jpg.webp","width":1080,"height":1080},{"@type":"BreadcrumbList","@id":"https:\/\/pharmadreams.shop\/index.php\/product\/svr-spf30-ampoule-protect-30ml\/#breadcrumb","itemListElement":[{"@type":"ListItem","position":1,"name":"Accueil","item":"https:\/\/pharmadreams.shop\/"},{"@type":"ListItem","position":2,"name":"Shop","item":"https:\/\/pharmadreams.shop\/index.php\/shop\/"},{"@type":"ListItem","position":3,"name":"SVR [SPF30] Ampoule Protect 30ml"}]},{"@type":"WebSite","@id":"https:\/\/pharmadreams.shop\/#website","url":"https:\/\/pharmadreams.shop\/","name":"pharmadreams","description":"Parapharmacie en ligne","potentialAction":[{"@type":"SearchAction","target":{"@type":"EntryPoint","urlTemplate":"https:\/\/pharmadreams.shop\/?s={search_term_string}"},"query-input":"required name=search_term_string"}],"inLanguage":"fr-FR"}]}},"_links":{"self":[{"href":"https:\/\/pharmadreams.shop\/index.php\/wp-json\/wp\/v2\/product\/18280","targetHints":{"allow":["GET"]}}],"collection":[{"href":"https:\/\/pharmadreams.shop\/index.php\/wp-json\/wp\/v2\/product"}],"about":[{"href":"https:\/\/pharmadreams.shop\/index.php\/wp-json\/wp\/v2\/types\/product"}],"replies":[{"embeddable":true,"href":"https:\/\/pharmadreams.shop\/index.php\/wp-json\/wp\/v2\/comments?post=18280"}],"version-history":[{"count":0,"href":"https:\/\/pharmadreams.shop\/index.php\/wp-json\/wp\/v2\/product\/18280\/revisions"}],"wp:featuredmedia":[{"embeddable":true,"href":"https:\/\/pharmadreams.shop\/index.php\/wp-json\/wp\/v2\/media\/18281"}],"wp:attachment":[{"href":"https:\/\/pharmadreams.shop\/index.php\/wp-json\/wp\/v2\/media?parent=18280"}],"wp:term":[{"taxonomy":"product_brand","embeddable":true,"href":"https:\/\/pharmadreams.shop\/index.php\/wp-json\/wp\/v2\/product_brand?post=18280"},{"taxonomy":"product_cat","embeddable":true,"href":"https:\/\/pharmadreams.shop\/index.php\/wp-json\/wp\/v2\/product_cat?post=18280"},{"taxonomy":"product_tag","embeddable":true,"href":"https:\/\/pharmadreams.shop\/index.php\/wp-json\/wp\/v2\/product_tag?post=18280"}],"curies":[{"name":"wp","href":"https:\/\/api.w.org\/{rel}","templated":true}]}}