{"id":18284,"date":"2024-05-09T17:52:43","date_gmt":"2024-05-09T16:52:43","guid":{"rendered":"https:\/\/pharmadreams.shop\/?post_type=product&#038;p=18284"},"modified":"2024-05-09T17:52:44","modified_gmt":"2024-05-09T16:52:44","slug":"svr-ampoule-relax-contour-des-yeux-nuit-15ml","status":"publish","type":"product","link":"https:\/\/pharmadreams.shop\/index.php\/product\/svr-ampoule-relax-contour-des-yeux-nuit-15ml\/","title":{"rendered":"SVR Ampoule Relax Contour des Yeux Nuit 15ml"},"content":{"rendered":"","protected":false},"excerpt":{"rendered":"<p>SVR Ampoule Relax Nuit 15 ml est un s\u00e9rum qui r\u00e9g\u00e9n\u00e8re le contour des yeux pendant la nuit. Le regard est d\u00e9tendu au coucher et tonifi\u00e9 au r\u00e9veil. Sa texture ol\u00e9o-gel et son embout d\u00e9congestionnant hydratent et apaisent le contour des yeux.<\/p>\n","protected":false},"featured_media":18285,"comment_status":"open","ping_status":"closed","template":"","meta":[],"product_brand":[],"product_cat":[161,94],"product_tag":[],"class_list":{"0":"post-18284","1":"product","2":"type-product","3":"status-publish","4":"has-post-thumbnail","6":"product_cat-ampoule","7":"product_cat-serum","9":"first","10":"instock","11":"sale","12":"shipping-taxable","13":"purchasable","14":"product-type-simple"},"yoast_head":"<!-- This site is optimized with the Yoast SEO plugin v23.0 - https:\/\/yoast.com\/wordpress\/plugins\/seo\/ -->\n<title>SVR Ampoule Relax Contour des Yeux Nuit 15ml - pharmadreams<\/title>\n<meta name=\"robots\" content=\"index, follow, max-snippet:-1, max-image-preview:large, max-video-preview:-1\" \/>\n<link rel=\"canonical\" href=\"https:\/\/pharmadreams.shop\/index.php\/product\/svr-ampoule-relax-contour-des-yeux-nuit-15ml\/\" \/>\n<meta property=\"og:locale\" content=\"fr_FR\" \/>\n<meta property=\"og:type\" content=\"article\" \/>\n<meta property=\"og:title\" content=\"SVR Ampoule Relax Contour des Yeux Nuit 15ml - pharmadreams\" \/>\n<meta property=\"og:description\" content=\"SVR Ampoule Relax Nuit 15 ml est un s\u00e9rum qui r\u00e9g\u00e9n\u00e8re le contour des yeux pendant la nuit. Le regard est d\u00e9tendu au coucher et tonifi\u00e9 au r\u00e9veil. Sa texture ol\u00e9o-gel et son embout d\u00e9congestionnant hydratent et apaisent le contour des yeux.\" \/>\n<meta property=\"og:url\" content=\"https:\/\/pharmadreams.shop\/index.php\/product\/svr-ampoule-relax-contour-des-yeux-nuit-15ml\/\" \/>\n<meta property=\"og:site_name\" content=\"pharmadreams\" \/>\n<meta property=\"article:modified_time\" content=\"2024-05-09T16:52:44+00:00\" \/>\n<meta property=\"og:image\" content=\"https:\/\/pharmadreams.shop\/wp-content\/uploads\/2024\/05\/317575-laboratoires-svr-relax-yeux-15ml-contour-des-yeux-15ml-pipette-1000x1000-1.webp\" \/>\n\t<meta property=\"og:image:width\" content=\"1000\" \/>\n\t<meta property=\"og:image:height\" content=\"1000\" \/>\n\t<meta property=\"og:image:type\" content=\"image\/webp\" \/>\n<meta name=\"twitter:card\" content=\"summary_large_image\" \/>\n<meta name=\"twitter:label1\" content=\"Dur\u00e9e de lecture estim\u00e9e\" \/>\n\t<meta name=\"twitter:data1\" content=\"1 minute\" \/>\n<script type=\"application\/ld+json\" class=\"yoast-schema-graph\">{\"@context\":\"https:\/\/schema.org\",\"@graph\":[{\"@type\":\"WebPage\",\"@id\":\"https:\/\/pharmadreams.shop\/index.php\/product\/svr-ampoule-relax-contour-des-yeux-nuit-15ml\/\",\"url\":\"https:\/\/pharmadreams.shop\/index.php\/product\/svr-ampoule-relax-contour-des-yeux-nuit-15ml\/\",\"name\":\"SVR Ampoule Relax Contour des Yeux Nuit 15ml - pharmadreams\",\"isPartOf\":{\"@id\":\"https:\/\/pharmadreams.shop\/#website\"},\"primaryImageOfPage\":{\"@id\":\"https:\/\/pharmadreams.shop\/index.php\/product\/svr-ampoule-relax-contour-des-yeux-nuit-15ml\/#primaryimage\"},\"image\":{\"@id\":\"https:\/\/pharmadreams.shop\/index.php\/product\/svr-ampoule-relax-contour-des-yeux-nuit-15ml\/#primaryimage\"},\"thumbnailUrl\":\"https:\/\/pharmadreams.shop\/wp-content\/uploads\/2024\/05\/317575-laboratoires-svr-relax-yeux-15ml-contour-des-yeux-15ml-pipette-1000x1000-1.webp\",\"datePublished\":\"2024-05-09T16:52:43+00:00\",\"dateModified\":\"2024-05-09T16:52:44+00:00\",\"breadcrumb\":{\"@id\":\"https:\/\/pharmadreams.shop\/index.php\/product\/svr-ampoule-relax-contour-des-yeux-nuit-15ml\/#breadcrumb\"},\"inLanguage\":\"fr-FR\",\"potentialAction\":[{\"@type\":\"ReadAction\",\"target\":[\"https:\/\/pharmadreams.shop\/index.php\/product\/svr-ampoule-relax-contour-des-yeux-nuit-15ml\/\"]}]},{\"@type\":\"ImageObject\",\"inLanguage\":\"fr-FR\",\"@id\":\"https:\/\/pharmadreams.shop\/index.php\/product\/svr-ampoule-relax-contour-des-yeux-nuit-15ml\/#primaryimage\",\"url\":\"https:\/\/pharmadreams.shop\/wp-content\/uploads\/2024\/05\/317575-laboratoires-svr-relax-yeux-15ml-contour-des-yeux-15ml-pipette-1000x1000-1.webp\",\"contentUrl\":\"https:\/\/pharmadreams.shop\/wp-content\/uploads\/2024\/05\/317575-laboratoires-svr-relax-yeux-15ml-contour-des-yeux-15ml-pipette-1000x1000-1.webp\",\"width\":1000,\"height\":1000},{\"@type\":\"BreadcrumbList\",\"@id\":\"https:\/\/pharmadreams.shop\/index.php\/product\/svr-ampoule-relax-contour-des-yeux-nuit-15ml\/#breadcrumb\",\"itemListElement\":[{\"@type\":\"ListItem\",\"position\":1,\"name\":\"Accueil\",\"item\":\"https:\/\/pharmadreams.shop\/\"},{\"@type\":\"ListItem\",\"position\":2,\"name\":\"Shop\",\"item\":\"https:\/\/pharmadreams.shop\/index.php\/shop\/\"},{\"@type\":\"ListItem\",\"position\":3,\"name\":\"SVR Ampoule Relax Contour des Yeux Nuit 15ml\"}]},{\"@type\":\"WebSite\",\"@id\":\"https:\/\/pharmadreams.shop\/#website\",\"url\":\"https:\/\/pharmadreams.shop\/\",\"name\":\"pharmadreams\",\"description\":\"Parapharmacie en ligne\",\"potentialAction\":[{\"@type\":\"SearchAction\",\"target\":{\"@type\":\"EntryPoint\",\"urlTemplate\":\"https:\/\/pharmadreams.shop\/?s={search_term_string}\"},\"query-input\":\"required name=search_term_string\"}],\"inLanguage\":\"fr-FR\"}]}<\/script>\n<!-- \/ Yoast SEO plugin. -->","yoast_head_json":{"title":"SVR Ampoule Relax Contour des Yeux Nuit 15ml - pharmadreams","robots":{"index":"index","follow":"follow","max-snippet":"max-snippet:-1","max-image-preview":"max-image-preview:large","max-video-preview":"max-video-preview:-1"},"canonical":"https:\/\/pharmadreams.shop\/index.php\/product\/svr-ampoule-relax-contour-des-yeux-nuit-15ml\/","og_locale":"fr_FR","og_type":"article","og_title":"SVR Ampoule Relax Contour des Yeux Nuit 15ml - pharmadreams","og_description":"SVR Ampoule Relax Nuit 15 ml est un s\u00e9rum qui r\u00e9g\u00e9n\u00e8re le contour des yeux pendant la nuit. Le regard est d\u00e9tendu au coucher et tonifi\u00e9 au r\u00e9veil. Sa texture ol\u00e9o-gel et son embout d\u00e9congestionnant hydratent et apaisent le contour des yeux.","og_url":"https:\/\/pharmadreams.shop\/index.php\/product\/svr-ampoule-relax-contour-des-yeux-nuit-15ml\/","og_site_name":"pharmadreams","article_modified_time":"2024-05-09T16:52:44+00:00","og_image":[{"width":1000,"height":1000,"url":"https:\/\/pharmadreams.shop\/wp-content\/uploads\/2024\/05\/317575-laboratoires-svr-relax-yeux-15ml-contour-des-yeux-15ml-pipette-1000x1000-1.webp","type":"image\/webp"}],"twitter_card":"summary_large_image","twitter_misc":{"Dur\u00e9e de lecture estim\u00e9e":"1 minute"},"schema":{"@context":"https:\/\/schema.org","@graph":[{"@type":"WebPage","@id":"https:\/\/pharmadreams.shop\/index.php\/product\/svr-ampoule-relax-contour-des-yeux-nuit-15ml\/","url":"https:\/\/pharmadreams.shop\/index.php\/product\/svr-ampoule-relax-contour-des-yeux-nuit-15ml\/","name":"SVR Ampoule Relax Contour des Yeux Nuit 15ml - pharmadreams","isPartOf":{"@id":"https:\/\/pharmadreams.shop\/#website"},"primaryImageOfPage":{"@id":"https:\/\/pharmadreams.shop\/index.php\/product\/svr-ampoule-relax-contour-des-yeux-nuit-15ml\/#primaryimage"},"image":{"@id":"https:\/\/pharmadreams.shop\/index.php\/product\/svr-ampoule-relax-contour-des-yeux-nuit-15ml\/#primaryimage"},"thumbnailUrl":"https:\/\/pharmadreams.shop\/wp-content\/uploads\/2024\/05\/317575-laboratoires-svr-relax-yeux-15ml-contour-des-yeux-15ml-pipette-1000x1000-1.webp","datePublished":"2024-05-09T16:52:43+00:00","dateModified":"2024-05-09T16:52:44+00:00","breadcrumb":{"@id":"https:\/\/pharmadreams.shop\/index.php\/product\/svr-ampoule-relax-contour-des-yeux-nuit-15ml\/#breadcrumb"},"inLanguage":"fr-FR","potentialAction":[{"@type":"ReadAction","target":["https:\/\/pharmadreams.shop\/index.php\/product\/svr-ampoule-relax-contour-des-yeux-nuit-15ml\/"]}]},{"@type":"ImageObject","inLanguage":"fr-FR","@id":"https:\/\/pharmadreams.shop\/index.php\/product\/svr-ampoule-relax-contour-des-yeux-nuit-15ml\/#primaryimage","url":"https:\/\/pharmadreams.shop\/wp-content\/uploads\/2024\/05\/317575-laboratoires-svr-relax-yeux-15ml-contour-des-yeux-15ml-pipette-1000x1000-1.webp","contentUrl":"https:\/\/pharmadreams.shop\/wp-content\/uploads\/2024\/05\/317575-laboratoires-svr-relax-yeux-15ml-contour-des-yeux-15ml-pipette-1000x1000-1.webp","width":1000,"height":1000},{"@type":"BreadcrumbList","@id":"https:\/\/pharmadreams.shop\/index.php\/product\/svr-ampoule-relax-contour-des-yeux-nuit-15ml\/#breadcrumb","itemListElement":[{"@type":"ListItem","position":1,"name":"Accueil","item":"https:\/\/pharmadreams.shop\/"},{"@type":"ListItem","position":2,"name":"Shop","item":"https:\/\/pharmadreams.shop\/index.php\/shop\/"},{"@type":"ListItem","position":3,"name":"SVR Ampoule Relax Contour des Yeux Nuit 15ml"}]},{"@type":"WebSite","@id":"https:\/\/pharmadreams.shop\/#website","url":"https:\/\/pharmadreams.shop\/","name":"pharmadreams","description":"Parapharmacie en ligne","potentialAction":[{"@type":"SearchAction","target":{"@type":"EntryPoint","urlTemplate":"https:\/\/pharmadreams.shop\/?s={search_term_string}"},"query-input":"required name=search_term_string"}],"inLanguage":"fr-FR"}]}},"_links":{"self":[{"href":"https:\/\/pharmadreams.shop\/index.php\/wp-json\/wp\/v2\/product\/18284","targetHints":{"allow":["GET"]}}],"collection":[{"href":"https:\/\/pharmadreams.shop\/index.php\/wp-json\/wp\/v2\/product"}],"about":[{"href":"https:\/\/pharmadreams.shop\/index.php\/wp-json\/wp\/v2\/types\/product"}],"replies":[{"embeddable":true,"href":"https:\/\/pharmadreams.shop\/index.php\/wp-json\/wp\/v2\/comments?post=18284"}],"version-history":[{"count":0,"href":"https:\/\/pharmadreams.shop\/index.php\/wp-json\/wp\/v2\/product\/18284\/revisions"}],"wp:featuredmedia":[{"embeddable":true,"href":"https:\/\/pharmadreams.shop\/index.php\/wp-json\/wp\/v2\/media\/18285"}],"wp:attachment":[{"href":"https:\/\/pharmadreams.shop\/index.php\/wp-json\/wp\/v2\/media?parent=18284"}],"wp:term":[{"taxonomy":"product_brand","embeddable":true,"href":"https:\/\/pharmadreams.shop\/index.php\/wp-json\/wp\/v2\/product_brand?post=18284"},{"taxonomy":"product_cat","embeddable":true,"href":"https:\/\/pharmadreams.shop\/index.php\/wp-json\/wp\/v2\/product_cat?post=18284"},{"taxonomy":"product_tag","embeddable":true,"href":"https:\/\/pharmadreams.shop\/index.php\/wp-json\/wp\/v2\/product_tag?post=18284"}],"curies":[{"name":"wp","href":"https:\/\/api.w.org\/{rel}","templated":true}]}}