{"id":18287,"date":"2024-05-09T17:56:01","date_gmt":"2024-05-09T16:56:01","guid":{"rendered":"https:\/\/pharmadreams.shop\/?post_type=product&#038;p=18287"},"modified":"2024-05-09T17:56:01","modified_gmt":"2024-05-09T16:56:01","slug":"svr-ampoule-refresh-jour-serum-contour-des-yeux-15ml","status":"publish","type":"product","link":"https:\/\/pharmadreams.shop\/index.php\/product\/svr-ampoule-refresh-jour-serum-contour-des-yeux-15ml\/","title":{"rendered":"SVR Ampoule Refresh Jour Serum Contour des Yeux 15ml"},"content":{"rendered":"","protected":false},"excerpt":{"rendered":"<p>SVR Ampoule Refresh Jour 15 ml est un s\u00e9rum \u00e0 la fra\u00eecheur instantan\u00e9e qui r\u00e9veille et d\u00e9froisse le regard. Il lisse les rides et ridules et att\u00e9nue les marques de fatigue.<\/p>\n","protected":false},"featured_media":18288,"comment_status":"open","ping_status":"closed","template":"","meta":[],"product_brand":[],"product_cat":[161,94],"product_tag":[],"class_list":{"0":"post-18287","1":"product","2":"type-product","3":"status-publish","4":"has-post-thumbnail","6":"product_cat-ampoule","7":"product_cat-serum","9":"first","10":"instock","11":"sale","12":"shipping-taxable","13":"purchasable","14":"product-type-simple"},"yoast_head":"<!-- This site is optimized with the Yoast SEO plugin v23.0 - https:\/\/yoast.com\/wordpress\/plugins\/seo\/ -->\n<title>SVR Ampoule Refresh Jour Serum Contour des Yeux 15ml - pharmadreams<\/title>\n<meta name=\"robots\" content=\"index, follow, max-snippet:-1, max-image-preview:large, max-video-preview:-1\" \/>\n<link rel=\"canonical\" href=\"https:\/\/pharmadreams.shop\/index.php\/product\/svr-ampoule-refresh-jour-serum-contour-des-yeux-15ml\/\" \/>\n<meta property=\"og:locale\" content=\"fr_FR\" \/>\n<meta property=\"og:type\" content=\"article\" \/>\n<meta property=\"og:title\" content=\"SVR Ampoule Refresh Jour Serum Contour des Yeux 15ml - pharmadreams\" \/>\n<meta property=\"og:description\" content=\"SVR Ampoule Refresh Jour 15 ml est un s\u00e9rum \u00e0 la fra\u00eecheur instantan\u00e9e qui r\u00e9veille et d\u00e9froisse le regard. Il lisse les rides et ridules et att\u00e9nue les marques de fatigue.\" \/>\n<meta property=\"og:url\" content=\"https:\/\/pharmadreams.shop\/index.php\/product\/svr-ampoule-refresh-jour-serum-contour-des-yeux-15ml\/\" \/>\n<meta property=\"og:site_name\" content=\"pharmadreams\" \/>\n<meta property=\"og:image\" content=\"https:\/\/pharmadreams.shop\/wp-content\/uploads\/2024\/05\/317574-laboratoires-svr-refresh-yeux-15ml-contour-des-yeux-15ml-pipette-1000x1000-1.webp\" \/>\n\t<meta property=\"og:image:width\" content=\"1000\" \/>\n\t<meta property=\"og:image:height\" content=\"1000\" \/>\n\t<meta property=\"og:image:type\" content=\"image\/webp\" \/>\n<meta name=\"twitter:card\" content=\"summary_large_image\" \/>\n<meta name=\"twitter:label1\" content=\"Dur\u00e9e de lecture estim\u00e9e\" \/>\n\t<meta name=\"twitter:data1\" content=\"1 minute\" \/>\n<script type=\"application\/ld+json\" class=\"yoast-schema-graph\">{\"@context\":\"https:\/\/schema.org\",\"@graph\":[{\"@type\":\"WebPage\",\"@id\":\"https:\/\/pharmadreams.shop\/index.php\/product\/svr-ampoule-refresh-jour-serum-contour-des-yeux-15ml\/\",\"url\":\"https:\/\/pharmadreams.shop\/index.php\/product\/svr-ampoule-refresh-jour-serum-contour-des-yeux-15ml\/\",\"name\":\"SVR Ampoule Refresh Jour Serum Contour des Yeux 15ml - pharmadreams\",\"isPartOf\":{\"@id\":\"https:\/\/pharmadreams.shop\/#website\"},\"primaryImageOfPage\":{\"@id\":\"https:\/\/pharmadreams.shop\/index.php\/product\/svr-ampoule-refresh-jour-serum-contour-des-yeux-15ml\/#primaryimage\"},\"image\":{\"@id\":\"https:\/\/pharmadreams.shop\/index.php\/product\/svr-ampoule-refresh-jour-serum-contour-des-yeux-15ml\/#primaryimage\"},\"thumbnailUrl\":\"https:\/\/pharmadreams.shop\/wp-content\/uploads\/2024\/05\/317574-laboratoires-svr-refresh-yeux-15ml-contour-des-yeux-15ml-pipette-1000x1000-1.webp\",\"datePublished\":\"2024-05-09T16:56:01+00:00\",\"dateModified\":\"2024-05-09T16:56:01+00:00\",\"breadcrumb\":{\"@id\":\"https:\/\/pharmadreams.shop\/index.php\/product\/svr-ampoule-refresh-jour-serum-contour-des-yeux-15ml\/#breadcrumb\"},\"inLanguage\":\"fr-FR\",\"potentialAction\":[{\"@type\":\"ReadAction\",\"target\":[\"https:\/\/pharmadreams.shop\/index.php\/product\/svr-ampoule-refresh-jour-serum-contour-des-yeux-15ml\/\"]}]},{\"@type\":\"ImageObject\",\"inLanguage\":\"fr-FR\",\"@id\":\"https:\/\/pharmadreams.shop\/index.php\/product\/svr-ampoule-refresh-jour-serum-contour-des-yeux-15ml\/#primaryimage\",\"url\":\"https:\/\/pharmadreams.shop\/wp-content\/uploads\/2024\/05\/317574-laboratoires-svr-refresh-yeux-15ml-contour-des-yeux-15ml-pipette-1000x1000-1.webp\",\"contentUrl\":\"https:\/\/pharmadreams.shop\/wp-content\/uploads\/2024\/05\/317574-laboratoires-svr-refresh-yeux-15ml-contour-des-yeux-15ml-pipette-1000x1000-1.webp\",\"width\":1000,\"height\":1000},{\"@type\":\"BreadcrumbList\",\"@id\":\"https:\/\/pharmadreams.shop\/index.php\/product\/svr-ampoule-refresh-jour-serum-contour-des-yeux-15ml\/#breadcrumb\",\"itemListElement\":[{\"@type\":\"ListItem\",\"position\":1,\"name\":\"Accueil\",\"item\":\"https:\/\/pharmadreams.shop\/\"},{\"@type\":\"ListItem\",\"position\":2,\"name\":\"Shop\",\"item\":\"https:\/\/pharmadreams.shop\/index.php\/shop\/\"},{\"@type\":\"ListItem\",\"position\":3,\"name\":\"SVR Ampoule Refresh Jour Serum Contour des Yeux 15ml\"}]},{\"@type\":\"WebSite\",\"@id\":\"https:\/\/pharmadreams.shop\/#website\",\"url\":\"https:\/\/pharmadreams.shop\/\",\"name\":\"pharmadreams\",\"description\":\"Parapharmacie en ligne\",\"potentialAction\":[{\"@type\":\"SearchAction\",\"target\":{\"@type\":\"EntryPoint\",\"urlTemplate\":\"https:\/\/pharmadreams.shop\/?s={search_term_string}\"},\"query-input\":\"required name=search_term_string\"}],\"inLanguage\":\"fr-FR\"}]}<\/script>\n<!-- \/ Yoast SEO plugin. -->","yoast_head_json":{"title":"SVR Ampoule Refresh Jour Serum Contour des Yeux 15ml - pharmadreams","robots":{"index":"index","follow":"follow","max-snippet":"max-snippet:-1","max-image-preview":"max-image-preview:large","max-video-preview":"max-video-preview:-1"},"canonical":"https:\/\/pharmadreams.shop\/index.php\/product\/svr-ampoule-refresh-jour-serum-contour-des-yeux-15ml\/","og_locale":"fr_FR","og_type":"article","og_title":"SVR Ampoule Refresh Jour Serum Contour des Yeux 15ml - pharmadreams","og_description":"SVR Ampoule Refresh Jour 15 ml est un s\u00e9rum \u00e0 la fra\u00eecheur instantan\u00e9e qui r\u00e9veille et d\u00e9froisse le regard. Il lisse les rides et ridules et att\u00e9nue les marques de fatigue.","og_url":"https:\/\/pharmadreams.shop\/index.php\/product\/svr-ampoule-refresh-jour-serum-contour-des-yeux-15ml\/","og_site_name":"pharmadreams","og_image":[{"width":1000,"height":1000,"url":"https:\/\/pharmadreams.shop\/wp-content\/uploads\/2024\/05\/317574-laboratoires-svr-refresh-yeux-15ml-contour-des-yeux-15ml-pipette-1000x1000-1.webp","type":"image\/webp"}],"twitter_card":"summary_large_image","twitter_misc":{"Dur\u00e9e de lecture estim\u00e9e":"1 minute"},"schema":{"@context":"https:\/\/schema.org","@graph":[{"@type":"WebPage","@id":"https:\/\/pharmadreams.shop\/index.php\/product\/svr-ampoule-refresh-jour-serum-contour-des-yeux-15ml\/","url":"https:\/\/pharmadreams.shop\/index.php\/product\/svr-ampoule-refresh-jour-serum-contour-des-yeux-15ml\/","name":"SVR Ampoule Refresh Jour Serum Contour des Yeux 15ml - pharmadreams","isPartOf":{"@id":"https:\/\/pharmadreams.shop\/#website"},"primaryImageOfPage":{"@id":"https:\/\/pharmadreams.shop\/index.php\/product\/svr-ampoule-refresh-jour-serum-contour-des-yeux-15ml\/#primaryimage"},"image":{"@id":"https:\/\/pharmadreams.shop\/index.php\/product\/svr-ampoule-refresh-jour-serum-contour-des-yeux-15ml\/#primaryimage"},"thumbnailUrl":"https:\/\/pharmadreams.shop\/wp-content\/uploads\/2024\/05\/317574-laboratoires-svr-refresh-yeux-15ml-contour-des-yeux-15ml-pipette-1000x1000-1.webp","datePublished":"2024-05-09T16:56:01+00:00","dateModified":"2024-05-09T16:56:01+00:00","breadcrumb":{"@id":"https:\/\/pharmadreams.shop\/index.php\/product\/svr-ampoule-refresh-jour-serum-contour-des-yeux-15ml\/#breadcrumb"},"inLanguage":"fr-FR","potentialAction":[{"@type":"ReadAction","target":["https:\/\/pharmadreams.shop\/index.php\/product\/svr-ampoule-refresh-jour-serum-contour-des-yeux-15ml\/"]}]},{"@type":"ImageObject","inLanguage":"fr-FR","@id":"https:\/\/pharmadreams.shop\/index.php\/product\/svr-ampoule-refresh-jour-serum-contour-des-yeux-15ml\/#primaryimage","url":"https:\/\/pharmadreams.shop\/wp-content\/uploads\/2024\/05\/317574-laboratoires-svr-refresh-yeux-15ml-contour-des-yeux-15ml-pipette-1000x1000-1.webp","contentUrl":"https:\/\/pharmadreams.shop\/wp-content\/uploads\/2024\/05\/317574-laboratoires-svr-refresh-yeux-15ml-contour-des-yeux-15ml-pipette-1000x1000-1.webp","width":1000,"height":1000},{"@type":"BreadcrumbList","@id":"https:\/\/pharmadreams.shop\/index.php\/product\/svr-ampoule-refresh-jour-serum-contour-des-yeux-15ml\/#breadcrumb","itemListElement":[{"@type":"ListItem","position":1,"name":"Accueil","item":"https:\/\/pharmadreams.shop\/"},{"@type":"ListItem","position":2,"name":"Shop","item":"https:\/\/pharmadreams.shop\/index.php\/shop\/"},{"@type":"ListItem","position":3,"name":"SVR Ampoule Refresh Jour Serum Contour des Yeux 15ml"}]},{"@type":"WebSite","@id":"https:\/\/pharmadreams.shop\/#website","url":"https:\/\/pharmadreams.shop\/","name":"pharmadreams","description":"Parapharmacie en ligne","potentialAction":[{"@type":"SearchAction","target":{"@type":"EntryPoint","urlTemplate":"https:\/\/pharmadreams.shop\/?s={search_term_string}"},"query-input":"required name=search_term_string"}],"inLanguage":"fr-FR"}]}},"_links":{"self":[{"href":"https:\/\/pharmadreams.shop\/index.php\/wp-json\/wp\/v2\/product\/18287","targetHints":{"allow":["GET"]}}],"collection":[{"href":"https:\/\/pharmadreams.shop\/index.php\/wp-json\/wp\/v2\/product"}],"about":[{"href":"https:\/\/pharmadreams.shop\/index.php\/wp-json\/wp\/v2\/types\/product"}],"replies":[{"embeddable":true,"href":"https:\/\/pharmadreams.shop\/index.php\/wp-json\/wp\/v2\/comments?post=18287"}],"version-history":[{"count":0,"href":"https:\/\/pharmadreams.shop\/index.php\/wp-json\/wp\/v2\/product\/18287\/revisions"}],"wp:featuredmedia":[{"embeddable":true,"href":"https:\/\/pharmadreams.shop\/index.php\/wp-json\/wp\/v2\/media\/18288"}],"wp:attachment":[{"href":"https:\/\/pharmadreams.shop\/index.php\/wp-json\/wp\/v2\/media?parent=18287"}],"wp:term":[{"taxonomy":"product_brand","embeddable":true,"href":"https:\/\/pharmadreams.shop\/index.php\/wp-json\/wp\/v2\/product_brand?post=18287"},{"taxonomy":"product_cat","embeddable":true,"href":"https:\/\/pharmadreams.shop\/index.php\/wp-json\/wp\/v2\/product_cat?post=18287"},{"taxonomy":"product_tag","embeddable":true,"href":"https:\/\/pharmadreams.shop\/index.php\/wp-json\/wp\/v2\/product_tag?post=18287"}],"curies":[{"name":"wp","href":"https:\/\/api.w.org\/{rel}","templated":true}]}}