{"id":18298,"date":"2024-05-10T09:55:28","date_gmt":"2024-05-10T08:55:28","guid":{"rendered":"https:\/\/pharmadreams.shop\/?post_type=product&#038;p=18298"},"modified":"2024-05-10T09:55:28","modified_gmt":"2024-05-10T08:55:28","slug":"isdin-ecran-solaire-active-unify-color-teinte-spf50-50ml","status":"publish","type":"product","link":"https:\/\/pharmadreams.shop\/index.php\/product\/isdin-ecran-solaire-active-unify-color-teinte-spf50-50ml\/","title":{"rendered":"ISDIN Ecran Solaire Active Unify Color Teinte SPF50+ 50ml"},"content":{"rendered":"","protected":false},"excerpt":{"rendered":"<p>\u00c9cran anti tache Protection solaire, anti UVA et UVB (SPF 50+).<\/p>\n<ul>\n<li>Clarifie le teint<\/li>\n<li>Aide \u00e0 r\u00e9duire et \u00e0 pr\u00e9venir les taches pigmentaires.<\/li>\n<li>Pr\u00e9vient l\u2019apparition du m\u00e9lasma.<\/li>\n<\/ul>\n","protected":false},"featured_media":18299,"comment_status":"open","ping_status":"closed","template":"","meta":[],"product_brand":[],"product_cat":[90,231,20],"product_tag":[],"class_list":{"0":"post-18298","1":"product","2":"type-product","3":"status-publish","4":"has-post-thumbnail","6":"product_cat-anti-tache","7":"product_cat-ecran-solaire","8":"product_cat-visage","10":"first","11":"instock","12":"shipping-taxable","13":"purchasable","14":"product-type-simple"},"yoast_head":"<!-- This site is optimized with the Yoast SEO plugin v23.0 - https:\/\/yoast.com\/wordpress\/plugins\/seo\/ -->\n<title>ISDIN Ecran Solaire Active Unify Color Teinte SPF50+ 50ml - pharmadreams<\/title>\n<meta name=\"robots\" content=\"index, follow, max-snippet:-1, max-image-preview:large, max-video-preview:-1\" \/>\n<link rel=\"canonical\" href=\"https:\/\/pharmadreams.shop\/index.php\/product\/isdin-ecran-solaire-active-unify-color-teinte-spf50-50ml\/\" \/>\n<meta property=\"og:locale\" content=\"fr_FR\" \/>\n<meta property=\"og:type\" content=\"article\" \/>\n<meta property=\"og:title\" content=\"ISDIN Ecran Solaire Active Unify Color Teinte SPF50+ 50ml - pharmadreams\" \/>\n<meta property=\"og:description\" content=\"\u00c9cran anti tache Protection solaire, anti UVA et UVB (SPF 50+).   Clarifie le teint  Aide \u00e0 r\u00e9duire et \u00e0 pr\u00e9venir les taches pigmentaires.  Pr\u00e9vient l\u2019apparition du m\u00e9lasma.\" \/>\n<meta property=\"og:url\" content=\"https:\/\/pharmadreams.shop\/index.php\/product\/isdin-ecran-solaire-active-unify-color-teinte-spf50-50ml\/\" \/>\n<meta property=\"og:site_name\" content=\"pharmadreams\" \/>\n<meta property=\"og:image\" content=\"https:\/\/pharmadreams.shop\/wp-content\/uploads\/2024\/05\/it_active_unify_color_main_0-1685543462189.webp\" \/>\n\t<meta property=\"og:image:width\" content=\"1200\" \/>\n\t<meta property=\"og:image:height\" content=\"1200\" \/>\n\t<meta property=\"og:image:type\" content=\"image\/webp\" \/>\n<meta name=\"twitter:card\" content=\"summary_large_image\" \/>\n<meta name=\"twitter:label1\" content=\"Dur\u00e9e de lecture estim\u00e9e\" \/>\n\t<meta name=\"twitter:data1\" content=\"1 minute\" \/>\n<script type=\"application\/ld+json\" class=\"yoast-schema-graph\">{\"@context\":\"https:\/\/schema.org\",\"@graph\":[{\"@type\":\"WebPage\",\"@id\":\"https:\/\/pharmadreams.shop\/index.php\/product\/isdin-ecran-solaire-active-unify-color-teinte-spf50-50ml\/\",\"url\":\"https:\/\/pharmadreams.shop\/index.php\/product\/isdin-ecran-solaire-active-unify-color-teinte-spf50-50ml\/\",\"name\":\"ISDIN Ecran Solaire Active Unify Color Teinte SPF50+ 50ml - pharmadreams\",\"isPartOf\":{\"@id\":\"https:\/\/pharmadreams.shop\/#website\"},\"primaryImageOfPage\":{\"@id\":\"https:\/\/pharmadreams.shop\/index.php\/product\/isdin-ecran-solaire-active-unify-color-teinte-spf50-50ml\/#primaryimage\"},\"image\":{\"@id\":\"https:\/\/pharmadreams.shop\/index.php\/product\/isdin-ecran-solaire-active-unify-color-teinte-spf50-50ml\/#primaryimage\"},\"thumbnailUrl\":\"https:\/\/pharmadreams.shop\/wp-content\/uploads\/2024\/05\/it_active_unify_color_main_0-1685543462189.webp\",\"datePublished\":\"2024-05-10T08:55:28+00:00\",\"dateModified\":\"2024-05-10T08:55:28+00:00\",\"breadcrumb\":{\"@id\":\"https:\/\/pharmadreams.shop\/index.php\/product\/isdin-ecran-solaire-active-unify-color-teinte-spf50-50ml\/#breadcrumb\"},\"inLanguage\":\"fr-FR\",\"potentialAction\":[{\"@type\":\"ReadAction\",\"target\":[\"https:\/\/pharmadreams.shop\/index.php\/product\/isdin-ecran-solaire-active-unify-color-teinte-spf50-50ml\/\"]}]},{\"@type\":\"ImageObject\",\"inLanguage\":\"fr-FR\",\"@id\":\"https:\/\/pharmadreams.shop\/index.php\/product\/isdin-ecran-solaire-active-unify-color-teinte-spf50-50ml\/#primaryimage\",\"url\":\"https:\/\/pharmadreams.shop\/wp-content\/uploads\/2024\/05\/it_active_unify_color_main_0-1685543462189.webp\",\"contentUrl\":\"https:\/\/pharmadreams.shop\/wp-content\/uploads\/2024\/05\/it_active_unify_color_main_0-1685543462189.webp\",\"width\":1200,\"height\":1200},{\"@type\":\"BreadcrumbList\",\"@id\":\"https:\/\/pharmadreams.shop\/index.php\/product\/isdin-ecran-solaire-active-unify-color-teinte-spf50-50ml\/#breadcrumb\",\"itemListElement\":[{\"@type\":\"ListItem\",\"position\":1,\"name\":\"Accueil\",\"item\":\"https:\/\/pharmadreams.shop\/\"},{\"@type\":\"ListItem\",\"position\":2,\"name\":\"Shop\",\"item\":\"https:\/\/pharmadreams.shop\/index.php\/shop\/\"},{\"@type\":\"ListItem\",\"position\":3,\"name\":\"ISDIN Ecran Solaire Active Unify Color Teinte SPF50+ 50ml\"}]},{\"@type\":\"WebSite\",\"@id\":\"https:\/\/pharmadreams.shop\/#website\",\"url\":\"https:\/\/pharmadreams.shop\/\",\"name\":\"pharmadreams\",\"description\":\"Parapharmacie en ligne\",\"potentialAction\":[{\"@type\":\"SearchAction\",\"target\":{\"@type\":\"EntryPoint\",\"urlTemplate\":\"https:\/\/pharmadreams.shop\/?s={search_term_string}\"},\"query-input\":\"required name=search_term_string\"}],\"inLanguage\":\"fr-FR\"}]}<\/script>\n<!-- \/ Yoast SEO plugin. -->","yoast_head_json":{"title":"ISDIN Ecran Solaire Active Unify Color Teinte SPF50+ 50ml - pharmadreams","robots":{"index":"index","follow":"follow","max-snippet":"max-snippet:-1","max-image-preview":"max-image-preview:large","max-video-preview":"max-video-preview:-1"},"canonical":"https:\/\/pharmadreams.shop\/index.php\/product\/isdin-ecran-solaire-active-unify-color-teinte-spf50-50ml\/","og_locale":"fr_FR","og_type":"article","og_title":"ISDIN Ecran Solaire Active Unify Color Teinte SPF50+ 50ml - pharmadreams","og_description":"\u00c9cran anti tache Protection solaire, anti UVA et UVB (SPF 50+).   Clarifie le teint  Aide \u00e0 r\u00e9duire et \u00e0 pr\u00e9venir les taches pigmentaires.  Pr\u00e9vient l\u2019apparition du m\u00e9lasma.","og_url":"https:\/\/pharmadreams.shop\/index.php\/product\/isdin-ecran-solaire-active-unify-color-teinte-spf50-50ml\/","og_site_name":"pharmadreams","og_image":[{"width":1200,"height":1200,"url":"https:\/\/pharmadreams.shop\/wp-content\/uploads\/2024\/05\/it_active_unify_color_main_0-1685543462189.webp","type":"image\/webp"}],"twitter_card":"summary_large_image","twitter_misc":{"Dur\u00e9e de lecture estim\u00e9e":"1 minute"},"schema":{"@context":"https:\/\/schema.org","@graph":[{"@type":"WebPage","@id":"https:\/\/pharmadreams.shop\/index.php\/product\/isdin-ecran-solaire-active-unify-color-teinte-spf50-50ml\/","url":"https:\/\/pharmadreams.shop\/index.php\/product\/isdin-ecran-solaire-active-unify-color-teinte-spf50-50ml\/","name":"ISDIN Ecran Solaire Active Unify Color Teinte SPF50+ 50ml - pharmadreams","isPartOf":{"@id":"https:\/\/pharmadreams.shop\/#website"},"primaryImageOfPage":{"@id":"https:\/\/pharmadreams.shop\/index.php\/product\/isdin-ecran-solaire-active-unify-color-teinte-spf50-50ml\/#primaryimage"},"image":{"@id":"https:\/\/pharmadreams.shop\/index.php\/product\/isdin-ecran-solaire-active-unify-color-teinte-spf50-50ml\/#primaryimage"},"thumbnailUrl":"https:\/\/pharmadreams.shop\/wp-content\/uploads\/2024\/05\/it_active_unify_color_main_0-1685543462189.webp","datePublished":"2024-05-10T08:55:28+00:00","dateModified":"2024-05-10T08:55:28+00:00","breadcrumb":{"@id":"https:\/\/pharmadreams.shop\/index.php\/product\/isdin-ecran-solaire-active-unify-color-teinte-spf50-50ml\/#breadcrumb"},"inLanguage":"fr-FR","potentialAction":[{"@type":"ReadAction","target":["https:\/\/pharmadreams.shop\/index.php\/product\/isdin-ecran-solaire-active-unify-color-teinte-spf50-50ml\/"]}]},{"@type":"ImageObject","inLanguage":"fr-FR","@id":"https:\/\/pharmadreams.shop\/index.php\/product\/isdin-ecran-solaire-active-unify-color-teinte-spf50-50ml\/#primaryimage","url":"https:\/\/pharmadreams.shop\/wp-content\/uploads\/2024\/05\/it_active_unify_color_main_0-1685543462189.webp","contentUrl":"https:\/\/pharmadreams.shop\/wp-content\/uploads\/2024\/05\/it_active_unify_color_main_0-1685543462189.webp","width":1200,"height":1200},{"@type":"BreadcrumbList","@id":"https:\/\/pharmadreams.shop\/index.php\/product\/isdin-ecran-solaire-active-unify-color-teinte-spf50-50ml\/#breadcrumb","itemListElement":[{"@type":"ListItem","position":1,"name":"Accueil","item":"https:\/\/pharmadreams.shop\/"},{"@type":"ListItem","position":2,"name":"Shop","item":"https:\/\/pharmadreams.shop\/index.php\/shop\/"},{"@type":"ListItem","position":3,"name":"ISDIN Ecran Solaire Active Unify Color Teinte SPF50+ 50ml"}]},{"@type":"WebSite","@id":"https:\/\/pharmadreams.shop\/#website","url":"https:\/\/pharmadreams.shop\/","name":"pharmadreams","description":"Parapharmacie en ligne","potentialAction":[{"@type":"SearchAction","target":{"@type":"EntryPoint","urlTemplate":"https:\/\/pharmadreams.shop\/?s={search_term_string}"},"query-input":"required name=search_term_string"}],"inLanguage":"fr-FR"}]}},"_links":{"self":[{"href":"https:\/\/pharmadreams.shop\/index.php\/wp-json\/wp\/v2\/product\/18298","targetHints":{"allow":["GET"]}}],"collection":[{"href":"https:\/\/pharmadreams.shop\/index.php\/wp-json\/wp\/v2\/product"}],"about":[{"href":"https:\/\/pharmadreams.shop\/index.php\/wp-json\/wp\/v2\/types\/product"}],"replies":[{"embeddable":true,"href":"https:\/\/pharmadreams.shop\/index.php\/wp-json\/wp\/v2\/comments?post=18298"}],"version-history":[{"count":0,"href":"https:\/\/pharmadreams.shop\/index.php\/wp-json\/wp\/v2\/product\/18298\/revisions"}],"wp:featuredmedia":[{"embeddable":true,"href":"https:\/\/pharmadreams.shop\/index.php\/wp-json\/wp\/v2\/media\/18299"}],"wp:attachment":[{"href":"https:\/\/pharmadreams.shop\/index.php\/wp-json\/wp\/v2\/media?parent=18298"}],"wp:term":[{"taxonomy":"product_brand","embeddable":true,"href":"https:\/\/pharmadreams.shop\/index.php\/wp-json\/wp\/v2\/product_brand?post=18298"},{"taxonomy":"product_cat","embeddable":true,"href":"https:\/\/pharmadreams.shop\/index.php\/wp-json\/wp\/v2\/product_cat?post=18298"},{"taxonomy":"product_tag","embeddable":true,"href":"https:\/\/pharmadreams.shop\/index.php\/wp-json\/wp\/v2\/product_tag?post=18298"}],"curies":[{"name":"wp","href":"https:\/\/api.w.org\/{rel}","templated":true}]}}