{"id":18301,"date":"2024-05-10T10:13:24","date_gmt":"2024-05-10T09:13:24","guid":{"rendered":"https:\/\/pharmadreams.shop\/?post_type=product&#038;p=18301"},"modified":"2024-05-10T10:13:25","modified_gmt":"2024-05-10T09:13:25","slug":"isdin-fusion-water-magic-spf50-50ml","status":"publish","type":"product","link":"https:\/\/pharmadreams.shop\/index.php\/product\/isdin-fusion-water-magic-spf50-50ml\/","title":{"rendered":"ISDIN Fusion Water Magic SPF50+ 50ml"},"content":{"rendered":"","protected":false},"excerpt":{"rendered":"<p><strong><a href=\"https:\/\/www.isdin.com\/fr-FR\/produit\/fotoprotector-isdin\/magic-spf-50\" target=\"_blank\" rel=\"noopener\">ISDIN Fusion Water Magic<\/a>\u00a0SPF50 50ml\u00a0<\/strong>est un<strong>\u00a0photoprotecteur facial quotidien\u00a0<\/strong>avec des filtres solaires<strong>\u00a0SPF50\u00a0<\/strong>qui\u00a0<strong>prot\u00e8gent la peau\u00a0<\/strong>de l\u2019action des radicaux libres. Il\u00a0<strong>hydrate<\/strong>\u00a0\u00e9galement\u00a0<strong>la peau<\/strong>\u00a0et sa texture\u00a0<strong>ultra-l\u00e9g\u00e8re est imm\u00e9diatement absorb\u00e9e<\/strong>.<\/p>\n<p>&nbsp;<\/p>\n<p>Compos\u00e9 d\u2019extraits<strong>\u00a0d\u2019algues m\u00e9diterran\u00e9ennes et de vitamine E<\/strong>, qui exercent une action antioxydante, et d\u2019<strong>acide hyaluronique<\/strong>, qui contribue \u00e0 l\u2019hydratation de la peau. Sa\u00a0<strong>texture ultra-l\u00e9g\u00e8re et non\u00a0<\/strong>grasse est rapidement absorb\u00e9e et laisse un fini non gras.<\/p>\n<p>Convient pour prot\u00e9ger la peau des dommages caus\u00e9s par le soleil.<\/p>\n<p>Convient aux\u00a0<a href=\"https:\/\/www.maparatunisie.tn\/categorie-produit\/visages\/soins-peau-grasse-mixte-et-acne\/\">peaux grasses<\/a>\u00a0et matifie la peau sans laisser de r\u00e9sidu gras.<\/p>\n","protected":false},"featured_media":18303,"comment_status":"open","ping_status":"closed","template":"","meta":[],"product_brand":[],"product_cat":[231,20],"product_tag":[],"class_list":{"0":"post-18301","1":"product","2":"type-product","3":"status-publish","4":"has-post-thumbnail","6":"product_cat-ecran-solaire","7":"product_cat-visage","9":"first","10":"instock","11":"shipping-taxable","12":"purchasable","13":"product-type-simple"},"yoast_head":"<!-- This site is optimized with the Yoast SEO plugin v23.0 - https:\/\/yoast.com\/wordpress\/plugins\/seo\/ -->\n<title>ISDIN Fusion Water Magic SPF50+ 50ml - pharmadreams<\/title>\n<meta name=\"robots\" content=\"index, follow, max-snippet:-1, max-image-preview:large, max-video-preview:-1\" \/>\n<link rel=\"canonical\" href=\"https:\/\/pharmadreams.shop\/index.php\/product\/isdin-fusion-water-magic-spf50-50ml\/\" \/>\n<meta property=\"og:locale\" content=\"fr_FR\" \/>\n<meta property=\"og:type\" content=\"article\" \/>\n<meta property=\"og:title\" content=\"ISDIN Fusion Water Magic SPF50+ 50ml - pharmadreams\" \/>\n<meta property=\"og:description\" content=\"ISDIN Fusion Water Magic\u00a0SPF50 50ml\u00a0est un\u00a0photoprotecteur facial quotidien\u00a0avec des filtres solaires\u00a0SPF50\u00a0qui\u00a0prot\u00e8gent la peau\u00a0de l\u2019action des radicaux libres. Il\u00a0hydrate\u00a0\u00e9galement\u00a0la peau\u00a0et sa texture\u00a0ultra-l\u00e9g\u00e8re est imm\u00e9diatement absorb\u00e9e.  &nbsp;  Compos\u00e9 d\u2019extraits\u00a0d\u2019algues m\u00e9diterran\u00e9ennes et de vitamine E, qui exercent une action antioxydante, et d\u2019acide hyaluronique, qui contribue \u00e0 l\u2019hydratation de la peau. Sa\u00a0texture ultra-l\u00e9g\u00e8re et non\u00a0grasse est rapidement absorb\u00e9e et laisse un fini non gras.  Convient pour prot\u00e9ger la peau des dommages caus\u00e9s par le soleil.  Convient aux\u00a0peaux grasses\u00a0et matifie la peau sans laisser de r\u00e9sidu gras.\" \/>\n<meta property=\"og:url\" content=\"https:\/\/pharmadreams.shop\/index.php\/product\/isdin-fusion-water-magic-spf50-50ml\/\" \/>\n<meta property=\"og:site_name\" content=\"pharmadreams\" \/>\n<meta property=\"article:modified_time\" content=\"2024-05-10T09:13:25+00:00\" \/>\n<meta property=\"og:image\" content=\"https:\/\/pharmadreams.shop\/wp-content\/uploads\/2024\/05\/314825-isdin-fusion-water-creme-solaire-visage-ultra-legere-spf50-50ml-flacon-1000x1000-1.webp\" \/>\n\t<meta property=\"og:image:width\" content=\"1000\" \/>\n\t<meta property=\"og:image:height\" content=\"1000\" \/>\n\t<meta property=\"og:image:type\" content=\"image\/webp\" \/>\n<meta name=\"twitter:card\" content=\"summary_large_image\" \/>\n<meta name=\"twitter:label1\" content=\"Dur\u00e9e de lecture estim\u00e9e\" \/>\n\t<meta name=\"twitter:data1\" content=\"1 minute\" \/>\n<script type=\"application\/ld+json\" class=\"yoast-schema-graph\">{\"@context\":\"https:\/\/schema.org\",\"@graph\":[{\"@type\":\"WebPage\",\"@id\":\"https:\/\/pharmadreams.shop\/index.php\/product\/isdin-fusion-water-magic-spf50-50ml\/\",\"url\":\"https:\/\/pharmadreams.shop\/index.php\/product\/isdin-fusion-water-magic-spf50-50ml\/\",\"name\":\"ISDIN Fusion Water Magic SPF50+ 50ml - pharmadreams\",\"isPartOf\":{\"@id\":\"https:\/\/pharmadreams.shop\/#website\"},\"primaryImageOfPage\":{\"@id\":\"https:\/\/pharmadreams.shop\/index.php\/product\/isdin-fusion-water-magic-spf50-50ml\/#primaryimage\"},\"image\":{\"@id\":\"https:\/\/pharmadreams.shop\/index.php\/product\/isdin-fusion-water-magic-spf50-50ml\/#primaryimage\"},\"thumbnailUrl\":\"https:\/\/pharmadreams.shop\/wp-content\/uploads\/2024\/05\/314825-isdin-fusion-water-creme-solaire-visage-ultra-legere-spf50-50ml-flacon-1000x1000-1.webp\",\"datePublished\":\"2024-05-10T09:13:24+00:00\",\"dateModified\":\"2024-05-10T09:13:25+00:00\",\"breadcrumb\":{\"@id\":\"https:\/\/pharmadreams.shop\/index.php\/product\/isdin-fusion-water-magic-spf50-50ml\/#breadcrumb\"},\"inLanguage\":\"fr-FR\",\"potentialAction\":[{\"@type\":\"ReadAction\",\"target\":[\"https:\/\/pharmadreams.shop\/index.php\/product\/isdin-fusion-water-magic-spf50-50ml\/\"]}]},{\"@type\":\"ImageObject\",\"inLanguage\":\"fr-FR\",\"@id\":\"https:\/\/pharmadreams.shop\/index.php\/product\/isdin-fusion-water-magic-spf50-50ml\/#primaryimage\",\"url\":\"https:\/\/pharmadreams.shop\/wp-content\/uploads\/2024\/05\/314825-isdin-fusion-water-creme-solaire-visage-ultra-legere-spf50-50ml-flacon-1000x1000-1.webp\",\"contentUrl\":\"https:\/\/pharmadreams.shop\/wp-content\/uploads\/2024\/05\/314825-isdin-fusion-water-creme-solaire-visage-ultra-legere-spf50-50ml-flacon-1000x1000-1.webp\",\"width\":1000,\"height\":1000},{\"@type\":\"BreadcrumbList\",\"@id\":\"https:\/\/pharmadreams.shop\/index.php\/product\/isdin-fusion-water-magic-spf50-50ml\/#breadcrumb\",\"itemListElement\":[{\"@type\":\"ListItem\",\"position\":1,\"name\":\"Accueil\",\"item\":\"https:\/\/pharmadreams.shop\/\"},{\"@type\":\"ListItem\",\"position\":2,\"name\":\"Shop\",\"item\":\"https:\/\/pharmadreams.shop\/index.php\/shop\/\"},{\"@type\":\"ListItem\",\"position\":3,\"name\":\"ISDIN Fusion Water Magic SPF50+ 50ml\"}]},{\"@type\":\"WebSite\",\"@id\":\"https:\/\/pharmadreams.shop\/#website\",\"url\":\"https:\/\/pharmadreams.shop\/\",\"name\":\"pharmadreams\",\"description\":\"Parapharmacie en ligne\",\"potentialAction\":[{\"@type\":\"SearchAction\",\"target\":{\"@type\":\"EntryPoint\",\"urlTemplate\":\"https:\/\/pharmadreams.shop\/?s={search_term_string}\"},\"query-input\":\"required name=search_term_string\"}],\"inLanguage\":\"fr-FR\"}]}<\/script>\n<!-- \/ Yoast SEO plugin. -->","yoast_head_json":{"title":"ISDIN Fusion Water Magic SPF50+ 50ml - pharmadreams","robots":{"index":"index","follow":"follow","max-snippet":"max-snippet:-1","max-image-preview":"max-image-preview:large","max-video-preview":"max-video-preview:-1"},"canonical":"https:\/\/pharmadreams.shop\/index.php\/product\/isdin-fusion-water-magic-spf50-50ml\/","og_locale":"fr_FR","og_type":"article","og_title":"ISDIN Fusion Water Magic SPF50+ 50ml - pharmadreams","og_description":"ISDIN Fusion Water Magic\u00a0SPF50 50ml\u00a0est un\u00a0photoprotecteur facial quotidien\u00a0avec des filtres solaires\u00a0SPF50\u00a0qui\u00a0prot\u00e8gent la peau\u00a0de l\u2019action des radicaux libres. Il\u00a0hydrate\u00a0\u00e9galement\u00a0la peau\u00a0et sa texture\u00a0ultra-l\u00e9g\u00e8re est imm\u00e9diatement absorb\u00e9e.  &nbsp;  Compos\u00e9 d\u2019extraits\u00a0d\u2019algues m\u00e9diterran\u00e9ennes et de vitamine E, qui exercent une action antioxydante, et d\u2019acide hyaluronique, qui contribue \u00e0 l\u2019hydratation de la peau. Sa\u00a0texture ultra-l\u00e9g\u00e8re et non\u00a0grasse est rapidement absorb\u00e9e et laisse un fini non gras.  Convient pour prot\u00e9ger la peau des dommages caus\u00e9s par le soleil.  Convient aux\u00a0peaux grasses\u00a0et matifie la peau sans laisser de r\u00e9sidu gras.","og_url":"https:\/\/pharmadreams.shop\/index.php\/product\/isdin-fusion-water-magic-spf50-50ml\/","og_site_name":"pharmadreams","article_modified_time":"2024-05-10T09:13:25+00:00","og_image":[{"width":1000,"height":1000,"url":"https:\/\/pharmadreams.shop\/wp-content\/uploads\/2024\/05\/314825-isdin-fusion-water-creme-solaire-visage-ultra-legere-spf50-50ml-flacon-1000x1000-1.webp","type":"image\/webp"}],"twitter_card":"summary_large_image","twitter_misc":{"Dur\u00e9e de lecture estim\u00e9e":"1 minute"},"schema":{"@context":"https:\/\/schema.org","@graph":[{"@type":"WebPage","@id":"https:\/\/pharmadreams.shop\/index.php\/product\/isdin-fusion-water-magic-spf50-50ml\/","url":"https:\/\/pharmadreams.shop\/index.php\/product\/isdin-fusion-water-magic-spf50-50ml\/","name":"ISDIN Fusion Water Magic SPF50+ 50ml - pharmadreams","isPartOf":{"@id":"https:\/\/pharmadreams.shop\/#website"},"primaryImageOfPage":{"@id":"https:\/\/pharmadreams.shop\/index.php\/product\/isdin-fusion-water-magic-spf50-50ml\/#primaryimage"},"image":{"@id":"https:\/\/pharmadreams.shop\/index.php\/product\/isdin-fusion-water-magic-spf50-50ml\/#primaryimage"},"thumbnailUrl":"https:\/\/pharmadreams.shop\/wp-content\/uploads\/2024\/05\/314825-isdin-fusion-water-creme-solaire-visage-ultra-legere-spf50-50ml-flacon-1000x1000-1.webp","datePublished":"2024-05-10T09:13:24+00:00","dateModified":"2024-05-10T09:13:25+00:00","breadcrumb":{"@id":"https:\/\/pharmadreams.shop\/index.php\/product\/isdin-fusion-water-magic-spf50-50ml\/#breadcrumb"},"inLanguage":"fr-FR","potentialAction":[{"@type":"ReadAction","target":["https:\/\/pharmadreams.shop\/index.php\/product\/isdin-fusion-water-magic-spf50-50ml\/"]}]},{"@type":"ImageObject","inLanguage":"fr-FR","@id":"https:\/\/pharmadreams.shop\/index.php\/product\/isdin-fusion-water-magic-spf50-50ml\/#primaryimage","url":"https:\/\/pharmadreams.shop\/wp-content\/uploads\/2024\/05\/314825-isdin-fusion-water-creme-solaire-visage-ultra-legere-spf50-50ml-flacon-1000x1000-1.webp","contentUrl":"https:\/\/pharmadreams.shop\/wp-content\/uploads\/2024\/05\/314825-isdin-fusion-water-creme-solaire-visage-ultra-legere-spf50-50ml-flacon-1000x1000-1.webp","width":1000,"height":1000},{"@type":"BreadcrumbList","@id":"https:\/\/pharmadreams.shop\/index.php\/product\/isdin-fusion-water-magic-spf50-50ml\/#breadcrumb","itemListElement":[{"@type":"ListItem","position":1,"name":"Accueil","item":"https:\/\/pharmadreams.shop\/"},{"@type":"ListItem","position":2,"name":"Shop","item":"https:\/\/pharmadreams.shop\/index.php\/shop\/"},{"@type":"ListItem","position":3,"name":"ISDIN Fusion Water Magic SPF50+ 50ml"}]},{"@type":"WebSite","@id":"https:\/\/pharmadreams.shop\/#website","url":"https:\/\/pharmadreams.shop\/","name":"pharmadreams","description":"Parapharmacie en ligne","potentialAction":[{"@type":"SearchAction","target":{"@type":"EntryPoint","urlTemplate":"https:\/\/pharmadreams.shop\/?s={search_term_string}"},"query-input":"required name=search_term_string"}],"inLanguage":"fr-FR"}]}},"_links":{"self":[{"href":"https:\/\/pharmadreams.shop\/index.php\/wp-json\/wp\/v2\/product\/18301","targetHints":{"allow":["GET"]}}],"collection":[{"href":"https:\/\/pharmadreams.shop\/index.php\/wp-json\/wp\/v2\/product"}],"about":[{"href":"https:\/\/pharmadreams.shop\/index.php\/wp-json\/wp\/v2\/types\/product"}],"replies":[{"embeddable":true,"href":"https:\/\/pharmadreams.shop\/index.php\/wp-json\/wp\/v2\/comments?post=18301"}],"version-history":[{"count":0,"href":"https:\/\/pharmadreams.shop\/index.php\/wp-json\/wp\/v2\/product\/18301\/revisions"}],"wp:featuredmedia":[{"embeddable":true,"href":"https:\/\/pharmadreams.shop\/index.php\/wp-json\/wp\/v2\/media\/18303"}],"wp:attachment":[{"href":"https:\/\/pharmadreams.shop\/index.php\/wp-json\/wp\/v2\/media?parent=18301"}],"wp:term":[{"taxonomy":"product_brand","embeddable":true,"href":"https:\/\/pharmadreams.shop\/index.php\/wp-json\/wp\/v2\/product_brand?post=18301"},{"taxonomy":"product_cat","embeddable":true,"href":"https:\/\/pharmadreams.shop\/index.php\/wp-json\/wp\/v2\/product_cat?post=18301"},{"taxonomy":"product_tag","embeddable":true,"href":"https:\/\/pharmadreams.shop\/index.php\/wp-json\/wp\/v2\/product_tag?post=18301"}],"curies":[{"name":"wp","href":"https:\/\/api.w.org\/{rel}","templated":true}]}}