{"id":18305,"date":"2024-05-10T10:24:16","date_gmt":"2024-05-10T09:24:16","guid":{"rendered":"https:\/\/pharmadreams.shop\/?post_type=product&#038;p=18305"},"modified":"2024-05-10T10:24:17","modified_gmt":"2024-05-10T09:24:17","slug":"isdin-ecran-solaire-fusion-water-teintee-medium-spf50-50ml","status":"publish","type":"product","link":"https:\/\/pharmadreams.shop\/index.php\/product\/isdin-ecran-solaire-fusion-water-teintee-medium-spf50-50ml\/","title":{"rendered":"ISDIN \u00c9cran Solaire Fusion Water Teintee Medium SPF50+ 50ml"},"content":{"rendered":"","protected":false},"excerpt":{"rendered":"<p>Isdin Fotoprotector Fusion Water Color Cr\u00e8me Solaire Teint\u00e9e SPF50 50ml\u00a0est une cr\u00e8me solaire visage haute protection formul\u00e9e \u00e0 base d\u2019eau et qui p\u00e9n\u00e8tre la peau tr\u00e8s rapidement.<\/p>\n<p>En plus de son SPF50 et de sa teinte qui s\u2019adapte parfaitement \u00e0 votre couleur de peau, ses vertus anti-\u00e2ge et anti-oxydantes en font une protection id\u00e9ale au quotidien.<\/p>\n<p>Isdin Fotoprotector Fusion Water Color Cr\u00e8me Solaire Teint\u00e9e SPF50 50ml\u00a0peut \u00eatre utilis\u00e9 sur tout type de peau, y compris les peaux atopiques. Il est formul\u00e9 sans huile et convient donc \u00e9galement aux peaux mixtes \u00e0 grasses.<\/p>\n","protected":false},"featured_media":18306,"comment_status":"open","ping_status":"closed","template":"","meta":[],"product_brand":[],"product_cat":[100,231,20],"product_tag":[],"class_list":{"0":"post-18305","1":"product","2":"type-product","3":"status-publish","4":"has-post-thumbnail","6":"product_cat-anti-age","7":"product_cat-ecran-solaire","8":"product_cat-visage","10":"first","11":"instock","12":"shipping-taxable","13":"purchasable","14":"product-type-simple"},"yoast_head":"<!-- This site is optimized with the Yoast SEO plugin v23.0 - https:\/\/yoast.com\/wordpress\/plugins\/seo\/ -->\n<title>ISDIN \u00c9cran Solaire Fusion Water Teintee Medium SPF50+ 50ml - pharmadreams<\/title>\n<meta name=\"robots\" content=\"index, follow, max-snippet:-1, max-image-preview:large, max-video-preview:-1\" \/>\n<link rel=\"canonical\" href=\"https:\/\/pharmadreams.shop\/index.php\/product\/isdin-ecran-solaire-fusion-water-teintee-medium-spf50-50ml\/\" \/>\n<meta property=\"og:locale\" content=\"fr_FR\" \/>\n<meta property=\"og:type\" content=\"article\" \/>\n<meta property=\"og:title\" content=\"ISDIN \u00c9cran Solaire Fusion Water Teintee Medium SPF50+ 50ml - pharmadreams\" \/>\n<meta property=\"og:description\" content=\"Isdin Fotoprotector Fusion Water Color Cr\u00e8me Solaire Teint\u00e9e SPF50 50ml\u00a0est une cr\u00e8me solaire visage haute protection formul\u00e9e \u00e0 base d\u2019eau et qui p\u00e9n\u00e8tre la peau tr\u00e8s rapidement.  En plus de son SPF50 et de sa teinte qui s\u2019adapte parfaitement \u00e0 votre couleur de peau, ses vertus anti-\u00e2ge et anti-oxydantes en font une protection id\u00e9ale au quotidien.  Isdin Fotoprotector Fusion Water Color Cr\u00e8me Solaire Teint\u00e9e SPF50 50ml\u00a0peut \u00eatre utilis\u00e9 sur tout type de peau, y compris les peaux atopiques. Il est formul\u00e9 sans huile et convient donc \u00e9galement aux peaux mixtes \u00e0 grasses.\" \/>\n<meta property=\"og:url\" content=\"https:\/\/pharmadreams.shop\/index.php\/product\/isdin-ecran-solaire-fusion-water-teintee-medium-spf50-50ml\/\" \/>\n<meta property=\"og:site_name\" content=\"pharmadreams\" \/>\n<meta property=\"article:modified_time\" content=\"2024-05-10T09:24:17+00:00\" \/>\n<meta property=\"og:image\" content=\"https:\/\/pharmadreams.shop\/wp-content\/uploads\/2024\/05\/314834-isdin-fusion-water-color-medium-creme-solaire-visage-teintee-ultra-legere-spf50-50ml-flacon-1000x1000-1.webp\" \/>\n\t<meta property=\"og:image:width\" content=\"1000\" \/>\n\t<meta property=\"og:image:height\" content=\"1000\" \/>\n\t<meta property=\"og:image:type\" content=\"image\/webp\" \/>\n<meta name=\"twitter:card\" content=\"summary_large_image\" \/>\n<meta name=\"twitter:label1\" content=\"Dur\u00e9e de lecture estim\u00e9e\" \/>\n\t<meta name=\"twitter:data1\" content=\"1 minute\" \/>\n<script type=\"application\/ld+json\" class=\"yoast-schema-graph\">{\"@context\":\"https:\/\/schema.org\",\"@graph\":[{\"@type\":\"WebPage\",\"@id\":\"https:\/\/pharmadreams.shop\/index.php\/product\/isdin-ecran-solaire-fusion-water-teintee-medium-spf50-50ml\/\",\"url\":\"https:\/\/pharmadreams.shop\/index.php\/product\/isdin-ecran-solaire-fusion-water-teintee-medium-spf50-50ml\/\",\"name\":\"ISDIN \u00c9cran Solaire Fusion Water Teintee Medium SPF50+ 50ml - pharmadreams\",\"isPartOf\":{\"@id\":\"https:\/\/pharmadreams.shop\/#website\"},\"primaryImageOfPage\":{\"@id\":\"https:\/\/pharmadreams.shop\/index.php\/product\/isdin-ecran-solaire-fusion-water-teintee-medium-spf50-50ml\/#primaryimage\"},\"image\":{\"@id\":\"https:\/\/pharmadreams.shop\/index.php\/product\/isdin-ecran-solaire-fusion-water-teintee-medium-spf50-50ml\/#primaryimage\"},\"thumbnailUrl\":\"https:\/\/pharmadreams.shop\/wp-content\/uploads\/2024\/05\/314834-isdin-fusion-water-color-medium-creme-solaire-visage-teintee-ultra-legere-spf50-50ml-flacon-1000x1000-1.webp\",\"datePublished\":\"2024-05-10T09:24:16+00:00\",\"dateModified\":\"2024-05-10T09:24:17+00:00\",\"breadcrumb\":{\"@id\":\"https:\/\/pharmadreams.shop\/index.php\/product\/isdin-ecran-solaire-fusion-water-teintee-medium-spf50-50ml\/#breadcrumb\"},\"inLanguage\":\"fr-FR\",\"potentialAction\":[{\"@type\":\"ReadAction\",\"target\":[\"https:\/\/pharmadreams.shop\/index.php\/product\/isdin-ecran-solaire-fusion-water-teintee-medium-spf50-50ml\/\"]}]},{\"@type\":\"ImageObject\",\"inLanguage\":\"fr-FR\",\"@id\":\"https:\/\/pharmadreams.shop\/index.php\/product\/isdin-ecran-solaire-fusion-water-teintee-medium-spf50-50ml\/#primaryimage\",\"url\":\"https:\/\/pharmadreams.shop\/wp-content\/uploads\/2024\/05\/314834-isdin-fusion-water-color-medium-creme-solaire-visage-teintee-ultra-legere-spf50-50ml-flacon-1000x1000-1.webp\",\"contentUrl\":\"https:\/\/pharmadreams.shop\/wp-content\/uploads\/2024\/05\/314834-isdin-fusion-water-color-medium-creme-solaire-visage-teintee-ultra-legere-spf50-50ml-flacon-1000x1000-1.webp\",\"width\":1000,\"height\":1000},{\"@type\":\"BreadcrumbList\",\"@id\":\"https:\/\/pharmadreams.shop\/index.php\/product\/isdin-ecran-solaire-fusion-water-teintee-medium-spf50-50ml\/#breadcrumb\",\"itemListElement\":[{\"@type\":\"ListItem\",\"position\":1,\"name\":\"Accueil\",\"item\":\"https:\/\/pharmadreams.shop\/\"},{\"@type\":\"ListItem\",\"position\":2,\"name\":\"Shop\",\"item\":\"https:\/\/pharmadreams.shop\/index.php\/shop\/\"},{\"@type\":\"ListItem\",\"position\":3,\"name\":\"ISDIN \u00c9cran Solaire Fusion Water Teintee Medium SPF50+ 50ml\"}]},{\"@type\":\"WebSite\",\"@id\":\"https:\/\/pharmadreams.shop\/#website\",\"url\":\"https:\/\/pharmadreams.shop\/\",\"name\":\"pharmadreams\",\"description\":\"Parapharmacie en ligne\",\"potentialAction\":[{\"@type\":\"SearchAction\",\"target\":{\"@type\":\"EntryPoint\",\"urlTemplate\":\"https:\/\/pharmadreams.shop\/?s={search_term_string}\"},\"query-input\":\"required name=search_term_string\"}],\"inLanguage\":\"fr-FR\"}]}<\/script>\n<!-- \/ Yoast SEO plugin. -->","yoast_head_json":{"title":"ISDIN \u00c9cran Solaire Fusion Water Teintee Medium SPF50+ 50ml - pharmadreams","robots":{"index":"index","follow":"follow","max-snippet":"max-snippet:-1","max-image-preview":"max-image-preview:large","max-video-preview":"max-video-preview:-1"},"canonical":"https:\/\/pharmadreams.shop\/index.php\/product\/isdin-ecran-solaire-fusion-water-teintee-medium-spf50-50ml\/","og_locale":"fr_FR","og_type":"article","og_title":"ISDIN \u00c9cran Solaire Fusion Water Teintee Medium SPF50+ 50ml - pharmadreams","og_description":"Isdin Fotoprotector Fusion Water Color Cr\u00e8me Solaire Teint\u00e9e SPF50 50ml\u00a0est une cr\u00e8me solaire visage haute protection formul\u00e9e \u00e0 base d\u2019eau et qui p\u00e9n\u00e8tre la peau tr\u00e8s rapidement.  En plus de son SPF50 et de sa teinte qui s\u2019adapte parfaitement \u00e0 votre couleur de peau, ses vertus anti-\u00e2ge et anti-oxydantes en font une protection id\u00e9ale au quotidien.  Isdin Fotoprotector Fusion Water Color Cr\u00e8me Solaire Teint\u00e9e SPF50 50ml\u00a0peut \u00eatre utilis\u00e9 sur tout type de peau, y compris les peaux atopiques. Il est formul\u00e9 sans huile et convient donc \u00e9galement aux peaux mixtes \u00e0 grasses.","og_url":"https:\/\/pharmadreams.shop\/index.php\/product\/isdin-ecran-solaire-fusion-water-teintee-medium-spf50-50ml\/","og_site_name":"pharmadreams","article_modified_time":"2024-05-10T09:24:17+00:00","og_image":[{"width":1000,"height":1000,"url":"https:\/\/pharmadreams.shop\/wp-content\/uploads\/2024\/05\/314834-isdin-fusion-water-color-medium-creme-solaire-visage-teintee-ultra-legere-spf50-50ml-flacon-1000x1000-1.webp","type":"image\/webp"}],"twitter_card":"summary_large_image","twitter_misc":{"Dur\u00e9e de lecture estim\u00e9e":"1 minute"},"schema":{"@context":"https:\/\/schema.org","@graph":[{"@type":"WebPage","@id":"https:\/\/pharmadreams.shop\/index.php\/product\/isdin-ecran-solaire-fusion-water-teintee-medium-spf50-50ml\/","url":"https:\/\/pharmadreams.shop\/index.php\/product\/isdin-ecran-solaire-fusion-water-teintee-medium-spf50-50ml\/","name":"ISDIN \u00c9cran Solaire Fusion Water Teintee Medium SPF50+ 50ml - pharmadreams","isPartOf":{"@id":"https:\/\/pharmadreams.shop\/#website"},"primaryImageOfPage":{"@id":"https:\/\/pharmadreams.shop\/index.php\/product\/isdin-ecran-solaire-fusion-water-teintee-medium-spf50-50ml\/#primaryimage"},"image":{"@id":"https:\/\/pharmadreams.shop\/index.php\/product\/isdin-ecran-solaire-fusion-water-teintee-medium-spf50-50ml\/#primaryimage"},"thumbnailUrl":"https:\/\/pharmadreams.shop\/wp-content\/uploads\/2024\/05\/314834-isdin-fusion-water-color-medium-creme-solaire-visage-teintee-ultra-legere-spf50-50ml-flacon-1000x1000-1.webp","datePublished":"2024-05-10T09:24:16+00:00","dateModified":"2024-05-10T09:24:17+00:00","breadcrumb":{"@id":"https:\/\/pharmadreams.shop\/index.php\/product\/isdin-ecran-solaire-fusion-water-teintee-medium-spf50-50ml\/#breadcrumb"},"inLanguage":"fr-FR","potentialAction":[{"@type":"ReadAction","target":["https:\/\/pharmadreams.shop\/index.php\/product\/isdin-ecran-solaire-fusion-water-teintee-medium-spf50-50ml\/"]}]},{"@type":"ImageObject","inLanguage":"fr-FR","@id":"https:\/\/pharmadreams.shop\/index.php\/product\/isdin-ecran-solaire-fusion-water-teintee-medium-spf50-50ml\/#primaryimage","url":"https:\/\/pharmadreams.shop\/wp-content\/uploads\/2024\/05\/314834-isdin-fusion-water-color-medium-creme-solaire-visage-teintee-ultra-legere-spf50-50ml-flacon-1000x1000-1.webp","contentUrl":"https:\/\/pharmadreams.shop\/wp-content\/uploads\/2024\/05\/314834-isdin-fusion-water-color-medium-creme-solaire-visage-teintee-ultra-legere-spf50-50ml-flacon-1000x1000-1.webp","width":1000,"height":1000},{"@type":"BreadcrumbList","@id":"https:\/\/pharmadreams.shop\/index.php\/product\/isdin-ecran-solaire-fusion-water-teintee-medium-spf50-50ml\/#breadcrumb","itemListElement":[{"@type":"ListItem","position":1,"name":"Accueil","item":"https:\/\/pharmadreams.shop\/"},{"@type":"ListItem","position":2,"name":"Shop","item":"https:\/\/pharmadreams.shop\/index.php\/shop\/"},{"@type":"ListItem","position":3,"name":"ISDIN \u00c9cran Solaire Fusion Water Teintee Medium SPF50+ 50ml"}]},{"@type":"WebSite","@id":"https:\/\/pharmadreams.shop\/#website","url":"https:\/\/pharmadreams.shop\/","name":"pharmadreams","description":"Parapharmacie en ligne","potentialAction":[{"@type":"SearchAction","target":{"@type":"EntryPoint","urlTemplate":"https:\/\/pharmadreams.shop\/?s={search_term_string}"},"query-input":"required name=search_term_string"}],"inLanguage":"fr-FR"}]}},"_links":{"self":[{"href":"https:\/\/pharmadreams.shop\/index.php\/wp-json\/wp\/v2\/product\/18305","targetHints":{"allow":["GET"]}}],"collection":[{"href":"https:\/\/pharmadreams.shop\/index.php\/wp-json\/wp\/v2\/product"}],"about":[{"href":"https:\/\/pharmadreams.shop\/index.php\/wp-json\/wp\/v2\/types\/product"}],"replies":[{"embeddable":true,"href":"https:\/\/pharmadreams.shop\/index.php\/wp-json\/wp\/v2\/comments?post=18305"}],"version-history":[{"count":0,"href":"https:\/\/pharmadreams.shop\/index.php\/wp-json\/wp\/v2\/product\/18305\/revisions"}],"wp:featuredmedia":[{"embeddable":true,"href":"https:\/\/pharmadreams.shop\/index.php\/wp-json\/wp\/v2\/media\/18306"}],"wp:attachment":[{"href":"https:\/\/pharmadreams.shop\/index.php\/wp-json\/wp\/v2\/media?parent=18305"}],"wp:term":[{"taxonomy":"product_brand","embeddable":true,"href":"https:\/\/pharmadreams.shop\/index.php\/wp-json\/wp\/v2\/product_brand?post=18305"},{"taxonomy":"product_cat","embeddable":true,"href":"https:\/\/pharmadreams.shop\/index.php\/wp-json\/wp\/v2\/product_cat?post=18305"},{"taxonomy":"product_tag","embeddable":true,"href":"https:\/\/pharmadreams.shop\/index.php\/wp-json\/wp\/v2\/product_tag?post=18305"}],"curies":[{"name":"wp","href":"https:\/\/api.w.org\/{rel}","templated":true}]}}