{"id":18308,"date":"2024-05-10T10:35:02","date_gmt":"2024-05-10T09:35:02","guid":{"rendered":"https:\/\/pharmadreams.shop\/?post_type=product&#038;p=18308"},"modified":"2024-06-11T14:31:01","modified_gmt":"2024-06-11T13:31:01","slug":"isdin-ecran-solaire-bebe-mineral-baby-spf50-50ml","status":"publish","type":"product","link":"https:\/\/pharmadreams.shop\/index.php\/product\/isdin-ecran-solaire-bebe-mineral-baby-spf50-50ml\/","title":{"rendered":"ISDIN \u00c9cran Solaire bebe Mineral Baby SPF50+ 50ml"},"content":{"rendered":"","protected":false},"excerpt":{"rendered":"<p>Photoprotecteur fluide aux filtres min\u00e9raux sp\u00e9cialement formul\u00e9 pour la peau fragile des b\u00e9b\u00e9s.<br \/>\nConvient aux b\u00e9b\u00e9s \u00e0 partir de 0 mois. Visage et corps. Exposition indirecte au soleil.<\/p>\n<p>Appliquer g\u00e9n\u00e9reusement sur une peau s\u00e8che 30 minutes avant l\u2019exposition solaire.<br \/>\nRenouveler l\u2019application toutes les 2h et apr\u00e8s vous \u00eatre essuy\u00e9, avoir nag\u00e9 ou apr\u00e8s avoir transpir\u00e9.<\/p>\n","protected":false},"featured_media":18705,"comment_status":"open","ping_status":"closed","template":"","meta":[],"product_brand":[],"product_cat":[233],"product_tag":[],"class_list":{"0":"post-18308","1":"product","2":"type-product","3":"status-publish","4":"has-post-thumbnail","6":"product_cat-protection-solaire","8":"first","9":"instock","10":"shipping-taxable","11":"purchasable","12":"product-type-simple"},"yoast_head":"<!-- This site is optimized with the Yoast SEO plugin v23.0 - https:\/\/yoast.com\/wordpress\/plugins\/seo\/ -->\n<title>ISDIN \u00c9cran Solaire bebe Mineral Baby SPF50+ 50ml - pharmadreams<\/title>\n<meta name=\"robots\" content=\"index, follow, max-snippet:-1, max-image-preview:large, max-video-preview:-1\" \/>\n<link rel=\"canonical\" href=\"https:\/\/pharmadreams.shop\/index.php\/product\/isdin-ecran-solaire-bebe-mineral-baby-spf50-50ml\/\" \/>\n<meta property=\"og:locale\" content=\"fr_FR\" \/>\n<meta property=\"og:type\" content=\"article\" \/>\n<meta property=\"og:title\" content=\"ISDIN \u00c9cran Solaire bebe Mineral Baby SPF50+ 50ml - pharmadreams\" \/>\n<meta property=\"og:description\" content=\"Photoprotecteur fluide aux filtres min\u00e9raux sp\u00e9cialement formul\u00e9 pour la peau fragile des b\u00e9b\u00e9s. Convient aux b\u00e9b\u00e9s \u00e0 partir de 0 mois. Visage et corps. Exposition indirecte au soleil.  Appliquer g\u00e9n\u00e9reusement sur une peau s\u00e8che 30 minutes avant l\u2019exposition solaire. Renouveler l\u2019application toutes les 2h et apr\u00e8s vous \u00eatre essuy\u00e9, avoir nag\u00e9 ou apr\u00e8s avoir transpir\u00e9.\" \/>\n<meta property=\"og:url\" content=\"https:\/\/pharmadreams.shop\/index.php\/product\/isdin-ecran-solaire-bebe-mineral-baby-spf50-50ml\/\" \/>\n<meta property=\"og:site_name\" content=\"pharmadreams\" \/>\n<meta property=\"article:modified_time\" content=\"2024-06-11T13:31:01+00:00\" \/>\n<meta property=\"og:image\" content=\"https:\/\/pharmadreams.shop\/wp-content\/uploads\/2024\/05\/isdin-photoprotection-ecran-solaire-fusion-fluid-mineral-baby-spf50-50ml.jpg\" \/>\n\t<meta property=\"og:image:width\" content=\"500\" \/>\n\t<meta property=\"og:image:height\" content=\"500\" \/>\n\t<meta property=\"og:image:type\" content=\"image\/jpeg\" \/>\n<meta name=\"twitter:card\" content=\"summary_large_image\" \/>\n<meta name=\"twitter:label1\" content=\"Dur\u00e9e de lecture estim\u00e9e\" \/>\n\t<meta name=\"twitter:data1\" content=\"1 minute\" \/>\n<script type=\"application\/ld+json\" class=\"yoast-schema-graph\">{\"@context\":\"https:\/\/schema.org\",\"@graph\":[{\"@type\":\"WebPage\",\"@id\":\"https:\/\/pharmadreams.shop\/index.php\/product\/isdin-ecran-solaire-bebe-mineral-baby-spf50-50ml\/\",\"url\":\"https:\/\/pharmadreams.shop\/index.php\/product\/isdin-ecran-solaire-bebe-mineral-baby-spf50-50ml\/\",\"name\":\"ISDIN \u00c9cran Solaire bebe Mineral Baby SPF50+ 50ml - pharmadreams\",\"isPartOf\":{\"@id\":\"https:\/\/pharmadreams.shop\/#website\"},\"primaryImageOfPage\":{\"@id\":\"https:\/\/pharmadreams.shop\/index.php\/product\/isdin-ecran-solaire-bebe-mineral-baby-spf50-50ml\/#primaryimage\"},\"image\":{\"@id\":\"https:\/\/pharmadreams.shop\/index.php\/product\/isdin-ecran-solaire-bebe-mineral-baby-spf50-50ml\/#primaryimage\"},\"thumbnailUrl\":\"https:\/\/pharmadreams.shop\/wp-content\/uploads\/2024\/05\/isdin-photoprotection-ecran-solaire-fusion-fluid-mineral-baby-spf50-50ml.jpg\",\"datePublished\":\"2024-05-10T09:35:02+00:00\",\"dateModified\":\"2024-06-11T13:31:01+00:00\",\"breadcrumb\":{\"@id\":\"https:\/\/pharmadreams.shop\/index.php\/product\/isdin-ecran-solaire-bebe-mineral-baby-spf50-50ml\/#breadcrumb\"},\"inLanguage\":\"fr-FR\",\"potentialAction\":[{\"@type\":\"ReadAction\",\"target\":[\"https:\/\/pharmadreams.shop\/index.php\/product\/isdin-ecran-solaire-bebe-mineral-baby-spf50-50ml\/\"]}]},{\"@type\":\"ImageObject\",\"inLanguage\":\"fr-FR\",\"@id\":\"https:\/\/pharmadreams.shop\/index.php\/product\/isdin-ecran-solaire-bebe-mineral-baby-spf50-50ml\/#primaryimage\",\"url\":\"https:\/\/pharmadreams.shop\/wp-content\/uploads\/2024\/05\/isdin-photoprotection-ecran-solaire-fusion-fluid-mineral-baby-spf50-50ml.jpg\",\"contentUrl\":\"https:\/\/pharmadreams.shop\/wp-content\/uploads\/2024\/05\/isdin-photoprotection-ecran-solaire-fusion-fluid-mineral-baby-spf50-50ml.jpg\",\"width\":500,\"height\":500},{\"@type\":\"BreadcrumbList\",\"@id\":\"https:\/\/pharmadreams.shop\/index.php\/product\/isdin-ecran-solaire-bebe-mineral-baby-spf50-50ml\/#breadcrumb\",\"itemListElement\":[{\"@type\":\"ListItem\",\"position\":1,\"name\":\"Accueil\",\"item\":\"https:\/\/pharmadreams.shop\/\"},{\"@type\":\"ListItem\",\"position\":2,\"name\":\"Shop\",\"item\":\"https:\/\/pharmadreams.shop\/index.php\/shop\/\"},{\"@type\":\"ListItem\",\"position\":3,\"name\":\"ISDIN \u00c9cran Solaire bebe Mineral Baby SPF50+ 50ml\"}]},{\"@type\":\"WebSite\",\"@id\":\"https:\/\/pharmadreams.shop\/#website\",\"url\":\"https:\/\/pharmadreams.shop\/\",\"name\":\"pharmadreams\",\"description\":\"Parapharmacie en ligne\",\"potentialAction\":[{\"@type\":\"SearchAction\",\"target\":{\"@type\":\"EntryPoint\",\"urlTemplate\":\"https:\/\/pharmadreams.shop\/?s={search_term_string}\"},\"query-input\":\"required name=search_term_string\"}],\"inLanguage\":\"fr-FR\"}]}<\/script>\n<!-- \/ Yoast SEO plugin. -->","yoast_head_json":{"title":"ISDIN \u00c9cran Solaire bebe Mineral Baby SPF50+ 50ml - pharmadreams","robots":{"index":"index","follow":"follow","max-snippet":"max-snippet:-1","max-image-preview":"max-image-preview:large","max-video-preview":"max-video-preview:-1"},"canonical":"https:\/\/pharmadreams.shop\/index.php\/product\/isdin-ecran-solaire-bebe-mineral-baby-spf50-50ml\/","og_locale":"fr_FR","og_type":"article","og_title":"ISDIN \u00c9cran Solaire bebe Mineral Baby SPF50+ 50ml - pharmadreams","og_description":"Photoprotecteur fluide aux filtres min\u00e9raux sp\u00e9cialement formul\u00e9 pour la peau fragile des b\u00e9b\u00e9s. Convient aux b\u00e9b\u00e9s \u00e0 partir de 0 mois. Visage et corps. Exposition indirecte au soleil.  Appliquer g\u00e9n\u00e9reusement sur une peau s\u00e8che 30 minutes avant l\u2019exposition solaire. Renouveler l\u2019application toutes les 2h et apr\u00e8s vous \u00eatre essuy\u00e9, avoir nag\u00e9 ou apr\u00e8s avoir transpir\u00e9.","og_url":"https:\/\/pharmadreams.shop\/index.php\/product\/isdin-ecran-solaire-bebe-mineral-baby-spf50-50ml\/","og_site_name":"pharmadreams","article_modified_time":"2024-06-11T13:31:01+00:00","og_image":[{"width":500,"height":500,"url":"https:\/\/pharmadreams.shop\/wp-content\/uploads\/2024\/05\/isdin-photoprotection-ecran-solaire-fusion-fluid-mineral-baby-spf50-50ml.jpg","type":"image\/jpeg"}],"twitter_card":"summary_large_image","twitter_misc":{"Dur\u00e9e de lecture estim\u00e9e":"1 minute"},"schema":{"@context":"https:\/\/schema.org","@graph":[{"@type":"WebPage","@id":"https:\/\/pharmadreams.shop\/index.php\/product\/isdin-ecran-solaire-bebe-mineral-baby-spf50-50ml\/","url":"https:\/\/pharmadreams.shop\/index.php\/product\/isdin-ecran-solaire-bebe-mineral-baby-spf50-50ml\/","name":"ISDIN \u00c9cran Solaire bebe Mineral Baby SPF50+ 50ml - pharmadreams","isPartOf":{"@id":"https:\/\/pharmadreams.shop\/#website"},"primaryImageOfPage":{"@id":"https:\/\/pharmadreams.shop\/index.php\/product\/isdin-ecran-solaire-bebe-mineral-baby-spf50-50ml\/#primaryimage"},"image":{"@id":"https:\/\/pharmadreams.shop\/index.php\/product\/isdin-ecran-solaire-bebe-mineral-baby-spf50-50ml\/#primaryimage"},"thumbnailUrl":"https:\/\/pharmadreams.shop\/wp-content\/uploads\/2024\/05\/isdin-photoprotection-ecran-solaire-fusion-fluid-mineral-baby-spf50-50ml.jpg","datePublished":"2024-05-10T09:35:02+00:00","dateModified":"2024-06-11T13:31:01+00:00","breadcrumb":{"@id":"https:\/\/pharmadreams.shop\/index.php\/product\/isdin-ecran-solaire-bebe-mineral-baby-spf50-50ml\/#breadcrumb"},"inLanguage":"fr-FR","potentialAction":[{"@type":"ReadAction","target":["https:\/\/pharmadreams.shop\/index.php\/product\/isdin-ecran-solaire-bebe-mineral-baby-spf50-50ml\/"]}]},{"@type":"ImageObject","inLanguage":"fr-FR","@id":"https:\/\/pharmadreams.shop\/index.php\/product\/isdin-ecran-solaire-bebe-mineral-baby-spf50-50ml\/#primaryimage","url":"https:\/\/pharmadreams.shop\/wp-content\/uploads\/2024\/05\/isdin-photoprotection-ecran-solaire-fusion-fluid-mineral-baby-spf50-50ml.jpg","contentUrl":"https:\/\/pharmadreams.shop\/wp-content\/uploads\/2024\/05\/isdin-photoprotection-ecran-solaire-fusion-fluid-mineral-baby-spf50-50ml.jpg","width":500,"height":500},{"@type":"BreadcrumbList","@id":"https:\/\/pharmadreams.shop\/index.php\/product\/isdin-ecran-solaire-bebe-mineral-baby-spf50-50ml\/#breadcrumb","itemListElement":[{"@type":"ListItem","position":1,"name":"Accueil","item":"https:\/\/pharmadreams.shop\/"},{"@type":"ListItem","position":2,"name":"Shop","item":"https:\/\/pharmadreams.shop\/index.php\/shop\/"},{"@type":"ListItem","position":3,"name":"ISDIN \u00c9cran Solaire bebe Mineral Baby SPF50+ 50ml"}]},{"@type":"WebSite","@id":"https:\/\/pharmadreams.shop\/#website","url":"https:\/\/pharmadreams.shop\/","name":"pharmadreams","description":"Parapharmacie en ligne","potentialAction":[{"@type":"SearchAction","target":{"@type":"EntryPoint","urlTemplate":"https:\/\/pharmadreams.shop\/?s={search_term_string}"},"query-input":"required name=search_term_string"}],"inLanguage":"fr-FR"}]}},"_links":{"self":[{"href":"https:\/\/pharmadreams.shop\/index.php\/wp-json\/wp\/v2\/product\/18308","targetHints":{"allow":["GET"]}}],"collection":[{"href":"https:\/\/pharmadreams.shop\/index.php\/wp-json\/wp\/v2\/product"}],"about":[{"href":"https:\/\/pharmadreams.shop\/index.php\/wp-json\/wp\/v2\/types\/product"}],"replies":[{"embeddable":true,"href":"https:\/\/pharmadreams.shop\/index.php\/wp-json\/wp\/v2\/comments?post=18308"}],"version-history":[{"count":0,"href":"https:\/\/pharmadreams.shop\/index.php\/wp-json\/wp\/v2\/product\/18308\/revisions"}],"wp:featuredmedia":[{"embeddable":true,"href":"https:\/\/pharmadreams.shop\/index.php\/wp-json\/wp\/v2\/media\/18705"}],"wp:attachment":[{"href":"https:\/\/pharmadreams.shop\/index.php\/wp-json\/wp\/v2\/media?parent=18308"}],"wp:term":[{"taxonomy":"product_brand","embeddable":true,"href":"https:\/\/pharmadreams.shop\/index.php\/wp-json\/wp\/v2\/product_brand?post=18308"},{"taxonomy":"product_cat","embeddable":true,"href":"https:\/\/pharmadreams.shop\/index.php\/wp-json\/wp\/v2\/product_cat?post=18308"},{"taxonomy":"product_tag","embeddable":true,"href":"https:\/\/pharmadreams.shop\/index.php\/wp-json\/wp\/v2\/product_tag?post=18308"}],"curies":[{"name":"wp","href":"https:\/\/api.w.org\/{rel}","templated":true}]}}