{"id":18311,"date":"2024-05-10T11:03:22","date_gmt":"2024-05-10T10:03:22","guid":{"rendered":"https:\/\/pharmadreams.shop\/?post_type=product&#038;p=18311"},"modified":"2024-07-23T11:04:00","modified_gmt":"2024-07-23T10:04:00","slug":"isdin-photoprotection-spray-solaire-adulte-spf-50-250ml","status":"publish","type":"product","link":"https:\/\/pharmadreams.shop\/index.php\/product\/isdin-photoprotection-spray-solaire-adulte-spf-50-250ml\/","title":{"rendered":"ISDIN PHOTOPROTECTION SPRAY SOLAIRE ADULTE SPF 50+ 250ML"},"content":{"rendered":"","protected":false},"excerpt":{"rendered":"<ul>\n<li>ISDIN Fotoprotector Transparent Spray Wet Skin SPF50+\u00a0est le seul spray de tr\u00e8s haute protection applicable sur peau humide.<\/li>\n<li>Il est sp\u00e9cialement d\u00e9velopp\u00e9 pour l&rsquo;application sur les peaux s\u00e8ches et humides.<\/li>\n<li>Il est absorb\u00e9 par la peau humide sans laisser de r\u00e9sidu blanc tout en \u00e9tant prot\u00e9geant.<\/li>\n<li>Il convient \u00e0 l&rsquo;application sur n&rsquo;importe quelle partie du corps, m\u00eame sur les zones difficiles d&rsquo;acc\u00e8s,<\/li>\n<li>gr\u00e2ce \u00e0 sa vanne 360 \u200b\u200bqui lib\u00e8re le jet de mani\u00e8re continue et uniforme et fonctionne dans n&rsquo;importe quelle position.<\/li>\n<li>ISDIN\u00a0Fotoprotector Transparent Spray Wet Skin SPF50+ est perm\u00e9able \u00e0 l&rsquo;eau gr\u00e2ce \u00e0 la technologie Wetflex.<\/li>\n<\/ul>\n","protected":false},"featured_media":18312,"comment_status":"open","ping_status":"closed","template":"","meta":[],"product_brand":[],"product_cat":[28,233,263,20],"product_tag":[],"class_list":{"0":"post-18311","1":"product","2":"type-product","3":"status-publish","4":"has-post-thumbnail","6":"product_cat-corps","7":"product_cat-protection-solaire","8":"product_cat-spray","9":"product_cat-visage","11":"first","12":"instock","13":"shipping-taxable","14":"purchasable","15":"product-type-simple"},"yoast_head":"<!-- This site is optimized with the Yoast SEO plugin v23.0 - https:\/\/yoast.com\/wordpress\/plugins\/seo\/ -->\n<title>ISDIN PHOTOPROTECTION SPRAY SOLAIRE ADULTE SPF 50+ 250ML - pharmadreams<\/title>\n<meta name=\"robots\" content=\"index, follow, max-snippet:-1, max-image-preview:large, max-video-preview:-1\" \/>\n<link rel=\"canonical\" href=\"https:\/\/pharmadreams.shop\/index.php\/product\/isdin-photoprotection-spray-solaire-adulte-spf-50-250ml\/\" \/>\n<meta property=\"og:locale\" content=\"fr_FR\" \/>\n<meta property=\"og:type\" content=\"article\" \/>\n<meta property=\"og:title\" content=\"ISDIN PHOTOPROTECTION SPRAY SOLAIRE ADULTE SPF 50+ 250ML - pharmadreams\" \/>\n<meta property=\"og:description\" content=\"ISDIN Fotoprotector Transparent Spray Wet Skin SPF50+\u00a0est le seul spray de tr\u00e8s haute protection applicable sur peau humide.  Il est sp\u00e9cialement d\u00e9velopp\u00e9 pour l&#039;application sur les peaux s\u00e8ches et humides.  Il est absorb\u00e9 par la peau humide sans laisser de r\u00e9sidu blanc tout en \u00e9tant prot\u00e9geant.  Il convient \u00e0 l&#039;application sur n&#039;importe quelle partie du corps, m\u00eame sur les zones difficiles d&#039;acc\u00e8s,  gr\u00e2ce \u00e0 sa vanne 360 \u200b\u200bqui lib\u00e8re le jet de mani\u00e8re continue et uniforme et fonctionne dans n&#039;importe quelle position.  ISDIN\u00a0Fotoprotector Transparent Spray Wet Skin SPF50+ est perm\u00e9able \u00e0 l&#039;eau gr\u00e2ce \u00e0 la technologie Wetflex.\" \/>\n<meta property=\"og:url\" content=\"https:\/\/pharmadreams.shop\/index.php\/product\/isdin-photoprotection-spray-solaire-adulte-spf-50-250ml\/\" \/>\n<meta property=\"og:site_name\" content=\"pharmadreams\" \/>\n<meta property=\"article:modified_time\" content=\"2024-07-23T10:04:00+00:00\" \/>\n<meta property=\"og:image\" content=\"https:\/\/pharmadreams.shop\/wp-content\/uploads\/2024\/05\/isdin-photoprotection-spray-solaire-adulte-spf-50-250ml.jpg\" \/>\n\t<meta property=\"og:image:width\" content=\"500\" \/>\n\t<meta property=\"og:image:height\" content=\"500\" \/>\n\t<meta property=\"og:image:type\" content=\"image\/jpeg\" \/>\n<meta name=\"twitter:card\" content=\"summary_large_image\" \/>\n<meta name=\"twitter:label1\" content=\"Dur\u00e9e de lecture estim\u00e9e\" \/>\n\t<meta name=\"twitter:data1\" content=\"1 minute\" \/>\n<script type=\"application\/ld+json\" class=\"yoast-schema-graph\">{\"@context\":\"https:\/\/schema.org\",\"@graph\":[{\"@type\":\"WebPage\",\"@id\":\"https:\/\/pharmadreams.shop\/index.php\/product\/isdin-photoprotection-spray-solaire-adulte-spf-50-250ml\/\",\"url\":\"https:\/\/pharmadreams.shop\/index.php\/product\/isdin-photoprotection-spray-solaire-adulte-spf-50-250ml\/\",\"name\":\"ISDIN PHOTOPROTECTION SPRAY SOLAIRE ADULTE SPF 50+ 250ML - pharmadreams\",\"isPartOf\":{\"@id\":\"https:\/\/pharmadreams.shop\/#website\"},\"primaryImageOfPage\":{\"@id\":\"https:\/\/pharmadreams.shop\/index.php\/product\/isdin-photoprotection-spray-solaire-adulte-spf-50-250ml\/#primaryimage\"},\"image\":{\"@id\":\"https:\/\/pharmadreams.shop\/index.php\/product\/isdin-photoprotection-spray-solaire-adulte-spf-50-250ml\/#primaryimage\"},\"thumbnailUrl\":\"https:\/\/pharmadreams.shop\/wp-content\/uploads\/2024\/05\/isdin-photoprotection-spray-solaire-adulte-spf-50-250ml.jpg\",\"datePublished\":\"2024-05-10T10:03:22+00:00\",\"dateModified\":\"2024-07-23T10:04:00+00:00\",\"breadcrumb\":{\"@id\":\"https:\/\/pharmadreams.shop\/index.php\/product\/isdin-photoprotection-spray-solaire-adulte-spf-50-250ml\/#breadcrumb\"},\"inLanguage\":\"fr-FR\",\"potentialAction\":[{\"@type\":\"ReadAction\",\"target\":[\"https:\/\/pharmadreams.shop\/index.php\/product\/isdin-photoprotection-spray-solaire-adulte-spf-50-250ml\/\"]}]},{\"@type\":\"ImageObject\",\"inLanguage\":\"fr-FR\",\"@id\":\"https:\/\/pharmadreams.shop\/index.php\/product\/isdin-photoprotection-spray-solaire-adulte-spf-50-250ml\/#primaryimage\",\"url\":\"https:\/\/pharmadreams.shop\/wp-content\/uploads\/2024\/05\/isdin-photoprotection-spray-solaire-adulte-spf-50-250ml.jpg\",\"contentUrl\":\"https:\/\/pharmadreams.shop\/wp-content\/uploads\/2024\/05\/isdin-photoprotection-spray-solaire-adulte-spf-50-250ml.jpg\",\"width\":500,\"height\":500},{\"@type\":\"BreadcrumbList\",\"@id\":\"https:\/\/pharmadreams.shop\/index.php\/product\/isdin-photoprotection-spray-solaire-adulte-spf-50-250ml\/#breadcrumb\",\"itemListElement\":[{\"@type\":\"ListItem\",\"position\":1,\"name\":\"Accueil\",\"item\":\"https:\/\/pharmadreams.shop\/\"},{\"@type\":\"ListItem\",\"position\":2,\"name\":\"Shop\",\"item\":\"https:\/\/pharmadreams.shop\/index.php\/shop\/\"},{\"@type\":\"ListItem\",\"position\":3,\"name\":\"ISDIN PHOTOPROTECTION SPRAY SOLAIRE ADULTE SPF 50+ 250ML\"}]},{\"@type\":\"WebSite\",\"@id\":\"https:\/\/pharmadreams.shop\/#website\",\"url\":\"https:\/\/pharmadreams.shop\/\",\"name\":\"pharmadreams\",\"description\":\"Parapharmacie en ligne\",\"potentialAction\":[{\"@type\":\"SearchAction\",\"target\":{\"@type\":\"EntryPoint\",\"urlTemplate\":\"https:\/\/pharmadreams.shop\/?s={search_term_string}\"},\"query-input\":\"required name=search_term_string\"}],\"inLanguage\":\"fr-FR\"}]}<\/script>\n<!-- \/ Yoast SEO plugin. -->","yoast_head_json":{"title":"ISDIN PHOTOPROTECTION SPRAY SOLAIRE ADULTE SPF 50+ 250ML - pharmadreams","robots":{"index":"index","follow":"follow","max-snippet":"max-snippet:-1","max-image-preview":"max-image-preview:large","max-video-preview":"max-video-preview:-1"},"canonical":"https:\/\/pharmadreams.shop\/index.php\/product\/isdin-photoprotection-spray-solaire-adulte-spf-50-250ml\/","og_locale":"fr_FR","og_type":"article","og_title":"ISDIN PHOTOPROTECTION SPRAY SOLAIRE ADULTE SPF 50+ 250ML - pharmadreams","og_description":"ISDIN Fotoprotector Transparent Spray Wet Skin SPF50+\u00a0est le seul spray de tr\u00e8s haute protection applicable sur peau humide.  Il est sp\u00e9cialement d\u00e9velopp\u00e9 pour l'application sur les peaux s\u00e8ches et humides.  Il est absorb\u00e9 par la peau humide sans laisser de r\u00e9sidu blanc tout en \u00e9tant prot\u00e9geant.  Il convient \u00e0 l'application sur n'importe quelle partie du corps, m\u00eame sur les zones difficiles d'acc\u00e8s,  gr\u00e2ce \u00e0 sa vanne 360 \u200b\u200bqui lib\u00e8re le jet de mani\u00e8re continue et uniforme et fonctionne dans n'importe quelle position.  ISDIN\u00a0Fotoprotector Transparent Spray Wet Skin SPF50+ est perm\u00e9able \u00e0 l'eau gr\u00e2ce \u00e0 la technologie Wetflex.","og_url":"https:\/\/pharmadreams.shop\/index.php\/product\/isdin-photoprotection-spray-solaire-adulte-spf-50-250ml\/","og_site_name":"pharmadreams","article_modified_time":"2024-07-23T10:04:00+00:00","og_image":[{"width":500,"height":500,"url":"https:\/\/pharmadreams.shop\/wp-content\/uploads\/2024\/05\/isdin-photoprotection-spray-solaire-adulte-spf-50-250ml.jpg","type":"image\/jpeg"}],"twitter_card":"summary_large_image","twitter_misc":{"Dur\u00e9e de lecture estim\u00e9e":"1 minute"},"schema":{"@context":"https:\/\/schema.org","@graph":[{"@type":"WebPage","@id":"https:\/\/pharmadreams.shop\/index.php\/product\/isdin-photoprotection-spray-solaire-adulte-spf-50-250ml\/","url":"https:\/\/pharmadreams.shop\/index.php\/product\/isdin-photoprotection-spray-solaire-adulte-spf-50-250ml\/","name":"ISDIN PHOTOPROTECTION SPRAY SOLAIRE ADULTE SPF 50+ 250ML - pharmadreams","isPartOf":{"@id":"https:\/\/pharmadreams.shop\/#website"},"primaryImageOfPage":{"@id":"https:\/\/pharmadreams.shop\/index.php\/product\/isdin-photoprotection-spray-solaire-adulte-spf-50-250ml\/#primaryimage"},"image":{"@id":"https:\/\/pharmadreams.shop\/index.php\/product\/isdin-photoprotection-spray-solaire-adulte-spf-50-250ml\/#primaryimage"},"thumbnailUrl":"https:\/\/pharmadreams.shop\/wp-content\/uploads\/2024\/05\/isdin-photoprotection-spray-solaire-adulte-spf-50-250ml.jpg","datePublished":"2024-05-10T10:03:22+00:00","dateModified":"2024-07-23T10:04:00+00:00","breadcrumb":{"@id":"https:\/\/pharmadreams.shop\/index.php\/product\/isdin-photoprotection-spray-solaire-adulte-spf-50-250ml\/#breadcrumb"},"inLanguage":"fr-FR","potentialAction":[{"@type":"ReadAction","target":["https:\/\/pharmadreams.shop\/index.php\/product\/isdin-photoprotection-spray-solaire-adulte-spf-50-250ml\/"]}]},{"@type":"ImageObject","inLanguage":"fr-FR","@id":"https:\/\/pharmadreams.shop\/index.php\/product\/isdin-photoprotection-spray-solaire-adulte-spf-50-250ml\/#primaryimage","url":"https:\/\/pharmadreams.shop\/wp-content\/uploads\/2024\/05\/isdin-photoprotection-spray-solaire-adulte-spf-50-250ml.jpg","contentUrl":"https:\/\/pharmadreams.shop\/wp-content\/uploads\/2024\/05\/isdin-photoprotection-spray-solaire-adulte-spf-50-250ml.jpg","width":500,"height":500},{"@type":"BreadcrumbList","@id":"https:\/\/pharmadreams.shop\/index.php\/product\/isdin-photoprotection-spray-solaire-adulte-spf-50-250ml\/#breadcrumb","itemListElement":[{"@type":"ListItem","position":1,"name":"Accueil","item":"https:\/\/pharmadreams.shop\/"},{"@type":"ListItem","position":2,"name":"Shop","item":"https:\/\/pharmadreams.shop\/index.php\/shop\/"},{"@type":"ListItem","position":3,"name":"ISDIN PHOTOPROTECTION SPRAY SOLAIRE ADULTE SPF 50+ 250ML"}]},{"@type":"WebSite","@id":"https:\/\/pharmadreams.shop\/#website","url":"https:\/\/pharmadreams.shop\/","name":"pharmadreams","description":"Parapharmacie en ligne","potentialAction":[{"@type":"SearchAction","target":{"@type":"EntryPoint","urlTemplate":"https:\/\/pharmadreams.shop\/?s={search_term_string}"},"query-input":"required name=search_term_string"}],"inLanguage":"fr-FR"}]}},"_links":{"self":[{"href":"https:\/\/pharmadreams.shop\/index.php\/wp-json\/wp\/v2\/product\/18311","targetHints":{"allow":["GET"]}}],"collection":[{"href":"https:\/\/pharmadreams.shop\/index.php\/wp-json\/wp\/v2\/product"}],"about":[{"href":"https:\/\/pharmadreams.shop\/index.php\/wp-json\/wp\/v2\/types\/product"}],"replies":[{"embeddable":true,"href":"https:\/\/pharmadreams.shop\/index.php\/wp-json\/wp\/v2\/comments?post=18311"}],"version-history":[{"count":0,"href":"https:\/\/pharmadreams.shop\/index.php\/wp-json\/wp\/v2\/product\/18311\/revisions"}],"wp:featuredmedia":[{"embeddable":true,"href":"https:\/\/pharmadreams.shop\/index.php\/wp-json\/wp\/v2\/media\/18312"}],"wp:attachment":[{"href":"https:\/\/pharmadreams.shop\/index.php\/wp-json\/wp\/v2\/media?parent=18311"}],"wp:term":[{"taxonomy":"product_brand","embeddable":true,"href":"https:\/\/pharmadreams.shop\/index.php\/wp-json\/wp\/v2\/product_brand?post=18311"},{"taxonomy":"product_cat","embeddable":true,"href":"https:\/\/pharmadreams.shop\/index.php\/wp-json\/wp\/v2\/product_cat?post=18311"},{"taxonomy":"product_tag","embeddable":true,"href":"https:\/\/pharmadreams.shop\/index.php\/wp-json\/wp\/v2\/product_tag?post=18311"}],"curies":[{"name":"wp","href":"https:\/\/api.w.org\/{rel}","templated":true}]}}