{"id":18319,"date":"2024-05-10T13:27:34","date_gmt":"2024-05-10T12:27:34","guid":{"rendered":"https:\/\/pharmadreams.shop\/?post_type=product&#038;p=18319"},"modified":"2024-05-10T13:27:35","modified_gmt":"2024-05-10T12:27:35","slug":"isdinceutics-flavo-c-ultraglican-serum-antioxydant-jour-10-unidoses-de-2ml","status":"publish","type":"product","link":"https:\/\/pharmadreams.shop\/index.php\/product\/isdinceutics-flavo-c-ultraglican-serum-antioxydant-jour-10-unidoses-de-2ml\/","title":{"rendered":"ISDINCEUTICS FlAVO C Ultraglican Serum Antioxydant Jour 10 Unidoses De 2ml"},"content":{"rendered":"","protected":false},"excerpt":{"rendered":"<p>Solution pour le visage en ampoules contenant une association avanc\u00e9e d\u2019antioxydants et d\u2019hydratants qui agissent sur la perte de fermet\u00e9 et sur les fines lignes d\u2019expression.<\/p>\n<ul>\n<li>Aide la peau \u00e0 r\u00e9cup\u00e9rer sa luminosit\u00e9, facilite la r\u00e9cup\u00e9ration de l\u2019\u00e9lasticit\u00e9 et pr\u00e9vient les premiers signes de l\u2019\u00e2ge.<\/li>\n<li>La vitamine C aide \u00e0 pr\u00e9venir les effets des rayons UV et stimule la synth\u00e8se du collag\u00e8ne.<\/li>\n<li>Son contenu en Ultraglycanes, combinaison de prot\u00e9oglycanes et de pr\u00e9-prot\u00e9oglycanes, acc\u00e9l\u00e8re la production d\u2019acide hyaluronique et offre une plus grande hydratation \u00e0 la peau<\/li>\n<\/ul>\n<p><strong>Conseils d\u2019utilisation<\/strong><\/p>\n<ul>\n<li>Appliquer chaque matin sur la peau propre et s\u00e8che.<\/li>\n<li>Agiter avant l\u2019utilisation.<\/li>\n<li>Appliquer \u00bd ampoule sur le visage, le cou et le d\u00e9collet\u00e9 en \u00e9vitant le contour des yeux.<\/li>\n<li>Masser l\u00e9g\u00e8rement jusqu\u2019\u00e0 ce que le produit soit compl\u00e8tement absorb\u00e9.<br \/>\nUne fois l\u2019ampoule ouverte, nous vous recommandons de l\u2019utiliser end\u00e9ans les 24 heures afin d\u2019en maintenir l\u2019efficacit\u00e9.<\/li>\n<\/ul>\n","protected":false},"featured_media":18320,"comment_status":"open","ping_status":"closed","template":"","meta":[],"product_brand":[],"product_cat":[161,100,146,98,94,20],"product_tag":[],"class_list":{"0":"post-18319","1":"product","2":"type-product","3":"status-publish","4":"has-post-thumbnail","6":"product_cat-ampoule","7":"product_cat-anti-age","8":"product_cat-antioxydant","9":"product_cat-hydratation","10":"product_cat-serum","11":"product_cat-visage","13":"first","14":"instock","15":"shipping-taxable","16":"purchasable","17":"product-type-simple"},"yoast_head":"<!-- This site is optimized with the Yoast SEO plugin v23.0 - https:\/\/yoast.com\/wordpress\/plugins\/seo\/ -->\n<title>ISDINCEUTICS FlAVO C Ultraglican Serum Antioxydant Jour 10 Unidoses De 2ml - pharmadreams<\/title>\n<meta name=\"robots\" content=\"index, follow, max-snippet:-1, max-image-preview:large, max-video-preview:-1\" \/>\n<link rel=\"canonical\" href=\"https:\/\/pharmadreams.shop\/index.php\/product\/isdinceutics-flavo-c-ultraglican-serum-antioxydant-jour-10-unidoses-de-2ml\/\" \/>\n<meta property=\"og:locale\" content=\"fr_FR\" \/>\n<meta property=\"og:type\" content=\"article\" \/>\n<meta property=\"og:title\" content=\"ISDINCEUTICS FlAVO C Ultraglican Serum Antioxydant Jour 10 Unidoses De 2ml - pharmadreams\" \/>\n<meta property=\"og:description\" content=\"Solution pour le visage en ampoules contenant une association avanc\u00e9e d\u2019antioxydants et d\u2019hydratants qui agissent sur la perte de fermet\u00e9 et sur les fines lignes d\u2019expression.   Aide la peau \u00e0 r\u00e9cup\u00e9rer sa luminosit\u00e9, facilite la r\u00e9cup\u00e9ration de l\u2019\u00e9lasticit\u00e9 et pr\u00e9vient les premiers signes de l\u2019\u00e2ge.  La vitamine C aide \u00e0 pr\u00e9venir les effets des rayons UV et stimule la synth\u00e8se du collag\u00e8ne.  Son contenu en Ultraglycanes, combinaison de prot\u00e9oglycanes et de pr\u00e9-prot\u00e9oglycanes, acc\u00e9l\u00e8re la production d\u2019acide hyaluronique et offre une plus grande hydratation \u00e0 la peau  Conseils d\u2019utilisation   Appliquer chaque matin sur la peau propre et s\u00e8che.  Agiter avant l\u2019utilisation.  Appliquer \u00bd ampoule sur le visage, le cou et le d\u00e9collet\u00e9 en \u00e9vitant le contour des yeux.  Masser l\u00e9g\u00e8rement jusqu\u2019\u00e0 ce que le produit soit compl\u00e8tement absorb\u00e9. Une fois l\u2019ampoule ouverte, nous vous recommandons de l\u2019utiliser end\u00e9ans les 24 heures afin d\u2019en maintenir l\u2019efficacit\u00e9.\" \/>\n<meta property=\"og:url\" content=\"https:\/\/pharmadreams.shop\/index.php\/product\/isdinceutics-flavo-c-ultraglican-serum-antioxydant-jour-10-unidoses-de-2ml\/\" \/>\n<meta property=\"og:site_name\" content=\"pharmadreams\" \/>\n<meta property=\"article:modified_time\" content=\"2024-05-10T12:27:35+00:00\" \/>\n<meta property=\"og:image\" content=\"https:\/\/pharmadreams.shop\/wp-content\/uploads\/2024\/05\/isdin-flavo-c-ultraglican-serum-antioxydant-jour-10-unidoses-de-2ml.webp\" \/>\n\t<meta property=\"og:image:width\" content=\"1000\" \/>\n\t<meta property=\"og:image:height\" content=\"1000\" \/>\n\t<meta property=\"og:image:type\" content=\"image\/webp\" \/>\n<meta name=\"twitter:card\" content=\"summary_large_image\" \/>\n<meta name=\"twitter:label1\" content=\"Dur\u00e9e de lecture estim\u00e9e\" \/>\n\t<meta name=\"twitter:data1\" content=\"1 minute\" \/>\n<script type=\"application\/ld+json\" class=\"yoast-schema-graph\">{\"@context\":\"https:\/\/schema.org\",\"@graph\":[{\"@type\":\"WebPage\",\"@id\":\"https:\/\/pharmadreams.shop\/index.php\/product\/isdinceutics-flavo-c-ultraglican-serum-antioxydant-jour-10-unidoses-de-2ml\/\",\"url\":\"https:\/\/pharmadreams.shop\/index.php\/product\/isdinceutics-flavo-c-ultraglican-serum-antioxydant-jour-10-unidoses-de-2ml\/\",\"name\":\"ISDINCEUTICS FlAVO C Ultraglican Serum Antioxydant Jour 10 Unidoses De 2ml - pharmadreams\",\"isPartOf\":{\"@id\":\"https:\/\/pharmadreams.shop\/#website\"},\"primaryImageOfPage\":{\"@id\":\"https:\/\/pharmadreams.shop\/index.php\/product\/isdinceutics-flavo-c-ultraglican-serum-antioxydant-jour-10-unidoses-de-2ml\/#primaryimage\"},\"image\":{\"@id\":\"https:\/\/pharmadreams.shop\/index.php\/product\/isdinceutics-flavo-c-ultraglican-serum-antioxydant-jour-10-unidoses-de-2ml\/#primaryimage\"},\"thumbnailUrl\":\"https:\/\/pharmadreams.shop\/wp-content\/uploads\/2024\/05\/isdin-flavo-c-ultraglican-serum-antioxydant-jour-10-unidoses-de-2ml.webp\",\"datePublished\":\"2024-05-10T12:27:34+00:00\",\"dateModified\":\"2024-05-10T12:27:35+00:00\",\"breadcrumb\":{\"@id\":\"https:\/\/pharmadreams.shop\/index.php\/product\/isdinceutics-flavo-c-ultraglican-serum-antioxydant-jour-10-unidoses-de-2ml\/#breadcrumb\"},\"inLanguage\":\"fr-FR\",\"potentialAction\":[{\"@type\":\"ReadAction\",\"target\":[\"https:\/\/pharmadreams.shop\/index.php\/product\/isdinceutics-flavo-c-ultraglican-serum-antioxydant-jour-10-unidoses-de-2ml\/\"]}]},{\"@type\":\"ImageObject\",\"inLanguage\":\"fr-FR\",\"@id\":\"https:\/\/pharmadreams.shop\/index.php\/product\/isdinceutics-flavo-c-ultraglican-serum-antioxydant-jour-10-unidoses-de-2ml\/#primaryimage\",\"url\":\"https:\/\/pharmadreams.shop\/wp-content\/uploads\/2024\/05\/isdin-flavo-c-ultraglican-serum-antioxydant-jour-10-unidoses-de-2ml.webp\",\"contentUrl\":\"https:\/\/pharmadreams.shop\/wp-content\/uploads\/2024\/05\/isdin-flavo-c-ultraglican-serum-antioxydant-jour-10-unidoses-de-2ml.webp\",\"width\":1000,\"height\":1000},{\"@type\":\"BreadcrumbList\",\"@id\":\"https:\/\/pharmadreams.shop\/index.php\/product\/isdinceutics-flavo-c-ultraglican-serum-antioxydant-jour-10-unidoses-de-2ml\/#breadcrumb\",\"itemListElement\":[{\"@type\":\"ListItem\",\"position\":1,\"name\":\"Accueil\",\"item\":\"https:\/\/pharmadreams.shop\/\"},{\"@type\":\"ListItem\",\"position\":2,\"name\":\"Shop\",\"item\":\"https:\/\/pharmadreams.shop\/index.php\/shop\/\"},{\"@type\":\"ListItem\",\"position\":3,\"name\":\"ISDINCEUTICS FlAVO C Ultraglican Serum Antioxydant Jour 10 Unidoses De 2ml\"}]},{\"@type\":\"WebSite\",\"@id\":\"https:\/\/pharmadreams.shop\/#website\",\"url\":\"https:\/\/pharmadreams.shop\/\",\"name\":\"pharmadreams\",\"description\":\"Parapharmacie en ligne\",\"potentialAction\":[{\"@type\":\"SearchAction\",\"target\":{\"@type\":\"EntryPoint\",\"urlTemplate\":\"https:\/\/pharmadreams.shop\/?s={search_term_string}\"},\"query-input\":\"required name=search_term_string\"}],\"inLanguage\":\"fr-FR\"}]}<\/script>\n<!-- \/ Yoast SEO plugin. -->","yoast_head_json":{"title":"ISDINCEUTICS FlAVO C Ultraglican Serum Antioxydant Jour 10 Unidoses De 2ml - pharmadreams","robots":{"index":"index","follow":"follow","max-snippet":"max-snippet:-1","max-image-preview":"max-image-preview:large","max-video-preview":"max-video-preview:-1"},"canonical":"https:\/\/pharmadreams.shop\/index.php\/product\/isdinceutics-flavo-c-ultraglican-serum-antioxydant-jour-10-unidoses-de-2ml\/","og_locale":"fr_FR","og_type":"article","og_title":"ISDINCEUTICS FlAVO C Ultraglican Serum Antioxydant Jour 10 Unidoses De 2ml - pharmadreams","og_description":"Solution pour le visage en ampoules contenant une association avanc\u00e9e d\u2019antioxydants et d\u2019hydratants qui agissent sur la perte de fermet\u00e9 et sur les fines lignes d\u2019expression.   Aide la peau \u00e0 r\u00e9cup\u00e9rer sa luminosit\u00e9, facilite la r\u00e9cup\u00e9ration de l\u2019\u00e9lasticit\u00e9 et pr\u00e9vient les premiers signes de l\u2019\u00e2ge.  La vitamine C aide \u00e0 pr\u00e9venir les effets des rayons UV et stimule la synth\u00e8se du collag\u00e8ne.  Son contenu en Ultraglycanes, combinaison de prot\u00e9oglycanes et de pr\u00e9-prot\u00e9oglycanes, acc\u00e9l\u00e8re la production d\u2019acide hyaluronique et offre une plus grande hydratation \u00e0 la peau  Conseils d\u2019utilisation   Appliquer chaque matin sur la peau propre et s\u00e8che.  Agiter avant l\u2019utilisation.  Appliquer \u00bd ampoule sur le visage, le cou et le d\u00e9collet\u00e9 en \u00e9vitant le contour des yeux.  Masser l\u00e9g\u00e8rement jusqu\u2019\u00e0 ce que le produit soit compl\u00e8tement absorb\u00e9. Une fois l\u2019ampoule ouverte, nous vous recommandons de l\u2019utiliser end\u00e9ans les 24 heures afin d\u2019en maintenir l\u2019efficacit\u00e9.","og_url":"https:\/\/pharmadreams.shop\/index.php\/product\/isdinceutics-flavo-c-ultraglican-serum-antioxydant-jour-10-unidoses-de-2ml\/","og_site_name":"pharmadreams","article_modified_time":"2024-05-10T12:27:35+00:00","og_image":[{"width":1000,"height":1000,"url":"https:\/\/pharmadreams.shop\/wp-content\/uploads\/2024\/05\/isdin-flavo-c-ultraglican-serum-antioxydant-jour-10-unidoses-de-2ml.webp","type":"image\/webp"}],"twitter_card":"summary_large_image","twitter_misc":{"Dur\u00e9e de lecture estim\u00e9e":"1 minute"},"schema":{"@context":"https:\/\/schema.org","@graph":[{"@type":"WebPage","@id":"https:\/\/pharmadreams.shop\/index.php\/product\/isdinceutics-flavo-c-ultraglican-serum-antioxydant-jour-10-unidoses-de-2ml\/","url":"https:\/\/pharmadreams.shop\/index.php\/product\/isdinceutics-flavo-c-ultraglican-serum-antioxydant-jour-10-unidoses-de-2ml\/","name":"ISDINCEUTICS FlAVO C Ultraglican Serum Antioxydant Jour 10 Unidoses De 2ml - pharmadreams","isPartOf":{"@id":"https:\/\/pharmadreams.shop\/#website"},"primaryImageOfPage":{"@id":"https:\/\/pharmadreams.shop\/index.php\/product\/isdinceutics-flavo-c-ultraglican-serum-antioxydant-jour-10-unidoses-de-2ml\/#primaryimage"},"image":{"@id":"https:\/\/pharmadreams.shop\/index.php\/product\/isdinceutics-flavo-c-ultraglican-serum-antioxydant-jour-10-unidoses-de-2ml\/#primaryimage"},"thumbnailUrl":"https:\/\/pharmadreams.shop\/wp-content\/uploads\/2024\/05\/isdin-flavo-c-ultraglican-serum-antioxydant-jour-10-unidoses-de-2ml.webp","datePublished":"2024-05-10T12:27:34+00:00","dateModified":"2024-05-10T12:27:35+00:00","breadcrumb":{"@id":"https:\/\/pharmadreams.shop\/index.php\/product\/isdinceutics-flavo-c-ultraglican-serum-antioxydant-jour-10-unidoses-de-2ml\/#breadcrumb"},"inLanguage":"fr-FR","potentialAction":[{"@type":"ReadAction","target":["https:\/\/pharmadreams.shop\/index.php\/product\/isdinceutics-flavo-c-ultraglican-serum-antioxydant-jour-10-unidoses-de-2ml\/"]}]},{"@type":"ImageObject","inLanguage":"fr-FR","@id":"https:\/\/pharmadreams.shop\/index.php\/product\/isdinceutics-flavo-c-ultraglican-serum-antioxydant-jour-10-unidoses-de-2ml\/#primaryimage","url":"https:\/\/pharmadreams.shop\/wp-content\/uploads\/2024\/05\/isdin-flavo-c-ultraglican-serum-antioxydant-jour-10-unidoses-de-2ml.webp","contentUrl":"https:\/\/pharmadreams.shop\/wp-content\/uploads\/2024\/05\/isdin-flavo-c-ultraglican-serum-antioxydant-jour-10-unidoses-de-2ml.webp","width":1000,"height":1000},{"@type":"BreadcrumbList","@id":"https:\/\/pharmadreams.shop\/index.php\/product\/isdinceutics-flavo-c-ultraglican-serum-antioxydant-jour-10-unidoses-de-2ml\/#breadcrumb","itemListElement":[{"@type":"ListItem","position":1,"name":"Accueil","item":"https:\/\/pharmadreams.shop\/"},{"@type":"ListItem","position":2,"name":"Shop","item":"https:\/\/pharmadreams.shop\/index.php\/shop\/"},{"@type":"ListItem","position":3,"name":"ISDINCEUTICS FlAVO C Ultraglican Serum Antioxydant Jour 10 Unidoses De 2ml"}]},{"@type":"WebSite","@id":"https:\/\/pharmadreams.shop\/#website","url":"https:\/\/pharmadreams.shop\/","name":"pharmadreams","description":"Parapharmacie en ligne","potentialAction":[{"@type":"SearchAction","target":{"@type":"EntryPoint","urlTemplate":"https:\/\/pharmadreams.shop\/?s={search_term_string}"},"query-input":"required name=search_term_string"}],"inLanguage":"fr-FR"}]}},"_links":{"self":[{"href":"https:\/\/pharmadreams.shop\/index.php\/wp-json\/wp\/v2\/product\/18319","targetHints":{"allow":["GET"]}}],"collection":[{"href":"https:\/\/pharmadreams.shop\/index.php\/wp-json\/wp\/v2\/product"}],"about":[{"href":"https:\/\/pharmadreams.shop\/index.php\/wp-json\/wp\/v2\/types\/product"}],"replies":[{"embeddable":true,"href":"https:\/\/pharmadreams.shop\/index.php\/wp-json\/wp\/v2\/comments?post=18319"}],"version-history":[{"count":0,"href":"https:\/\/pharmadreams.shop\/index.php\/wp-json\/wp\/v2\/product\/18319\/revisions"}],"wp:featuredmedia":[{"embeddable":true,"href":"https:\/\/pharmadreams.shop\/index.php\/wp-json\/wp\/v2\/media\/18320"}],"wp:attachment":[{"href":"https:\/\/pharmadreams.shop\/index.php\/wp-json\/wp\/v2\/media?parent=18319"}],"wp:term":[{"taxonomy":"product_brand","embeddable":true,"href":"https:\/\/pharmadreams.shop\/index.php\/wp-json\/wp\/v2\/product_brand?post=18319"},{"taxonomy":"product_cat","embeddable":true,"href":"https:\/\/pharmadreams.shop\/index.php\/wp-json\/wp\/v2\/product_cat?post=18319"},{"taxonomy":"product_tag","embeddable":true,"href":"https:\/\/pharmadreams.shop\/index.php\/wp-json\/wp\/v2\/product_tag?post=18319"}],"curies":[{"name":"wp","href":"https:\/\/api.w.org\/{rel}","templated":true}]}}