{"id":18325,"date":"2024-05-10T14:01:48","date_gmt":"2024-05-10T13:01:48","guid":{"rendered":"https:\/\/pharmadreams.shop\/?post_type=product&#038;p=18325"},"modified":"2024-05-10T14:01:48","modified_gmt":"2024-05-10T13:01:48","slug":"isdin-photoaging-age-repair-triple-action-spf50-50ml","status":"publish","type":"product","link":"https:\/\/pharmadreams.shop\/index.php\/product\/isdin-photoaging-age-repair-triple-action-spf50-50ml\/","title":{"rendered":"ISDIN PHOTOAGING AGE REPAIR TRIPLE ACTION SPF50+ 50ML"},"content":{"rendered":"","protected":false},"excerpt":{"rendered":"<p>Triple Action Anti photo-vieillissement.<\/p>\n<p>Prot\u00e8ge contre les dommages caus\u00e9s par le soleil gr\u00e2ce \u00e0 une protection \u00e9lev\u00e9e contre les rayons UVB\/UVA FPS 50.<\/p>\n<p>R\u00e9pare les dommages accumul\u00e9s au niveau cellulaire gr\u00e2ce \u00e0 l&rsquo;ADN Repairsomes.<\/p>\n<p>Inverse les signes visibles du photo-vieillissement gr\u00e2ce au Li-Q10, au peptide CollagenBooster et \u00e0 l&rsquo;acide hyaluronique.<\/p>\n<p>Gr\u00e2ce \u00e0 sa texture \u00e0 base d&rsquo;eau, elle procure un fini mat et ne pique pas les yeux.<\/p>\n<p>Base id\u00e9ale pour le maquillage. Lisse la peau, minimise l&rsquo;apparence des pores et permet une application plus confortable et uniforme du maquillage.<\/p>\n<p>Non com\u00e9dog\u00e8ne. Peau humide. Convient aux peaux sensibles. Hypoallerg\u00e9nique. R\u00e9sistant \u00e0 l&rsquo;eau. Sans alcool. Test\u00e9 sous contr\u00f4le dermatologique et ophtalmologique. Formule biod\u00e9gradable.<\/p>\n","protected":false},"featured_media":18327,"comment_status":"open","ping_status":"closed","template":"","meta":[],"product_brand":[],"product_cat":[285,20],"product_tag":[],"class_list":{"0":"post-18325","1":"product","2":"type-product","3":"status-publish","4":"has-post-thumbnail","6":"product_cat-vieillissement-cutane","7":"product_cat-visage","9":"first","10":"instock","11":"shipping-taxable","12":"purchasable","13":"product-type-simple"},"yoast_head":"<!-- This site is optimized with the Yoast SEO plugin v23.0 - https:\/\/yoast.com\/wordpress\/plugins\/seo\/ -->\n<title>ISDIN PHOTOAGING AGE REPAIR TRIPLE ACTION SPF50+ 50ML - pharmadreams<\/title>\n<meta name=\"robots\" content=\"index, follow, max-snippet:-1, max-image-preview:large, max-video-preview:-1\" \/>\n<link rel=\"canonical\" href=\"https:\/\/pharmadreams.shop\/index.php\/product\/isdin-photoaging-age-repair-triple-action-spf50-50ml\/\" \/>\n<meta property=\"og:locale\" content=\"fr_FR\" \/>\n<meta property=\"og:type\" content=\"article\" \/>\n<meta property=\"og:title\" content=\"ISDIN PHOTOAGING AGE REPAIR TRIPLE ACTION SPF50+ 50ML - pharmadreams\" \/>\n<meta property=\"og:description\" content=\"Triple Action Anti photo-vieillissement.  Prot\u00e8ge contre les dommages caus\u00e9s par le soleil gr\u00e2ce \u00e0 une protection \u00e9lev\u00e9e contre les rayons UVB\/UVA FPS 50.  R\u00e9pare les dommages accumul\u00e9s au niveau cellulaire gr\u00e2ce \u00e0 l&#039;ADN Repairsomes.  Inverse les signes visibles du photo-vieillissement gr\u00e2ce au Li-Q10, au peptide CollagenBooster et \u00e0 l&#039;acide hyaluronique.  Gr\u00e2ce \u00e0 sa texture \u00e0 base d&#039;eau, elle procure un fini mat et ne pique pas les yeux.  Base id\u00e9ale pour le maquillage. Lisse la peau, minimise l&#039;apparence des pores et permet une application plus confortable et uniforme du maquillage.  Non com\u00e9dog\u00e8ne. Peau humide. Convient aux peaux sensibles. Hypoallerg\u00e9nique. R\u00e9sistant \u00e0 l&#039;eau. Sans alcool. Test\u00e9 sous contr\u00f4le dermatologique et ophtalmologique. Formule biod\u00e9gradable.\" \/>\n<meta property=\"og:url\" content=\"https:\/\/pharmadreams.shop\/index.php\/product\/isdin-photoaging-age-repair-triple-action-spf50-50ml\/\" \/>\n<meta property=\"og:site_name\" content=\"pharmadreams\" \/>\n<meta property=\"og:image\" content=\"https:\/\/pharmadreams.shop\/wp-content\/uploads\/2024\/05\/isdin-photoaging-age-repair-triple-action-spf50-50ml.jpg\" \/>\n\t<meta property=\"og:image:width\" content=\"500\" \/>\n\t<meta property=\"og:image:height\" content=\"500\" \/>\n\t<meta property=\"og:image:type\" content=\"image\/jpeg\" \/>\n<meta name=\"twitter:card\" content=\"summary_large_image\" \/>\n<meta name=\"twitter:label1\" content=\"Dur\u00e9e de lecture estim\u00e9e\" \/>\n\t<meta name=\"twitter:data1\" content=\"1 minute\" \/>\n<script type=\"application\/ld+json\" class=\"yoast-schema-graph\">{\"@context\":\"https:\/\/schema.org\",\"@graph\":[{\"@type\":\"WebPage\",\"@id\":\"https:\/\/pharmadreams.shop\/index.php\/product\/isdin-photoaging-age-repair-triple-action-spf50-50ml\/\",\"url\":\"https:\/\/pharmadreams.shop\/index.php\/product\/isdin-photoaging-age-repair-triple-action-spf50-50ml\/\",\"name\":\"ISDIN PHOTOAGING AGE REPAIR TRIPLE ACTION SPF50+ 50ML - pharmadreams\",\"isPartOf\":{\"@id\":\"https:\/\/pharmadreams.shop\/#website\"},\"primaryImageOfPage\":{\"@id\":\"https:\/\/pharmadreams.shop\/index.php\/product\/isdin-photoaging-age-repair-triple-action-spf50-50ml\/#primaryimage\"},\"image\":{\"@id\":\"https:\/\/pharmadreams.shop\/index.php\/product\/isdin-photoaging-age-repair-triple-action-spf50-50ml\/#primaryimage\"},\"thumbnailUrl\":\"https:\/\/pharmadreams.shop\/wp-content\/uploads\/2024\/05\/isdin-photoaging-age-repair-triple-action-spf50-50ml.jpg\",\"datePublished\":\"2024-05-10T13:01:48+00:00\",\"dateModified\":\"2024-05-10T13:01:48+00:00\",\"breadcrumb\":{\"@id\":\"https:\/\/pharmadreams.shop\/index.php\/product\/isdin-photoaging-age-repair-triple-action-spf50-50ml\/#breadcrumb\"},\"inLanguage\":\"fr-FR\",\"potentialAction\":[{\"@type\":\"ReadAction\",\"target\":[\"https:\/\/pharmadreams.shop\/index.php\/product\/isdin-photoaging-age-repair-triple-action-spf50-50ml\/\"]}]},{\"@type\":\"ImageObject\",\"inLanguage\":\"fr-FR\",\"@id\":\"https:\/\/pharmadreams.shop\/index.php\/product\/isdin-photoaging-age-repair-triple-action-spf50-50ml\/#primaryimage\",\"url\":\"https:\/\/pharmadreams.shop\/wp-content\/uploads\/2024\/05\/isdin-photoaging-age-repair-triple-action-spf50-50ml.jpg\",\"contentUrl\":\"https:\/\/pharmadreams.shop\/wp-content\/uploads\/2024\/05\/isdin-photoaging-age-repair-triple-action-spf50-50ml.jpg\",\"width\":500,\"height\":500},{\"@type\":\"BreadcrumbList\",\"@id\":\"https:\/\/pharmadreams.shop\/index.php\/product\/isdin-photoaging-age-repair-triple-action-spf50-50ml\/#breadcrumb\",\"itemListElement\":[{\"@type\":\"ListItem\",\"position\":1,\"name\":\"Accueil\",\"item\":\"https:\/\/pharmadreams.shop\/\"},{\"@type\":\"ListItem\",\"position\":2,\"name\":\"Shop\",\"item\":\"https:\/\/pharmadreams.shop\/index.php\/shop\/\"},{\"@type\":\"ListItem\",\"position\":3,\"name\":\"ISDIN PHOTOAGING AGE REPAIR TRIPLE ACTION SPF50+ 50ML\"}]},{\"@type\":\"WebSite\",\"@id\":\"https:\/\/pharmadreams.shop\/#website\",\"url\":\"https:\/\/pharmadreams.shop\/\",\"name\":\"pharmadreams\",\"description\":\"Parapharmacie en ligne\",\"potentialAction\":[{\"@type\":\"SearchAction\",\"target\":{\"@type\":\"EntryPoint\",\"urlTemplate\":\"https:\/\/pharmadreams.shop\/?s={search_term_string}\"},\"query-input\":\"required name=search_term_string\"}],\"inLanguage\":\"fr-FR\"}]}<\/script>\n<!-- \/ Yoast SEO plugin. -->","yoast_head_json":{"title":"ISDIN PHOTOAGING AGE REPAIR TRIPLE ACTION SPF50+ 50ML - pharmadreams","robots":{"index":"index","follow":"follow","max-snippet":"max-snippet:-1","max-image-preview":"max-image-preview:large","max-video-preview":"max-video-preview:-1"},"canonical":"https:\/\/pharmadreams.shop\/index.php\/product\/isdin-photoaging-age-repair-triple-action-spf50-50ml\/","og_locale":"fr_FR","og_type":"article","og_title":"ISDIN PHOTOAGING AGE REPAIR TRIPLE ACTION SPF50+ 50ML - pharmadreams","og_description":"Triple Action Anti photo-vieillissement.  Prot\u00e8ge contre les dommages caus\u00e9s par le soleil gr\u00e2ce \u00e0 une protection \u00e9lev\u00e9e contre les rayons UVB\/UVA FPS 50.  R\u00e9pare les dommages accumul\u00e9s au niveau cellulaire gr\u00e2ce \u00e0 l'ADN Repairsomes.  Inverse les signes visibles du photo-vieillissement gr\u00e2ce au Li-Q10, au peptide CollagenBooster et \u00e0 l'acide hyaluronique.  Gr\u00e2ce \u00e0 sa texture \u00e0 base d'eau, elle procure un fini mat et ne pique pas les yeux.  Base id\u00e9ale pour le maquillage. Lisse la peau, minimise l'apparence des pores et permet une application plus confortable et uniforme du maquillage.  Non com\u00e9dog\u00e8ne. Peau humide. Convient aux peaux sensibles. Hypoallerg\u00e9nique. R\u00e9sistant \u00e0 l'eau. Sans alcool. Test\u00e9 sous contr\u00f4le dermatologique et ophtalmologique. Formule biod\u00e9gradable.","og_url":"https:\/\/pharmadreams.shop\/index.php\/product\/isdin-photoaging-age-repair-triple-action-spf50-50ml\/","og_site_name":"pharmadreams","og_image":[{"width":500,"height":500,"url":"https:\/\/pharmadreams.shop\/wp-content\/uploads\/2024\/05\/isdin-photoaging-age-repair-triple-action-spf50-50ml.jpg","type":"image\/jpeg"}],"twitter_card":"summary_large_image","twitter_misc":{"Dur\u00e9e de lecture estim\u00e9e":"1 minute"},"schema":{"@context":"https:\/\/schema.org","@graph":[{"@type":"WebPage","@id":"https:\/\/pharmadreams.shop\/index.php\/product\/isdin-photoaging-age-repair-triple-action-spf50-50ml\/","url":"https:\/\/pharmadreams.shop\/index.php\/product\/isdin-photoaging-age-repair-triple-action-spf50-50ml\/","name":"ISDIN PHOTOAGING AGE REPAIR TRIPLE ACTION SPF50+ 50ML - pharmadreams","isPartOf":{"@id":"https:\/\/pharmadreams.shop\/#website"},"primaryImageOfPage":{"@id":"https:\/\/pharmadreams.shop\/index.php\/product\/isdin-photoaging-age-repair-triple-action-spf50-50ml\/#primaryimage"},"image":{"@id":"https:\/\/pharmadreams.shop\/index.php\/product\/isdin-photoaging-age-repair-triple-action-spf50-50ml\/#primaryimage"},"thumbnailUrl":"https:\/\/pharmadreams.shop\/wp-content\/uploads\/2024\/05\/isdin-photoaging-age-repair-triple-action-spf50-50ml.jpg","datePublished":"2024-05-10T13:01:48+00:00","dateModified":"2024-05-10T13:01:48+00:00","breadcrumb":{"@id":"https:\/\/pharmadreams.shop\/index.php\/product\/isdin-photoaging-age-repair-triple-action-spf50-50ml\/#breadcrumb"},"inLanguage":"fr-FR","potentialAction":[{"@type":"ReadAction","target":["https:\/\/pharmadreams.shop\/index.php\/product\/isdin-photoaging-age-repair-triple-action-spf50-50ml\/"]}]},{"@type":"ImageObject","inLanguage":"fr-FR","@id":"https:\/\/pharmadreams.shop\/index.php\/product\/isdin-photoaging-age-repair-triple-action-spf50-50ml\/#primaryimage","url":"https:\/\/pharmadreams.shop\/wp-content\/uploads\/2024\/05\/isdin-photoaging-age-repair-triple-action-spf50-50ml.jpg","contentUrl":"https:\/\/pharmadreams.shop\/wp-content\/uploads\/2024\/05\/isdin-photoaging-age-repair-triple-action-spf50-50ml.jpg","width":500,"height":500},{"@type":"BreadcrumbList","@id":"https:\/\/pharmadreams.shop\/index.php\/product\/isdin-photoaging-age-repair-triple-action-spf50-50ml\/#breadcrumb","itemListElement":[{"@type":"ListItem","position":1,"name":"Accueil","item":"https:\/\/pharmadreams.shop\/"},{"@type":"ListItem","position":2,"name":"Shop","item":"https:\/\/pharmadreams.shop\/index.php\/shop\/"},{"@type":"ListItem","position":3,"name":"ISDIN PHOTOAGING AGE REPAIR TRIPLE ACTION SPF50+ 50ML"}]},{"@type":"WebSite","@id":"https:\/\/pharmadreams.shop\/#website","url":"https:\/\/pharmadreams.shop\/","name":"pharmadreams","description":"Parapharmacie en ligne","potentialAction":[{"@type":"SearchAction","target":{"@type":"EntryPoint","urlTemplate":"https:\/\/pharmadreams.shop\/?s={search_term_string}"},"query-input":"required name=search_term_string"}],"inLanguage":"fr-FR"}]}},"_links":{"self":[{"href":"https:\/\/pharmadreams.shop\/index.php\/wp-json\/wp\/v2\/product\/18325","targetHints":{"allow":["GET"]}}],"collection":[{"href":"https:\/\/pharmadreams.shop\/index.php\/wp-json\/wp\/v2\/product"}],"about":[{"href":"https:\/\/pharmadreams.shop\/index.php\/wp-json\/wp\/v2\/types\/product"}],"replies":[{"embeddable":true,"href":"https:\/\/pharmadreams.shop\/index.php\/wp-json\/wp\/v2\/comments?post=18325"}],"version-history":[{"count":0,"href":"https:\/\/pharmadreams.shop\/index.php\/wp-json\/wp\/v2\/product\/18325\/revisions"}],"wp:featuredmedia":[{"embeddable":true,"href":"https:\/\/pharmadreams.shop\/index.php\/wp-json\/wp\/v2\/media\/18327"}],"wp:attachment":[{"href":"https:\/\/pharmadreams.shop\/index.php\/wp-json\/wp\/v2\/media?parent=18325"}],"wp:term":[{"taxonomy":"product_brand","embeddable":true,"href":"https:\/\/pharmadreams.shop\/index.php\/wp-json\/wp\/v2\/product_brand?post=18325"},{"taxonomy":"product_cat","embeddable":true,"href":"https:\/\/pharmadreams.shop\/index.php\/wp-json\/wp\/v2\/product_cat?post=18325"},{"taxonomy":"product_tag","embeddable":true,"href":"https:\/\/pharmadreams.shop\/index.php\/wp-json\/wp\/v2\/product_tag?post=18325"}],"curies":[{"name":"wp","href":"https:\/\/api.w.org\/{rel}","templated":true}]}}