{"id":18329,"date":"2024-05-10T14:08:45","date_gmt":"2024-05-10T13:08:45","guid":{"rendered":"https:\/\/pharmadreams.shop\/?post_type=product&#038;p=18329"},"modified":"2024-05-10T14:08:45","modified_gmt":"2024-05-10T13:08:45","slug":"isdin-k-ox-eyes-15ml","status":"publish","type":"product","link":"https:\/\/pharmadreams.shop\/index.php\/product\/isdin-k-ox-eyes-15ml\/","title":{"rendered":"ISDIN K-OX Eyes 15ml"},"content":{"rendered":"","protected":false},"excerpt":{"rendered":"<p>K-OX EYES est un soin du contour des yeux complet \u00e0 la formule intensive et innovante :<\/p>\n<p>\u2013 Vitamine K-Oxyde : agit efficacement sur la coloration des cernes<\/p>\n<p>\u2013 Dextrasulfate de Sodium : agit sur le volume des poches<\/p>\n<p>\u2013 Flavono\u00efdes : aident \u00e0 l\u2019\u00e9limination du fer responsable de la coloration marron des cernes<\/p>\n<p>\u2013 Acide Hyaluronique : hydrate durablement et lisse les ridules<\/p>\n<p>Ses effets hydratant et tenseur sont imm\u00e9diats. Gr\u00e2ce \u00e0 une utilisation continue, K-OX EYES diminue progressivement le volume des poches ainsi que la couleur violac\u00e9e ou pigment\u00e9e des cernes.<\/p>\n<p>Un soin id\u00e9al pour un contour des yeux plus lisse, un regard repos\u00e9 et lumineux.<\/p>\n","protected":false},"featured_media":18330,"comment_status":"open","ping_status":"closed","template":"","meta":[],"product_brand":[],"product_cat":[120,80,270],"product_tag":[],"class_list":{"0":"post-18329","1":"product","2":"type-product","3":"status-publish","4":"has-post-thumbnail","6":"product_cat-anti-rides","7":"product_cat-soins","8":"product_cat-yeux-sensibles","10":"first","11":"instock","12":"shipping-taxable","13":"purchasable","14":"product-type-simple"},"yoast_head":"<!-- This site is optimized with the Yoast SEO plugin v23.0 - https:\/\/yoast.com\/wordpress\/plugins\/seo\/ -->\n<title>ISDIN K-OX Eyes 15ml - pharmadreams<\/title>\n<meta name=\"robots\" content=\"index, follow, max-snippet:-1, max-image-preview:large, max-video-preview:-1\" \/>\n<link rel=\"canonical\" href=\"https:\/\/pharmadreams.shop\/index.php\/product\/isdin-k-ox-eyes-15ml\/\" \/>\n<meta property=\"og:locale\" content=\"fr_FR\" \/>\n<meta property=\"og:type\" content=\"article\" \/>\n<meta property=\"og:title\" content=\"ISDIN K-OX Eyes 15ml - pharmadreams\" \/>\n<meta property=\"og:description\" content=\"K-OX EYES est un soin du contour des yeux complet \u00e0 la formule intensive et innovante :  \u2013 Vitamine K-Oxyde : agit efficacement sur la coloration des cernes  \u2013 Dextrasulfate de Sodium : agit sur le volume des poches  \u2013 Flavono\u00efdes : aident \u00e0 l\u2019\u00e9limination du fer responsable de la coloration marron des cernes  \u2013 Acide Hyaluronique : hydrate durablement et lisse les ridules  Ses effets hydratant et tenseur sont imm\u00e9diats. Gr\u00e2ce \u00e0 une utilisation continue, K-OX EYES diminue progressivement le volume des poches ainsi que la couleur violac\u00e9e ou pigment\u00e9e des cernes.  Un soin id\u00e9al pour un contour des yeux plus lisse, un regard repos\u00e9 et lumineux.\" \/>\n<meta property=\"og:url\" content=\"https:\/\/pharmadreams.shop\/index.php\/product\/isdin-k-ox-eyes-15ml\/\" \/>\n<meta property=\"og:site_name\" content=\"pharmadreams\" \/>\n<meta property=\"og:image\" content=\"https:\/\/pharmadreams.shop\/wp-content\/uploads\/2024\/05\/k-ox-eys.webp\" \/>\n\t<meta property=\"og:image:width\" content=\"1500\" \/>\n\t<meta property=\"og:image:height\" content=\"1500\" \/>\n\t<meta property=\"og:image:type\" content=\"image\/webp\" \/>\n<meta name=\"twitter:card\" content=\"summary_large_image\" \/>\n<meta name=\"twitter:label1\" content=\"Dur\u00e9e de lecture estim\u00e9e\" \/>\n\t<meta name=\"twitter:data1\" content=\"1 minute\" \/>\n<script type=\"application\/ld+json\" class=\"yoast-schema-graph\">{\"@context\":\"https:\/\/schema.org\",\"@graph\":[{\"@type\":\"WebPage\",\"@id\":\"https:\/\/pharmadreams.shop\/index.php\/product\/isdin-k-ox-eyes-15ml\/\",\"url\":\"https:\/\/pharmadreams.shop\/index.php\/product\/isdin-k-ox-eyes-15ml\/\",\"name\":\"ISDIN K-OX Eyes 15ml - pharmadreams\",\"isPartOf\":{\"@id\":\"https:\/\/pharmadreams.shop\/#website\"},\"primaryImageOfPage\":{\"@id\":\"https:\/\/pharmadreams.shop\/index.php\/product\/isdin-k-ox-eyes-15ml\/#primaryimage\"},\"image\":{\"@id\":\"https:\/\/pharmadreams.shop\/index.php\/product\/isdin-k-ox-eyes-15ml\/#primaryimage\"},\"thumbnailUrl\":\"https:\/\/pharmadreams.shop\/wp-content\/uploads\/2024\/05\/k-ox-eys.webp\",\"datePublished\":\"2024-05-10T13:08:45+00:00\",\"dateModified\":\"2024-05-10T13:08:45+00:00\",\"breadcrumb\":{\"@id\":\"https:\/\/pharmadreams.shop\/index.php\/product\/isdin-k-ox-eyes-15ml\/#breadcrumb\"},\"inLanguage\":\"fr-FR\",\"potentialAction\":[{\"@type\":\"ReadAction\",\"target\":[\"https:\/\/pharmadreams.shop\/index.php\/product\/isdin-k-ox-eyes-15ml\/\"]}]},{\"@type\":\"ImageObject\",\"inLanguage\":\"fr-FR\",\"@id\":\"https:\/\/pharmadreams.shop\/index.php\/product\/isdin-k-ox-eyes-15ml\/#primaryimage\",\"url\":\"https:\/\/pharmadreams.shop\/wp-content\/uploads\/2024\/05\/k-ox-eys.webp\",\"contentUrl\":\"https:\/\/pharmadreams.shop\/wp-content\/uploads\/2024\/05\/k-ox-eys.webp\",\"width\":1500,\"height\":1500},{\"@type\":\"BreadcrumbList\",\"@id\":\"https:\/\/pharmadreams.shop\/index.php\/product\/isdin-k-ox-eyes-15ml\/#breadcrumb\",\"itemListElement\":[{\"@type\":\"ListItem\",\"position\":1,\"name\":\"Accueil\",\"item\":\"https:\/\/pharmadreams.shop\/\"},{\"@type\":\"ListItem\",\"position\":2,\"name\":\"Shop\",\"item\":\"https:\/\/pharmadreams.shop\/index.php\/shop\/\"},{\"@type\":\"ListItem\",\"position\":3,\"name\":\"ISDIN K-OX Eyes 15ml\"}]},{\"@type\":\"WebSite\",\"@id\":\"https:\/\/pharmadreams.shop\/#website\",\"url\":\"https:\/\/pharmadreams.shop\/\",\"name\":\"pharmadreams\",\"description\":\"Parapharmacie en ligne\",\"potentialAction\":[{\"@type\":\"SearchAction\",\"target\":{\"@type\":\"EntryPoint\",\"urlTemplate\":\"https:\/\/pharmadreams.shop\/?s={search_term_string}\"},\"query-input\":\"required name=search_term_string\"}],\"inLanguage\":\"fr-FR\"}]}<\/script>\n<!-- \/ Yoast SEO plugin. -->","yoast_head_json":{"title":"ISDIN K-OX Eyes 15ml - pharmadreams","robots":{"index":"index","follow":"follow","max-snippet":"max-snippet:-1","max-image-preview":"max-image-preview:large","max-video-preview":"max-video-preview:-1"},"canonical":"https:\/\/pharmadreams.shop\/index.php\/product\/isdin-k-ox-eyes-15ml\/","og_locale":"fr_FR","og_type":"article","og_title":"ISDIN K-OX Eyes 15ml - pharmadreams","og_description":"K-OX EYES est un soin du contour des yeux complet \u00e0 la formule intensive et innovante :  \u2013 Vitamine K-Oxyde : agit efficacement sur la coloration des cernes  \u2013 Dextrasulfate de Sodium : agit sur le volume des poches  \u2013 Flavono\u00efdes : aident \u00e0 l\u2019\u00e9limination du fer responsable de la coloration marron des cernes  \u2013 Acide Hyaluronique : hydrate durablement et lisse les ridules  Ses effets hydratant et tenseur sont imm\u00e9diats. Gr\u00e2ce \u00e0 une utilisation continue, K-OX EYES diminue progressivement le volume des poches ainsi que la couleur violac\u00e9e ou pigment\u00e9e des cernes.  Un soin id\u00e9al pour un contour des yeux plus lisse, un regard repos\u00e9 et lumineux.","og_url":"https:\/\/pharmadreams.shop\/index.php\/product\/isdin-k-ox-eyes-15ml\/","og_site_name":"pharmadreams","og_image":[{"width":1500,"height":1500,"url":"https:\/\/pharmadreams.shop\/wp-content\/uploads\/2024\/05\/k-ox-eys.webp","type":"image\/webp"}],"twitter_card":"summary_large_image","twitter_misc":{"Dur\u00e9e de lecture estim\u00e9e":"1 minute"},"schema":{"@context":"https:\/\/schema.org","@graph":[{"@type":"WebPage","@id":"https:\/\/pharmadreams.shop\/index.php\/product\/isdin-k-ox-eyes-15ml\/","url":"https:\/\/pharmadreams.shop\/index.php\/product\/isdin-k-ox-eyes-15ml\/","name":"ISDIN K-OX Eyes 15ml - pharmadreams","isPartOf":{"@id":"https:\/\/pharmadreams.shop\/#website"},"primaryImageOfPage":{"@id":"https:\/\/pharmadreams.shop\/index.php\/product\/isdin-k-ox-eyes-15ml\/#primaryimage"},"image":{"@id":"https:\/\/pharmadreams.shop\/index.php\/product\/isdin-k-ox-eyes-15ml\/#primaryimage"},"thumbnailUrl":"https:\/\/pharmadreams.shop\/wp-content\/uploads\/2024\/05\/k-ox-eys.webp","datePublished":"2024-05-10T13:08:45+00:00","dateModified":"2024-05-10T13:08:45+00:00","breadcrumb":{"@id":"https:\/\/pharmadreams.shop\/index.php\/product\/isdin-k-ox-eyes-15ml\/#breadcrumb"},"inLanguage":"fr-FR","potentialAction":[{"@type":"ReadAction","target":["https:\/\/pharmadreams.shop\/index.php\/product\/isdin-k-ox-eyes-15ml\/"]}]},{"@type":"ImageObject","inLanguage":"fr-FR","@id":"https:\/\/pharmadreams.shop\/index.php\/product\/isdin-k-ox-eyes-15ml\/#primaryimage","url":"https:\/\/pharmadreams.shop\/wp-content\/uploads\/2024\/05\/k-ox-eys.webp","contentUrl":"https:\/\/pharmadreams.shop\/wp-content\/uploads\/2024\/05\/k-ox-eys.webp","width":1500,"height":1500},{"@type":"BreadcrumbList","@id":"https:\/\/pharmadreams.shop\/index.php\/product\/isdin-k-ox-eyes-15ml\/#breadcrumb","itemListElement":[{"@type":"ListItem","position":1,"name":"Accueil","item":"https:\/\/pharmadreams.shop\/"},{"@type":"ListItem","position":2,"name":"Shop","item":"https:\/\/pharmadreams.shop\/index.php\/shop\/"},{"@type":"ListItem","position":3,"name":"ISDIN K-OX Eyes 15ml"}]},{"@type":"WebSite","@id":"https:\/\/pharmadreams.shop\/#website","url":"https:\/\/pharmadreams.shop\/","name":"pharmadreams","description":"Parapharmacie en ligne","potentialAction":[{"@type":"SearchAction","target":{"@type":"EntryPoint","urlTemplate":"https:\/\/pharmadreams.shop\/?s={search_term_string}"},"query-input":"required name=search_term_string"}],"inLanguage":"fr-FR"}]}},"_links":{"self":[{"href":"https:\/\/pharmadreams.shop\/index.php\/wp-json\/wp\/v2\/product\/18329","targetHints":{"allow":["GET"]}}],"collection":[{"href":"https:\/\/pharmadreams.shop\/index.php\/wp-json\/wp\/v2\/product"}],"about":[{"href":"https:\/\/pharmadreams.shop\/index.php\/wp-json\/wp\/v2\/types\/product"}],"replies":[{"embeddable":true,"href":"https:\/\/pharmadreams.shop\/index.php\/wp-json\/wp\/v2\/comments?post=18329"}],"version-history":[{"count":0,"href":"https:\/\/pharmadreams.shop\/index.php\/wp-json\/wp\/v2\/product\/18329\/revisions"}],"wp:featuredmedia":[{"embeddable":true,"href":"https:\/\/pharmadreams.shop\/index.php\/wp-json\/wp\/v2\/media\/18330"}],"wp:attachment":[{"href":"https:\/\/pharmadreams.shop\/index.php\/wp-json\/wp\/v2\/media?parent=18329"}],"wp:term":[{"taxonomy":"product_brand","embeddable":true,"href":"https:\/\/pharmadreams.shop\/index.php\/wp-json\/wp\/v2\/product_brand?post=18329"},{"taxonomy":"product_cat","embeddable":true,"href":"https:\/\/pharmadreams.shop\/index.php\/wp-json\/wp\/v2\/product_cat?post=18329"},{"taxonomy":"product_tag","embeddable":true,"href":"https:\/\/pharmadreams.shop\/index.php\/wp-json\/wp\/v2\/product_tag?post=18329"}],"curies":[{"name":"wp","href":"https:\/\/api.w.org\/{rel}","templated":true}]}}