{"id":18332,"date":"2024-05-10T14:22:24","date_gmt":"2024-05-10T13:22:24","guid":{"rendered":"https:\/\/pharmadreams.shop\/?post_type=product&#038;p=18332"},"modified":"2024-05-10T14:22:25","modified_gmt":"2024-05-10T13:22:25","slug":"gummy-bear-hair-skin-nails-vitamins-60-gummies","status":"publish","type":"product","link":"https:\/\/pharmadreams.shop\/index.php\/product\/gummy-bear-hair-skin-nails-vitamins-60-gummies\/","title":{"rendered":"Gummy Bear Hair Skin Nails Vitamins 60 Gummies"},"content":{"rendered":"","protected":false},"excerpt":{"rendered":"<p><strong>Gummy bear<\/strong>\u00a0c\u2019est des bonbons g\u00e9lifi\u00e9s multivitamin\u00e9s et riches en Biotine pour renforcer les Cheveux, les\u00a0<a href=\"https:\/\/www.maparatunisie.tn\/categorie-produit\/cheveux\/complements-alimentaires-cheveux-et-ongles\/\">ongles<\/a><br \/>\net donner de l\u2019\u00e9clat \u00e0 votre peau.<\/p>\n<p><strong>Qu\u2019est-ce que les Gummies pour cheveux, peau et ongles ?<\/strong><\/p>\n<p>Ces bonbons\u00a0<strong>Gummy bear<\/strong>\u00a0g\u00e9lifi\u00e9s pratiques pour la peau, les ongles et les cheveux sont un compl\u00e9ment nutritionnel naturel cr\u00e9\u00e9 pour vous aider \u00e0 prendre soin de votre apparence de mani\u00e8re simple et ludique. Formul\u00e9 avec une gamme de vitamines et de min\u00e9raux connus pour soutenir et entretenir les cheveux, la peau et les ongles, ce d\u00e9licieux compl\u00e9ment offre une nouvelle fa\u00e7on de soutenir votre beaut\u00e9 naturelle ext\u00e9rieure \u00e0 partir de l\u2019int\u00e9rieur. D\u00e9clin\u00e9s sous forme d\u2019oursons, ces bonbons g\u00e9lifi\u00e9s changent totalement notre perception des compl\u00e9ments qui deviennent dor\u00e9navant plus plaisants et accessibles au quotidien !<\/p>\n","protected":false},"featured_media":18333,"comment_status":"open","ping_status":"closed","template":"","meta":[],"product_brand":[],"product_cat":[32,123],"product_tag":[],"class_list":{"0":"post-18332","1":"product","2":"type-product","3":"status-publish","4":"has-post-thumbnail","6":"product_cat-complements-alimentaires","7":"product_cat-vitamines","9":"first","10":"instock","11":"shipping-taxable","12":"purchasable","13":"product-type-simple"},"yoast_head":"<!-- This site is optimized with the Yoast SEO plugin v23.0 - https:\/\/yoast.com\/wordpress\/plugins\/seo\/ -->\n<title>Gummy Bear Hair Skin Nails Vitamins 60 Gummies - pharmadreams<\/title>\n<meta name=\"robots\" content=\"index, follow, max-snippet:-1, max-image-preview:large, max-video-preview:-1\" \/>\n<link rel=\"canonical\" href=\"https:\/\/pharmadreams.shop\/index.php\/product\/gummy-bear-hair-skin-nails-vitamins-60-gummies\/\" \/>\n<meta property=\"og:locale\" content=\"fr_FR\" \/>\n<meta property=\"og:type\" content=\"article\" \/>\n<meta property=\"og:title\" content=\"Gummy Bear Hair Skin Nails Vitamins 60 Gummies - pharmadreams\" \/>\n<meta property=\"og:description\" content=\"Gummy bear\u00a0c\u2019est des bonbons g\u00e9lifi\u00e9s multivitamin\u00e9s et riches en Biotine pour renforcer les Cheveux, les\u00a0ongles et donner de l\u2019\u00e9clat \u00e0 votre peau.  Qu\u2019est-ce que les Gummies pour cheveux, peau et ongles ?  Ces bonbons\u00a0Gummy bear\u00a0g\u00e9lifi\u00e9s pratiques pour la peau, les ongles et les cheveux sont un compl\u00e9ment nutritionnel naturel cr\u00e9\u00e9 pour vous aider \u00e0 prendre soin de votre apparence de mani\u00e8re simple et ludique. Formul\u00e9 avec une gamme de vitamines et de min\u00e9raux connus pour soutenir et entretenir les cheveux, la peau et les ongles, ce d\u00e9licieux compl\u00e9ment offre une nouvelle fa\u00e7on de soutenir votre beaut\u00e9 naturelle ext\u00e9rieure \u00e0 partir de l\u2019int\u00e9rieur. D\u00e9clin\u00e9s sous forme d\u2019oursons, ces bonbons g\u00e9lifi\u00e9s changent totalement notre perception des compl\u00e9ments qui deviennent dor\u00e9navant plus plaisants et accessibles au quotidien !\" \/>\n<meta property=\"og:url\" content=\"https:\/\/pharmadreams.shop\/index.php\/product\/gummy-bear-hair-skin-nails-vitamins-60-gummies\/\" \/>\n<meta property=\"og:site_name\" content=\"pharmadreams\" \/>\n<meta property=\"article:modified_time\" content=\"2024-05-10T13:22:25+00:00\" \/>\n<meta property=\"og:image\" content=\"https:\/\/pharmadreams.shop\/wp-content\/uploads\/2024\/05\/GM-fond-blanc.webp\" \/>\n\t<meta property=\"og:image:width\" content=\"800\" \/>\n\t<meta property=\"og:image:height\" content=\"800\" \/>\n\t<meta property=\"og:image:type\" content=\"image\/webp\" \/>\n<meta name=\"twitter:card\" content=\"summary_large_image\" \/>\n<meta name=\"twitter:label1\" content=\"Dur\u00e9e de lecture estim\u00e9e\" \/>\n\t<meta name=\"twitter:data1\" content=\"1 minute\" \/>\n<script type=\"application\/ld+json\" class=\"yoast-schema-graph\">{\"@context\":\"https:\/\/schema.org\",\"@graph\":[{\"@type\":\"WebPage\",\"@id\":\"https:\/\/pharmadreams.shop\/index.php\/product\/gummy-bear-hair-skin-nails-vitamins-60-gummies\/\",\"url\":\"https:\/\/pharmadreams.shop\/index.php\/product\/gummy-bear-hair-skin-nails-vitamins-60-gummies\/\",\"name\":\"Gummy Bear Hair Skin Nails Vitamins 60 Gummies - pharmadreams\",\"isPartOf\":{\"@id\":\"https:\/\/pharmadreams.shop\/#website\"},\"primaryImageOfPage\":{\"@id\":\"https:\/\/pharmadreams.shop\/index.php\/product\/gummy-bear-hair-skin-nails-vitamins-60-gummies\/#primaryimage\"},\"image\":{\"@id\":\"https:\/\/pharmadreams.shop\/index.php\/product\/gummy-bear-hair-skin-nails-vitamins-60-gummies\/#primaryimage\"},\"thumbnailUrl\":\"https:\/\/pharmadreams.shop\/wp-content\/uploads\/2024\/05\/GM-fond-blanc.webp\",\"datePublished\":\"2024-05-10T13:22:24+00:00\",\"dateModified\":\"2024-05-10T13:22:25+00:00\",\"breadcrumb\":{\"@id\":\"https:\/\/pharmadreams.shop\/index.php\/product\/gummy-bear-hair-skin-nails-vitamins-60-gummies\/#breadcrumb\"},\"inLanguage\":\"fr-FR\",\"potentialAction\":[{\"@type\":\"ReadAction\",\"target\":[\"https:\/\/pharmadreams.shop\/index.php\/product\/gummy-bear-hair-skin-nails-vitamins-60-gummies\/\"]}]},{\"@type\":\"ImageObject\",\"inLanguage\":\"fr-FR\",\"@id\":\"https:\/\/pharmadreams.shop\/index.php\/product\/gummy-bear-hair-skin-nails-vitamins-60-gummies\/#primaryimage\",\"url\":\"https:\/\/pharmadreams.shop\/wp-content\/uploads\/2024\/05\/GM-fond-blanc.webp\",\"contentUrl\":\"https:\/\/pharmadreams.shop\/wp-content\/uploads\/2024\/05\/GM-fond-blanc.webp\",\"width\":800,\"height\":800},{\"@type\":\"BreadcrumbList\",\"@id\":\"https:\/\/pharmadreams.shop\/index.php\/product\/gummy-bear-hair-skin-nails-vitamins-60-gummies\/#breadcrumb\",\"itemListElement\":[{\"@type\":\"ListItem\",\"position\":1,\"name\":\"Accueil\",\"item\":\"https:\/\/pharmadreams.shop\/\"},{\"@type\":\"ListItem\",\"position\":2,\"name\":\"Shop\",\"item\":\"https:\/\/pharmadreams.shop\/index.php\/shop\/\"},{\"@type\":\"ListItem\",\"position\":3,\"name\":\"Gummy Bear Hair Skin Nails Vitamins 60 Gummies\"}]},{\"@type\":\"WebSite\",\"@id\":\"https:\/\/pharmadreams.shop\/#website\",\"url\":\"https:\/\/pharmadreams.shop\/\",\"name\":\"pharmadreams\",\"description\":\"Parapharmacie en ligne\",\"potentialAction\":[{\"@type\":\"SearchAction\",\"target\":{\"@type\":\"EntryPoint\",\"urlTemplate\":\"https:\/\/pharmadreams.shop\/?s={search_term_string}\"},\"query-input\":\"required name=search_term_string\"}],\"inLanguage\":\"fr-FR\"}]}<\/script>\n<!-- \/ Yoast SEO plugin. -->","yoast_head_json":{"title":"Gummy Bear Hair Skin Nails Vitamins 60 Gummies - pharmadreams","robots":{"index":"index","follow":"follow","max-snippet":"max-snippet:-1","max-image-preview":"max-image-preview:large","max-video-preview":"max-video-preview:-1"},"canonical":"https:\/\/pharmadreams.shop\/index.php\/product\/gummy-bear-hair-skin-nails-vitamins-60-gummies\/","og_locale":"fr_FR","og_type":"article","og_title":"Gummy Bear Hair Skin Nails Vitamins 60 Gummies - pharmadreams","og_description":"Gummy bear\u00a0c\u2019est des bonbons g\u00e9lifi\u00e9s multivitamin\u00e9s et riches en Biotine pour renforcer les Cheveux, les\u00a0ongles et donner de l\u2019\u00e9clat \u00e0 votre peau.  Qu\u2019est-ce que les Gummies pour cheveux, peau et ongles ?  Ces bonbons\u00a0Gummy bear\u00a0g\u00e9lifi\u00e9s pratiques pour la peau, les ongles et les cheveux sont un compl\u00e9ment nutritionnel naturel cr\u00e9\u00e9 pour vous aider \u00e0 prendre soin de votre apparence de mani\u00e8re simple et ludique. Formul\u00e9 avec une gamme de vitamines et de min\u00e9raux connus pour soutenir et entretenir les cheveux, la peau et les ongles, ce d\u00e9licieux compl\u00e9ment offre une nouvelle fa\u00e7on de soutenir votre beaut\u00e9 naturelle ext\u00e9rieure \u00e0 partir de l\u2019int\u00e9rieur. D\u00e9clin\u00e9s sous forme d\u2019oursons, ces bonbons g\u00e9lifi\u00e9s changent totalement notre perception des compl\u00e9ments qui deviennent dor\u00e9navant plus plaisants et accessibles au quotidien !","og_url":"https:\/\/pharmadreams.shop\/index.php\/product\/gummy-bear-hair-skin-nails-vitamins-60-gummies\/","og_site_name":"pharmadreams","article_modified_time":"2024-05-10T13:22:25+00:00","og_image":[{"width":800,"height":800,"url":"https:\/\/pharmadreams.shop\/wp-content\/uploads\/2024\/05\/GM-fond-blanc.webp","type":"image\/webp"}],"twitter_card":"summary_large_image","twitter_misc":{"Dur\u00e9e de lecture estim\u00e9e":"1 minute"},"schema":{"@context":"https:\/\/schema.org","@graph":[{"@type":"WebPage","@id":"https:\/\/pharmadreams.shop\/index.php\/product\/gummy-bear-hair-skin-nails-vitamins-60-gummies\/","url":"https:\/\/pharmadreams.shop\/index.php\/product\/gummy-bear-hair-skin-nails-vitamins-60-gummies\/","name":"Gummy Bear Hair Skin Nails Vitamins 60 Gummies - pharmadreams","isPartOf":{"@id":"https:\/\/pharmadreams.shop\/#website"},"primaryImageOfPage":{"@id":"https:\/\/pharmadreams.shop\/index.php\/product\/gummy-bear-hair-skin-nails-vitamins-60-gummies\/#primaryimage"},"image":{"@id":"https:\/\/pharmadreams.shop\/index.php\/product\/gummy-bear-hair-skin-nails-vitamins-60-gummies\/#primaryimage"},"thumbnailUrl":"https:\/\/pharmadreams.shop\/wp-content\/uploads\/2024\/05\/GM-fond-blanc.webp","datePublished":"2024-05-10T13:22:24+00:00","dateModified":"2024-05-10T13:22:25+00:00","breadcrumb":{"@id":"https:\/\/pharmadreams.shop\/index.php\/product\/gummy-bear-hair-skin-nails-vitamins-60-gummies\/#breadcrumb"},"inLanguage":"fr-FR","potentialAction":[{"@type":"ReadAction","target":["https:\/\/pharmadreams.shop\/index.php\/product\/gummy-bear-hair-skin-nails-vitamins-60-gummies\/"]}]},{"@type":"ImageObject","inLanguage":"fr-FR","@id":"https:\/\/pharmadreams.shop\/index.php\/product\/gummy-bear-hair-skin-nails-vitamins-60-gummies\/#primaryimage","url":"https:\/\/pharmadreams.shop\/wp-content\/uploads\/2024\/05\/GM-fond-blanc.webp","contentUrl":"https:\/\/pharmadreams.shop\/wp-content\/uploads\/2024\/05\/GM-fond-blanc.webp","width":800,"height":800},{"@type":"BreadcrumbList","@id":"https:\/\/pharmadreams.shop\/index.php\/product\/gummy-bear-hair-skin-nails-vitamins-60-gummies\/#breadcrumb","itemListElement":[{"@type":"ListItem","position":1,"name":"Accueil","item":"https:\/\/pharmadreams.shop\/"},{"@type":"ListItem","position":2,"name":"Shop","item":"https:\/\/pharmadreams.shop\/index.php\/shop\/"},{"@type":"ListItem","position":3,"name":"Gummy Bear Hair Skin Nails Vitamins 60 Gummies"}]},{"@type":"WebSite","@id":"https:\/\/pharmadreams.shop\/#website","url":"https:\/\/pharmadreams.shop\/","name":"pharmadreams","description":"Parapharmacie en ligne","potentialAction":[{"@type":"SearchAction","target":{"@type":"EntryPoint","urlTemplate":"https:\/\/pharmadreams.shop\/?s={search_term_string}"},"query-input":"required name=search_term_string"}],"inLanguage":"fr-FR"}]}},"_links":{"self":[{"href":"https:\/\/pharmadreams.shop\/index.php\/wp-json\/wp\/v2\/product\/18332","targetHints":{"allow":["GET"]}}],"collection":[{"href":"https:\/\/pharmadreams.shop\/index.php\/wp-json\/wp\/v2\/product"}],"about":[{"href":"https:\/\/pharmadreams.shop\/index.php\/wp-json\/wp\/v2\/types\/product"}],"replies":[{"embeddable":true,"href":"https:\/\/pharmadreams.shop\/index.php\/wp-json\/wp\/v2\/comments?post=18332"}],"version-history":[{"count":0,"href":"https:\/\/pharmadreams.shop\/index.php\/wp-json\/wp\/v2\/product\/18332\/revisions"}],"wp:featuredmedia":[{"embeddable":true,"href":"https:\/\/pharmadreams.shop\/index.php\/wp-json\/wp\/v2\/media\/18333"}],"wp:attachment":[{"href":"https:\/\/pharmadreams.shop\/index.php\/wp-json\/wp\/v2\/media?parent=18332"}],"wp:term":[{"taxonomy":"product_brand","embeddable":true,"href":"https:\/\/pharmadreams.shop\/index.php\/wp-json\/wp\/v2\/product_brand?post=18332"},{"taxonomy":"product_cat","embeddable":true,"href":"https:\/\/pharmadreams.shop\/index.php\/wp-json\/wp\/v2\/product_cat?post=18332"},{"taxonomy":"product_tag","embeddable":true,"href":"https:\/\/pharmadreams.shop\/index.php\/wp-json\/wp\/v2\/product_tag?post=18332"}],"curies":[{"name":"wp","href":"https:\/\/api.w.org\/{rel}","templated":true}]}}