{"id":18336,"date":"2024-05-10T17:14:16","date_gmt":"2024-05-10T16:14:16","guid":{"rendered":"https:\/\/pharmadreams.shop\/?post_type=product&#038;p=18336"},"modified":"2024-05-10T17:14:17","modified_gmt":"2024-05-10T16:14:17","slug":"svr-sensifine-ar-eau-micellaire-200ml","status":"publish","type":"product","link":"https:\/\/pharmadreams.shop\/index.php\/product\/svr-sensifine-ar-eau-micellaire-200ml\/","title":{"rendered":"SVR Sensifine AR Eau Micellaire 200ml"},"content":{"rendered":"","protected":false},"excerpt":{"rendered":"<p>SVR Sensifine AR Eau Micellaire 200ml nettoie et d\u00e9maquille la peau tout en douceur. Elle purifie et favorise l\u2019\u00e9limination de l\u2019exc\u00e8s de s\u00e9bum.<\/p>\n<p>Elle capture les impuret\u00e9s et adoucit la peau. Les peaux sensibles ne sont pas irrit\u00e9es.<\/p>\n<p>Elle laisse la peau fra\u00eeche, douce et apais\u00e9e. Elle a aussi une action matifiante pour les peaux \u00e0 probl\u00e8mes.<\/p>\n<p>Procure une sensation de confort imm\u00e9diat. Convient \u00e9galement aux porteurs de lentilles.<\/p>\n","protected":false},"featured_media":18337,"comment_status":"open","ping_status":"closed","template":"","meta":[],"product_brand":[],"product_cat":[108,191,86,20],"product_tag":[],"class_list":{"0":"post-18336","1":"product","2":"type-product","3":"status-publish","4":"has-post-thumbnail","6":"product_cat-eau-micellaire","7":"product_cat-nettoyant-et-demaquillant","8":"product_cat-peaux-sensibles-et-rougeurs","9":"product_cat-visage","11":"first","12":"instock","13":"shipping-taxable","14":"purchasable","15":"product-type-simple"},"yoast_head":"<!-- This site is optimized with the Yoast SEO plugin v23.0 - https:\/\/yoast.com\/wordpress\/plugins\/seo\/ -->\n<title>SVR Sensifine AR Eau Micellaire 200ml - pharmadreams<\/title>\n<meta name=\"robots\" content=\"index, follow, max-snippet:-1, max-image-preview:large, max-video-preview:-1\" \/>\n<link rel=\"canonical\" href=\"https:\/\/pharmadreams.shop\/index.php\/product\/svr-sensifine-ar-eau-micellaire-200ml\/\" \/>\n<meta property=\"og:locale\" content=\"fr_FR\" \/>\n<meta property=\"og:type\" content=\"article\" \/>\n<meta property=\"og:title\" content=\"SVR Sensifine AR Eau Micellaire 200ml - pharmadreams\" \/>\n<meta property=\"og:description\" content=\"SVR Sensifine AR Eau Micellaire 200ml nettoie et d\u00e9maquille la peau tout en douceur. Elle purifie et favorise l\u2019\u00e9limination de l\u2019exc\u00e8s de s\u00e9bum.  Elle capture les impuret\u00e9s et adoucit la peau. Les peaux sensibles ne sont pas irrit\u00e9es.  Elle laisse la peau fra\u00eeche, douce et apais\u00e9e. Elle a aussi une action matifiante pour les peaux \u00e0 probl\u00e8mes.  Procure une sensation de confort imm\u00e9diat. Convient \u00e9galement aux porteurs de lentilles.\" \/>\n<meta property=\"og:url\" content=\"https:\/\/pharmadreams.shop\/index.php\/product\/svr-sensifine-ar-eau-micellaire-200ml\/\" \/>\n<meta property=\"og:site_name\" content=\"pharmadreams\" \/>\n<meta property=\"article:modified_time\" content=\"2024-05-10T16:14:17+00:00\" \/>\n<meta property=\"og:image\" content=\"https:\/\/pharmadreams.shop\/wp-content\/uploads\/2024\/05\/317536-laboratoires-svr-sensifine-ar-eau-micellaire-200ml-demaquillant-et-nettoyant-200ml-flacon-1000x1000-1.webp\" \/>\n\t<meta property=\"og:image:width\" content=\"1000\" \/>\n\t<meta property=\"og:image:height\" content=\"1000\" \/>\n\t<meta property=\"og:image:type\" content=\"image\/webp\" \/>\n<meta name=\"twitter:card\" content=\"summary_large_image\" \/>\n<meta name=\"twitter:label1\" content=\"Dur\u00e9e de lecture estim\u00e9e\" \/>\n\t<meta name=\"twitter:data1\" content=\"1 minute\" \/>\n<script type=\"application\/ld+json\" class=\"yoast-schema-graph\">{\"@context\":\"https:\/\/schema.org\",\"@graph\":[{\"@type\":\"WebPage\",\"@id\":\"https:\/\/pharmadreams.shop\/index.php\/product\/svr-sensifine-ar-eau-micellaire-200ml\/\",\"url\":\"https:\/\/pharmadreams.shop\/index.php\/product\/svr-sensifine-ar-eau-micellaire-200ml\/\",\"name\":\"SVR Sensifine AR Eau Micellaire 200ml - pharmadreams\",\"isPartOf\":{\"@id\":\"https:\/\/pharmadreams.shop\/#website\"},\"primaryImageOfPage\":{\"@id\":\"https:\/\/pharmadreams.shop\/index.php\/product\/svr-sensifine-ar-eau-micellaire-200ml\/#primaryimage\"},\"image\":{\"@id\":\"https:\/\/pharmadreams.shop\/index.php\/product\/svr-sensifine-ar-eau-micellaire-200ml\/#primaryimage\"},\"thumbnailUrl\":\"https:\/\/pharmadreams.shop\/wp-content\/uploads\/2024\/05\/317536-laboratoires-svr-sensifine-ar-eau-micellaire-200ml-demaquillant-et-nettoyant-200ml-flacon-1000x1000-1.webp\",\"datePublished\":\"2024-05-10T16:14:16+00:00\",\"dateModified\":\"2024-05-10T16:14:17+00:00\",\"breadcrumb\":{\"@id\":\"https:\/\/pharmadreams.shop\/index.php\/product\/svr-sensifine-ar-eau-micellaire-200ml\/#breadcrumb\"},\"inLanguage\":\"fr-FR\",\"potentialAction\":[{\"@type\":\"ReadAction\",\"target\":[\"https:\/\/pharmadreams.shop\/index.php\/product\/svr-sensifine-ar-eau-micellaire-200ml\/\"]}]},{\"@type\":\"ImageObject\",\"inLanguage\":\"fr-FR\",\"@id\":\"https:\/\/pharmadreams.shop\/index.php\/product\/svr-sensifine-ar-eau-micellaire-200ml\/#primaryimage\",\"url\":\"https:\/\/pharmadreams.shop\/wp-content\/uploads\/2024\/05\/317536-laboratoires-svr-sensifine-ar-eau-micellaire-200ml-demaquillant-et-nettoyant-200ml-flacon-1000x1000-1.webp\",\"contentUrl\":\"https:\/\/pharmadreams.shop\/wp-content\/uploads\/2024\/05\/317536-laboratoires-svr-sensifine-ar-eau-micellaire-200ml-demaquillant-et-nettoyant-200ml-flacon-1000x1000-1.webp\",\"width\":1000,\"height\":1000},{\"@type\":\"BreadcrumbList\",\"@id\":\"https:\/\/pharmadreams.shop\/index.php\/product\/svr-sensifine-ar-eau-micellaire-200ml\/#breadcrumb\",\"itemListElement\":[{\"@type\":\"ListItem\",\"position\":1,\"name\":\"Accueil\",\"item\":\"https:\/\/pharmadreams.shop\/\"},{\"@type\":\"ListItem\",\"position\":2,\"name\":\"Shop\",\"item\":\"https:\/\/pharmadreams.shop\/index.php\/shop\/\"},{\"@type\":\"ListItem\",\"position\":3,\"name\":\"SVR Sensifine AR Eau Micellaire 200ml\"}]},{\"@type\":\"WebSite\",\"@id\":\"https:\/\/pharmadreams.shop\/#website\",\"url\":\"https:\/\/pharmadreams.shop\/\",\"name\":\"pharmadreams\",\"description\":\"Parapharmacie en ligne\",\"potentialAction\":[{\"@type\":\"SearchAction\",\"target\":{\"@type\":\"EntryPoint\",\"urlTemplate\":\"https:\/\/pharmadreams.shop\/?s={search_term_string}\"},\"query-input\":\"required name=search_term_string\"}],\"inLanguage\":\"fr-FR\"}]}<\/script>\n<!-- \/ Yoast SEO plugin. -->","yoast_head_json":{"title":"SVR Sensifine AR Eau Micellaire 200ml - pharmadreams","robots":{"index":"index","follow":"follow","max-snippet":"max-snippet:-1","max-image-preview":"max-image-preview:large","max-video-preview":"max-video-preview:-1"},"canonical":"https:\/\/pharmadreams.shop\/index.php\/product\/svr-sensifine-ar-eau-micellaire-200ml\/","og_locale":"fr_FR","og_type":"article","og_title":"SVR Sensifine AR Eau Micellaire 200ml - pharmadreams","og_description":"SVR Sensifine AR Eau Micellaire 200ml nettoie et d\u00e9maquille la peau tout en douceur. Elle purifie et favorise l\u2019\u00e9limination de l\u2019exc\u00e8s de s\u00e9bum.  Elle capture les impuret\u00e9s et adoucit la peau. Les peaux sensibles ne sont pas irrit\u00e9es.  Elle laisse la peau fra\u00eeche, douce et apais\u00e9e. Elle a aussi une action matifiante pour les peaux \u00e0 probl\u00e8mes.  Procure une sensation de confort imm\u00e9diat. Convient \u00e9galement aux porteurs de lentilles.","og_url":"https:\/\/pharmadreams.shop\/index.php\/product\/svr-sensifine-ar-eau-micellaire-200ml\/","og_site_name":"pharmadreams","article_modified_time":"2024-05-10T16:14:17+00:00","og_image":[{"width":1000,"height":1000,"url":"https:\/\/pharmadreams.shop\/wp-content\/uploads\/2024\/05\/317536-laboratoires-svr-sensifine-ar-eau-micellaire-200ml-demaquillant-et-nettoyant-200ml-flacon-1000x1000-1.webp","type":"image\/webp"}],"twitter_card":"summary_large_image","twitter_misc":{"Dur\u00e9e de lecture estim\u00e9e":"1 minute"},"schema":{"@context":"https:\/\/schema.org","@graph":[{"@type":"WebPage","@id":"https:\/\/pharmadreams.shop\/index.php\/product\/svr-sensifine-ar-eau-micellaire-200ml\/","url":"https:\/\/pharmadreams.shop\/index.php\/product\/svr-sensifine-ar-eau-micellaire-200ml\/","name":"SVR Sensifine AR Eau Micellaire 200ml - pharmadreams","isPartOf":{"@id":"https:\/\/pharmadreams.shop\/#website"},"primaryImageOfPage":{"@id":"https:\/\/pharmadreams.shop\/index.php\/product\/svr-sensifine-ar-eau-micellaire-200ml\/#primaryimage"},"image":{"@id":"https:\/\/pharmadreams.shop\/index.php\/product\/svr-sensifine-ar-eau-micellaire-200ml\/#primaryimage"},"thumbnailUrl":"https:\/\/pharmadreams.shop\/wp-content\/uploads\/2024\/05\/317536-laboratoires-svr-sensifine-ar-eau-micellaire-200ml-demaquillant-et-nettoyant-200ml-flacon-1000x1000-1.webp","datePublished":"2024-05-10T16:14:16+00:00","dateModified":"2024-05-10T16:14:17+00:00","breadcrumb":{"@id":"https:\/\/pharmadreams.shop\/index.php\/product\/svr-sensifine-ar-eau-micellaire-200ml\/#breadcrumb"},"inLanguage":"fr-FR","potentialAction":[{"@type":"ReadAction","target":["https:\/\/pharmadreams.shop\/index.php\/product\/svr-sensifine-ar-eau-micellaire-200ml\/"]}]},{"@type":"ImageObject","inLanguage":"fr-FR","@id":"https:\/\/pharmadreams.shop\/index.php\/product\/svr-sensifine-ar-eau-micellaire-200ml\/#primaryimage","url":"https:\/\/pharmadreams.shop\/wp-content\/uploads\/2024\/05\/317536-laboratoires-svr-sensifine-ar-eau-micellaire-200ml-demaquillant-et-nettoyant-200ml-flacon-1000x1000-1.webp","contentUrl":"https:\/\/pharmadreams.shop\/wp-content\/uploads\/2024\/05\/317536-laboratoires-svr-sensifine-ar-eau-micellaire-200ml-demaquillant-et-nettoyant-200ml-flacon-1000x1000-1.webp","width":1000,"height":1000},{"@type":"BreadcrumbList","@id":"https:\/\/pharmadreams.shop\/index.php\/product\/svr-sensifine-ar-eau-micellaire-200ml\/#breadcrumb","itemListElement":[{"@type":"ListItem","position":1,"name":"Accueil","item":"https:\/\/pharmadreams.shop\/"},{"@type":"ListItem","position":2,"name":"Shop","item":"https:\/\/pharmadreams.shop\/index.php\/shop\/"},{"@type":"ListItem","position":3,"name":"SVR Sensifine AR Eau Micellaire 200ml"}]},{"@type":"WebSite","@id":"https:\/\/pharmadreams.shop\/#website","url":"https:\/\/pharmadreams.shop\/","name":"pharmadreams","description":"Parapharmacie en ligne","potentialAction":[{"@type":"SearchAction","target":{"@type":"EntryPoint","urlTemplate":"https:\/\/pharmadreams.shop\/?s={search_term_string}"},"query-input":"required name=search_term_string"}],"inLanguage":"fr-FR"}]}},"_links":{"self":[{"href":"https:\/\/pharmadreams.shop\/index.php\/wp-json\/wp\/v2\/product\/18336","targetHints":{"allow":["GET"]}}],"collection":[{"href":"https:\/\/pharmadreams.shop\/index.php\/wp-json\/wp\/v2\/product"}],"about":[{"href":"https:\/\/pharmadreams.shop\/index.php\/wp-json\/wp\/v2\/types\/product"}],"replies":[{"embeddable":true,"href":"https:\/\/pharmadreams.shop\/index.php\/wp-json\/wp\/v2\/comments?post=18336"}],"version-history":[{"count":0,"href":"https:\/\/pharmadreams.shop\/index.php\/wp-json\/wp\/v2\/product\/18336\/revisions"}],"wp:featuredmedia":[{"embeddable":true,"href":"https:\/\/pharmadreams.shop\/index.php\/wp-json\/wp\/v2\/media\/18337"}],"wp:attachment":[{"href":"https:\/\/pharmadreams.shop\/index.php\/wp-json\/wp\/v2\/media?parent=18336"}],"wp:term":[{"taxonomy":"product_brand","embeddable":true,"href":"https:\/\/pharmadreams.shop\/index.php\/wp-json\/wp\/v2\/product_brand?post=18336"},{"taxonomy":"product_cat","embeddable":true,"href":"https:\/\/pharmadreams.shop\/index.php\/wp-json\/wp\/v2\/product_cat?post=18336"},{"taxonomy":"product_tag","embeddable":true,"href":"https:\/\/pharmadreams.shop\/index.php\/wp-json\/wp\/v2\/product_tag?post=18336"}],"curies":[{"name":"wp","href":"https:\/\/api.w.org\/{rel}","templated":true}]}}