{"id":18345,"date":"2024-05-11T10:51:01","date_gmt":"2024-05-11T09:51:01","guid":{"rendered":"https:\/\/pharmadreams.shop\/?post_type=product&#038;p=18345"},"modified":"2024-05-11T10:51:02","modified_gmt":"2024-05-11T09:51:02","slug":"la-roche-posay-anthelios-uvmune-400-fluide-oil-control-spf50","status":"publish","type":"product","link":"https:\/\/pharmadreams.shop\/index.php\/product\/la-roche-posay-anthelios-uvmune-400-fluide-oil-control-spf50\/","title":{"rendered":"La Roche Posay Anthelios Uvmune 400 Fluide Oil Control SPF50+"},"content":{"rendered":"","protected":false},"excerpt":{"rendered":"<p><strong>La Roche-Posay Anthelios UVMUNE 400 Oil Control Fluid SPF50+ 50ml\u00a0<\/strong>est un fluide \u00e0<strong>\u00a0tr\u00e8s haute protection UV SPF50+\u00a0<\/strong>adapt\u00e9 aux<strong>\u00a0peaux grasses et sensibles<\/strong>.<\/p>\n<ul>\n<li>La cr\u00e8me solaire fluide oil control avec parfum UVMUNE 400 \u00e0 l\u2019eau thermale de La Roche-Posay est un soin visage SPF50+.<\/li>\n<li>Tr\u00e8s haute protection UVA, UVB et UVA ultra-longs<\/li>\n<li>Ultra-r\u00e9sistance\u202f: eau, transpiration, sable<\/li>\n<li>Anti-picotement oculaire<\/li>\n<li>Haute tol\u00e9rance<\/li>\n<li>Effet matifiant 12h<\/li>\n<li>Avec parfum<\/li>\n<li>Texture fluide ultra l\u00e9g\u00e8re<\/li>\n<li>Sans traces blanches<\/li>\n<li>Non gras<\/li>\n<\/ul>\n","protected":false},"featured_media":18346,"comment_status":"open","ping_status":"closed","template":"","meta":[],"product_brand":[],"product_cat":[231,225,194],"product_tag":[],"class_list":{"0":"post-18345","1":"product","2":"type-product","3":"status-publish","4":"has-post-thumbnail","6":"product_cat-ecran-solaire","7":"product_cat-peaux-grasses","8":"product_cat-peaux-sensibles","10":"first","11":"instock","12":"sale","13":"shipping-taxable","14":"purchasable","15":"product-type-simple"},"yoast_head":"<!-- This site is optimized with the Yoast SEO plugin v23.0 - https:\/\/yoast.com\/wordpress\/plugins\/seo\/ -->\n<title>La Roche Posay Anthelios Uvmune 400 Fluide Oil Control SPF50+ - pharmadreams<\/title>\n<meta name=\"robots\" content=\"index, follow, max-snippet:-1, max-image-preview:large, max-video-preview:-1\" \/>\n<link rel=\"canonical\" href=\"https:\/\/pharmadreams.shop\/index.php\/product\/la-roche-posay-anthelios-uvmune-400-fluide-oil-control-spf50\/\" \/>\n<meta property=\"og:locale\" content=\"fr_FR\" \/>\n<meta property=\"og:type\" content=\"article\" \/>\n<meta property=\"og:title\" content=\"La Roche Posay Anthelios Uvmune 400 Fluide Oil Control SPF50+ - pharmadreams\" \/>\n<meta property=\"og:description\" content=\"La Roche-Posay Anthelios UVMUNE 400 Oil Control Fluid SPF50+ 50ml\u00a0est un fluide \u00e0\u00a0tr\u00e8s haute protection UV SPF50+\u00a0adapt\u00e9 aux\u00a0peaux grasses et sensibles.   La cr\u00e8me solaire fluide oil control avec parfum UVMUNE 400 \u00e0 l\u2019eau thermale de La Roche-Posay est un soin visage SPF50+.  Tr\u00e8s haute protection UVA, UVB et UVA ultra-longs  Ultra-r\u00e9sistance\u202f: eau, transpiration, sable  Anti-picotement oculaire  Haute tol\u00e9rance  Effet matifiant 12h  Avec parfum  Texture fluide ultra l\u00e9g\u00e8re  Sans traces blanches  Non gras\" \/>\n<meta property=\"og:url\" content=\"https:\/\/pharmadreams.shop\/index.php\/product\/la-roche-posay-anthelios-uvmune-400-fluide-oil-control-spf50\/\" \/>\n<meta property=\"og:site_name\" content=\"pharmadreams\" \/>\n<meta property=\"article:modified_time\" content=\"2024-05-11T09:51:02+00:00\" \/>\n<meta property=\"og:image\" content=\"https:\/\/pharmadreams.shop\/wp-content\/uploads\/2024\/05\/Uvmune-400-Fluide-Oil-Control-SPF-50.webp\" \/>\n\t<meta property=\"og:image:width\" content=\"1000\" \/>\n\t<meta property=\"og:image:height\" content=\"1000\" \/>\n\t<meta property=\"og:image:type\" content=\"image\/webp\" \/>\n<meta name=\"twitter:card\" content=\"summary_large_image\" \/>\n<meta name=\"twitter:label1\" content=\"Dur\u00e9e de lecture estim\u00e9e\" \/>\n\t<meta name=\"twitter:data1\" content=\"1 minute\" \/>\n<script type=\"application\/ld+json\" class=\"yoast-schema-graph\">{\"@context\":\"https:\/\/schema.org\",\"@graph\":[{\"@type\":\"WebPage\",\"@id\":\"https:\/\/pharmadreams.shop\/index.php\/product\/la-roche-posay-anthelios-uvmune-400-fluide-oil-control-spf50\/\",\"url\":\"https:\/\/pharmadreams.shop\/index.php\/product\/la-roche-posay-anthelios-uvmune-400-fluide-oil-control-spf50\/\",\"name\":\"La Roche Posay Anthelios Uvmune 400 Fluide Oil Control SPF50+ - pharmadreams\",\"isPartOf\":{\"@id\":\"https:\/\/pharmadreams.shop\/#website\"},\"primaryImageOfPage\":{\"@id\":\"https:\/\/pharmadreams.shop\/index.php\/product\/la-roche-posay-anthelios-uvmune-400-fluide-oil-control-spf50\/#primaryimage\"},\"image\":{\"@id\":\"https:\/\/pharmadreams.shop\/index.php\/product\/la-roche-posay-anthelios-uvmune-400-fluide-oil-control-spf50\/#primaryimage\"},\"thumbnailUrl\":\"https:\/\/pharmadreams.shop\/wp-content\/uploads\/2024\/05\/Uvmune-400-Fluide-Oil-Control-SPF-50.webp\",\"datePublished\":\"2024-05-11T09:51:01+00:00\",\"dateModified\":\"2024-05-11T09:51:02+00:00\",\"breadcrumb\":{\"@id\":\"https:\/\/pharmadreams.shop\/index.php\/product\/la-roche-posay-anthelios-uvmune-400-fluide-oil-control-spf50\/#breadcrumb\"},\"inLanguage\":\"fr-FR\",\"potentialAction\":[{\"@type\":\"ReadAction\",\"target\":[\"https:\/\/pharmadreams.shop\/index.php\/product\/la-roche-posay-anthelios-uvmune-400-fluide-oil-control-spf50\/\"]}]},{\"@type\":\"ImageObject\",\"inLanguage\":\"fr-FR\",\"@id\":\"https:\/\/pharmadreams.shop\/index.php\/product\/la-roche-posay-anthelios-uvmune-400-fluide-oil-control-spf50\/#primaryimage\",\"url\":\"https:\/\/pharmadreams.shop\/wp-content\/uploads\/2024\/05\/Uvmune-400-Fluide-Oil-Control-SPF-50.webp\",\"contentUrl\":\"https:\/\/pharmadreams.shop\/wp-content\/uploads\/2024\/05\/Uvmune-400-Fluide-Oil-Control-SPF-50.webp\",\"width\":1000,\"height\":1000},{\"@type\":\"BreadcrumbList\",\"@id\":\"https:\/\/pharmadreams.shop\/index.php\/product\/la-roche-posay-anthelios-uvmune-400-fluide-oil-control-spf50\/#breadcrumb\",\"itemListElement\":[{\"@type\":\"ListItem\",\"position\":1,\"name\":\"Accueil\",\"item\":\"https:\/\/pharmadreams.shop\/\"},{\"@type\":\"ListItem\",\"position\":2,\"name\":\"Shop\",\"item\":\"https:\/\/pharmadreams.shop\/index.php\/shop\/\"},{\"@type\":\"ListItem\",\"position\":3,\"name\":\"La Roche Posay Anthelios Uvmune 400 Fluide Oil Control SPF50+\"}]},{\"@type\":\"WebSite\",\"@id\":\"https:\/\/pharmadreams.shop\/#website\",\"url\":\"https:\/\/pharmadreams.shop\/\",\"name\":\"pharmadreams\",\"description\":\"Parapharmacie en ligne\",\"potentialAction\":[{\"@type\":\"SearchAction\",\"target\":{\"@type\":\"EntryPoint\",\"urlTemplate\":\"https:\/\/pharmadreams.shop\/?s={search_term_string}\"},\"query-input\":\"required name=search_term_string\"}],\"inLanguage\":\"fr-FR\"}]}<\/script>\n<!-- \/ Yoast SEO plugin. -->","yoast_head_json":{"title":"La Roche Posay Anthelios Uvmune 400 Fluide Oil Control SPF50+ - pharmadreams","robots":{"index":"index","follow":"follow","max-snippet":"max-snippet:-1","max-image-preview":"max-image-preview:large","max-video-preview":"max-video-preview:-1"},"canonical":"https:\/\/pharmadreams.shop\/index.php\/product\/la-roche-posay-anthelios-uvmune-400-fluide-oil-control-spf50\/","og_locale":"fr_FR","og_type":"article","og_title":"La Roche Posay Anthelios Uvmune 400 Fluide Oil Control SPF50+ - pharmadreams","og_description":"La Roche-Posay Anthelios UVMUNE 400 Oil Control Fluid SPF50+ 50ml\u00a0est un fluide \u00e0\u00a0tr\u00e8s haute protection UV SPF50+\u00a0adapt\u00e9 aux\u00a0peaux grasses et sensibles.   La cr\u00e8me solaire fluide oil control avec parfum UVMUNE 400 \u00e0 l\u2019eau thermale de La Roche-Posay est un soin visage SPF50+.  Tr\u00e8s haute protection UVA, UVB et UVA ultra-longs  Ultra-r\u00e9sistance\u202f: eau, transpiration, sable  Anti-picotement oculaire  Haute tol\u00e9rance  Effet matifiant 12h  Avec parfum  Texture fluide ultra l\u00e9g\u00e8re  Sans traces blanches  Non gras","og_url":"https:\/\/pharmadreams.shop\/index.php\/product\/la-roche-posay-anthelios-uvmune-400-fluide-oil-control-spf50\/","og_site_name":"pharmadreams","article_modified_time":"2024-05-11T09:51:02+00:00","og_image":[{"width":1000,"height":1000,"url":"https:\/\/pharmadreams.shop\/wp-content\/uploads\/2024\/05\/Uvmune-400-Fluide-Oil-Control-SPF-50.webp","type":"image\/webp"}],"twitter_card":"summary_large_image","twitter_misc":{"Dur\u00e9e de lecture estim\u00e9e":"1 minute"},"schema":{"@context":"https:\/\/schema.org","@graph":[{"@type":"WebPage","@id":"https:\/\/pharmadreams.shop\/index.php\/product\/la-roche-posay-anthelios-uvmune-400-fluide-oil-control-spf50\/","url":"https:\/\/pharmadreams.shop\/index.php\/product\/la-roche-posay-anthelios-uvmune-400-fluide-oil-control-spf50\/","name":"La Roche Posay Anthelios Uvmune 400 Fluide Oil Control SPF50+ - pharmadreams","isPartOf":{"@id":"https:\/\/pharmadreams.shop\/#website"},"primaryImageOfPage":{"@id":"https:\/\/pharmadreams.shop\/index.php\/product\/la-roche-posay-anthelios-uvmune-400-fluide-oil-control-spf50\/#primaryimage"},"image":{"@id":"https:\/\/pharmadreams.shop\/index.php\/product\/la-roche-posay-anthelios-uvmune-400-fluide-oil-control-spf50\/#primaryimage"},"thumbnailUrl":"https:\/\/pharmadreams.shop\/wp-content\/uploads\/2024\/05\/Uvmune-400-Fluide-Oil-Control-SPF-50.webp","datePublished":"2024-05-11T09:51:01+00:00","dateModified":"2024-05-11T09:51:02+00:00","breadcrumb":{"@id":"https:\/\/pharmadreams.shop\/index.php\/product\/la-roche-posay-anthelios-uvmune-400-fluide-oil-control-spf50\/#breadcrumb"},"inLanguage":"fr-FR","potentialAction":[{"@type":"ReadAction","target":["https:\/\/pharmadreams.shop\/index.php\/product\/la-roche-posay-anthelios-uvmune-400-fluide-oil-control-spf50\/"]}]},{"@type":"ImageObject","inLanguage":"fr-FR","@id":"https:\/\/pharmadreams.shop\/index.php\/product\/la-roche-posay-anthelios-uvmune-400-fluide-oil-control-spf50\/#primaryimage","url":"https:\/\/pharmadreams.shop\/wp-content\/uploads\/2024\/05\/Uvmune-400-Fluide-Oil-Control-SPF-50.webp","contentUrl":"https:\/\/pharmadreams.shop\/wp-content\/uploads\/2024\/05\/Uvmune-400-Fluide-Oil-Control-SPF-50.webp","width":1000,"height":1000},{"@type":"BreadcrumbList","@id":"https:\/\/pharmadreams.shop\/index.php\/product\/la-roche-posay-anthelios-uvmune-400-fluide-oil-control-spf50\/#breadcrumb","itemListElement":[{"@type":"ListItem","position":1,"name":"Accueil","item":"https:\/\/pharmadreams.shop\/"},{"@type":"ListItem","position":2,"name":"Shop","item":"https:\/\/pharmadreams.shop\/index.php\/shop\/"},{"@type":"ListItem","position":3,"name":"La Roche Posay Anthelios Uvmune 400 Fluide Oil Control SPF50+"}]},{"@type":"WebSite","@id":"https:\/\/pharmadreams.shop\/#website","url":"https:\/\/pharmadreams.shop\/","name":"pharmadreams","description":"Parapharmacie en ligne","potentialAction":[{"@type":"SearchAction","target":{"@type":"EntryPoint","urlTemplate":"https:\/\/pharmadreams.shop\/?s={search_term_string}"},"query-input":"required name=search_term_string"}],"inLanguage":"fr-FR"}]}},"_links":{"self":[{"href":"https:\/\/pharmadreams.shop\/index.php\/wp-json\/wp\/v2\/product\/18345","targetHints":{"allow":["GET"]}}],"collection":[{"href":"https:\/\/pharmadreams.shop\/index.php\/wp-json\/wp\/v2\/product"}],"about":[{"href":"https:\/\/pharmadreams.shop\/index.php\/wp-json\/wp\/v2\/types\/product"}],"replies":[{"embeddable":true,"href":"https:\/\/pharmadreams.shop\/index.php\/wp-json\/wp\/v2\/comments?post=18345"}],"version-history":[{"count":0,"href":"https:\/\/pharmadreams.shop\/index.php\/wp-json\/wp\/v2\/product\/18345\/revisions"}],"wp:featuredmedia":[{"embeddable":true,"href":"https:\/\/pharmadreams.shop\/index.php\/wp-json\/wp\/v2\/media\/18346"}],"wp:attachment":[{"href":"https:\/\/pharmadreams.shop\/index.php\/wp-json\/wp\/v2\/media?parent=18345"}],"wp:term":[{"taxonomy":"product_brand","embeddable":true,"href":"https:\/\/pharmadreams.shop\/index.php\/wp-json\/wp\/v2\/product_brand?post=18345"},{"taxonomy":"product_cat","embeddable":true,"href":"https:\/\/pharmadreams.shop\/index.php\/wp-json\/wp\/v2\/product_cat?post=18345"},{"taxonomy":"product_tag","embeddable":true,"href":"https:\/\/pharmadreams.shop\/index.php\/wp-json\/wp\/v2\/product_tag?post=18345"}],"curies":[{"name":"wp","href":"https:\/\/api.w.org\/{rel}","templated":true}]}}