{"id":18351,"date":"2024-05-11T11:14:51","date_gmt":"2024-05-11T10:14:51","guid":{"rendered":"https:\/\/pharmadreams.shop\/?post_type=product&#038;p=18351"},"modified":"2024-05-11T11:14:52","modified_gmt":"2024-05-11T10:14:52","slug":"svr-trousse-c20-biotic-creme-regenerante-eclat-50ml-ampoule-hydra-b3-30ml-svr-ampoule-anit-ox-c-10ml-offrete","status":"publish","type":"product","link":"https:\/\/pharmadreams.shop\/index.php\/product\/svr-trousse-c20-biotic-creme-regenerante-eclat-50ml-ampoule-hydra-b3-30ml-svr-ampoule-anit-ox-c-10ml-offrete\/","title":{"rendered":"SVR Trousse [C20] BIOTIC Cr\u00e8me r\u00e9g\u00e9n\u00e9rante \u00e9clat 50ml + AMPOULE HYDRA [B3] 30ml + SVR AMPOULE ANIT OX [C ] 10ml OFFRETE"},"content":{"rendered":"","protected":false},"excerpt":{"rendered":"<p>Cette trousse de SVR est Id\u00e9ale pour votre routine pour une peau rebondie et hydrat\u00e9e, elle se compose de:<\/p>\n<p>&#8211; SVR [B3] AMPOULE HYDRA\u00a0 30ml :\u00a0 S\u00e9rum ultra concentr\u00e9 en vitamine B3 ET 3 acides Hyaluronique Jour apr\u00e8s jour, la peau se repulpe et les signes de l&rsquo;\u00e2ge sont estomp\u00e9s.<\/p>\n<p>&#8211; SVR [COLLAGEN] BIOTIC 50 ml : LISSE, PEAU RAFFERMIE ET REBONDIE + 31% PEAU REPULP\u00c9E EN 1 MOIS.<\/p>\n<p>-et SVR [C] AMPOULE ANTI OX 10ml offerte :\u00a0 POUR UNE PEAU EN PLEINE FORME TONIQUE, LUMINEUSE ET UNIFORME.<\/p>\n","protected":false},"featured_media":18352,"comment_status":"open","ping_status":"closed","template":"","meta":[],"product_brand":[],"product_cat":[100,120,98,20],"product_tag":[],"class_list":{"0":"post-18351","1":"product","2":"type-product","3":"status-publish","4":"has-post-thumbnail","6":"product_cat-anti-age","7":"product_cat-anti-rides","8":"product_cat-hydratation","9":"product_cat-visage","11":"first","12":"instock","13":"sale","14":"shipping-taxable","15":"purchasable","16":"product-type-simple"},"yoast_head":"<!-- This site is optimized with the Yoast SEO plugin v23.0 - https:\/\/yoast.com\/wordpress\/plugins\/seo\/ -->\n<title>SVR Trousse [C20] BIOTIC Cr\u00e8me r\u00e9g\u00e9n\u00e9rante \u00e9clat 50ml + AMPOULE HYDRA [B3] 30ml + SVR AMPOULE ANIT OX [C ] 10ml OFFRETE - pharmadreams<\/title>\n<meta name=\"robots\" content=\"index, follow, max-snippet:-1, max-image-preview:large, max-video-preview:-1\" \/>\n<link rel=\"canonical\" href=\"https:\/\/pharmadreams.shop\/index.php\/product\/svr-trousse-c20-biotic-creme-regenerante-eclat-50ml-ampoule-hydra-b3-30ml-svr-ampoule-anit-ox-c-10ml-offrete\/\" \/>\n<meta property=\"og:locale\" content=\"fr_FR\" \/>\n<meta property=\"og:type\" content=\"article\" \/>\n<meta property=\"og:title\" content=\"SVR Trousse [C20] BIOTIC Cr\u00e8me r\u00e9g\u00e9n\u00e9rante \u00e9clat 50ml + AMPOULE HYDRA [B3] 30ml + SVR AMPOULE ANIT OX [C ] 10ml OFFRETE - pharmadreams\" \/>\n<meta property=\"og:description\" content=\"Cette trousse de SVR est Id\u00e9ale pour votre routine pour une peau rebondie et hydrat\u00e9e, elle se compose de:  - SVR [B3] AMPOULE HYDRA\u00a0 30ml :\u00a0 S\u00e9rum ultra concentr\u00e9 en vitamine B3 ET 3 acides Hyaluronique Jour apr\u00e8s jour, la peau se repulpe et les signes de l&#039;\u00e2ge sont estomp\u00e9s.  - SVR [COLLAGEN] BIOTIC 50 ml : LISSE, PEAU RAFFERMIE ET REBONDIE + 31% PEAU REPULP\u00c9E EN 1 MOIS.  -et SVR [C] AMPOULE ANTI OX 10ml offerte :\u00a0 POUR UNE PEAU EN PLEINE FORME TONIQUE, LUMINEUSE ET UNIFORME.\" \/>\n<meta property=\"og:url\" content=\"https:\/\/pharmadreams.shop\/index.php\/product\/svr-trousse-c20-biotic-creme-regenerante-eclat-50ml-ampoule-hydra-b3-30ml-svr-ampoule-anit-ox-c-10ml-offrete\/\" \/>\n<meta property=\"og:site_name\" content=\"pharmadreams\" \/>\n<meta property=\"article:modified_time\" content=\"2024-05-11T10:14:52+00:00\" \/>\n<meta property=\"og:image\" content=\"https:\/\/pharmadreams.shop\/wp-content\/uploads\/2024\/05\/svr-trousse-c20-biotic-creme-regenerante-eclat-50ml-ampoule-hydra-b3-30ml-svr-ampoule-anit-ox-c-10ml-offrete.jpg\" \/>\n\t<meta property=\"og:image:width\" content=\"560\" \/>\n\t<meta property=\"og:image:height\" content=\"560\" \/>\n\t<meta property=\"og:image:type\" content=\"image\/jpeg\" \/>\n<meta name=\"twitter:card\" content=\"summary_large_image\" \/>\n<meta name=\"twitter:label1\" content=\"Dur\u00e9e de lecture estim\u00e9e\" \/>\n\t<meta name=\"twitter:data1\" content=\"1 minute\" \/>\n<script type=\"application\/ld+json\" class=\"yoast-schema-graph\">{\"@context\":\"https:\/\/schema.org\",\"@graph\":[{\"@type\":\"WebPage\",\"@id\":\"https:\/\/pharmadreams.shop\/index.php\/product\/svr-trousse-c20-biotic-creme-regenerante-eclat-50ml-ampoule-hydra-b3-30ml-svr-ampoule-anit-ox-c-10ml-offrete\/\",\"url\":\"https:\/\/pharmadreams.shop\/index.php\/product\/svr-trousse-c20-biotic-creme-regenerante-eclat-50ml-ampoule-hydra-b3-30ml-svr-ampoule-anit-ox-c-10ml-offrete\/\",\"name\":\"SVR Trousse [C20] BIOTIC Cr\u00e8me r\u00e9g\u00e9n\u00e9rante \u00e9clat 50ml + AMPOULE HYDRA [B3] 30ml + SVR AMPOULE ANIT OX [C ] 10ml OFFRETE - pharmadreams\",\"isPartOf\":{\"@id\":\"https:\/\/pharmadreams.shop\/#website\"},\"primaryImageOfPage\":{\"@id\":\"https:\/\/pharmadreams.shop\/index.php\/product\/svr-trousse-c20-biotic-creme-regenerante-eclat-50ml-ampoule-hydra-b3-30ml-svr-ampoule-anit-ox-c-10ml-offrete\/#primaryimage\"},\"image\":{\"@id\":\"https:\/\/pharmadreams.shop\/index.php\/product\/svr-trousse-c20-biotic-creme-regenerante-eclat-50ml-ampoule-hydra-b3-30ml-svr-ampoule-anit-ox-c-10ml-offrete\/#primaryimage\"},\"thumbnailUrl\":\"https:\/\/pharmadreams.shop\/wp-content\/uploads\/2024\/05\/svr-trousse-c20-biotic-creme-regenerante-eclat-50ml-ampoule-hydra-b3-30ml-svr-ampoule-anit-ox-c-10ml-offrete.jpg\",\"datePublished\":\"2024-05-11T10:14:51+00:00\",\"dateModified\":\"2024-05-11T10:14:52+00:00\",\"breadcrumb\":{\"@id\":\"https:\/\/pharmadreams.shop\/index.php\/product\/svr-trousse-c20-biotic-creme-regenerante-eclat-50ml-ampoule-hydra-b3-30ml-svr-ampoule-anit-ox-c-10ml-offrete\/#breadcrumb\"},\"inLanguage\":\"fr-FR\",\"potentialAction\":[{\"@type\":\"ReadAction\",\"target\":[\"https:\/\/pharmadreams.shop\/index.php\/product\/svr-trousse-c20-biotic-creme-regenerante-eclat-50ml-ampoule-hydra-b3-30ml-svr-ampoule-anit-ox-c-10ml-offrete\/\"]}]},{\"@type\":\"ImageObject\",\"inLanguage\":\"fr-FR\",\"@id\":\"https:\/\/pharmadreams.shop\/index.php\/product\/svr-trousse-c20-biotic-creme-regenerante-eclat-50ml-ampoule-hydra-b3-30ml-svr-ampoule-anit-ox-c-10ml-offrete\/#primaryimage\",\"url\":\"https:\/\/pharmadreams.shop\/wp-content\/uploads\/2024\/05\/svr-trousse-c20-biotic-creme-regenerante-eclat-50ml-ampoule-hydra-b3-30ml-svr-ampoule-anit-ox-c-10ml-offrete.jpg\",\"contentUrl\":\"https:\/\/pharmadreams.shop\/wp-content\/uploads\/2024\/05\/svr-trousse-c20-biotic-creme-regenerante-eclat-50ml-ampoule-hydra-b3-30ml-svr-ampoule-anit-ox-c-10ml-offrete.jpg\",\"width\":560,\"height\":560},{\"@type\":\"BreadcrumbList\",\"@id\":\"https:\/\/pharmadreams.shop\/index.php\/product\/svr-trousse-c20-biotic-creme-regenerante-eclat-50ml-ampoule-hydra-b3-30ml-svr-ampoule-anit-ox-c-10ml-offrete\/#breadcrumb\",\"itemListElement\":[{\"@type\":\"ListItem\",\"position\":1,\"name\":\"Accueil\",\"item\":\"https:\/\/pharmadreams.shop\/\"},{\"@type\":\"ListItem\",\"position\":2,\"name\":\"Shop\",\"item\":\"https:\/\/pharmadreams.shop\/index.php\/shop\/\"},{\"@type\":\"ListItem\",\"position\":3,\"name\":\"SVR Trousse [C20] BIOTIC Cr\u00e8me r\u00e9g\u00e9n\u00e9rante \u00e9clat 50ml + AMPOULE HYDRA [B3] 30ml + SVR AMPOULE ANIT OX [C ] 10ml OFFRETE\"}]},{\"@type\":\"WebSite\",\"@id\":\"https:\/\/pharmadreams.shop\/#website\",\"url\":\"https:\/\/pharmadreams.shop\/\",\"name\":\"pharmadreams\",\"description\":\"Parapharmacie en ligne\",\"potentialAction\":[{\"@type\":\"SearchAction\",\"target\":{\"@type\":\"EntryPoint\",\"urlTemplate\":\"https:\/\/pharmadreams.shop\/?s={search_term_string}\"},\"query-input\":\"required name=search_term_string\"}],\"inLanguage\":\"fr-FR\"}]}<\/script>\n<!-- \/ Yoast SEO plugin. -->","yoast_head_json":{"title":"SVR Trousse [C20] BIOTIC Cr\u00e8me r\u00e9g\u00e9n\u00e9rante \u00e9clat 50ml + AMPOULE HYDRA [B3] 30ml + SVR AMPOULE ANIT OX [C ] 10ml OFFRETE - pharmadreams","robots":{"index":"index","follow":"follow","max-snippet":"max-snippet:-1","max-image-preview":"max-image-preview:large","max-video-preview":"max-video-preview:-1"},"canonical":"https:\/\/pharmadreams.shop\/index.php\/product\/svr-trousse-c20-biotic-creme-regenerante-eclat-50ml-ampoule-hydra-b3-30ml-svr-ampoule-anit-ox-c-10ml-offrete\/","og_locale":"fr_FR","og_type":"article","og_title":"SVR Trousse [C20] BIOTIC Cr\u00e8me r\u00e9g\u00e9n\u00e9rante \u00e9clat 50ml + AMPOULE HYDRA [B3] 30ml + SVR AMPOULE ANIT OX [C ] 10ml OFFRETE - pharmadreams","og_description":"Cette trousse de SVR est Id\u00e9ale pour votre routine pour une peau rebondie et hydrat\u00e9e, elle se compose de:  - SVR [B3] AMPOULE HYDRA\u00a0 30ml :\u00a0 S\u00e9rum ultra concentr\u00e9 en vitamine B3 ET 3 acides Hyaluronique Jour apr\u00e8s jour, la peau se repulpe et les signes de l'\u00e2ge sont estomp\u00e9s.  - SVR [COLLAGEN] BIOTIC 50 ml : LISSE, PEAU RAFFERMIE ET REBONDIE + 31% PEAU REPULP\u00c9E EN 1 MOIS.  -et SVR [C] AMPOULE ANTI OX 10ml offerte :\u00a0 POUR UNE PEAU EN PLEINE FORME TONIQUE, LUMINEUSE ET UNIFORME.","og_url":"https:\/\/pharmadreams.shop\/index.php\/product\/svr-trousse-c20-biotic-creme-regenerante-eclat-50ml-ampoule-hydra-b3-30ml-svr-ampoule-anit-ox-c-10ml-offrete\/","og_site_name":"pharmadreams","article_modified_time":"2024-05-11T10:14:52+00:00","og_image":[{"width":560,"height":560,"url":"https:\/\/pharmadreams.shop\/wp-content\/uploads\/2024\/05\/svr-trousse-c20-biotic-creme-regenerante-eclat-50ml-ampoule-hydra-b3-30ml-svr-ampoule-anit-ox-c-10ml-offrete.jpg","type":"image\/jpeg"}],"twitter_card":"summary_large_image","twitter_misc":{"Dur\u00e9e de lecture estim\u00e9e":"1 minute"},"schema":{"@context":"https:\/\/schema.org","@graph":[{"@type":"WebPage","@id":"https:\/\/pharmadreams.shop\/index.php\/product\/svr-trousse-c20-biotic-creme-regenerante-eclat-50ml-ampoule-hydra-b3-30ml-svr-ampoule-anit-ox-c-10ml-offrete\/","url":"https:\/\/pharmadreams.shop\/index.php\/product\/svr-trousse-c20-biotic-creme-regenerante-eclat-50ml-ampoule-hydra-b3-30ml-svr-ampoule-anit-ox-c-10ml-offrete\/","name":"SVR Trousse [C20] BIOTIC Cr\u00e8me r\u00e9g\u00e9n\u00e9rante \u00e9clat 50ml + AMPOULE HYDRA [B3] 30ml + SVR AMPOULE ANIT OX [C ] 10ml OFFRETE - pharmadreams","isPartOf":{"@id":"https:\/\/pharmadreams.shop\/#website"},"primaryImageOfPage":{"@id":"https:\/\/pharmadreams.shop\/index.php\/product\/svr-trousse-c20-biotic-creme-regenerante-eclat-50ml-ampoule-hydra-b3-30ml-svr-ampoule-anit-ox-c-10ml-offrete\/#primaryimage"},"image":{"@id":"https:\/\/pharmadreams.shop\/index.php\/product\/svr-trousse-c20-biotic-creme-regenerante-eclat-50ml-ampoule-hydra-b3-30ml-svr-ampoule-anit-ox-c-10ml-offrete\/#primaryimage"},"thumbnailUrl":"https:\/\/pharmadreams.shop\/wp-content\/uploads\/2024\/05\/svr-trousse-c20-biotic-creme-regenerante-eclat-50ml-ampoule-hydra-b3-30ml-svr-ampoule-anit-ox-c-10ml-offrete.jpg","datePublished":"2024-05-11T10:14:51+00:00","dateModified":"2024-05-11T10:14:52+00:00","breadcrumb":{"@id":"https:\/\/pharmadreams.shop\/index.php\/product\/svr-trousse-c20-biotic-creme-regenerante-eclat-50ml-ampoule-hydra-b3-30ml-svr-ampoule-anit-ox-c-10ml-offrete\/#breadcrumb"},"inLanguage":"fr-FR","potentialAction":[{"@type":"ReadAction","target":["https:\/\/pharmadreams.shop\/index.php\/product\/svr-trousse-c20-biotic-creme-regenerante-eclat-50ml-ampoule-hydra-b3-30ml-svr-ampoule-anit-ox-c-10ml-offrete\/"]}]},{"@type":"ImageObject","inLanguage":"fr-FR","@id":"https:\/\/pharmadreams.shop\/index.php\/product\/svr-trousse-c20-biotic-creme-regenerante-eclat-50ml-ampoule-hydra-b3-30ml-svr-ampoule-anit-ox-c-10ml-offrete\/#primaryimage","url":"https:\/\/pharmadreams.shop\/wp-content\/uploads\/2024\/05\/svr-trousse-c20-biotic-creme-regenerante-eclat-50ml-ampoule-hydra-b3-30ml-svr-ampoule-anit-ox-c-10ml-offrete.jpg","contentUrl":"https:\/\/pharmadreams.shop\/wp-content\/uploads\/2024\/05\/svr-trousse-c20-biotic-creme-regenerante-eclat-50ml-ampoule-hydra-b3-30ml-svr-ampoule-anit-ox-c-10ml-offrete.jpg","width":560,"height":560},{"@type":"BreadcrumbList","@id":"https:\/\/pharmadreams.shop\/index.php\/product\/svr-trousse-c20-biotic-creme-regenerante-eclat-50ml-ampoule-hydra-b3-30ml-svr-ampoule-anit-ox-c-10ml-offrete\/#breadcrumb","itemListElement":[{"@type":"ListItem","position":1,"name":"Accueil","item":"https:\/\/pharmadreams.shop\/"},{"@type":"ListItem","position":2,"name":"Shop","item":"https:\/\/pharmadreams.shop\/index.php\/shop\/"},{"@type":"ListItem","position":3,"name":"SVR Trousse [C20] BIOTIC Cr\u00e8me r\u00e9g\u00e9n\u00e9rante \u00e9clat 50ml + AMPOULE HYDRA [B3] 30ml + SVR AMPOULE ANIT OX [C ] 10ml OFFRETE"}]},{"@type":"WebSite","@id":"https:\/\/pharmadreams.shop\/#website","url":"https:\/\/pharmadreams.shop\/","name":"pharmadreams","description":"Parapharmacie en ligne","potentialAction":[{"@type":"SearchAction","target":{"@type":"EntryPoint","urlTemplate":"https:\/\/pharmadreams.shop\/?s={search_term_string}"},"query-input":"required name=search_term_string"}],"inLanguage":"fr-FR"}]}},"_links":{"self":[{"href":"https:\/\/pharmadreams.shop\/index.php\/wp-json\/wp\/v2\/product\/18351","targetHints":{"allow":["GET"]}}],"collection":[{"href":"https:\/\/pharmadreams.shop\/index.php\/wp-json\/wp\/v2\/product"}],"about":[{"href":"https:\/\/pharmadreams.shop\/index.php\/wp-json\/wp\/v2\/types\/product"}],"replies":[{"embeddable":true,"href":"https:\/\/pharmadreams.shop\/index.php\/wp-json\/wp\/v2\/comments?post=18351"}],"version-history":[{"count":0,"href":"https:\/\/pharmadreams.shop\/index.php\/wp-json\/wp\/v2\/product\/18351\/revisions"}],"wp:featuredmedia":[{"embeddable":true,"href":"https:\/\/pharmadreams.shop\/index.php\/wp-json\/wp\/v2\/media\/18352"}],"wp:attachment":[{"href":"https:\/\/pharmadreams.shop\/index.php\/wp-json\/wp\/v2\/media?parent=18351"}],"wp:term":[{"taxonomy":"product_brand","embeddable":true,"href":"https:\/\/pharmadreams.shop\/index.php\/wp-json\/wp\/v2\/product_brand?post=18351"},{"taxonomy":"product_cat","embeddable":true,"href":"https:\/\/pharmadreams.shop\/index.php\/wp-json\/wp\/v2\/product_cat?post=18351"},{"taxonomy":"product_tag","embeddable":true,"href":"https:\/\/pharmadreams.shop\/index.php\/wp-json\/wp\/v2\/product_tag?post=18351"}],"curies":[{"name":"wp","href":"https:\/\/api.w.org\/{rel}","templated":true}]}}