{"id":18372,"date":"2024-05-14T17:16:04","date_gmt":"2024-05-14T16:16:04","guid":{"rendered":"https:\/\/pharmadreams.shop\/?post_type=product&#038;p=18372"},"modified":"2024-05-14T17:16:04","modified_gmt":"2024-05-14T16:16:04","slug":"daylong-extreme-lotion-solaire-spf50-100ml","status":"publish","type":"product","link":"https:\/\/pharmadreams.shop\/index.php\/product\/daylong-extreme-lotion-solaire-spf50-100ml\/","title":{"rendered":"Daylong Extreme Lotion Solaire SPF50+ 100ml"},"content":{"rendered":"","protected":false},"excerpt":{"rendered":"<p><strong>Daylong Extreme SPF50+<\/strong>\u00a0est un\u00a0<strong>lait de\u00a0<a href=\"https:\/\/www.maparatunisie.tn\/categorie-produit\/solaire\/protection-solaire\/\">protection solaire<\/a>\u00a0liposimal<\/strong>\u00a0qui conf\u00e8re \u00e0 la fois du bien-\u00eatre et une tr\u00e8s haute protection longue dur\u00e9e pour les personnes qui ont les\u00a0<strong>peaux les plus sensibles au soleil<\/strong>.<\/p>\n<p><strong>Daylong Extreme SPF50+<\/strong>\u00a0peut aussi bien \u00eatre appliqu\u00e9 sur le visage que sur le corps, et est indiqu\u00e9 en cas d\u2019ensoleillement extr\u00eame (par exemple en haute montagne ou sous les tropiques), d\u2019intol\u00e9rance ou d\u2019allergie au soleil, ou encore de cicatrices ou suite \u00e0 un traitement laser. Cette lotion solaire permet aussi de pr\u00e9venir les taches de pigmentation qui sont dues \u00e0 une grossesse ou \u00e0 la photosensibilisation.<\/p>\n","protected":false},"featured_media":18373,"comment_status":"open","ping_status":"closed","template":"","meta":[],"product_brand":[],"product_cat":[28,231,194,233,20],"product_tag":[],"class_list":{"0":"post-18372","1":"product","2":"type-product","3":"status-publish","4":"has-post-thumbnail","6":"product_cat-corps","7":"product_cat-ecran-solaire","8":"product_cat-peaux-sensibles","9":"product_cat-protection-solaire","10":"product_cat-visage","12":"first","13":"instock","14":"sale","15":"shipping-taxable","16":"purchasable","17":"product-type-simple"},"yoast_head":"<!-- This site is optimized with the Yoast SEO plugin v23.0 - https:\/\/yoast.com\/wordpress\/plugins\/seo\/ -->\n<title>Daylong Extreme Lotion Solaire SPF50+ 100ml - pharmadreams<\/title>\n<meta name=\"robots\" content=\"index, follow, max-snippet:-1, max-image-preview:large, max-video-preview:-1\" \/>\n<link rel=\"canonical\" href=\"https:\/\/pharmadreams.shop\/index.php\/product\/daylong-extreme-lotion-solaire-spf50-100ml\/\" \/>\n<meta property=\"og:locale\" content=\"fr_FR\" \/>\n<meta property=\"og:type\" content=\"article\" \/>\n<meta property=\"og:title\" content=\"Daylong Extreme Lotion Solaire SPF50+ 100ml - pharmadreams\" \/>\n<meta property=\"og:description\" content=\"Daylong Extreme SPF50+\u00a0est un\u00a0lait de\u00a0protection solaire\u00a0liposimal\u00a0qui conf\u00e8re \u00e0 la fois du bien-\u00eatre et une tr\u00e8s haute protection longue dur\u00e9e pour les personnes qui ont les\u00a0peaux les plus sensibles au soleil.  Daylong Extreme SPF50+\u00a0peut aussi bien \u00eatre appliqu\u00e9 sur le visage que sur le corps, et est indiqu\u00e9 en cas d\u2019ensoleillement extr\u00eame (par exemple en haute montagne ou sous les tropiques), d\u2019intol\u00e9rance ou d\u2019allergie au soleil, ou encore de cicatrices ou suite \u00e0 un traitement laser. Cette lotion solaire permet aussi de pr\u00e9venir les taches de pigmentation qui sont dues \u00e0 une grossesse ou \u00e0 la photosensibilisation.\" \/>\n<meta property=\"og:url\" content=\"https:\/\/pharmadreams.shop\/index.php\/product\/daylong-extreme-lotion-solaire-spf50-100ml\/\" \/>\n<meta property=\"og:site_name\" content=\"pharmadreams\" \/>\n<meta property=\"og:image\" content=\"https:\/\/pharmadreams.shop\/wp-content\/uploads\/2024\/05\/daylong-extreme-spf-50-ecran-100ml.webp\" \/>\n\t<meta property=\"og:image:width\" content=\"1000\" \/>\n\t<meta property=\"og:image:height\" content=\"1000\" \/>\n\t<meta property=\"og:image:type\" content=\"image\/webp\" \/>\n<meta name=\"twitter:card\" content=\"summary_large_image\" \/>\n<meta name=\"twitter:label1\" content=\"Dur\u00e9e de lecture estim\u00e9e\" \/>\n\t<meta name=\"twitter:data1\" content=\"1 minute\" \/>\n<script type=\"application\/ld+json\" class=\"yoast-schema-graph\">{\"@context\":\"https:\/\/schema.org\",\"@graph\":[{\"@type\":\"WebPage\",\"@id\":\"https:\/\/pharmadreams.shop\/index.php\/product\/daylong-extreme-lotion-solaire-spf50-100ml\/\",\"url\":\"https:\/\/pharmadreams.shop\/index.php\/product\/daylong-extreme-lotion-solaire-spf50-100ml\/\",\"name\":\"Daylong Extreme Lotion Solaire SPF50+ 100ml - pharmadreams\",\"isPartOf\":{\"@id\":\"https:\/\/pharmadreams.shop\/#website\"},\"primaryImageOfPage\":{\"@id\":\"https:\/\/pharmadreams.shop\/index.php\/product\/daylong-extreme-lotion-solaire-spf50-100ml\/#primaryimage\"},\"image\":{\"@id\":\"https:\/\/pharmadreams.shop\/index.php\/product\/daylong-extreme-lotion-solaire-spf50-100ml\/#primaryimage\"},\"thumbnailUrl\":\"https:\/\/pharmadreams.shop\/wp-content\/uploads\/2024\/05\/daylong-extreme-spf-50-ecran-100ml.webp\",\"datePublished\":\"2024-05-14T16:16:04+00:00\",\"dateModified\":\"2024-05-14T16:16:04+00:00\",\"breadcrumb\":{\"@id\":\"https:\/\/pharmadreams.shop\/index.php\/product\/daylong-extreme-lotion-solaire-spf50-100ml\/#breadcrumb\"},\"inLanguage\":\"fr-FR\",\"potentialAction\":[{\"@type\":\"ReadAction\",\"target\":[\"https:\/\/pharmadreams.shop\/index.php\/product\/daylong-extreme-lotion-solaire-spf50-100ml\/\"]}]},{\"@type\":\"ImageObject\",\"inLanguage\":\"fr-FR\",\"@id\":\"https:\/\/pharmadreams.shop\/index.php\/product\/daylong-extreme-lotion-solaire-spf50-100ml\/#primaryimage\",\"url\":\"https:\/\/pharmadreams.shop\/wp-content\/uploads\/2024\/05\/daylong-extreme-spf-50-ecran-100ml.webp\",\"contentUrl\":\"https:\/\/pharmadreams.shop\/wp-content\/uploads\/2024\/05\/daylong-extreme-spf-50-ecran-100ml.webp\",\"width\":1000,\"height\":1000},{\"@type\":\"BreadcrumbList\",\"@id\":\"https:\/\/pharmadreams.shop\/index.php\/product\/daylong-extreme-lotion-solaire-spf50-100ml\/#breadcrumb\",\"itemListElement\":[{\"@type\":\"ListItem\",\"position\":1,\"name\":\"Accueil\",\"item\":\"https:\/\/pharmadreams.shop\/\"},{\"@type\":\"ListItem\",\"position\":2,\"name\":\"Shop\",\"item\":\"https:\/\/pharmadreams.shop\/index.php\/shop\/\"},{\"@type\":\"ListItem\",\"position\":3,\"name\":\"Daylong Extreme Lotion Solaire SPF50+ 100ml\"}]},{\"@type\":\"WebSite\",\"@id\":\"https:\/\/pharmadreams.shop\/#website\",\"url\":\"https:\/\/pharmadreams.shop\/\",\"name\":\"pharmadreams\",\"description\":\"Parapharmacie en ligne\",\"potentialAction\":[{\"@type\":\"SearchAction\",\"target\":{\"@type\":\"EntryPoint\",\"urlTemplate\":\"https:\/\/pharmadreams.shop\/?s={search_term_string}\"},\"query-input\":\"required name=search_term_string\"}],\"inLanguage\":\"fr-FR\"}]}<\/script>\n<!-- \/ Yoast SEO plugin. -->","yoast_head_json":{"title":"Daylong Extreme Lotion Solaire SPF50+ 100ml - pharmadreams","robots":{"index":"index","follow":"follow","max-snippet":"max-snippet:-1","max-image-preview":"max-image-preview:large","max-video-preview":"max-video-preview:-1"},"canonical":"https:\/\/pharmadreams.shop\/index.php\/product\/daylong-extreme-lotion-solaire-spf50-100ml\/","og_locale":"fr_FR","og_type":"article","og_title":"Daylong Extreme Lotion Solaire SPF50+ 100ml - pharmadreams","og_description":"Daylong Extreme SPF50+\u00a0est un\u00a0lait de\u00a0protection solaire\u00a0liposimal\u00a0qui conf\u00e8re \u00e0 la fois du bien-\u00eatre et une tr\u00e8s haute protection longue dur\u00e9e pour les personnes qui ont les\u00a0peaux les plus sensibles au soleil.  Daylong Extreme SPF50+\u00a0peut aussi bien \u00eatre appliqu\u00e9 sur le visage que sur le corps, et est indiqu\u00e9 en cas d\u2019ensoleillement extr\u00eame (par exemple en haute montagne ou sous les tropiques), d\u2019intol\u00e9rance ou d\u2019allergie au soleil, ou encore de cicatrices ou suite \u00e0 un traitement laser. Cette lotion solaire permet aussi de pr\u00e9venir les taches de pigmentation qui sont dues \u00e0 une grossesse ou \u00e0 la photosensibilisation.","og_url":"https:\/\/pharmadreams.shop\/index.php\/product\/daylong-extreme-lotion-solaire-spf50-100ml\/","og_site_name":"pharmadreams","og_image":[{"width":1000,"height":1000,"url":"https:\/\/pharmadreams.shop\/wp-content\/uploads\/2024\/05\/daylong-extreme-spf-50-ecran-100ml.webp","type":"image\/webp"}],"twitter_card":"summary_large_image","twitter_misc":{"Dur\u00e9e de lecture estim\u00e9e":"1 minute"},"schema":{"@context":"https:\/\/schema.org","@graph":[{"@type":"WebPage","@id":"https:\/\/pharmadreams.shop\/index.php\/product\/daylong-extreme-lotion-solaire-spf50-100ml\/","url":"https:\/\/pharmadreams.shop\/index.php\/product\/daylong-extreme-lotion-solaire-spf50-100ml\/","name":"Daylong Extreme Lotion Solaire SPF50+ 100ml - pharmadreams","isPartOf":{"@id":"https:\/\/pharmadreams.shop\/#website"},"primaryImageOfPage":{"@id":"https:\/\/pharmadreams.shop\/index.php\/product\/daylong-extreme-lotion-solaire-spf50-100ml\/#primaryimage"},"image":{"@id":"https:\/\/pharmadreams.shop\/index.php\/product\/daylong-extreme-lotion-solaire-spf50-100ml\/#primaryimage"},"thumbnailUrl":"https:\/\/pharmadreams.shop\/wp-content\/uploads\/2024\/05\/daylong-extreme-spf-50-ecran-100ml.webp","datePublished":"2024-05-14T16:16:04+00:00","dateModified":"2024-05-14T16:16:04+00:00","breadcrumb":{"@id":"https:\/\/pharmadreams.shop\/index.php\/product\/daylong-extreme-lotion-solaire-spf50-100ml\/#breadcrumb"},"inLanguage":"fr-FR","potentialAction":[{"@type":"ReadAction","target":["https:\/\/pharmadreams.shop\/index.php\/product\/daylong-extreme-lotion-solaire-spf50-100ml\/"]}]},{"@type":"ImageObject","inLanguage":"fr-FR","@id":"https:\/\/pharmadreams.shop\/index.php\/product\/daylong-extreme-lotion-solaire-spf50-100ml\/#primaryimage","url":"https:\/\/pharmadreams.shop\/wp-content\/uploads\/2024\/05\/daylong-extreme-spf-50-ecran-100ml.webp","contentUrl":"https:\/\/pharmadreams.shop\/wp-content\/uploads\/2024\/05\/daylong-extreme-spf-50-ecran-100ml.webp","width":1000,"height":1000},{"@type":"BreadcrumbList","@id":"https:\/\/pharmadreams.shop\/index.php\/product\/daylong-extreme-lotion-solaire-spf50-100ml\/#breadcrumb","itemListElement":[{"@type":"ListItem","position":1,"name":"Accueil","item":"https:\/\/pharmadreams.shop\/"},{"@type":"ListItem","position":2,"name":"Shop","item":"https:\/\/pharmadreams.shop\/index.php\/shop\/"},{"@type":"ListItem","position":3,"name":"Daylong Extreme Lotion Solaire SPF50+ 100ml"}]},{"@type":"WebSite","@id":"https:\/\/pharmadreams.shop\/#website","url":"https:\/\/pharmadreams.shop\/","name":"pharmadreams","description":"Parapharmacie en ligne","potentialAction":[{"@type":"SearchAction","target":{"@type":"EntryPoint","urlTemplate":"https:\/\/pharmadreams.shop\/?s={search_term_string}"},"query-input":"required name=search_term_string"}],"inLanguage":"fr-FR"}]}},"_links":{"self":[{"href":"https:\/\/pharmadreams.shop\/index.php\/wp-json\/wp\/v2\/product\/18372","targetHints":{"allow":["GET"]}}],"collection":[{"href":"https:\/\/pharmadreams.shop\/index.php\/wp-json\/wp\/v2\/product"}],"about":[{"href":"https:\/\/pharmadreams.shop\/index.php\/wp-json\/wp\/v2\/types\/product"}],"replies":[{"embeddable":true,"href":"https:\/\/pharmadreams.shop\/index.php\/wp-json\/wp\/v2\/comments?post=18372"}],"version-history":[{"count":0,"href":"https:\/\/pharmadreams.shop\/index.php\/wp-json\/wp\/v2\/product\/18372\/revisions"}],"wp:featuredmedia":[{"embeddable":true,"href":"https:\/\/pharmadreams.shop\/index.php\/wp-json\/wp\/v2\/media\/18373"}],"wp:attachment":[{"href":"https:\/\/pharmadreams.shop\/index.php\/wp-json\/wp\/v2\/media?parent=18372"}],"wp:term":[{"taxonomy":"product_brand","embeddable":true,"href":"https:\/\/pharmadreams.shop\/index.php\/wp-json\/wp\/v2\/product_brand?post=18372"},{"taxonomy":"product_cat","embeddable":true,"href":"https:\/\/pharmadreams.shop\/index.php\/wp-json\/wp\/v2\/product_cat?post=18372"},{"taxonomy":"product_tag","embeddable":true,"href":"https:\/\/pharmadreams.shop\/index.php\/wp-json\/wp\/v2\/product_tag?post=18372"}],"curies":[{"name":"wp","href":"https:\/\/api.w.org\/{rel}","templated":true}]}}