{"id":18376,"date":"2024-05-15T10:08:41","date_gmt":"2024-05-15T09:08:41","guid":{"rendered":"https:\/\/pharmadreams.shop\/?post_type=product&#038;p=18376"},"modified":"2024-05-15T10:08:42","modified_gmt":"2024-05-15T09:08:42","slug":"pack-chez-moi-pharma-routine-anti-tache","status":"publish","type":"product","link":"https:\/\/pharmadreams.shop\/index.php\/product\/pack-chez-moi-pharma-routine-anti-tache\/","title":{"rendered":"PACK CHEZ MOI PHARMA ROUTINE ANTI TACHE"},"content":{"rendered":"","protected":false},"excerpt":{"rendered":"<p>Ce pack contient :<\/p>\n<p>Eau Micellaire : nettoyant doux, non irritant et hypoallerg\u00e9nique qui nettoie et d\u00e9maquille la peau la laissant fra\u00eeche et propre. L\u2019eau micellaire de INNOVADERM convient aux peaux sensibles normales \u00e0 s\u00e8ches et convient \u00e9galement aux yeux.<\/p>\n<p>INNOVADERM STOP PIGMENT CREME DE NUIT ; votre secret pour une peau r\u00e9g\u00e9n\u00e9r\u00e9e, un teint unifi\u00e9 et \u00e9clatant.<\/p>\n","protected":false},"featured_media":18377,"comment_status":"open","ping_status":"closed","template":"","meta":[],"product_brand":[],"product_cat":[90,108,20],"product_tag":[],"class_list":{"0":"post-18376","1":"product","2":"type-product","3":"status-publish","4":"has-post-thumbnail","6":"product_cat-anti-tache","7":"product_cat-eau-micellaire","8":"product_cat-visage","10":"first","11":"instock","12":"shipping-taxable","13":"purchasable","14":"product-type-simple"},"yoast_head":"<!-- This site is optimized with the Yoast SEO plugin v23.0 - https:\/\/yoast.com\/wordpress\/plugins\/seo\/ -->\n<title>PACK CHEZ MOI PHARMA ROUTINE ANTI TACHE - pharmadreams<\/title>\n<meta name=\"robots\" content=\"index, follow, max-snippet:-1, max-image-preview:large, max-video-preview:-1\" \/>\n<link rel=\"canonical\" href=\"https:\/\/pharmadreams.shop\/index.php\/product\/pack-chez-moi-pharma-routine-anti-tache\/\" \/>\n<meta property=\"og:locale\" content=\"fr_FR\" \/>\n<meta property=\"og:type\" content=\"article\" \/>\n<meta property=\"og:title\" content=\"PACK CHEZ MOI PHARMA ROUTINE ANTI TACHE - pharmadreams\" \/>\n<meta property=\"og:description\" content=\"Ce pack contient :  Eau Micellaire : nettoyant doux, non irritant et hypoallerg\u00e9nique qui nettoie et d\u00e9maquille la peau la laissant fra\u00eeche et propre. L\u2019eau micellaire de INNOVADERM convient aux peaux sensibles normales \u00e0 s\u00e8ches et convient \u00e9galement aux yeux.  INNOVADERM STOP PIGMENT CREME DE NUIT ; votre secret pour une peau r\u00e9g\u00e9n\u00e9r\u00e9e, un teint unifi\u00e9 et \u00e9clatant.\" \/>\n<meta property=\"og:url\" content=\"https:\/\/pharmadreams.shop\/index.php\/product\/pack-chez-moi-pharma-routine-anti-tache\/\" \/>\n<meta property=\"og:site_name\" content=\"pharmadreams\" \/>\n<meta property=\"article:modified_time\" content=\"2024-05-15T09:08:42+00:00\" \/>\n<meta property=\"og:image\" content=\"https:\/\/pharmadreams.shop\/wp-content\/uploads\/2024\/05\/441181438_122112353672288523_5781124127599752469_n.jpg\" \/>\n\t<meta property=\"og:image:width\" content=\"1080\" \/>\n\t<meta property=\"og:image:height\" content=\"1080\" \/>\n\t<meta property=\"og:image:type\" content=\"image\/jpeg\" \/>\n<meta name=\"twitter:card\" content=\"summary_large_image\" \/>\n<meta name=\"twitter:label1\" content=\"Dur\u00e9e de lecture estim\u00e9e\" \/>\n\t<meta name=\"twitter:data1\" content=\"1 minute\" \/>\n<script type=\"application\/ld+json\" class=\"yoast-schema-graph\">{\"@context\":\"https:\/\/schema.org\",\"@graph\":[{\"@type\":\"WebPage\",\"@id\":\"https:\/\/pharmadreams.shop\/index.php\/product\/pack-chez-moi-pharma-routine-anti-tache\/\",\"url\":\"https:\/\/pharmadreams.shop\/index.php\/product\/pack-chez-moi-pharma-routine-anti-tache\/\",\"name\":\"PACK CHEZ MOI PHARMA ROUTINE ANTI TACHE - pharmadreams\",\"isPartOf\":{\"@id\":\"https:\/\/pharmadreams.shop\/#website\"},\"primaryImageOfPage\":{\"@id\":\"https:\/\/pharmadreams.shop\/index.php\/product\/pack-chez-moi-pharma-routine-anti-tache\/#primaryimage\"},\"image\":{\"@id\":\"https:\/\/pharmadreams.shop\/index.php\/product\/pack-chez-moi-pharma-routine-anti-tache\/#primaryimage\"},\"thumbnailUrl\":\"https:\/\/pharmadreams.shop\/wp-content\/uploads\/2024\/05\/441181438_122112353672288523_5781124127599752469_n.jpg\",\"datePublished\":\"2024-05-15T09:08:41+00:00\",\"dateModified\":\"2024-05-15T09:08:42+00:00\",\"breadcrumb\":{\"@id\":\"https:\/\/pharmadreams.shop\/index.php\/product\/pack-chez-moi-pharma-routine-anti-tache\/#breadcrumb\"},\"inLanguage\":\"fr-FR\",\"potentialAction\":[{\"@type\":\"ReadAction\",\"target\":[\"https:\/\/pharmadreams.shop\/index.php\/product\/pack-chez-moi-pharma-routine-anti-tache\/\"]}]},{\"@type\":\"ImageObject\",\"inLanguage\":\"fr-FR\",\"@id\":\"https:\/\/pharmadreams.shop\/index.php\/product\/pack-chez-moi-pharma-routine-anti-tache\/#primaryimage\",\"url\":\"https:\/\/pharmadreams.shop\/wp-content\/uploads\/2024\/05\/441181438_122112353672288523_5781124127599752469_n.jpg\",\"contentUrl\":\"https:\/\/pharmadreams.shop\/wp-content\/uploads\/2024\/05\/441181438_122112353672288523_5781124127599752469_n.jpg\",\"width\":1080,\"height\":1080},{\"@type\":\"BreadcrumbList\",\"@id\":\"https:\/\/pharmadreams.shop\/index.php\/product\/pack-chez-moi-pharma-routine-anti-tache\/#breadcrumb\",\"itemListElement\":[{\"@type\":\"ListItem\",\"position\":1,\"name\":\"Accueil\",\"item\":\"https:\/\/pharmadreams.shop\/\"},{\"@type\":\"ListItem\",\"position\":2,\"name\":\"Shop\",\"item\":\"https:\/\/pharmadreams.shop\/index.php\/shop\/\"},{\"@type\":\"ListItem\",\"position\":3,\"name\":\"PACK CHEZ MOI PHARMA ROUTINE ANTI TACHE\"}]},{\"@type\":\"WebSite\",\"@id\":\"https:\/\/pharmadreams.shop\/#website\",\"url\":\"https:\/\/pharmadreams.shop\/\",\"name\":\"pharmadreams\",\"description\":\"Parapharmacie en ligne\",\"potentialAction\":[{\"@type\":\"SearchAction\",\"target\":{\"@type\":\"EntryPoint\",\"urlTemplate\":\"https:\/\/pharmadreams.shop\/?s={search_term_string}\"},\"query-input\":\"required name=search_term_string\"}],\"inLanguage\":\"fr-FR\"}]}<\/script>\n<!-- \/ Yoast SEO plugin. -->","yoast_head_json":{"title":"PACK CHEZ MOI PHARMA ROUTINE ANTI TACHE - pharmadreams","robots":{"index":"index","follow":"follow","max-snippet":"max-snippet:-1","max-image-preview":"max-image-preview:large","max-video-preview":"max-video-preview:-1"},"canonical":"https:\/\/pharmadreams.shop\/index.php\/product\/pack-chez-moi-pharma-routine-anti-tache\/","og_locale":"fr_FR","og_type":"article","og_title":"PACK CHEZ MOI PHARMA ROUTINE ANTI TACHE - pharmadreams","og_description":"Ce pack contient :  Eau Micellaire : nettoyant doux, non irritant et hypoallerg\u00e9nique qui nettoie et d\u00e9maquille la peau la laissant fra\u00eeche et propre. L\u2019eau micellaire de INNOVADERM convient aux peaux sensibles normales \u00e0 s\u00e8ches et convient \u00e9galement aux yeux.  INNOVADERM STOP PIGMENT CREME DE NUIT ; votre secret pour une peau r\u00e9g\u00e9n\u00e9r\u00e9e, un teint unifi\u00e9 et \u00e9clatant.","og_url":"https:\/\/pharmadreams.shop\/index.php\/product\/pack-chez-moi-pharma-routine-anti-tache\/","og_site_name":"pharmadreams","article_modified_time":"2024-05-15T09:08:42+00:00","og_image":[{"width":1080,"height":1080,"url":"https:\/\/pharmadreams.shop\/wp-content\/uploads\/2024\/05\/441181438_122112353672288523_5781124127599752469_n.jpg","type":"image\/jpeg"}],"twitter_card":"summary_large_image","twitter_misc":{"Dur\u00e9e de lecture estim\u00e9e":"1 minute"},"schema":{"@context":"https:\/\/schema.org","@graph":[{"@type":"WebPage","@id":"https:\/\/pharmadreams.shop\/index.php\/product\/pack-chez-moi-pharma-routine-anti-tache\/","url":"https:\/\/pharmadreams.shop\/index.php\/product\/pack-chez-moi-pharma-routine-anti-tache\/","name":"PACK CHEZ MOI PHARMA ROUTINE ANTI TACHE - pharmadreams","isPartOf":{"@id":"https:\/\/pharmadreams.shop\/#website"},"primaryImageOfPage":{"@id":"https:\/\/pharmadreams.shop\/index.php\/product\/pack-chez-moi-pharma-routine-anti-tache\/#primaryimage"},"image":{"@id":"https:\/\/pharmadreams.shop\/index.php\/product\/pack-chez-moi-pharma-routine-anti-tache\/#primaryimage"},"thumbnailUrl":"https:\/\/pharmadreams.shop\/wp-content\/uploads\/2024\/05\/441181438_122112353672288523_5781124127599752469_n.jpg","datePublished":"2024-05-15T09:08:41+00:00","dateModified":"2024-05-15T09:08:42+00:00","breadcrumb":{"@id":"https:\/\/pharmadreams.shop\/index.php\/product\/pack-chez-moi-pharma-routine-anti-tache\/#breadcrumb"},"inLanguage":"fr-FR","potentialAction":[{"@type":"ReadAction","target":["https:\/\/pharmadreams.shop\/index.php\/product\/pack-chez-moi-pharma-routine-anti-tache\/"]}]},{"@type":"ImageObject","inLanguage":"fr-FR","@id":"https:\/\/pharmadreams.shop\/index.php\/product\/pack-chez-moi-pharma-routine-anti-tache\/#primaryimage","url":"https:\/\/pharmadreams.shop\/wp-content\/uploads\/2024\/05\/441181438_122112353672288523_5781124127599752469_n.jpg","contentUrl":"https:\/\/pharmadreams.shop\/wp-content\/uploads\/2024\/05\/441181438_122112353672288523_5781124127599752469_n.jpg","width":1080,"height":1080},{"@type":"BreadcrumbList","@id":"https:\/\/pharmadreams.shop\/index.php\/product\/pack-chez-moi-pharma-routine-anti-tache\/#breadcrumb","itemListElement":[{"@type":"ListItem","position":1,"name":"Accueil","item":"https:\/\/pharmadreams.shop\/"},{"@type":"ListItem","position":2,"name":"Shop","item":"https:\/\/pharmadreams.shop\/index.php\/shop\/"},{"@type":"ListItem","position":3,"name":"PACK CHEZ MOI PHARMA ROUTINE ANTI TACHE"}]},{"@type":"WebSite","@id":"https:\/\/pharmadreams.shop\/#website","url":"https:\/\/pharmadreams.shop\/","name":"pharmadreams","description":"Parapharmacie en ligne","potentialAction":[{"@type":"SearchAction","target":{"@type":"EntryPoint","urlTemplate":"https:\/\/pharmadreams.shop\/?s={search_term_string}"},"query-input":"required name=search_term_string"}],"inLanguage":"fr-FR"}]}},"_links":{"self":[{"href":"https:\/\/pharmadreams.shop\/index.php\/wp-json\/wp\/v2\/product\/18376","targetHints":{"allow":["GET"]}}],"collection":[{"href":"https:\/\/pharmadreams.shop\/index.php\/wp-json\/wp\/v2\/product"}],"about":[{"href":"https:\/\/pharmadreams.shop\/index.php\/wp-json\/wp\/v2\/types\/product"}],"replies":[{"embeddable":true,"href":"https:\/\/pharmadreams.shop\/index.php\/wp-json\/wp\/v2\/comments?post=18376"}],"version-history":[{"count":0,"href":"https:\/\/pharmadreams.shop\/index.php\/wp-json\/wp\/v2\/product\/18376\/revisions"}],"wp:featuredmedia":[{"embeddable":true,"href":"https:\/\/pharmadreams.shop\/index.php\/wp-json\/wp\/v2\/media\/18377"}],"wp:attachment":[{"href":"https:\/\/pharmadreams.shop\/index.php\/wp-json\/wp\/v2\/media?parent=18376"}],"wp:term":[{"taxonomy":"product_brand","embeddable":true,"href":"https:\/\/pharmadreams.shop\/index.php\/wp-json\/wp\/v2\/product_brand?post=18376"},{"taxonomy":"product_cat","embeddable":true,"href":"https:\/\/pharmadreams.shop\/index.php\/wp-json\/wp\/v2\/product_cat?post=18376"},{"taxonomy":"product_tag","embeddable":true,"href":"https:\/\/pharmadreams.shop\/index.php\/wp-json\/wp\/v2\/product_tag?post=18376"}],"curies":[{"name":"wp","href":"https:\/\/api.w.org\/{rel}","templated":true}]}}