{"id":18382,"date":"2024-05-15T17:45:56","date_gmt":"2024-05-15T16:45:56","guid":{"rendered":"https:\/\/pharmadreams.shop\/?post_type=product&#038;p=18382"},"modified":"2024-05-15T17:45:57","modified_gmt":"2024-05-15T16:45:57","slug":"vitavea-cafe-bio-minceur-boite-de-12-sachets","status":"publish","type":"product","link":"https:\/\/pharmadreams.shop\/index.php\/product\/vitavea-cafe-bio-minceur-boite-de-12-sachets\/","title":{"rendered":"VITAVEA Caf\u00e9 Bio Minceur Boite de 12 sachets"},"content":{"rendered":"","protected":false},"excerpt":{"rendered":"<p>La formule Caf\u00e9 Bio Minceur Vitavea Bien-\u00eatre est votre alli\u00e9e pour bruler les graisses et affiner la silhouette<\/p>\n<p>Caf\u00e9 Minceur Bio Vitavea Bien-\u00eatre est un compl\u00e9ment alimentaire, sa formule 100% naturelle et Bio contient du guarana, un actif reconnu et pl\u00e9biscit\u00e9 pour br\u00fbler les graisses de r\u00e9serve, augmenter les d\u00e9penses \u00e9nerg\u00e9tiques, affiner la silhouette et garder la ligne.<\/p>\n<p>Pr\u00e9paration instantan\u00e9e au bon go\u00fbt caf\u00e9 \u00e0 pr\u00e9parer avec de l\u2019eau fr\u00e9missante.<\/p>\n<p><strong>Composition<\/strong><\/p>\n<p>Caf\u00e9 soluble* (Coffea arabica) 92,5% ; extrait guarana* (Paullinia cupana) 7,5%.<\/p>\n<p>* Ingr\u00e9dient issu de l\u2019agriculture biologique<\/p>\n<p><strong>Conseils d\u2019utilisation<\/strong><\/p>\n<p>Au petit d\u00e9jeuner, verser le sachet dans une tasse ou un mug selon l\u2019intensit\u00e9 d\u00e9sir\u00e9e. Ajouter de l\u2019eau fr\u00e9missante.<\/p>\n","protected":false},"featured_media":18383,"comment_status":"open","ping_status":"closed","template":"","meta":[],"product_brand":[],"product_cat":[32],"product_tag":[],"class_list":{"0":"post-18382","1":"product","2":"type-product","3":"status-publish","4":"has-post-thumbnail","6":"product_cat-complements-alimentaires","8":"first","9":"instock","10":"shipping-taxable","11":"purchasable","12":"product-type-simple"},"yoast_head":"<!-- This site is optimized with the Yoast SEO plugin v23.0 - https:\/\/yoast.com\/wordpress\/plugins\/seo\/ -->\n<title>VITAVEA Caf\u00e9 Bio Minceur Boite de 12 sachets - pharmadreams<\/title>\n<meta name=\"robots\" content=\"index, follow, max-snippet:-1, max-image-preview:large, max-video-preview:-1\" \/>\n<link rel=\"canonical\" href=\"https:\/\/pharmadreams.shop\/index.php\/product\/vitavea-cafe-bio-minceur-boite-de-12-sachets\/\" \/>\n<meta property=\"og:locale\" content=\"fr_FR\" \/>\n<meta property=\"og:type\" content=\"article\" \/>\n<meta property=\"og:title\" content=\"VITAVEA Caf\u00e9 Bio Minceur Boite de 12 sachets - pharmadreams\" \/>\n<meta property=\"og:description\" content=\"La formule Caf\u00e9 Bio Minceur Vitavea Bien-\u00eatre est votre alli\u00e9e pour bruler les graisses et affiner la silhouette  Caf\u00e9 Minceur Bio Vitavea Bien-\u00eatre est un compl\u00e9ment alimentaire, sa formule 100% naturelle et Bio contient du guarana, un actif reconnu et pl\u00e9biscit\u00e9 pour br\u00fbler les graisses de r\u00e9serve, augmenter les d\u00e9penses \u00e9nerg\u00e9tiques, affiner la silhouette et garder la ligne.  Pr\u00e9paration instantan\u00e9e au bon go\u00fbt caf\u00e9 \u00e0 pr\u00e9parer avec de l\u2019eau fr\u00e9missante.  Composition  Caf\u00e9 soluble* (Coffea arabica) 92,5% ; extrait guarana* (Paullinia cupana) 7,5%.  * Ingr\u00e9dient issu de l\u2019agriculture biologique  Conseils d\u2019utilisation  Au petit d\u00e9jeuner, verser le sachet dans une tasse ou un mug selon l\u2019intensit\u00e9 d\u00e9sir\u00e9e. Ajouter de l\u2019eau fr\u00e9missante.\" \/>\n<meta property=\"og:url\" content=\"https:\/\/pharmadreams.shop\/index.php\/product\/vitavea-cafe-bio-minceur-boite-de-12-sachets\/\" \/>\n<meta property=\"og:site_name\" content=\"pharmadreams\" \/>\n<meta property=\"article:modified_time\" content=\"2024-05-15T16:45:57+00:00\" \/>\n<meta property=\"og:image\" content=\"https:\/\/pharmadreams.shop\/wp-content\/uploads\/2024\/05\/vitavea-cafe-bio-minceur-boite-de-12-sachets.webp\" \/>\n\t<meta property=\"og:image:width\" content=\"1000\" \/>\n\t<meta property=\"og:image:height\" content=\"1000\" \/>\n\t<meta property=\"og:image:type\" content=\"image\/webp\" \/>\n<meta name=\"twitter:card\" content=\"summary_large_image\" \/>\n<meta name=\"twitter:label1\" content=\"Dur\u00e9e de lecture estim\u00e9e\" \/>\n\t<meta name=\"twitter:data1\" content=\"1 minute\" \/>\n<script type=\"application\/ld+json\" class=\"yoast-schema-graph\">{\"@context\":\"https:\/\/schema.org\",\"@graph\":[{\"@type\":\"WebPage\",\"@id\":\"https:\/\/pharmadreams.shop\/index.php\/product\/vitavea-cafe-bio-minceur-boite-de-12-sachets\/\",\"url\":\"https:\/\/pharmadreams.shop\/index.php\/product\/vitavea-cafe-bio-minceur-boite-de-12-sachets\/\",\"name\":\"VITAVEA Caf\u00e9 Bio Minceur Boite de 12 sachets - pharmadreams\",\"isPartOf\":{\"@id\":\"https:\/\/pharmadreams.shop\/#website\"},\"primaryImageOfPage\":{\"@id\":\"https:\/\/pharmadreams.shop\/index.php\/product\/vitavea-cafe-bio-minceur-boite-de-12-sachets\/#primaryimage\"},\"image\":{\"@id\":\"https:\/\/pharmadreams.shop\/index.php\/product\/vitavea-cafe-bio-minceur-boite-de-12-sachets\/#primaryimage\"},\"thumbnailUrl\":\"https:\/\/pharmadreams.shop\/wp-content\/uploads\/2024\/05\/vitavea-cafe-bio-minceur-boite-de-12-sachets.webp\",\"datePublished\":\"2024-05-15T16:45:56+00:00\",\"dateModified\":\"2024-05-15T16:45:57+00:00\",\"breadcrumb\":{\"@id\":\"https:\/\/pharmadreams.shop\/index.php\/product\/vitavea-cafe-bio-minceur-boite-de-12-sachets\/#breadcrumb\"},\"inLanguage\":\"fr-FR\",\"potentialAction\":[{\"@type\":\"ReadAction\",\"target\":[\"https:\/\/pharmadreams.shop\/index.php\/product\/vitavea-cafe-bio-minceur-boite-de-12-sachets\/\"]}]},{\"@type\":\"ImageObject\",\"inLanguage\":\"fr-FR\",\"@id\":\"https:\/\/pharmadreams.shop\/index.php\/product\/vitavea-cafe-bio-minceur-boite-de-12-sachets\/#primaryimage\",\"url\":\"https:\/\/pharmadreams.shop\/wp-content\/uploads\/2024\/05\/vitavea-cafe-bio-minceur-boite-de-12-sachets.webp\",\"contentUrl\":\"https:\/\/pharmadreams.shop\/wp-content\/uploads\/2024\/05\/vitavea-cafe-bio-minceur-boite-de-12-sachets.webp\",\"width\":1000,\"height\":1000},{\"@type\":\"BreadcrumbList\",\"@id\":\"https:\/\/pharmadreams.shop\/index.php\/product\/vitavea-cafe-bio-minceur-boite-de-12-sachets\/#breadcrumb\",\"itemListElement\":[{\"@type\":\"ListItem\",\"position\":1,\"name\":\"Accueil\",\"item\":\"https:\/\/pharmadreams.shop\/\"},{\"@type\":\"ListItem\",\"position\":2,\"name\":\"Shop\",\"item\":\"https:\/\/pharmadreams.shop\/index.php\/shop\/\"},{\"@type\":\"ListItem\",\"position\":3,\"name\":\"VITAVEA Caf\u00e9 Bio Minceur Boite de 12 sachets\"}]},{\"@type\":\"WebSite\",\"@id\":\"https:\/\/pharmadreams.shop\/#website\",\"url\":\"https:\/\/pharmadreams.shop\/\",\"name\":\"pharmadreams\",\"description\":\"Parapharmacie en ligne\",\"potentialAction\":[{\"@type\":\"SearchAction\",\"target\":{\"@type\":\"EntryPoint\",\"urlTemplate\":\"https:\/\/pharmadreams.shop\/?s={search_term_string}\"},\"query-input\":\"required name=search_term_string\"}],\"inLanguage\":\"fr-FR\"}]}<\/script>\n<!-- \/ Yoast SEO plugin. -->","yoast_head_json":{"title":"VITAVEA Caf\u00e9 Bio Minceur Boite de 12 sachets - pharmadreams","robots":{"index":"index","follow":"follow","max-snippet":"max-snippet:-1","max-image-preview":"max-image-preview:large","max-video-preview":"max-video-preview:-1"},"canonical":"https:\/\/pharmadreams.shop\/index.php\/product\/vitavea-cafe-bio-minceur-boite-de-12-sachets\/","og_locale":"fr_FR","og_type":"article","og_title":"VITAVEA Caf\u00e9 Bio Minceur Boite de 12 sachets - pharmadreams","og_description":"La formule Caf\u00e9 Bio Minceur Vitavea Bien-\u00eatre est votre alli\u00e9e pour bruler les graisses et affiner la silhouette  Caf\u00e9 Minceur Bio Vitavea Bien-\u00eatre est un compl\u00e9ment alimentaire, sa formule 100% naturelle et Bio contient du guarana, un actif reconnu et pl\u00e9biscit\u00e9 pour br\u00fbler les graisses de r\u00e9serve, augmenter les d\u00e9penses \u00e9nerg\u00e9tiques, affiner la silhouette et garder la ligne.  Pr\u00e9paration instantan\u00e9e au bon go\u00fbt caf\u00e9 \u00e0 pr\u00e9parer avec de l\u2019eau fr\u00e9missante.  Composition  Caf\u00e9 soluble* (Coffea arabica) 92,5% ; extrait guarana* (Paullinia cupana) 7,5%.  * Ingr\u00e9dient issu de l\u2019agriculture biologique  Conseils d\u2019utilisation  Au petit d\u00e9jeuner, verser le sachet dans une tasse ou un mug selon l\u2019intensit\u00e9 d\u00e9sir\u00e9e. Ajouter de l\u2019eau fr\u00e9missante.","og_url":"https:\/\/pharmadreams.shop\/index.php\/product\/vitavea-cafe-bio-minceur-boite-de-12-sachets\/","og_site_name":"pharmadreams","article_modified_time":"2024-05-15T16:45:57+00:00","og_image":[{"width":1000,"height":1000,"url":"https:\/\/pharmadreams.shop\/wp-content\/uploads\/2024\/05\/vitavea-cafe-bio-minceur-boite-de-12-sachets.webp","type":"image\/webp"}],"twitter_card":"summary_large_image","twitter_misc":{"Dur\u00e9e de lecture estim\u00e9e":"1 minute"},"schema":{"@context":"https:\/\/schema.org","@graph":[{"@type":"WebPage","@id":"https:\/\/pharmadreams.shop\/index.php\/product\/vitavea-cafe-bio-minceur-boite-de-12-sachets\/","url":"https:\/\/pharmadreams.shop\/index.php\/product\/vitavea-cafe-bio-minceur-boite-de-12-sachets\/","name":"VITAVEA Caf\u00e9 Bio Minceur Boite de 12 sachets - pharmadreams","isPartOf":{"@id":"https:\/\/pharmadreams.shop\/#website"},"primaryImageOfPage":{"@id":"https:\/\/pharmadreams.shop\/index.php\/product\/vitavea-cafe-bio-minceur-boite-de-12-sachets\/#primaryimage"},"image":{"@id":"https:\/\/pharmadreams.shop\/index.php\/product\/vitavea-cafe-bio-minceur-boite-de-12-sachets\/#primaryimage"},"thumbnailUrl":"https:\/\/pharmadreams.shop\/wp-content\/uploads\/2024\/05\/vitavea-cafe-bio-minceur-boite-de-12-sachets.webp","datePublished":"2024-05-15T16:45:56+00:00","dateModified":"2024-05-15T16:45:57+00:00","breadcrumb":{"@id":"https:\/\/pharmadreams.shop\/index.php\/product\/vitavea-cafe-bio-minceur-boite-de-12-sachets\/#breadcrumb"},"inLanguage":"fr-FR","potentialAction":[{"@type":"ReadAction","target":["https:\/\/pharmadreams.shop\/index.php\/product\/vitavea-cafe-bio-minceur-boite-de-12-sachets\/"]}]},{"@type":"ImageObject","inLanguage":"fr-FR","@id":"https:\/\/pharmadreams.shop\/index.php\/product\/vitavea-cafe-bio-minceur-boite-de-12-sachets\/#primaryimage","url":"https:\/\/pharmadreams.shop\/wp-content\/uploads\/2024\/05\/vitavea-cafe-bio-minceur-boite-de-12-sachets.webp","contentUrl":"https:\/\/pharmadreams.shop\/wp-content\/uploads\/2024\/05\/vitavea-cafe-bio-minceur-boite-de-12-sachets.webp","width":1000,"height":1000},{"@type":"BreadcrumbList","@id":"https:\/\/pharmadreams.shop\/index.php\/product\/vitavea-cafe-bio-minceur-boite-de-12-sachets\/#breadcrumb","itemListElement":[{"@type":"ListItem","position":1,"name":"Accueil","item":"https:\/\/pharmadreams.shop\/"},{"@type":"ListItem","position":2,"name":"Shop","item":"https:\/\/pharmadreams.shop\/index.php\/shop\/"},{"@type":"ListItem","position":3,"name":"VITAVEA Caf\u00e9 Bio Minceur Boite de 12 sachets"}]},{"@type":"WebSite","@id":"https:\/\/pharmadreams.shop\/#website","url":"https:\/\/pharmadreams.shop\/","name":"pharmadreams","description":"Parapharmacie en ligne","potentialAction":[{"@type":"SearchAction","target":{"@type":"EntryPoint","urlTemplate":"https:\/\/pharmadreams.shop\/?s={search_term_string}"},"query-input":"required name=search_term_string"}],"inLanguage":"fr-FR"}]}},"_links":{"self":[{"href":"https:\/\/pharmadreams.shop\/index.php\/wp-json\/wp\/v2\/product\/18382","targetHints":{"allow":["GET"]}}],"collection":[{"href":"https:\/\/pharmadreams.shop\/index.php\/wp-json\/wp\/v2\/product"}],"about":[{"href":"https:\/\/pharmadreams.shop\/index.php\/wp-json\/wp\/v2\/types\/product"}],"replies":[{"embeddable":true,"href":"https:\/\/pharmadreams.shop\/index.php\/wp-json\/wp\/v2\/comments?post=18382"}],"version-history":[{"count":0,"href":"https:\/\/pharmadreams.shop\/index.php\/wp-json\/wp\/v2\/product\/18382\/revisions"}],"wp:featuredmedia":[{"embeddable":true,"href":"https:\/\/pharmadreams.shop\/index.php\/wp-json\/wp\/v2\/media\/18383"}],"wp:attachment":[{"href":"https:\/\/pharmadreams.shop\/index.php\/wp-json\/wp\/v2\/media?parent=18382"}],"wp:term":[{"taxonomy":"product_brand","embeddable":true,"href":"https:\/\/pharmadreams.shop\/index.php\/wp-json\/wp\/v2\/product_brand?post=18382"},{"taxonomy":"product_cat","embeddable":true,"href":"https:\/\/pharmadreams.shop\/index.php\/wp-json\/wp\/v2\/product_cat?post=18382"},{"taxonomy":"product_tag","embeddable":true,"href":"https:\/\/pharmadreams.shop\/index.php\/wp-json\/wp\/v2\/product_tag?post=18382"}],"curies":[{"name":"wp","href":"https:\/\/api.w.org\/{rel}","templated":true}]}}