{"id":18405,"date":"2024-05-20T12:14:09","date_gmt":"2024-05-20T11:14:09","guid":{"rendered":"https:\/\/pharmadreams.shop\/?post_type=product&#038;p=18405"},"modified":"2024-05-20T12:14:10","modified_gmt":"2024-05-20T11:14:10","slug":"striderma-stri-hand-creme-mains-spf20-75gr","status":"publish","type":"product","link":"https:\/\/pharmadreams.shop\/index.php\/product\/striderma-stri-hand-creme-mains-spf20-75gr\/","title":{"rendered":"STRIDERMA STRI HAND CREME MAINS SPF20 75GR"},"content":{"rendered":"","protected":false},"excerpt":{"rendered":"<p>La cr\u00e8me a main \u00e9claircissante permet d&rsquo;hydrater, unifier, \u00e9claircir la peau et pr\u00e9server la jeunesse de vos mains. Grace \u00e0 sa formulation riche en huile d&rsquo;amande douce et beurre de karit\u00e9. Cette cr\u00e8me mains offre une protection solaire spf20 UVA et UVB.<\/p>\n","protected":false},"featured_media":18406,"comment_status":"open","ping_status":"closed","template":"","meta":[],"product_brand":[],"product_cat":[78,101,233],"product_tag":[],"class_list":{"0":"post-18405","1":"product","2":"type-product","3":"status-publish","4":"has-post-thumbnail","6":"product_cat-cremes","7":"product_cat-mains","8":"product_cat-protection-solaire","10":"first","11":"instock","12":"shipping-taxable","13":"purchasable","14":"product-type-simple"},"yoast_head":"<!-- This site is optimized with the Yoast SEO plugin v23.0 - https:\/\/yoast.com\/wordpress\/plugins\/seo\/ -->\n<title>STRIDERMA STRI HAND CREME MAINS SPF20 75GR - pharmadreams<\/title>\n<meta name=\"robots\" content=\"index, follow, max-snippet:-1, max-image-preview:large, max-video-preview:-1\" \/>\n<link rel=\"canonical\" href=\"https:\/\/pharmadreams.shop\/index.php\/product\/striderma-stri-hand-creme-mains-spf20-75gr\/\" \/>\n<meta property=\"og:locale\" content=\"fr_FR\" \/>\n<meta property=\"og:type\" content=\"article\" \/>\n<meta property=\"og:title\" content=\"STRIDERMA STRI HAND CREME MAINS SPF20 75GR - pharmadreams\" \/>\n<meta property=\"og:description\" content=\"La cr\u00e8me a main \u00e9claircissante permet d&#039;hydrater, unifier, \u00e9claircir la peau et pr\u00e9server la jeunesse de vos mains. Grace \u00e0 sa formulation riche en huile d&#039;amande douce et beurre de karit\u00e9. Cette cr\u00e8me mains offre une protection solaire spf20 UVA et UVB.\" \/>\n<meta property=\"og:url\" content=\"https:\/\/pharmadreams.shop\/index.php\/product\/striderma-stri-hand-creme-mains-spf20-75gr\/\" \/>\n<meta property=\"og:site_name\" content=\"pharmadreams\" \/>\n<meta property=\"article:modified_time\" content=\"2024-05-20T11:14:10+00:00\" \/>\n<meta property=\"og:image\" content=\"https:\/\/pharmadreams.shop\/wp-content\/uploads\/2024\/05\/striderma-stri-hand-creme-mains-spf20-75gr.jpg\" \/>\n\t<meta property=\"og:image:width\" content=\"500\" \/>\n\t<meta property=\"og:image:height\" content=\"500\" \/>\n\t<meta property=\"og:image:type\" content=\"image\/jpeg\" \/>\n<meta name=\"twitter:card\" content=\"summary_large_image\" \/>\n<meta name=\"twitter:label1\" content=\"Dur\u00e9e de lecture estim\u00e9e\" \/>\n\t<meta name=\"twitter:data1\" content=\"1 minute\" \/>\n<script type=\"application\/ld+json\" class=\"yoast-schema-graph\">{\"@context\":\"https:\/\/schema.org\",\"@graph\":[{\"@type\":\"WebPage\",\"@id\":\"https:\/\/pharmadreams.shop\/index.php\/product\/striderma-stri-hand-creme-mains-spf20-75gr\/\",\"url\":\"https:\/\/pharmadreams.shop\/index.php\/product\/striderma-stri-hand-creme-mains-spf20-75gr\/\",\"name\":\"STRIDERMA STRI HAND CREME MAINS SPF20 75GR - pharmadreams\",\"isPartOf\":{\"@id\":\"https:\/\/pharmadreams.shop\/#website\"},\"primaryImageOfPage\":{\"@id\":\"https:\/\/pharmadreams.shop\/index.php\/product\/striderma-stri-hand-creme-mains-spf20-75gr\/#primaryimage\"},\"image\":{\"@id\":\"https:\/\/pharmadreams.shop\/index.php\/product\/striderma-stri-hand-creme-mains-spf20-75gr\/#primaryimage\"},\"thumbnailUrl\":\"https:\/\/pharmadreams.shop\/wp-content\/uploads\/2024\/05\/striderma-stri-hand-creme-mains-spf20-75gr.jpg\",\"datePublished\":\"2024-05-20T11:14:09+00:00\",\"dateModified\":\"2024-05-20T11:14:10+00:00\",\"breadcrumb\":{\"@id\":\"https:\/\/pharmadreams.shop\/index.php\/product\/striderma-stri-hand-creme-mains-spf20-75gr\/#breadcrumb\"},\"inLanguage\":\"fr-FR\",\"potentialAction\":[{\"@type\":\"ReadAction\",\"target\":[\"https:\/\/pharmadreams.shop\/index.php\/product\/striderma-stri-hand-creme-mains-spf20-75gr\/\"]}]},{\"@type\":\"ImageObject\",\"inLanguage\":\"fr-FR\",\"@id\":\"https:\/\/pharmadreams.shop\/index.php\/product\/striderma-stri-hand-creme-mains-spf20-75gr\/#primaryimage\",\"url\":\"https:\/\/pharmadreams.shop\/wp-content\/uploads\/2024\/05\/striderma-stri-hand-creme-mains-spf20-75gr.jpg\",\"contentUrl\":\"https:\/\/pharmadreams.shop\/wp-content\/uploads\/2024\/05\/striderma-stri-hand-creme-mains-spf20-75gr.jpg\",\"width\":500,\"height\":500},{\"@type\":\"BreadcrumbList\",\"@id\":\"https:\/\/pharmadreams.shop\/index.php\/product\/striderma-stri-hand-creme-mains-spf20-75gr\/#breadcrumb\",\"itemListElement\":[{\"@type\":\"ListItem\",\"position\":1,\"name\":\"Accueil\",\"item\":\"https:\/\/pharmadreams.shop\/\"},{\"@type\":\"ListItem\",\"position\":2,\"name\":\"Shop\",\"item\":\"https:\/\/pharmadreams.shop\/index.php\/shop\/\"},{\"@type\":\"ListItem\",\"position\":3,\"name\":\"STRIDERMA STRI HAND CREME MAINS SPF20 75GR\"}]},{\"@type\":\"WebSite\",\"@id\":\"https:\/\/pharmadreams.shop\/#website\",\"url\":\"https:\/\/pharmadreams.shop\/\",\"name\":\"pharmadreams\",\"description\":\"Parapharmacie en ligne\",\"potentialAction\":[{\"@type\":\"SearchAction\",\"target\":{\"@type\":\"EntryPoint\",\"urlTemplate\":\"https:\/\/pharmadreams.shop\/?s={search_term_string}\"},\"query-input\":\"required name=search_term_string\"}],\"inLanguage\":\"fr-FR\"}]}<\/script>\n<!-- \/ Yoast SEO plugin. -->","yoast_head_json":{"title":"STRIDERMA STRI HAND CREME MAINS SPF20 75GR - pharmadreams","robots":{"index":"index","follow":"follow","max-snippet":"max-snippet:-1","max-image-preview":"max-image-preview:large","max-video-preview":"max-video-preview:-1"},"canonical":"https:\/\/pharmadreams.shop\/index.php\/product\/striderma-stri-hand-creme-mains-spf20-75gr\/","og_locale":"fr_FR","og_type":"article","og_title":"STRIDERMA STRI HAND CREME MAINS SPF20 75GR - pharmadreams","og_description":"La cr\u00e8me a main \u00e9claircissante permet d'hydrater, unifier, \u00e9claircir la peau et pr\u00e9server la jeunesse de vos mains. Grace \u00e0 sa formulation riche en huile d'amande douce et beurre de karit\u00e9. Cette cr\u00e8me mains offre une protection solaire spf20 UVA et UVB.","og_url":"https:\/\/pharmadreams.shop\/index.php\/product\/striderma-stri-hand-creme-mains-spf20-75gr\/","og_site_name":"pharmadreams","article_modified_time":"2024-05-20T11:14:10+00:00","og_image":[{"width":500,"height":500,"url":"https:\/\/pharmadreams.shop\/wp-content\/uploads\/2024\/05\/striderma-stri-hand-creme-mains-spf20-75gr.jpg","type":"image\/jpeg"}],"twitter_card":"summary_large_image","twitter_misc":{"Dur\u00e9e de lecture estim\u00e9e":"1 minute"},"schema":{"@context":"https:\/\/schema.org","@graph":[{"@type":"WebPage","@id":"https:\/\/pharmadreams.shop\/index.php\/product\/striderma-stri-hand-creme-mains-spf20-75gr\/","url":"https:\/\/pharmadreams.shop\/index.php\/product\/striderma-stri-hand-creme-mains-spf20-75gr\/","name":"STRIDERMA STRI HAND CREME MAINS SPF20 75GR - pharmadreams","isPartOf":{"@id":"https:\/\/pharmadreams.shop\/#website"},"primaryImageOfPage":{"@id":"https:\/\/pharmadreams.shop\/index.php\/product\/striderma-stri-hand-creme-mains-spf20-75gr\/#primaryimage"},"image":{"@id":"https:\/\/pharmadreams.shop\/index.php\/product\/striderma-stri-hand-creme-mains-spf20-75gr\/#primaryimage"},"thumbnailUrl":"https:\/\/pharmadreams.shop\/wp-content\/uploads\/2024\/05\/striderma-stri-hand-creme-mains-spf20-75gr.jpg","datePublished":"2024-05-20T11:14:09+00:00","dateModified":"2024-05-20T11:14:10+00:00","breadcrumb":{"@id":"https:\/\/pharmadreams.shop\/index.php\/product\/striderma-stri-hand-creme-mains-spf20-75gr\/#breadcrumb"},"inLanguage":"fr-FR","potentialAction":[{"@type":"ReadAction","target":["https:\/\/pharmadreams.shop\/index.php\/product\/striderma-stri-hand-creme-mains-spf20-75gr\/"]}]},{"@type":"ImageObject","inLanguage":"fr-FR","@id":"https:\/\/pharmadreams.shop\/index.php\/product\/striderma-stri-hand-creme-mains-spf20-75gr\/#primaryimage","url":"https:\/\/pharmadreams.shop\/wp-content\/uploads\/2024\/05\/striderma-stri-hand-creme-mains-spf20-75gr.jpg","contentUrl":"https:\/\/pharmadreams.shop\/wp-content\/uploads\/2024\/05\/striderma-stri-hand-creme-mains-spf20-75gr.jpg","width":500,"height":500},{"@type":"BreadcrumbList","@id":"https:\/\/pharmadreams.shop\/index.php\/product\/striderma-stri-hand-creme-mains-spf20-75gr\/#breadcrumb","itemListElement":[{"@type":"ListItem","position":1,"name":"Accueil","item":"https:\/\/pharmadreams.shop\/"},{"@type":"ListItem","position":2,"name":"Shop","item":"https:\/\/pharmadreams.shop\/index.php\/shop\/"},{"@type":"ListItem","position":3,"name":"STRIDERMA STRI HAND CREME MAINS SPF20 75GR"}]},{"@type":"WebSite","@id":"https:\/\/pharmadreams.shop\/#website","url":"https:\/\/pharmadreams.shop\/","name":"pharmadreams","description":"Parapharmacie en ligne","potentialAction":[{"@type":"SearchAction","target":{"@type":"EntryPoint","urlTemplate":"https:\/\/pharmadreams.shop\/?s={search_term_string}"},"query-input":"required name=search_term_string"}],"inLanguage":"fr-FR"}]}},"_links":{"self":[{"href":"https:\/\/pharmadreams.shop\/index.php\/wp-json\/wp\/v2\/product\/18405","targetHints":{"allow":["GET"]}}],"collection":[{"href":"https:\/\/pharmadreams.shop\/index.php\/wp-json\/wp\/v2\/product"}],"about":[{"href":"https:\/\/pharmadreams.shop\/index.php\/wp-json\/wp\/v2\/types\/product"}],"replies":[{"embeddable":true,"href":"https:\/\/pharmadreams.shop\/index.php\/wp-json\/wp\/v2\/comments?post=18405"}],"version-history":[{"count":0,"href":"https:\/\/pharmadreams.shop\/index.php\/wp-json\/wp\/v2\/product\/18405\/revisions"}],"wp:featuredmedia":[{"embeddable":true,"href":"https:\/\/pharmadreams.shop\/index.php\/wp-json\/wp\/v2\/media\/18406"}],"wp:attachment":[{"href":"https:\/\/pharmadreams.shop\/index.php\/wp-json\/wp\/v2\/media?parent=18405"}],"wp:term":[{"taxonomy":"product_brand","embeddable":true,"href":"https:\/\/pharmadreams.shop\/index.php\/wp-json\/wp\/v2\/product_brand?post=18405"},{"taxonomy":"product_cat","embeddable":true,"href":"https:\/\/pharmadreams.shop\/index.php\/wp-json\/wp\/v2\/product_cat?post=18405"},{"taxonomy":"product_tag","embeddable":true,"href":"https:\/\/pharmadreams.shop\/index.php\/wp-json\/wp\/v2\/product_tag?post=18405"}],"curies":[{"name":"wp","href":"https:\/\/api.w.org\/{rel}","templated":true}]}}