{"id":18409,"date":"2024-05-20T12:38:21","date_gmt":"2024-05-20T11:38:21","guid":{"rendered":"https:\/\/pharmadreams.shop\/?post_type=product&#038;p=18409"},"modified":"2024-05-20T12:38:21","modified_gmt":"2024-05-20T11:38:21","slug":"phyteal-ultraliss-masque-lissant-a-la-keratine-100ml","status":"publish","type":"product","link":"https:\/\/pharmadreams.shop\/index.php\/product\/phyteal-ultraliss-masque-lissant-a-la-keratine-100ml\/","title":{"rendered":"Phyteal Ultraliss Masque Lissant \u00e0 la K\u00e9ratine 100ml"},"content":{"rendered":"","protected":false},"excerpt":{"rendered":"<p>ULTRALISS masque lissant<b><strong>\u00a0<\/strong><\/b>est un soin r\u00e9parant pour les cheveux cassants et abim\u00e9s.<br \/>\nCompos\u00e9 de k\u00e9ratine organique, ULTRALISS masque lissant apporte brillance et tonicit\u00e9 \u00e0 votre chevelure.<br \/>\nGr\u00e2ce aux vertus de la k\u00e9ratine, ULTRALISS masque lissant<b><strong>\u00a0<\/strong><\/b>restaure et prot\u00e8ge les chevelures endommag\u00e9es.<br \/>\nVos cheveux seront faciles \u00e0 peigner et pr\u00eats pour un coiffage lissant sans aucune r\u00e9sistance. Il redonnera vigueur et force.<\/p>\n<p><strong>Conseils d\u2019utilisation<\/strong><\/p>\n<p>Apr\u00e8s le shampooing, r\u00e9partir le masque sur cheveux humides et peigner. Laisser agir 2 \u00e0 3 minutes puis rincer. Eviter le contact avec les yeux. Usage externe uniquement.<\/p>\n<p>ULTRALISS MASQUE LISSANT \u00c0 LA K\u00c9RATINE ne pr\u00e9sente aucune contre-indication.<\/p>\n","protected":false},"featured_media":18410,"comment_status":"open","ping_status":"closed","template":"","meta":[],"product_brand":[],"product_cat":[165,110],"product_tag":[],"class_list":{"0":"post-18409","1":"product","2":"type-product","3":"status-publish","4":"has-post-thumbnail","6":"product_cat-masque","7":"product_cat-soin-cheveux","9":"first","10":"instock","11":"shipping-taxable","12":"purchasable","13":"product-type-simple"},"yoast_head":"<!-- This site is optimized with the Yoast SEO plugin v23.0 - https:\/\/yoast.com\/wordpress\/plugins\/seo\/ -->\n<title>Phyteal Ultraliss Masque Lissant \u00e0 la K\u00e9ratine 100ml - pharmadreams<\/title>\n<meta name=\"robots\" content=\"index, follow, max-snippet:-1, max-image-preview:large, max-video-preview:-1\" \/>\n<link rel=\"canonical\" href=\"https:\/\/pharmadreams.shop\/index.php\/product\/phyteal-ultraliss-masque-lissant-a-la-keratine-100ml\/\" \/>\n<meta property=\"og:locale\" content=\"fr_FR\" \/>\n<meta property=\"og:type\" content=\"article\" \/>\n<meta property=\"og:title\" content=\"Phyteal Ultraliss Masque Lissant \u00e0 la K\u00e9ratine 100ml - pharmadreams\" \/>\n<meta property=\"og:description\" content=\"ULTRALISS masque lissant\u00a0est un soin r\u00e9parant pour les cheveux cassants et abim\u00e9s. Compos\u00e9 de k\u00e9ratine organique, ULTRALISS masque lissant apporte brillance et tonicit\u00e9 \u00e0 votre chevelure. Gr\u00e2ce aux vertus de la k\u00e9ratine, ULTRALISS masque lissant\u00a0restaure et prot\u00e8ge les chevelures endommag\u00e9es. Vos cheveux seront faciles \u00e0 peigner et pr\u00eats pour un coiffage lissant sans aucune r\u00e9sistance. Il redonnera vigueur et force.  Conseils d\u2019utilisation  Apr\u00e8s le shampooing, r\u00e9partir le masque sur cheveux humides et peigner. Laisser agir 2 \u00e0 3 minutes puis rincer. Eviter le contact avec les yeux. Usage externe uniquement.  ULTRALISS MASQUE LISSANT \u00c0 LA K\u00c9RATINE ne pr\u00e9sente aucune contre-indication.\" \/>\n<meta property=\"og:url\" content=\"https:\/\/pharmadreams.shop\/index.php\/product\/phyteal-ultraliss-masque-lissant-a-la-keratine-100ml\/\" \/>\n<meta property=\"og:site_name\" content=\"pharmadreams\" \/>\n<meta property=\"og:image\" content=\"https:\/\/pharmadreams.shop\/wp-content\/uploads\/2024\/05\/phyteal-ultraliss-masque-lissant-a-la-keratine-100ml.webp\" \/>\n\t<meta property=\"og:image:width\" content=\"1000\" \/>\n\t<meta property=\"og:image:height\" content=\"1000\" \/>\n\t<meta property=\"og:image:type\" content=\"image\/webp\" \/>\n<meta name=\"twitter:card\" content=\"summary_large_image\" \/>\n<meta name=\"twitter:label1\" content=\"Dur\u00e9e de lecture estim\u00e9e\" \/>\n\t<meta name=\"twitter:data1\" content=\"1 minute\" \/>\n<script type=\"application\/ld+json\" class=\"yoast-schema-graph\">{\"@context\":\"https:\/\/schema.org\",\"@graph\":[{\"@type\":\"WebPage\",\"@id\":\"https:\/\/pharmadreams.shop\/index.php\/product\/phyteal-ultraliss-masque-lissant-a-la-keratine-100ml\/\",\"url\":\"https:\/\/pharmadreams.shop\/index.php\/product\/phyteal-ultraliss-masque-lissant-a-la-keratine-100ml\/\",\"name\":\"Phyteal Ultraliss Masque Lissant \u00e0 la K\u00e9ratine 100ml - pharmadreams\",\"isPartOf\":{\"@id\":\"https:\/\/pharmadreams.shop\/#website\"},\"primaryImageOfPage\":{\"@id\":\"https:\/\/pharmadreams.shop\/index.php\/product\/phyteal-ultraliss-masque-lissant-a-la-keratine-100ml\/#primaryimage\"},\"image\":{\"@id\":\"https:\/\/pharmadreams.shop\/index.php\/product\/phyteal-ultraliss-masque-lissant-a-la-keratine-100ml\/#primaryimage\"},\"thumbnailUrl\":\"https:\/\/pharmadreams.shop\/wp-content\/uploads\/2024\/05\/phyteal-ultraliss-masque-lissant-a-la-keratine-100ml.webp\",\"datePublished\":\"2024-05-20T11:38:21+00:00\",\"dateModified\":\"2024-05-20T11:38:21+00:00\",\"breadcrumb\":{\"@id\":\"https:\/\/pharmadreams.shop\/index.php\/product\/phyteal-ultraliss-masque-lissant-a-la-keratine-100ml\/#breadcrumb\"},\"inLanguage\":\"fr-FR\",\"potentialAction\":[{\"@type\":\"ReadAction\",\"target\":[\"https:\/\/pharmadreams.shop\/index.php\/product\/phyteal-ultraliss-masque-lissant-a-la-keratine-100ml\/\"]}]},{\"@type\":\"ImageObject\",\"inLanguage\":\"fr-FR\",\"@id\":\"https:\/\/pharmadreams.shop\/index.php\/product\/phyteal-ultraliss-masque-lissant-a-la-keratine-100ml\/#primaryimage\",\"url\":\"https:\/\/pharmadreams.shop\/wp-content\/uploads\/2024\/05\/phyteal-ultraliss-masque-lissant-a-la-keratine-100ml.webp\",\"contentUrl\":\"https:\/\/pharmadreams.shop\/wp-content\/uploads\/2024\/05\/phyteal-ultraliss-masque-lissant-a-la-keratine-100ml.webp\",\"width\":1000,\"height\":1000},{\"@type\":\"BreadcrumbList\",\"@id\":\"https:\/\/pharmadreams.shop\/index.php\/product\/phyteal-ultraliss-masque-lissant-a-la-keratine-100ml\/#breadcrumb\",\"itemListElement\":[{\"@type\":\"ListItem\",\"position\":1,\"name\":\"Accueil\",\"item\":\"https:\/\/pharmadreams.shop\/\"},{\"@type\":\"ListItem\",\"position\":2,\"name\":\"Shop\",\"item\":\"https:\/\/pharmadreams.shop\/index.php\/shop\/\"},{\"@type\":\"ListItem\",\"position\":3,\"name\":\"Phyteal Ultraliss Masque Lissant \u00e0 la K\u00e9ratine 100ml\"}]},{\"@type\":\"WebSite\",\"@id\":\"https:\/\/pharmadreams.shop\/#website\",\"url\":\"https:\/\/pharmadreams.shop\/\",\"name\":\"pharmadreams\",\"description\":\"Parapharmacie en ligne\",\"potentialAction\":[{\"@type\":\"SearchAction\",\"target\":{\"@type\":\"EntryPoint\",\"urlTemplate\":\"https:\/\/pharmadreams.shop\/?s={search_term_string}\"},\"query-input\":\"required name=search_term_string\"}],\"inLanguage\":\"fr-FR\"}]}<\/script>\n<!-- \/ Yoast SEO plugin. -->","yoast_head_json":{"title":"Phyteal Ultraliss Masque Lissant \u00e0 la K\u00e9ratine 100ml - pharmadreams","robots":{"index":"index","follow":"follow","max-snippet":"max-snippet:-1","max-image-preview":"max-image-preview:large","max-video-preview":"max-video-preview:-1"},"canonical":"https:\/\/pharmadreams.shop\/index.php\/product\/phyteal-ultraliss-masque-lissant-a-la-keratine-100ml\/","og_locale":"fr_FR","og_type":"article","og_title":"Phyteal Ultraliss Masque Lissant \u00e0 la K\u00e9ratine 100ml - pharmadreams","og_description":"ULTRALISS masque lissant\u00a0est un soin r\u00e9parant pour les cheveux cassants et abim\u00e9s. Compos\u00e9 de k\u00e9ratine organique, ULTRALISS masque lissant apporte brillance et tonicit\u00e9 \u00e0 votre chevelure. Gr\u00e2ce aux vertus de la k\u00e9ratine, ULTRALISS masque lissant\u00a0restaure et prot\u00e8ge les chevelures endommag\u00e9es. Vos cheveux seront faciles \u00e0 peigner et pr\u00eats pour un coiffage lissant sans aucune r\u00e9sistance. Il redonnera vigueur et force.  Conseils d\u2019utilisation  Apr\u00e8s le shampooing, r\u00e9partir le masque sur cheveux humides et peigner. Laisser agir 2 \u00e0 3 minutes puis rincer. Eviter le contact avec les yeux. Usage externe uniquement.  ULTRALISS MASQUE LISSANT \u00c0 LA K\u00c9RATINE ne pr\u00e9sente aucune contre-indication.","og_url":"https:\/\/pharmadreams.shop\/index.php\/product\/phyteal-ultraliss-masque-lissant-a-la-keratine-100ml\/","og_site_name":"pharmadreams","og_image":[{"width":1000,"height":1000,"url":"https:\/\/pharmadreams.shop\/wp-content\/uploads\/2024\/05\/phyteal-ultraliss-masque-lissant-a-la-keratine-100ml.webp","type":"image\/webp"}],"twitter_card":"summary_large_image","twitter_misc":{"Dur\u00e9e de lecture estim\u00e9e":"1 minute"},"schema":{"@context":"https:\/\/schema.org","@graph":[{"@type":"WebPage","@id":"https:\/\/pharmadreams.shop\/index.php\/product\/phyteal-ultraliss-masque-lissant-a-la-keratine-100ml\/","url":"https:\/\/pharmadreams.shop\/index.php\/product\/phyteal-ultraliss-masque-lissant-a-la-keratine-100ml\/","name":"Phyteal Ultraliss Masque Lissant \u00e0 la K\u00e9ratine 100ml - pharmadreams","isPartOf":{"@id":"https:\/\/pharmadreams.shop\/#website"},"primaryImageOfPage":{"@id":"https:\/\/pharmadreams.shop\/index.php\/product\/phyteal-ultraliss-masque-lissant-a-la-keratine-100ml\/#primaryimage"},"image":{"@id":"https:\/\/pharmadreams.shop\/index.php\/product\/phyteal-ultraliss-masque-lissant-a-la-keratine-100ml\/#primaryimage"},"thumbnailUrl":"https:\/\/pharmadreams.shop\/wp-content\/uploads\/2024\/05\/phyteal-ultraliss-masque-lissant-a-la-keratine-100ml.webp","datePublished":"2024-05-20T11:38:21+00:00","dateModified":"2024-05-20T11:38:21+00:00","breadcrumb":{"@id":"https:\/\/pharmadreams.shop\/index.php\/product\/phyteal-ultraliss-masque-lissant-a-la-keratine-100ml\/#breadcrumb"},"inLanguage":"fr-FR","potentialAction":[{"@type":"ReadAction","target":["https:\/\/pharmadreams.shop\/index.php\/product\/phyteal-ultraliss-masque-lissant-a-la-keratine-100ml\/"]}]},{"@type":"ImageObject","inLanguage":"fr-FR","@id":"https:\/\/pharmadreams.shop\/index.php\/product\/phyteal-ultraliss-masque-lissant-a-la-keratine-100ml\/#primaryimage","url":"https:\/\/pharmadreams.shop\/wp-content\/uploads\/2024\/05\/phyteal-ultraliss-masque-lissant-a-la-keratine-100ml.webp","contentUrl":"https:\/\/pharmadreams.shop\/wp-content\/uploads\/2024\/05\/phyteal-ultraliss-masque-lissant-a-la-keratine-100ml.webp","width":1000,"height":1000},{"@type":"BreadcrumbList","@id":"https:\/\/pharmadreams.shop\/index.php\/product\/phyteal-ultraliss-masque-lissant-a-la-keratine-100ml\/#breadcrumb","itemListElement":[{"@type":"ListItem","position":1,"name":"Accueil","item":"https:\/\/pharmadreams.shop\/"},{"@type":"ListItem","position":2,"name":"Shop","item":"https:\/\/pharmadreams.shop\/index.php\/shop\/"},{"@type":"ListItem","position":3,"name":"Phyteal Ultraliss Masque Lissant \u00e0 la K\u00e9ratine 100ml"}]},{"@type":"WebSite","@id":"https:\/\/pharmadreams.shop\/#website","url":"https:\/\/pharmadreams.shop\/","name":"pharmadreams","description":"Parapharmacie en ligne","potentialAction":[{"@type":"SearchAction","target":{"@type":"EntryPoint","urlTemplate":"https:\/\/pharmadreams.shop\/?s={search_term_string}"},"query-input":"required name=search_term_string"}],"inLanguage":"fr-FR"}]}},"_links":{"self":[{"href":"https:\/\/pharmadreams.shop\/index.php\/wp-json\/wp\/v2\/product\/18409","targetHints":{"allow":["GET"]}}],"collection":[{"href":"https:\/\/pharmadreams.shop\/index.php\/wp-json\/wp\/v2\/product"}],"about":[{"href":"https:\/\/pharmadreams.shop\/index.php\/wp-json\/wp\/v2\/types\/product"}],"replies":[{"embeddable":true,"href":"https:\/\/pharmadreams.shop\/index.php\/wp-json\/wp\/v2\/comments?post=18409"}],"version-history":[{"count":0,"href":"https:\/\/pharmadreams.shop\/index.php\/wp-json\/wp\/v2\/product\/18409\/revisions"}],"wp:featuredmedia":[{"embeddable":true,"href":"https:\/\/pharmadreams.shop\/index.php\/wp-json\/wp\/v2\/media\/18410"}],"wp:attachment":[{"href":"https:\/\/pharmadreams.shop\/index.php\/wp-json\/wp\/v2\/media?parent=18409"}],"wp:term":[{"taxonomy":"product_brand","embeddable":true,"href":"https:\/\/pharmadreams.shop\/index.php\/wp-json\/wp\/v2\/product_brand?post=18409"},{"taxonomy":"product_cat","embeddable":true,"href":"https:\/\/pharmadreams.shop\/index.php\/wp-json\/wp\/v2\/product_cat?post=18409"},{"taxonomy":"product_tag","embeddable":true,"href":"https:\/\/pharmadreams.shop\/index.php\/wp-json\/wp\/v2\/product_tag?post=18409"}],"curies":[{"name":"wp","href":"https:\/\/api.w.org\/{rel}","templated":true}]}}