{"id":18418,"date":"2024-05-21T11:03:43","date_gmt":"2024-05-21T10:03:43","guid":{"rendered":"https:\/\/pharmadreams.shop\/?post_type=product&#038;p=18418"},"modified":"2024-05-21T11:03:43","modified_gmt":"2024-05-21T10:03:43","slug":"inoderma-skin-booster-serum-booster-intense-30-ml","status":"publish","type":"product","link":"https:\/\/pharmadreams.shop\/index.php\/product\/inoderma-skin-booster-serum-booster-intense-30-ml\/","title":{"rendered":"Inoderma Skin Booster Serum Booster Intense 30 ml"},"content":{"rendered":"","protected":false},"excerpt":{"rendered":"<p>INODERMA SKIN BOOSTER SERUM BOOSTER INTENSE contribue \u00e0 faire rena\u00eetre la luminosit\u00e9 du teint, pour une peau intens\u00e9ment hydrat\u00e9e, fra\u00eeche et lisse.<\/p>\n<p><strong>Conseils d\u2019utilisation :\u00a0<\/strong><\/p>\n<p>Appliquer INODERMA SKIN BOOSTER SERUM BOOSTER INTENSE matin et soir sur une peau propre avant l\u2019application de la cr\u00e8me de jour ou de nuit.<br \/>\nMassez de l\u2019int\u00e9rieur vers l\u2019ext\u00e9rieur en exer\u00e7ant des pressions appuy\u00e9es sur le visage pour drainer et stimuler la circulation.<\/p>\n","protected":false},"featured_media":18419,"comment_status":"open","ping_status":"closed","template":"","meta":[],"product_brand":[],"product_cat":[134,98,94,20],"product_tag":[],"class_list":{"0":"post-18418","1":"product","2":"type-product","3":"status-publish","4":"has-post-thumbnail","6":"product_cat-eclat","7":"product_cat-hydratation","8":"product_cat-serum","9":"product_cat-visage","11":"first","12":"instock","13":"shipping-taxable","14":"purchasable","15":"product-type-simple"},"yoast_head":"<!-- This site is optimized with the Yoast SEO plugin v23.0 - https:\/\/yoast.com\/wordpress\/plugins\/seo\/ -->\n<title>Inoderma Skin Booster Serum Booster Intense 30 ml - pharmadreams<\/title>\n<meta name=\"robots\" content=\"index, follow, max-snippet:-1, max-image-preview:large, max-video-preview:-1\" \/>\n<link rel=\"canonical\" href=\"https:\/\/pharmadreams.shop\/index.php\/product\/inoderma-skin-booster-serum-booster-intense-30-ml\/\" \/>\n<meta property=\"og:locale\" content=\"fr_FR\" \/>\n<meta property=\"og:type\" content=\"article\" \/>\n<meta property=\"og:title\" content=\"Inoderma Skin Booster Serum Booster Intense 30 ml - pharmadreams\" \/>\n<meta property=\"og:description\" content=\"INODERMA SKIN BOOSTER SERUM BOOSTER INTENSE contribue \u00e0 faire rena\u00eetre la luminosit\u00e9 du teint, pour une peau intens\u00e9ment hydrat\u00e9e, fra\u00eeche et lisse.  Conseils d\u2019utilisation :\u00a0  Appliquer INODERMA SKIN BOOSTER SERUM BOOSTER INTENSE matin et soir sur une peau propre avant l\u2019application de la cr\u00e8me de jour ou de nuit. Massez de l\u2019int\u00e9rieur vers l\u2019ext\u00e9rieur en exer\u00e7ant des pressions appuy\u00e9es sur le visage pour drainer et stimuler la circulation.\" \/>\n<meta property=\"og:url\" content=\"https:\/\/pharmadreams.shop\/index.php\/product\/inoderma-skin-booster-serum-booster-intense-30-ml\/\" \/>\n<meta property=\"og:site_name\" content=\"pharmadreams\" \/>\n<meta property=\"og:image\" content=\"https:\/\/pharmadreams.shop\/wp-content\/uploads\/2024\/05\/inoderma-skin-booster-serum-booster-intense-30-ml.webp\" \/>\n\t<meta property=\"og:image:width\" content=\"800\" \/>\n\t<meta property=\"og:image:height\" content=\"800\" \/>\n\t<meta property=\"og:image:type\" content=\"image\/webp\" \/>\n<meta name=\"twitter:card\" content=\"summary_large_image\" \/>\n<meta name=\"twitter:label1\" content=\"Dur\u00e9e de lecture estim\u00e9e\" \/>\n\t<meta name=\"twitter:data1\" content=\"1 minute\" \/>\n<script type=\"application\/ld+json\" class=\"yoast-schema-graph\">{\"@context\":\"https:\/\/schema.org\",\"@graph\":[{\"@type\":\"WebPage\",\"@id\":\"https:\/\/pharmadreams.shop\/index.php\/product\/inoderma-skin-booster-serum-booster-intense-30-ml\/\",\"url\":\"https:\/\/pharmadreams.shop\/index.php\/product\/inoderma-skin-booster-serum-booster-intense-30-ml\/\",\"name\":\"Inoderma Skin Booster Serum Booster Intense 30 ml - pharmadreams\",\"isPartOf\":{\"@id\":\"https:\/\/pharmadreams.shop\/#website\"},\"primaryImageOfPage\":{\"@id\":\"https:\/\/pharmadreams.shop\/index.php\/product\/inoderma-skin-booster-serum-booster-intense-30-ml\/#primaryimage\"},\"image\":{\"@id\":\"https:\/\/pharmadreams.shop\/index.php\/product\/inoderma-skin-booster-serum-booster-intense-30-ml\/#primaryimage\"},\"thumbnailUrl\":\"https:\/\/pharmadreams.shop\/wp-content\/uploads\/2024\/05\/inoderma-skin-booster-serum-booster-intense-30-ml.webp\",\"datePublished\":\"2024-05-21T10:03:43+00:00\",\"dateModified\":\"2024-05-21T10:03:43+00:00\",\"breadcrumb\":{\"@id\":\"https:\/\/pharmadreams.shop\/index.php\/product\/inoderma-skin-booster-serum-booster-intense-30-ml\/#breadcrumb\"},\"inLanguage\":\"fr-FR\",\"potentialAction\":[{\"@type\":\"ReadAction\",\"target\":[\"https:\/\/pharmadreams.shop\/index.php\/product\/inoderma-skin-booster-serum-booster-intense-30-ml\/\"]}]},{\"@type\":\"ImageObject\",\"inLanguage\":\"fr-FR\",\"@id\":\"https:\/\/pharmadreams.shop\/index.php\/product\/inoderma-skin-booster-serum-booster-intense-30-ml\/#primaryimage\",\"url\":\"https:\/\/pharmadreams.shop\/wp-content\/uploads\/2024\/05\/inoderma-skin-booster-serum-booster-intense-30-ml.webp\",\"contentUrl\":\"https:\/\/pharmadreams.shop\/wp-content\/uploads\/2024\/05\/inoderma-skin-booster-serum-booster-intense-30-ml.webp\",\"width\":800,\"height\":800},{\"@type\":\"BreadcrumbList\",\"@id\":\"https:\/\/pharmadreams.shop\/index.php\/product\/inoderma-skin-booster-serum-booster-intense-30-ml\/#breadcrumb\",\"itemListElement\":[{\"@type\":\"ListItem\",\"position\":1,\"name\":\"Accueil\",\"item\":\"https:\/\/pharmadreams.shop\/\"},{\"@type\":\"ListItem\",\"position\":2,\"name\":\"Shop\",\"item\":\"https:\/\/pharmadreams.shop\/index.php\/shop\/\"},{\"@type\":\"ListItem\",\"position\":3,\"name\":\"Inoderma Skin Booster Serum Booster Intense 30 ml\"}]},{\"@type\":\"WebSite\",\"@id\":\"https:\/\/pharmadreams.shop\/#website\",\"url\":\"https:\/\/pharmadreams.shop\/\",\"name\":\"pharmadreams\",\"description\":\"Parapharmacie en ligne\",\"potentialAction\":[{\"@type\":\"SearchAction\",\"target\":{\"@type\":\"EntryPoint\",\"urlTemplate\":\"https:\/\/pharmadreams.shop\/?s={search_term_string}\"},\"query-input\":\"required name=search_term_string\"}],\"inLanguage\":\"fr-FR\"}]}<\/script>\n<!-- \/ Yoast SEO plugin. -->","yoast_head_json":{"title":"Inoderma Skin Booster Serum Booster Intense 30 ml - pharmadreams","robots":{"index":"index","follow":"follow","max-snippet":"max-snippet:-1","max-image-preview":"max-image-preview:large","max-video-preview":"max-video-preview:-1"},"canonical":"https:\/\/pharmadreams.shop\/index.php\/product\/inoderma-skin-booster-serum-booster-intense-30-ml\/","og_locale":"fr_FR","og_type":"article","og_title":"Inoderma Skin Booster Serum Booster Intense 30 ml - pharmadreams","og_description":"INODERMA SKIN BOOSTER SERUM BOOSTER INTENSE contribue \u00e0 faire rena\u00eetre la luminosit\u00e9 du teint, pour une peau intens\u00e9ment hydrat\u00e9e, fra\u00eeche et lisse.  Conseils d\u2019utilisation :\u00a0  Appliquer INODERMA SKIN BOOSTER SERUM BOOSTER INTENSE matin et soir sur une peau propre avant l\u2019application de la cr\u00e8me de jour ou de nuit. Massez de l\u2019int\u00e9rieur vers l\u2019ext\u00e9rieur en exer\u00e7ant des pressions appuy\u00e9es sur le visage pour drainer et stimuler la circulation.","og_url":"https:\/\/pharmadreams.shop\/index.php\/product\/inoderma-skin-booster-serum-booster-intense-30-ml\/","og_site_name":"pharmadreams","og_image":[{"width":800,"height":800,"url":"https:\/\/pharmadreams.shop\/wp-content\/uploads\/2024\/05\/inoderma-skin-booster-serum-booster-intense-30-ml.webp","type":"image\/webp"}],"twitter_card":"summary_large_image","twitter_misc":{"Dur\u00e9e de lecture estim\u00e9e":"1 minute"},"schema":{"@context":"https:\/\/schema.org","@graph":[{"@type":"WebPage","@id":"https:\/\/pharmadreams.shop\/index.php\/product\/inoderma-skin-booster-serum-booster-intense-30-ml\/","url":"https:\/\/pharmadreams.shop\/index.php\/product\/inoderma-skin-booster-serum-booster-intense-30-ml\/","name":"Inoderma Skin Booster Serum Booster Intense 30 ml - pharmadreams","isPartOf":{"@id":"https:\/\/pharmadreams.shop\/#website"},"primaryImageOfPage":{"@id":"https:\/\/pharmadreams.shop\/index.php\/product\/inoderma-skin-booster-serum-booster-intense-30-ml\/#primaryimage"},"image":{"@id":"https:\/\/pharmadreams.shop\/index.php\/product\/inoderma-skin-booster-serum-booster-intense-30-ml\/#primaryimage"},"thumbnailUrl":"https:\/\/pharmadreams.shop\/wp-content\/uploads\/2024\/05\/inoderma-skin-booster-serum-booster-intense-30-ml.webp","datePublished":"2024-05-21T10:03:43+00:00","dateModified":"2024-05-21T10:03:43+00:00","breadcrumb":{"@id":"https:\/\/pharmadreams.shop\/index.php\/product\/inoderma-skin-booster-serum-booster-intense-30-ml\/#breadcrumb"},"inLanguage":"fr-FR","potentialAction":[{"@type":"ReadAction","target":["https:\/\/pharmadreams.shop\/index.php\/product\/inoderma-skin-booster-serum-booster-intense-30-ml\/"]}]},{"@type":"ImageObject","inLanguage":"fr-FR","@id":"https:\/\/pharmadreams.shop\/index.php\/product\/inoderma-skin-booster-serum-booster-intense-30-ml\/#primaryimage","url":"https:\/\/pharmadreams.shop\/wp-content\/uploads\/2024\/05\/inoderma-skin-booster-serum-booster-intense-30-ml.webp","contentUrl":"https:\/\/pharmadreams.shop\/wp-content\/uploads\/2024\/05\/inoderma-skin-booster-serum-booster-intense-30-ml.webp","width":800,"height":800},{"@type":"BreadcrumbList","@id":"https:\/\/pharmadreams.shop\/index.php\/product\/inoderma-skin-booster-serum-booster-intense-30-ml\/#breadcrumb","itemListElement":[{"@type":"ListItem","position":1,"name":"Accueil","item":"https:\/\/pharmadreams.shop\/"},{"@type":"ListItem","position":2,"name":"Shop","item":"https:\/\/pharmadreams.shop\/index.php\/shop\/"},{"@type":"ListItem","position":3,"name":"Inoderma Skin Booster Serum Booster Intense 30 ml"}]},{"@type":"WebSite","@id":"https:\/\/pharmadreams.shop\/#website","url":"https:\/\/pharmadreams.shop\/","name":"pharmadreams","description":"Parapharmacie en ligne","potentialAction":[{"@type":"SearchAction","target":{"@type":"EntryPoint","urlTemplate":"https:\/\/pharmadreams.shop\/?s={search_term_string}"},"query-input":"required name=search_term_string"}],"inLanguage":"fr-FR"}]}},"_links":{"self":[{"href":"https:\/\/pharmadreams.shop\/index.php\/wp-json\/wp\/v2\/product\/18418","targetHints":{"allow":["GET"]}}],"collection":[{"href":"https:\/\/pharmadreams.shop\/index.php\/wp-json\/wp\/v2\/product"}],"about":[{"href":"https:\/\/pharmadreams.shop\/index.php\/wp-json\/wp\/v2\/types\/product"}],"replies":[{"embeddable":true,"href":"https:\/\/pharmadreams.shop\/index.php\/wp-json\/wp\/v2\/comments?post=18418"}],"version-history":[{"count":0,"href":"https:\/\/pharmadreams.shop\/index.php\/wp-json\/wp\/v2\/product\/18418\/revisions"}],"wp:featuredmedia":[{"embeddable":true,"href":"https:\/\/pharmadreams.shop\/index.php\/wp-json\/wp\/v2\/media\/18419"}],"wp:attachment":[{"href":"https:\/\/pharmadreams.shop\/index.php\/wp-json\/wp\/v2\/media?parent=18418"}],"wp:term":[{"taxonomy":"product_brand","embeddable":true,"href":"https:\/\/pharmadreams.shop\/index.php\/wp-json\/wp\/v2\/product_brand?post=18418"},{"taxonomy":"product_cat","embeddable":true,"href":"https:\/\/pharmadreams.shop\/index.php\/wp-json\/wp\/v2\/product_cat?post=18418"},{"taxonomy":"product_tag","embeddable":true,"href":"https:\/\/pharmadreams.shop\/index.php\/wp-json\/wp\/v2\/product_tag?post=18418"}],"curies":[{"name":"wp","href":"https:\/\/api.w.org\/{rel}","templated":true}]}}