{"id":18424,"date":"2024-05-21T14:53:31","date_gmt":"2024-05-21T13:53:31","guid":{"rendered":"https:\/\/pharmadreams.shop\/?post_type=product&#038;p=18424"},"modified":"2024-05-21T14:53:32","modified_gmt":"2024-05-21T13:53:32","slug":"roncey-baume-a-levre-protege-plus-framboise","status":"publish","type":"product","link":"https:\/\/pharmadreams.shop\/index.php\/product\/roncey-baume-a-levre-protege-plus-framboise\/","title":{"rendered":"Roncey Baume \u00e0 Levre Protege Plus Framboise"},"content":{"rendered":"","protected":false},"excerpt":{"rendered":"<p>Prot\u00e8ge + a s\u00e9lectionn\u00e9 le meilleur du bassin m\u00e9diterran\u00e9en pour parer vos l\u00e8vres d\u2019un soin \u00e0 la senteur framboise. Gr\u00e2ce \u00e0 sa formule contenant exclusivement des huiles v\u00e9g\u00e9tales et \u00e0 l\u2019association cire d\u2019abeille et beurre de karit\u00e9, vos l\u00e8vres sont apais\u00e9es.<\/p>\n<p>SOIN DES L\u00c8VRES 0% parab\u00e8ne \u2013 0% ph\u00e9noxy\u00e9thanol 0% huiles min\u00e9rales<\/p>\n","protected":false},"featured_media":18425,"comment_status":"open","ping_status":"closed","template":"","meta":[],"product_brand":[],"product_cat":[244],"product_tag":[],"class_list":{"0":"post-18424","1":"product","2":"type-product","3":"status-publish","4":"has-post-thumbnail","6":"product_cat-baume-a-levres","8":"first","9":"instock","10":"sale","11":"shipping-taxable","12":"purchasable","13":"product-type-simple"},"yoast_head":"<!-- This site is optimized with the Yoast SEO plugin v23.0 - https:\/\/yoast.com\/wordpress\/plugins\/seo\/ -->\n<title>Roncey Baume \u00e0 Levre Protege Plus Framboise - pharmadreams<\/title>\n<meta name=\"robots\" content=\"index, follow, max-snippet:-1, max-image-preview:large, max-video-preview:-1\" \/>\n<link rel=\"canonical\" href=\"https:\/\/pharmadreams.shop\/index.php\/product\/roncey-baume-a-levre-protege-plus-framboise\/\" \/>\n<meta property=\"og:locale\" content=\"fr_FR\" \/>\n<meta property=\"og:type\" content=\"article\" \/>\n<meta property=\"og:title\" content=\"Roncey Baume \u00e0 Levre Protege Plus Framboise - pharmadreams\" \/>\n<meta property=\"og:description\" content=\"Prot\u00e8ge + a s\u00e9lectionn\u00e9 le meilleur du bassin m\u00e9diterran\u00e9en pour parer vos l\u00e8vres d\u2019un soin \u00e0 la senteur framboise. Gr\u00e2ce \u00e0 sa formule contenant exclusivement des huiles v\u00e9g\u00e9tales et \u00e0 l\u2019association cire d\u2019abeille et beurre de karit\u00e9, vos l\u00e8vres sont apais\u00e9es.  SOIN DES L\u00c8VRES 0% parab\u00e8ne \u2013 0% ph\u00e9noxy\u00e9thanol 0% huiles min\u00e9rales\" \/>\n<meta property=\"og:url\" content=\"https:\/\/pharmadreams.shop\/index.php\/product\/roncey-baume-a-levre-protege-plus-framboise\/\" \/>\n<meta property=\"og:site_name\" content=\"pharmadreams\" \/>\n<meta property=\"article:modified_time\" content=\"2024-05-21T13:53:32+00:00\" \/>\n<meta property=\"og:image\" content=\"https:\/\/pharmadreams.shop\/wp-content\/uploads\/2024\/05\/roncey-baume-a-levre-protege-plus-framboise.webp\" \/>\n\t<meta property=\"og:image:width\" content=\"1000\" \/>\n\t<meta property=\"og:image:height\" content=\"1000\" \/>\n\t<meta property=\"og:image:type\" content=\"image\/webp\" \/>\n<meta name=\"twitter:card\" content=\"summary_large_image\" \/>\n<meta name=\"twitter:label1\" content=\"Dur\u00e9e de lecture estim\u00e9e\" \/>\n\t<meta name=\"twitter:data1\" content=\"1 minute\" \/>\n<script type=\"application\/ld+json\" class=\"yoast-schema-graph\">{\"@context\":\"https:\/\/schema.org\",\"@graph\":[{\"@type\":\"WebPage\",\"@id\":\"https:\/\/pharmadreams.shop\/index.php\/product\/roncey-baume-a-levre-protege-plus-framboise\/\",\"url\":\"https:\/\/pharmadreams.shop\/index.php\/product\/roncey-baume-a-levre-protege-plus-framboise\/\",\"name\":\"Roncey Baume \u00e0 Levre Protege Plus Framboise - pharmadreams\",\"isPartOf\":{\"@id\":\"https:\/\/pharmadreams.shop\/#website\"},\"primaryImageOfPage\":{\"@id\":\"https:\/\/pharmadreams.shop\/index.php\/product\/roncey-baume-a-levre-protege-plus-framboise\/#primaryimage\"},\"image\":{\"@id\":\"https:\/\/pharmadreams.shop\/index.php\/product\/roncey-baume-a-levre-protege-plus-framboise\/#primaryimage\"},\"thumbnailUrl\":\"https:\/\/pharmadreams.shop\/wp-content\/uploads\/2024\/05\/roncey-baume-a-levre-protege-plus-framboise.webp\",\"datePublished\":\"2024-05-21T13:53:31+00:00\",\"dateModified\":\"2024-05-21T13:53:32+00:00\",\"breadcrumb\":{\"@id\":\"https:\/\/pharmadreams.shop\/index.php\/product\/roncey-baume-a-levre-protege-plus-framboise\/#breadcrumb\"},\"inLanguage\":\"fr-FR\",\"potentialAction\":[{\"@type\":\"ReadAction\",\"target\":[\"https:\/\/pharmadreams.shop\/index.php\/product\/roncey-baume-a-levre-protege-plus-framboise\/\"]}]},{\"@type\":\"ImageObject\",\"inLanguage\":\"fr-FR\",\"@id\":\"https:\/\/pharmadreams.shop\/index.php\/product\/roncey-baume-a-levre-protege-plus-framboise\/#primaryimage\",\"url\":\"https:\/\/pharmadreams.shop\/wp-content\/uploads\/2024\/05\/roncey-baume-a-levre-protege-plus-framboise.webp\",\"contentUrl\":\"https:\/\/pharmadreams.shop\/wp-content\/uploads\/2024\/05\/roncey-baume-a-levre-protege-plus-framboise.webp\",\"width\":1000,\"height\":1000},{\"@type\":\"BreadcrumbList\",\"@id\":\"https:\/\/pharmadreams.shop\/index.php\/product\/roncey-baume-a-levre-protege-plus-framboise\/#breadcrumb\",\"itemListElement\":[{\"@type\":\"ListItem\",\"position\":1,\"name\":\"Accueil\",\"item\":\"https:\/\/pharmadreams.shop\/\"},{\"@type\":\"ListItem\",\"position\":2,\"name\":\"Shop\",\"item\":\"https:\/\/pharmadreams.shop\/index.php\/shop\/\"},{\"@type\":\"ListItem\",\"position\":3,\"name\":\"Roncey Baume \u00e0 Levre Protege Plus Framboise\"}]},{\"@type\":\"WebSite\",\"@id\":\"https:\/\/pharmadreams.shop\/#website\",\"url\":\"https:\/\/pharmadreams.shop\/\",\"name\":\"pharmadreams\",\"description\":\"Parapharmacie en ligne\",\"potentialAction\":[{\"@type\":\"SearchAction\",\"target\":{\"@type\":\"EntryPoint\",\"urlTemplate\":\"https:\/\/pharmadreams.shop\/?s={search_term_string}\"},\"query-input\":\"required name=search_term_string\"}],\"inLanguage\":\"fr-FR\"}]}<\/script>\n<!-- \/ Yoast SEO plugin. -->","yoast_head_json":{"title":"Roncey Baume \u00e0 Levre Protege Plus Framboise - pharmadreams","robots":{"index":"index","follow":"follow","max-snippet":"max-snippet:-1","max-image-preview":"max-image-preview:large","max-video-preview":"max-video-preview:-1"},"canonical":"https:\/\/pharmadreams.shop\/index.php\/product\/roncey-baume-a-levre-protege-plus-framboise\/","og_locale":"fr_FR","og_type":"article","og_title":"Roncey Baume \u00e0 Levre Protege Plus Framboise - pharmadreams","og_description":"Prot\u00e8ge + a s\u00e9lectionn\u00e9 le meilleur du bassin m\u00e9diterran\u00e9en pour parer vos l\u00e8vres d\u2019un soin \u00e0 la senteur framboise. Gr\u00e2ce \u00e0 sa formule contenant exclusivement des huiles v\u00e9g\u00e9tales et \u00e0 l\u2019association cire d\u2019abeille et beurre de karit\u00e9, vos l\u00e8vres sont apais\u00e9es.  SOIN DES L\u00c8VRES 0% parab\u00e8ne \u2013 0% ph\u00e9noxy\u00e9thanol 0% huiles min\u00e9rales","og_url":"https:\/\/pharmadreams.shop\/index.php\/product\/roncey-baume-a-levre-protege-plus-framboise\/","og_site_name":"pharmadreams","article_modified_time":"2024-05-21T13:53:32+00:00","og_image":[{"width":1000,"height":1000,"url":"https:\/\/pharmadreams.shop\/wp-content\/uploads\/2024\/05\/roncey-baume-a-levre-protege-plus-framboise.webp","type":"image\/webp"}],"twitter_card":"summary_large_image","twitter_misc":{"Dur\u00e9e de lecture estim\u00e9e":"1 minute"},"schema":{"@context":"https:\/\/schema.org","@graph":[{"@type":"WebPage","@id":"https:\/\/pharmadreams.shop\/index.php\/product\/roncey-baume-a-levre-protege-plus-framboise\/","url":"https:\/\/pharmadreams.shop\/index.php\/product\/roncey-baume-a-levre-protege-plus-framboise\/","name":"Roncey Baume \u00e0 Levre Protege Plus Framboise - pharmadreams","isPartOf":{"@id":"https:\/\/pharmadreams.shop\/#website"},"primaryImageOfPage":{"@id":"https:\/\/pharmadreams.shop\/index.php\/product\/roncey-baume-a-levre-protege-plus-framboise\/#primaryimage"},"image":{"@id":"https:\/\/pharmadreams.shop\/index.php\/product\/roncey-baume-a-levre-protege-plus-framboise\/#primaryimage"},"thumbnailUrl":"https:\/\/pharmadreams.shop\/wp-content\/uploads\/2024\/05\/roncey-baume-a-levre-protege-plus-framboise.webp","datePublished":"2024-05-21T13:53:31+00:00","dateModified":"2024-05-21T13:53:32+00:00","breadcrumb":{"@id":"https:\/\/pharmadreams.shop\/index.php\/product\/roncey-baume-a-levre-protege-plus-framboise\/#breadcrumb"},"inLanguage":"fr-FR","potentialAction":[{"@type":"ReadAction","target":["https:\/\/pharmadreams.shop\/index.php\/product\/roncey-baume-a-levre-protege-plus-framboise\/"]}]},{"@type":"ImageObject","inLanguage":"fr-FR","@id":"https:\/\/pharmadreams.shop\/index.php\/product\/roncey-baume-a-levre-protege-plus-framboise\/#primaryimage","url":"https:\/\/pharmadreams.shop\/wp-content\/uploads\/2024\/05\/roncey-baume-a-levre-protege-plus-framboise.webp","contentUrl":"https:\/\/pharmadreams.shop\/wp-content\/uploads\/2024\/05\/roncey-baume-a-levre-protege-plus-framboise.webp","width":1000,"height":1000},{"@type":"BreadcrumbList","@id":"https:\/\/pharmadreams.shop\/index.php\/product\/roncey-baume-a-levre-protege-plus-framboise\/#breadcrumb","itemListElement":[{"@type":"ListItem","position":1,"name":"Accueil","item":"https:\/\/pharmadreams.shop\/"},{"@type":"ListItem","position":2,"name":"Shop","item":"https:\/\/pharmadreams.shop\/index.php\/shop\/"},{"@type":"ListItem","position":3,"name":"Roncey Baume \u00e0 Levre Protege Plus Framboise"}]},{"@type":"WebSite","@id":"https:\/\/pharmadreams.shop\/#website","url":"https:\/\/pharmadreams.shop\/","name":"pharmadreams","description":"Parapharmacie en ligne","potentialAction":[{"@type":"SearchAction","target":{"@type":"EntryPoint","urlTemplate":"https:\/\/pharmadreams.shop\/?s={search_term_string}"},"query-input":"required name=search_term_string"}],"inLanguage":"fr-FR"}]}},"_links":{"self":[{"href":"https:\/\/pharmadreams.shop\/index.php\/wp-json\/wp\/v2\/product\/18424","targetHints":{"allow":["GET"]}}],"collection":[{"href":"https:\/\/pharmadreams.shop\/index.php\/wp-json\/wp\/v2\/product"}],"about":[{"href":"https:\/\/pharmadreams.shop\/index.php\/wp-json\/wp\/v2\/types\/product"}],"replies":[{"embeddable":true,"href":"https:\/\/pharmadreams.shop\/index.php\/wp-json\/wp\/v2\/comments?post=18424"}],"version-history":[{"count":0,"href":"https:\/\/pharmadreams.shop\/index.php\/wp-json\/wp\/v2\/product\/18424\/revisions"}],"wp:featuredmedia":[{"embeddable":true,"href":"https:\/\/pharmadreams.shop\/index.php\/wp-json\/wp\/v2\/media\/18425"}],"wp:attachment":[{"href":"https:\/\/pharmadreams.shop\/index.php\/wp-json\/wp\/v2\/media?parent=18424"}],"wp:term":[{"taxonomy":"product_brand","embeddable":true,"href":"https:\/\/pharmadreams.shop\/index.php\/wp-json\/wp\/v2\/product_brand?post=18424"},{"taxonomy":"product_cat","embeddable":true,"href":"https:\/\/pharmadreams.shop\/index.php\/wp-json\/wp\/v2\/product_cat?post=18424"},{"taxonomy":"product_tag","embeddable":true,"href":"https:\/\/pharmadreams.shop\/index.php\/wp-json\/wp\/v2\/product_tag?post=18424"}],"curies":[{"name":"wp","href":"https:\/\/api.w.org\/{rel}","templated":true}]}}