{"id":18439,"date":"2024-05-23T12:32:50","date_gmt":"2024-05-23T11:32:50","guid":{"rendered":"https:\/\/pharmadreams.shop\/?post_type=product&#038;p=18439"},"modified":"2024-05-23T12:32:51","modified_gmt":"2024-05-23T11:32:51","slug":"avene-eau-thermale-spray-300ml","status":"publish","type":"product","link":"https:\/\/pharmadreams.shop\/index.php\/product\/avene-eau-thermale-spray-300ml\/","title":{"rendered":"AVENE Eau Thermale Spray 300ml"},"content":{"rendered":"","protected":false},"excerpt":{"rendered":"<p>L\u2019EAU THERMALE D\u2019AV\u00c8NE rafra\u00eechit la peau et la prot\u00e8ge contre les diverses irritations qui peuvent la d\u00e9grader. Ce produit poss\u00e8de un fort pouvoir nettoyant. Il peut \u00eatre utilis\u00e9 pour purifier la peau apr\u00e8s le d\u00e9maquillage ou le rasage.<\/p>\n<p class=\"title-block\"><strong>Conseils d&rsquo;utilisation :<\/strong><\/p>\n<p>Pour plus d\u2019efficacit\u00e9, il est conseill\u00e9 de vaporiser cette eau thermale directement sur les parties voulues. Ce produit peut \u00eatre appliqu\u00e9 autant de fois que c\u2019est n\u00e9cessaire afin de rafra\u00eechir les zones s\u00e8ches et d\u2019apaiser des parties irrit\u00e9es \u00e0 cause d\u2019un coup de soleil. Dans le cas de rougeurs pour un b\u00e9b\u00e9, pulv\u00e9risez le produit l\u00e9g\u00e8rement sur la surface concern\u00e9e.<\/p>\n","protected":false},"featured_media":18440,"comment_status":"open","ping_status":"closed","template":"","meta":[],"product_brand":[],"product_cat":[281,263],"product_tag":[],"class_list":{"0":"post-18439","1":"product","2":"type-product","3":"status-publish","4":"has-post-thumbnail","6":"product_cat-eau-thermale","7":"product_cat-spray","9":"first","10":"instock","11":"shipping-taxable","12":"purchasable","13":"product-type-simple"},"yoast_head":"<!-- This site is optimized with the Yoast SEO plugin v23.0 - https:\/\/yoast.com\/wordpress\/plugins\/seo\/ -->\n<title>AVENE Eau Thermale Spray 300ml - pharmadreams<\/title>\n<meta name=\"robots\" content=\"index, follow, max-snippet:-1, max-image-preview:large, max-video-preview:-1\" \/>\n<link rel=\"canonical\" href=\"https:\/\/pharmadreams.shop\/index.php\/product\/avene-eau-thermale-spray-300ml\/\" \/>\n<meta property=\"og:locale\" content=\"fr_FR\" \/>\n<meta property=\"og:type\" content=\"article\" \/>\n<meta property=\"og:title\" content=\"AVENE Eau Thermale Spray 300ml - pharmadreams\" \/>\n<meta property=\"og:description\" content=\"L\u2019EAU THERMALE D\u2019AV\u00c8NE rafra\u00eechit la peau et la prot\u00e8ge contre les diverses irritations qui peuvent la d\u00e9grader. Ce produit poss\u00e8de un fort pouvoir nettoyant. Il peut \u00eatre utilis\u00e9 pour purifier la peau apr\u00e8s le d\u00e9maquillage ou le rasage. Conseils d&#039;utilisation : Pour plus d\u2019efficacit\u00e9, il est conseill\u00e9 de vaporiser cette eau thermale directement sur les parties voulues. Ce produit peut \u00eatre appliqu\u00e9 autant de fois que c\u2019est n\u00e9cessaire afin de rafra\u00eechir les zones s\u00e8ches et d\u2019apaiser des parties irrit\u00e9es \u00e0 cause d\u2019un coup de soleil. Dans le cas de rougeurs pour un b\u00e9b\u00e9, pulv\u00e9risez le produit l\u00e9g\u00e8rement sur la surface concern\u00e9e.\" \/>\n<meta property=\"og:url\" content=\"https:\/\/pharmadreams.shop\/index.php\/product\/avene-eau-thermale-spray-300ml\/\" \/>\n<meta property=\"og:site_name\" content=\"pharmadreams\" \/>\n<meta property=\"article:modified_time\" content=\"2024-05-23T11:32:51+00:00\" \/>\n<meta property=\"og:image\" content=\"https:\/\/pharmadreams.shop\/wp-content\/uploads\/2024\/05\/avene-eau-thermale-spray-300ml.webp\" \/>\n\t<meta property=\"og:image:width\" content=\"1000\" \/>\n\t<meta property=\"og:image:height\" content=\"1000\" \/>\n\t<meta property=\"og:image:type\" content=\"image\/webp\" \/>\n<meta name=\"twitter:card\" content=\"summary_large_image\" \/>\n<meta name=\"twitter:label1\" content=\"Dur\u00e9e de lecture estim\u00e9e\" \/>\n\t<meta name=\"twitter:data1\" content=\"1 minute\" \/>\n<script type=\"application\/ld+json\" class=\"yoast-schema-graph\">{\"@context\":\"https:\/\/schema.org\",\"@graph\":[{\"@type\":\"WebPage\",\"@id\":\"https:\/\/pharmadreams.shop\/index.php\/product\/avene-eau-thermale-spray-300ml\/\",\"url\":\"https:\/\/pharmadreams.shop\/index.php\/product\/avene-eau-thermale-spray-300ml\/\",\"name\":\"AVENE Eau Thermale Spray 300ml - pharmadreams\",\"isPartOf\":{\"@id\":\"https:\/\/pharmadreams.shop\/#website\"},\"primaryImageOfPage\":{\"@id\":\"https:\/\/pharmadreams.shop\/index.php\/product\/avene-eau-thermale-spray-300ml\/#primaryimage\"},\"image\":{\"@id\":\"https:\/\/pharmadreams.shop\/index.php\/product\/avene-eau-thermale-spray-300ml\/#primaryimage\"},\"thumbnailUrl\":\"https:\/\/pharmadreams.shop\/wp-content\/uploads\/2024\/05\/avene-eau-thermale-spray-300ml.webp\",\"datePublished\":\"2024-05-23T11:32:50+00:00\",\"dateModified\":\"2024-05-23T11:32:51+00:00\",\"breadcrumb\":{\"@id\":\"https:\/\/pharmadreams.shop\/index.php\/product\/avene-eau-thermale-spray-300ml\/#breadcrumb\"},\"inLanguage\":\"fr-FR\",\"potentialAction\":[{\"@type\":\"ReadAction\",\"target\":[\"https:\/\/pharmadreams.shop\/index.php\/product\/avene-eau-thermale-spray-300ml\/\"]}]},{\"@type\":\"ImageObject\",\"inLanguage\":\"fr-FR\",\"@id\":\"https:\/\/pharmadreams.shop\/index.php\/product\/avene-eau-thermale-spray-300ml\/#primaryimage\",\"url\":\"https:\/\/pharmadreams.shop\/wp-content\/uploads\/2024\/05\/avene-eau-thermale-spray-300ml.webp\",\"contentUrl\":\"https:\/\/pharmadreams.shop\/wp-content\/uploads\/2024\/05\/avene-eau-thermale-spray-300ml.webp\",\"width\":1000,\"height\":1000},{\"@type\":\"BreadcrumbList\",\"@id\":\"https:\/\/pharmadreams.shop\/index.php\/product\/avene-eau-thermale-spray-300ml\/#breadcrumb\",\"itemListElement\":[{\"@type\":\"ListItem\",\"position\":1,\"name\":\"Accueil\",\"item\":\"https:\/\/pharmadreams.shop\/\"},{\"@type\":\"ListItem\",\"position\":2,\"name\":\"Shop\",\"item\":\"https:\/\/pharmadreams.shop\/index.php\/shop\/\"},{\"@type\":\"ListItem\",\"position\":3,\"name\":\"AVENE Eau Thermale Spray 300ml\"}]},{\"@type\":\"WebSite\",\"@id\":\"https:\/\/pharmadreams.shop\/#website\",\"url\":\"https:\/\/pharmadreams.shop\/\",\"name\":\"pharmadreams\",\"description\":\"Parapharmacie en ligne\",\"potentialAction\":[{\"@type\":\"SearchAction\",\"target\":{\"@type\":\"EntryPoint\",\"urlTemplate\":\"https:\/\/pharmadreams.shop\/?s={search_term_string}\"},\"query-input\":\"required name=search_term_string\"}],\"inLanguage\":\"fr-FR\"}]}<\/script>\n<!-- \/ Yoast SEO plugin. -->","yoast_head_json":{"title":"AVENE Eau Thermale Spray 300ml - pharmadreams","robots":{"index":"index","follow":"follow","max-snippet":"max-snippet:-1","max-image-preview":"max-image-preview:large","max-video-preview":"max-video-preview:-1"},"canonical":"https:\/\/pharmadreams.shop\/index.php\/product\/avene-eau-thermale-spray-300ml\/","og_locale":"fr_FR","og_type":"article","og_title":"AVENE Eau Thermale Spray 300ml - pharmadreams","og_description":"L\u2019EAU THERMALE D\u2019AV\u00c8NE rafra\u00eechit la peau et la prot\u00e8ge contre les diverses irritations qui peuvent la d\u00e9grader. Ce produit poss\u00e8de un fort pouvoir nettoyant. Il peut \u00eatre utilis\u00e9 pour purifier la peau apr\u00e8s le d\u00e9maquillage ou le rasage. Conseils d'utilisation : Pour plus d\u2019efficacit\u00e9, il est conseill\u00e9 de vaporiser cette eau thermale directement sur les parties voulues. Ce produit peut \u00eatre appliqu\u00e9 autant de fois que c\u2019est n\u00e9cessaire afin de rafra\u00eechir les zones s\u00e8ches et d\u2019apaiser des parties irrit\u00e9es \u00e0 cause d\u2019un coup de soleil. Dans le cas de rougeurs pour un b\u00e9b\u00e9, pulv\u00e9risez le produit l\u00e9g\u00e8rement sur la surface concern\u00e9e.","og_url":"https:\/\/pharmadreams.shop\/index.php\/product\/avene-eau-thermale-spray-300ml\/","og_site_name":"pharmadreams","article_modified_time":"2024-05-23T11:32:51+00:00","og_image":[{"width":1000,"height":1000,"url":"https:\/\/pharmadreams.shop\/wp-content\/uploads\/2024\/05\/avene-eau-thermale-spray-300ml.webp","type":"image\/webp"}],"twitter_card":"summary_large_image","twitter_misc":{"Dur\u00e9e de lecture estim\u00e9e":"1 minute"},"schema":{"@context":"https:\/\/schema.org","@graph":[{"@type":"WebPage","@id":"https:\/\/pharmadreams.shop\/index.php\/product\/avene-eau-thermale-spray-300ml\/","url":"https:\/\/pharmadreams.shop\/index.php\/product\/avene-eau-thermale-spray-300ml\/","name":"AVENE Eau Thermale Spray 300ml - pharmadreams","isPartOf":{"@id":"https:\/\/pharmadreams.shop\/#website"},"primaryImageOfPage":{"@id":"https:\/\/pharmadreams.shop\/index.php\/product\/avene-eau-thermale-spray-300ml\/#primaryimage"},"image":{"@id":"https:\/\/pharmadreams.shop\/index.php\/product\/avene-eau-thermale-spray-300ml\/#primaryimage"},"thumbnailUrl":"https:\/\/pharmadreams.shop\/wp-content\/uploads\/2024\/05\/avene-eau-thermale-spray-300ml.webp","datePublished":"2024-05-23T11:32:50+00:00","dateModified":"2024-05-23T11:32:51+00:00","breadcrumb":{"@id":"https:\/\/pharmadreams.shop\/index.php\/product\/avene-eau-thermale-spray-300ml\/#breadcrumb"},"inLanguage":"fr-FR","potentialAction":[{"@type":"ReadAction","target":["https:\/\/pharmadreams.shop\/index.php\/product\/avene-eau-thermale-spray-300ml\/"]}]},{"@type":"ImageObject","inLanguage":"fr-FR","@id":"https:\/\/pharmadreams.shop\/index.php\/product\/avene-eau-thermale-spray-300ml\/#primaryimage","url":"https:\/\/pharmadreams.shop\/wp-content\/uploads\/2024\/05\/avene-eau-thermale-spray-300ml.webp","contentUrl":"https:\/\/pharmadreams.shop\/wp-content\/uploads\/2024\/05\/avene-eau-thermale-spray-300ml.webp","width":1000,"height":1000},{"@type":"BreadcrumbList","@id":"https:\/\/pharmadreams.shop\/index.php\/product\/avene-eau-thermale-spray-300ml\/#breadcrumb","itemListElement":[{"@type":"ListItem","position":1,"name":"Accueil","item":"https:\/\/pharmadreams.shop\/"},{"@type":"ListItem","position":2,"name":"Shop","item":"https:\/\/pharmadreams.shop\/index.php\/shop\/"},{"@type":"ListItem","position":3,"name":"AVENE Eau Thermale Spray 300ml"}]},{"@type":"WebSite","@id":"https:\/\/pharmadreams.shop\/#website","url":"https:\/\/pharmadreams.shop\/","name":"pharmadreams","description":"Parapharmacie en ligne","potentialAction":[{"@type":"SearchAction","target":{"@type":"EntryPoint","urlTemplate":"https:\/\/pharmadreams.shop\/?s={search_term_string}"},"query-input":"required name=search_term_string"}],"inLanguage":"fr-FR"}]}},"_links":{"self":[{"href":"https:\/\/pharmadreams.shop\/index.php\/wp-json\/wp\/v2\/product\/18439","targetHints":{"allow":["GET"]}}],"collection":[{"href":"https:\/\/pharmadreams.shop\/index.php\/wp-json\/wp\/v2\/product"}],"about":[{"href":"https:\/\/pharmadreams.shop\/index.php\/wp-json\/wp\/v2\/types\/product"}],"replies":[{"embeddable":true,"href":"https:\/\/pharmadreams.shop\/index.php\/wp-json\/wp\/v2\/comments?post=18439"}],"version-history":[{"count":0,"href":"https:\/\/pharmadreams.shop\/index.php\/wp-json\/wp\/v2\/product\/18439\/revisions"}],"wp:featuredmedia":[{"embeddable":true,"href":"https:\/\/pharmadreams.shop\/index.php\/wp-json\/wp\/v2\/media\/18440"}],"wp:attachment":[{"href":"https:\/\/pharmadreams.shop\/index.php\/wp-json\/wp\/v2\/media?parent=18439"}],"wp:term":[{"taxonomy":"product_brand","embeddable":true,"href":"https:\/\/pharmadreams.shop\/index.php\/wp-json\/wp\/v2\/product_brand?post=18439"},{"taxonomy":"product_cat","embeddable":true,"href":"https:\/\/pharmadreams.shop\/index.php\/wp-json\/wp\/v2\/product_cat?post=18439"},{"taxonomy":"product_tag","embeddable":true,"href":"https:\/\/pharmadreams.shop\/index.php\/wp-json\/wp\/v2\/product_tag?post=18439"}],"curies":[{"name":"wp","href":"https:\/\/api.w.org\/{rel}","templated":true}]}}