{"id":18445,"date":"2024-05-23T16:32:53","date_gmt":"2024-05-23T15:32:53","guid":{"rendered":"https:\/\/pharmadreams.shop\/?post_type=product&#038;p=18445"},"modified":"2024-05-23T16:32:54","modified_gmt":"2024-05-23T15:32:54","slug":"dr-irena-eris-clinic-way-3-coffret-creme-de-nuit30mldermocapsules30capsulescreme-de-jour-5050ml","status":"publish","type":"product","link":"https:\/\/pharmadreams.shop\/index.php\/product\/dr-irena-eris-clinic-way-3-coffret-creme-de-nuit30mldermocapsules30capsulescreme-de-jour-5050ml\/","title":{"rendered":"DR IRENA ERIS CLINIC WAY 3\u00b0 COFFRET CR\u00c8ME DE NUIT,30ML+DERMOCAPSULES,30CAPSULES+CR\u00c8ME DE JOUR(-50%),50ML"},"content":{"rendered":"","protected":false},"excerpt":{"rendered":"<p style=\"font-weight: 400;\">Dr Irena Eris CLINIC WAY 3\u00ba coffret dermocosm\u00e9tique Rajeunissement &#8211; redonnez \u00e0 votre peau l&rsquo;\u00e9clat de sa jeunesse<\/p>\n<p style=\"font-weight: 400;\">Le coffret dermocosm\u00e9tique CLINIC WAY 3\u00b0 est une r\u00e9ponse aux besoins des peaux matures aux prises avec des rides visibles et plus profondes et une perte de densit\u00e9 et de vitalit\u00e9 li\u00e9e aux troubles hormonaux. Il est destin\u00e9 aux femmes de plus de 50 ans ayant une peau s\u00e8che, sensible et sujette aux irritations. La recette du produit utilise l&rsquo;activateur r\u00e9volutionnaire de renouvellement cutan\u00e9 FGF1 LMS\u2122 avec la technologie LIPO-SPHERE, qui stimule les processus de r\u00e9g\u00e9n\u00e9ration cellulaire pour garantir un soin anti-\u00e2ge efficace. L&rsquo;ensemble comprend :<\/p>\n<p style=\"font-weight: 400;\">3\u00b0 Dermocr\u00e8me Restauratrice Jeunesse SPF 20 50 ml<\/p>\n<p style=\"font-weight: 400;\">3\u00b0 Dermocr\u00e8me R\u00e9g\u00e9n\u00e9rante Int\u00e9grale pour la nuit 30 ml<\/p>\n<p style=\"font-weight: 400;\">Dermocapsules revitalisantes 30 g\u00e9lules<\/p>\n<p style=\"font-weight: 400;\">CLINIC WAY 3\u00ba est un soin complet pour les peaux s\u00e8ches pr\u00e9sentant des signes visibles de l&rsquo;\u00e2ge, comprenant un rituel de jour et de nuit. Les pr\u00e9parations incluses dans le coffret agissent en synergie, compl\u00e9tant leurs propri\u00e9t\u00e9s afin que votre peau re\u00e7oive exactement ce dont elle a besoin<\/p>\n","protected":false},"featured_media":18446,"comment_status":"open","ping_status":"closed","template":"","meta":[],"product_brand":[],"product_cat":[100,120,78,194,285,20],"product_tag":[],"class_list":{"0":"post-18445","1":"product","2":"type-product","3":"status-publish","4":"has-post-thumbnail","6":"product_cat-anti-age","7":"product_cat-anti-rides","8":"product_cat-cremes","9":"product_cat-peaux-sensibles","10":"product_cat-vieillissement-cutane","11":"product_cat-visage","13":"first","14":"instock","15":"sale","16":"shipping-taxable","17":"purchasable","18":"product-type-simple"},"yoast_head":"<!-- This site is optimized with the Yoast SEO plugin v23.0 - https:\/\/yoast.com\/wordpress\/plugins\/seo\/ -->\n<title>DR IRENA ERIS CLINIC WAY 3\u00b0 COFFRET CR\u00c8ME DE NUIT,30ML+DERMOCAPSULES,30CAPSULES+CR\u00c8ME DE JOUR(-50%),50ML - pharmadreams<\/title>\n<meta name=\"robots\" content=\"index, follow, max-snippet:-1, max-image-preview:large, max-video-preview:-1\" \/>\n<link rel=\"canonical\" href=\"https:\/\/pharmadreams.shop\/index.php\/product\/dr-irena-eris-clinic-way-3-coffret-creme-de-nuit30mldermocapsules30capsulescreme-de-jour-5050ml\/\" \/>\n<meta property=\"og:locale\" content=\"fr_FR\" \/>\n<meta property=\"og:type\" content=\"article\" \/>\n<meta property=\"og:title\" content=\"DR IRENA ERIS CLINIC WAY 3\u00b0 COFFRET CR\u00c8ME DE NUIT,30ML+DERMOCAPSULES,30CAPSULES+CR\u00c8ME DE JOUR(-50%),50ML - pharmadreams\" \/>\n<meta property=\"og:description\" content=\"Dr Irena Eris CLINIC WAY 3\u00ba coffret dermocosm\u00e9tique Rajeunissement - redonnez \u00e0 votre peau l&#039;\u00e9clat de sa jeunesse Le coffret dermocosm\u00e9tique CLINIC WAY 3\u00b0 est une r\u00e9ponse aux besoins des peaux matures aux prises avec des rides visibles et plus profondes et une perte de densit\u00e9 et de vitalit\u00e9 li\u00e9e aux troubles hormonaux. Il est destin\u00e9 aux femmes de plus de 50 ans ayant une peau s\u00e8che, sensible et sujette aux irritations. La recette du produit utilise l&#039;activateur r\u00e9volutionnaire de renouvellement cutan\u00e9 FGF1 LMS\u2122 avec la technologie LIPO-SPHERE, qui stimule les processus de r\u00e9g\u00e9n\u00e9ration cellulaire pour garantir un soin anti-\u00e2ge efficace. L&#039;ensemble comprend : 3\u00b0 Dermocr\u00e8me Restauratrice Jeunesse SPF 20 50 ml 3\u00b0 Dermocr\u00e8me R\u00e9g\u00e9n\u00e9rante Int\u00e9grale pour la nuit 30 ml Dermocapsules revitalisantes 30 g\u00e9lules CLINIC WAY 3\u00ba est un soin complet pour les peaux s\u00e8ches pr\u00e9sentant des signes visibles de l&#039;\u00e2ge, comprenant un rituel de jour et de nuit. Les pr\u00e9parations incluses dans le coffret agissent en synergie, compl\u00e9tant leurs propri\u00e9t\u00e9s afin que votre peau re\u00e7oive exactement ce dont elle a besoin\" \/>\n<meta property=\"og:url\" content=\"https:\/\/pharmadreams.shop\/index.php\/product\/dr-irena-eris-clinic-way-3-coffret-creme-de-nuit30mldermocapsules30capsulescreme-de-jour-5050ml\/\" \/>\n<meta property=\"og:site_name\" content=\"pharmadreams\" \/>\n<meta property=\"article:modified_time\" content=\"2024-05-23T15:32:54+00:00\" \/>\n<meta property=\"og:image\" content=\"https:\/\/pharmadreams.shop\/wp-content\/uploads\/2024\/05\/dr-irena-eris-clinic-way-3\u00b0-coffret-creme-de-nuit30mldermocapsules30capsulescreme-de-jour-5050ml.jpg\" \/>\n\t<meta property=\"og:image:width\" content=\"500\" \/>\n\t<meta property=\"og:image:height\" content=\"500\" \/>\n\t<meta property=\"og:image:type\" content=\"image\/jpeg\" \/>\n<meta name=\"twitter:card\" content=\"summary_large_image\" \/>\n<meta name=\"twitter:label1\" content=\"Dur\u00e9e de lecture estim\u00e9e\" \/>\n\t<meta name=\"twitter:data1\" content=\"1 minute\" \/>\n<script type=\"application\/ld+json\" class=\"yoast-schema-graph\">{\"@context\":\"https:\/\/schema.org\",\"@graph\":[{\"@type\":\"WebPage\",\"@id\":\"https:\/\/pharmadreams.shop\/index.php\/product\/dr-irena-eris-clinic-way-3-coffret-creme-de-nuit30mldermocapsules30capsulescreme-de-jour-5050ml\/\",\"url\":\"https:\/\/pharmadreams.shop\/index.php\/product\/dr-irena-eris-clinic-way-3-coffret-creme-de-nuit30mldermocapsules30capsulescreme-de-jour-5050ml\/\",\"name\":\"DR IRENA ERIS CLINIC WAY 3\u00b0 COFFRET CR\u00c8ME DE NUIT,30ML+DERMOCAPSULES,30CAPSULES+CR\u00c8ME DE JOUR(-50%),50ML - pharmadreams\",\"isPartOf\":{\"@id\":\"https:\/\/pharmadreams.shop\/#website\"},\"primaryImageOfPage\":{\"@id\":\"https:\/\/pharmadreams.shop\/index.php\/product\/dr-irena-eris-clinic-way-3-coffret-creme-de-nuit30mldermocapsules30capsulescreme-de-jour-5050ml\/#primaryimage\"},\"image\":{\"@id\":\"https:\/\/pharmadreams.shop\/index.php\/product\/dr-irena-eris-clinic-way-3-coffret-creme-de-nuit30mldermocapsules30capsulescreme-de-jour-5050ml\/#primaryimage\"},\"thumbnailUrl\":\"https:\/\/pharmadreams.shop\/wp-content\/uploads\/2024\/05\/dr-irena-eris-clinic-way-3\u00b0-coffret-creme-de-nuit30mldermocapsules30capsulescreme-de-jour-5050ml.jpg\",\"datePublished\":\"2024-05-23T15:32:53+00:00\",\"dateModified\":\"2024-05-23T15:32:54+00:00\",\"breadcrumb\":{\"@id\":\"https:\/\/pharmadreams.shop\/index.php\/product\/dr-irena-eris-clinic-way-3-coffret-creme-de-nuit30mldermocapsules30capsulescreme-de-jour-5050ml\/#breadcrumb\"},\"inLanguage\":\"fr-FR\",\"potentialAction\":[{\"@type\":\"ReadAction\",\"target\":[\"https:\/\/pharmadreams.shop\/index.php\/product\/dr-irena-eris-clinic-way-3-coffret-creme-de-nuit30mldermocapsules30capsulescreme-de-jour-5050ml\/\"]}]},{\"@type\":\"ImageObject\",\"inLanguage\":\"fr-FR\",\"@id\":\"https:\/\/pharmadreams.shop\/index.php\/product\/dr-irena-eris-clinic-way-3-coffret-creme-de-nuit30mldermocapsules30capsulescreme-de-jour-5050ml\/#primaryimage\",\"url\":\"https:\/\/pharmadreams.shop\/wp-content\/uploads\/2024\/05\/dr-irena-eris-clinic-way-3\u00b0-coffret-creme-de-nuit30mldermocapsules30capsulescreme-de-jour-5050ml.jpg\",\"contentUrl\":\"https:\/\/pharmadreams.shop\/wp-content\/uploads\/2024\/05\/dr-irena-eris-clinic-way-3\u00b0-coffret-creme-de-nuit30mldermocapsules30capsulescreme-de-jour-5050ml.jpg\",\"width\":500,\"height\":500},{\"@type\":\"BreadcrumbList\",\"@id\":\"https:\/\/pharmadreams.shop\/index.php\/product\/dr-irena-eris-clinic-way-3-coffret-creme-de-nuit30mldermocapsules30capsulescreme-de-jour-5050ml\/#breadcrumb\",\"itemListElement\":[{\"@type\":\"ListItem\",\"position\":1,\"name\":\"Accueil\",\"item\":\"https:\/\/pharmadreams.shop\/\"},{\"@type\":\"ListItem\",\"position\":2,\"name\":\"Shop\",\"item\":\"https:\/\/pharmadreams.shop\/index.php\/shop\/\"},{\"@type\":\"ListItem\",\"position\":3,\"name\":\"DR IRENA ERIS CLINIC WAY 3\u00b0 COFFRET CR\u00c8ME DE NUIT,30ML+DERMOCAPSULES,30CAPSULES+CR\u00c8ME DE JOUR(-50%),50ML\"}]},{\"@type\":\"WebSite\",\"@id\":\"https:\/\/pharmadreams.shop\/#website\",\"url\":\"https:\/\/pharmadreams.shop\/\",\"name\":\"pharmadreams\",\"description\":\"Parapharmacie en ligne\",\"potentialAction\":[{\"@type\":\"SearchAction\",\"target\":{\"@type\":\"EntryPoint\",\"urlTemplate\":\"https:\/\/pharmadreams.shop\/?s={search_term_string}\"},\"query-input\":\"required name=search_term_string\"}],\"inLanguage\":\"fr-FR\"}]}<\/script>\n<!-- \/ Yoast SEO plugin. -->","yoast_head_json":{"title":"DR IRENA ERIS CLINIC WAY 3\u00b0 COFFRET CR\u00c8ME DE NUIT,30ML+DERMOCAPSULES,30CAPSULES+CR\u00c8ME DE JOUR(-50%),50ML - pharmadreams","robots":{"index":"index","follow":"follow","max-snippet":"max-snippet:-1","max-image-preview":"max-image-preview:large","max-video-preview":"max-video-preview:-1"},"canonical":"https:\/\/pharmadreams.shop\/index.php\/product\/dr-irena-eris-clinic-way-3-coffret-creme-de-nuit30mldermocapsules30capsulescreme-de-jour-5050ml\/","og_locale":"fr_FR","og_type":"article","og_title":"DR IRENA ERIS CLINIC WAY 3\u00b0 COFFRET CR\u00c8ME DE NUIT,30ML+DERMOCAPSULES,30CAPSULES+CR\u00c8ME DE JOUR(-50%),50ML - pharmadreams","og_description":"Dr Irena Eris CLINIC WAY 3\u00ba coffret dermocosm\u00e9tique Rajeunissement - redonnez \u00e0 votre peau l'\u00e9clat de sa jeunesse Le coffret dermocosm\u00e9tique CLINIC WAY 3\u00b0 est une r\u00e9ponse aux besoins des peaux matures aux prises avec des rides visibles et plus profondes et une perte de densit\u00e9 et de vitalit\u00e9 li\u00e9e aux troubles hormonaux. Il est destin\u00e9 aux femmes de plus de 50 ans ayant une peau s\u00e8che, sensible et sujette aux irritations. La recette du produit utilise l'activateur r\u00e9volutionnaire de renouvellement cutan\u00e9 FGF1 LMS\u2122 avec la technologie LIPO-SPHERE, qui stimule les processus de r\u00e9g\u00e9n\u00e9ration cellulaire pour garantir un soin anti-\u00e2ge efficace. L'ensemble comprend : 3\u00b0 Dermocr\u00e8me Restauratrice Jeunesse SPF 20 50 ml 3\u00b0 Dermocr\u00e8me R\u00e9g\u00e9n\u00e9rante Int\u00e9grale pour la nuit 30 ml Dermocapsules revitalisantes 30 g\u00e9lules CLINIC WAY 3\u00ba est un soin complet pour les peaux s\u00e8ches pr\u00e9sentant des signes visibles de l'\u00e2ge, comprenant un rituel de jour et de nuit. Les pr\u00e9parations incluses dans le coffret agissent en synergie, compl\u00e9tant leurs propri\u00e9t\u00e9s afin que votre peau re\u00e7oive exactement ce dont elle a besoin","og_url":"https:\/\/pharmadreams.shop\/index.php\/product\/dr-irena-eris-clinic-way-3-coffret-creme-de-nuit30mldermocapsules30capsulescreme-de-jour-5050ml\/","og_site_name":"pharmadreams","article_modified_time":"2024-05-23T15:32:54+00:00","og_image":[{"width":500,"height":500,"url":"https:\/\/pharmadreams.shop\/wp-content\/uploads\/2024\/05\/dr-irena-eris-clinic-way-3\u00b0-coffret-creme-de-nuit30mldermocapsules30capsulescreme-de-jour-5050ml.jpg","type":"image\/jpeg"}],"twitter_card":"summary_large_image","twitter_misc":{"Dur\u00e9e de lecture estim\u00e9e":"1 minute"},"schema":{"@context":"https:\/\/schema.org","@graph":[{"@type":"WebPage","@id":"https:\/\/pharmadreams.shop\/index.php\/product\/dr-irena-eris-clinic-way-3-coffret-creme-de-nuit30mldermocapsules30capsulescreme-de-jour-5050ml\/","url":"https:\/\/pharmadreams.shop\/index.php\/product\/dr-irena-eris-clinic-way-3-coffret-creme-de-nuit30mldermocapsules30capsulescreme-de-jour-5050ml\/","name":"DR IRENA ERIS CLINIC WAY 3\u00b0 COFFRET CR\u00c8ME DE NUIT,30ML+DERMOCAPSULES,30CAPSULES+CR\u00c8ME DE JOUR(-50%),50ML - pharmadreams","isPartOf":{"@id":"https:\/\/pharmadreams.shop\/#website"},"primaryImageOfPage":{"@id":"https:\/\/pharmadreams.shop\/index.php\/product\/dr-irena-eris-clinic-way-3-coffret-creme-de-nuit30mldermocapsules30capsulescreme-de-jour-5050ml\/#primaryimage"},"image":{"@id":"https:\/\/pharmadreams.shop\/index.php\/product\/dr-irena-eris-clinic-way-3-coffret-creme-de-nuit30mldermocapsules30capsulescreme-de-jour-5050ml\/#primaryimage"},"thumbnailUrl":"https:\/\/pharmadreams.shop\/wp-content\/uploads\/2024\/05\/dr-irena-eris-clinic-way-3\u00b0-coffret-creme-de-nuit30mldermocapsules30capsulescreme-de-jour-5050ml.jpg","datePublished":"2024-05-23T15:32:53+00:00","dateModified":"2024-05-23T15:32:54+00:00","breadcrumb":{"@id":"https:\/\/pharmadreams.shop\/index.php\/product\/dr-irena-eris-clinic-way-3-coffret-creme-de-nuit30mldermocapsules30capsulescreme-de-jour-5050ml\/#breadcrumb"},"inLanguage":"fr-FR","potentialAction":[{"@type":"ReadAction","target":["https:\/\/pharmadreams.shop\/index.php\/product\/dr-irena-eris-clinic-way-3-coffret-creme-de-nuit30mldermocapsules30capsulescreme-de-jour-5050ml\/"]}]},{"@type":"ImageObject","inLanguage":"fr-FR","@id":"https:\/\/pharmadreams.shop\/index.php\/product\/dr-irena-eris-clinic-way-3-coffret-creme-de-nuit30mldermocapsules30capsulescreme-de-jour-5050ml\/#primaryimage","url":"https:\/\/pharmadreams.shop\/wp-content\/uploads\/2024\/05\/dr-irena-eris-clinic-way-3\u00b0-coffret-creme-de-nuit30mldermocapsules30capsulescreme-de-jour-5050ml.jpg","contentUrl":"https:\/\/pharmadreams.shop\/wp-content\/uploads\/2024\/05\/dr-irena-eris-clinic-way-3\u00b0-coffret-creme-de-nuit30mldermocapsules30capsulescreme-de-jour-5050ml.jpg","width":500,"height":500},{"@type":"BreadcrumbList","@id":"https:\/\/pharmadreams.shop\/index.php\/product\/dr-irena-eris-clinic-way-3-coffret-creme-de-nuit30mldermocapsules30capsulescreme-de-jour-5050ml\/#breadcrumb","itemListElement":[{"@type":"ListItem","position":1,"name":"Accueil","item":"https:\/\/pharmadreams.shop\/"},{"@type":"ListItem","position":2,"name":"Shop","item":"https:\/\/pharmadreams.shop\/index.php\/shop\/"},{"@type":"ListItem","position":3,"name":"DR IRENA ERIS CLINIC WAY 3\u00b0 COFFRET CR\u00c8ME DE NUIT,30ML+DERMOCAPSULES,30CAPSULES+CR\u00c8ME DE JOUR(-50%),50ML"}]},{"@type":"WebSite","@id":"https:\/\/pharmadreams.shop\/#website","url":"https:\/\/pharmadreams.shop\/","name":"pharmadreams","description":"Parapharmacie en ligne","potentialAction":[{"@type":"SearchAction","target":{"@type":"EntryPoint","urlTemplate":"https:\/\/pharmadreams.shop\/?s={search_term_string}"},"query-input":"required name=search_term_string"}],"inLanguage":"fr-FR"}]}},"_links":{"self":[{"href":"https:\/\/pharmadreams.shop\/index.php\/wp-json\/wp\/v2\/product\/18445","targetHints":{"allow":["GET"]}}],"collection":[{"href":"https:\/\/pharmadreams.shop\/index.php\/wp-json\/wp\/v2\/product"}],"about":[{"href":"https:\/\/pharmadreams.shop\/index.php\/wp-json\/wp\/v2\/types\/product"}],"replies":[{"embeddable":true,"href":"https:\/\/pharmadreams.shop\/index.php\/wp-json\/wp\/v2\/comments?post=18445"}],"version-history":[{"count":0,"href":"https:\/\/pharmadreams.shop\/index.php\/wp-json\/wp\/v2\/product\/18445\/revisions"}],"wp:featuredmedia":[{"embeddable":true,"href":"https:\/\/pharmadreams.shop\/index.php\/wp-json\/wp\/v2\/media\/18446"}],"wp:attachment":[{"href":"https:\/\/pharmadreams.shop\/index.php\/wp-json\/wp\/v2\/media?parent=18445"}],"wp:term":[{"taxonomy":"product_brand","embeddable":true,"href":"https:\/\/pharmadreams.shop\/index.php\/wp-json\/wp\/v2\/product_brand?post=18445"},{"taxonomy":"product_cat","embeddable":true,"href":"https:\/\/pharmadreams.shop\/index.php\/wp-json\/wp\/v2\/product_cat?post=18445"},{"taxonomy":"product_tag","embeddable":true,"href":"https:\/\/pharmadreams.shop\/index.php\/wp-json\/wp\/v2\/product_tag?post=18445"}],"curies":[{"name":"wp","href":"https:\/\/api.w.org\/{rel}","templated":true}]}}