{"id":18448,"date":"2024-05-23T16:36:59","date_gmt":"2024-05-23T15:36:59","guid":{"rendered":"https:\/\/pharmadreams.shop\/?post_type=product&#038;p=18448"},"modified":"2024-05-23T16:37:00","modified_gmt":"2024-05-23T15:37:00","slug":"dr-irena-eris-clinic-way-5-coffret-creme-de-nuit30mldermocapsules30capsulescreme-de-jour-5050ml","status":"publish","type":"product","link":"https:\/\/pharmadreams.shop\/index.php\/product\/dr-irena-eris-clinic-way-5-coffret-creme-de-nuit30mldermocapsules30capsulescreme-de-jour-5050ml\/","title":{"rendered":"DR IRENA ERIS CLINIC WAY 5\u00b0 COFFRET CR\u00c8ME DE NUIT,30ML+DERMOCAPSULES,30CAPSULES+CR\u00c8ME DE JOUR(-50%),50ML"},"content":{"rendered":"","protected":false},"excerpt":{"rendered":"<p>5\u00b0 soin anti-\u00e2ge Dr Irena Eris CLINIC WAY est un soin id\u00e9al pour les peaux sensibles pr\u00e9sentant des rides et des plis profonds visibles, \u00e0 la structure flasque et fine, sujettes aux irritations. Il procure l&rsquo;effet lipo-comblement des rides et sillons profonds gr\u00e2ce \u00e0 trois actifs : la formule brevet\u00e9e FGF1 LMS avec technologie de transport dermique Lipo-Sphere, le complexe Iso-lipid et Aqua Calcis. Recommand\u00e9 aux femmes \u00e0 partir de 70 ans environ.<\/p>\n","protected":false},"featured_media":18449,"comment_status":"open","ping_status":"closed","template":"","meta":[],"product_brand":[],"product_cat":[100,120,78,194,80,285,20],"product_tag":[],"class_list":{"0":"post-18448","1":"product","2":"type-product","3":"status-publish","4":"has-post-thumbnail","6":"product_cat-anti-age","7":"product_cat-anti-rides","8":"product_cat-cremes","9":"product_cat-peaux-sensibles","10":"product_cat-soins","11":"product_cat-vieillissement-cutane","12":"product_cat-visage","14":"first","15":"instock","16":"sale","17":"shipping-taxable","18":"purchasable","19":"product-type-simple"},"yoast_head":"<!-- This site is optimized with the Yoast SEO plugin v23.0 - https:\/\/yoast.com\/wordpress\/plugins\/seo\/ -->\n<title>DR IRENA ERIS CLINIC WAY 5\u00b0 COFFRET CR\u00c8ME DE NUIT,30ML+DERMOCAPSULES,30CAPSULES+CR\u00c8ME DE JOUR(-50%),50ML - pharmadreams<\/title>\n<meta name=\"robots\" content=\"index, follow, max-snippet:-1, max-image-preview:large, max-video-preview:-1\" \/>\n<link rel=\"canonical\" href=\"https:\/\/pharmadreams.shop\/index.php\/product\/dr-irena-eris-clinic-way-5-coffret-creme-de-nuit30mldermocapsules30capsulescreme-de-jour-5050ml\/\" \/>\n<meta property=\"og:locale\" content=\"fr_FR\" \/>\n<meta property=\"og:type\" content=\"article\" \/>\n<meta property=\"og:title\" content=\"DR IRENA ERIS CLINIC WAY 5\u00b0 COFFRET CR\u00c8ME DE NUIT,30ML+DERMOCAPSULES,30CAPSULES+CR\u00c8ME DE JOUR(-50%),50ML - pharmadreams\" \/>\n<meta property=\"og:description\" content=\"5\u00b0 soin anti-\u00e2ge Dr Irena Eris CLINIC WAY est un soin id\u00e9al pour les peaux sensibles pr\u00e9sentant des rides et des plis profonds visibles, \u00e0 la structure flasque et fine, sujettes aux irritations. Il procure l&#039;effet lipo-comblement des rides et sillons profonds gr\u00e2ce \u00e0 trois actifs : la formule brevet\u00e9e FGF1 LMS avec technologie de transport dermique Lipo-Sphere, le complexe Iso-lipid et Aqua Calcis. Recommand\u00e9 aux femmes \u00e0 partir de 70 ans environ.\" \/>\n<meta property=\"og:url\" content=\"https:\/\/pharmadreams.shop\/index.php\/product\/dr-irena-eris-clinic-way-5-coffret-creme-de-nuit30mldermocapsules30capsulescreme-de-jour-5050ml\/\" \/>\n<meta property=\"og:site_name\" content=\"pharmadreams\" \/>\n<meta property=\"article:modified_time\" content=\"2024-05-23T15:37:00+00:00\" \/>\n<meta property=\"og:image\" content=\"https:\/\/pharmadreams.shop\/wp-content\/uploads\/2024\/05\/dr-irena-eris-clinic-way-5\u00b0-coffret-creme-de-nuit30mldermocapsules30capsulescreme-de-jour-5050ml.jpg\" \/>\n\t<meta property=\"og:image:width\" content=\"250\" \/>\n\t<meta property=\"og:image:height\" content=\"250\" \/>\n\t<meta property=\"og:image:type\" content=\"image\/jpeg\" \/>\n<meta name=\"twitter:card\" content=\"summary_large_image\" \/>\n<meta name=\"twitter:label1\" content=\"Dur\u00e9e de lecture estim\u00e9e\" \/>\n\t<meta name=\"twitter:data1\" content=\"1 minute\" \/>\n<script type=\"application\/ld+json\" class=\"yoast-schema-graph\">{\"@context\":\"https:\/\/schema.org\",\"@graph\":[{\"@type\":\"WebPage\",\"@id\":\"https:\/\/pharmadreams.shop\/index.php\/product\/dr-irena-eris-clinic-way-5-coffret-creme-de-nuit30mldermocapsules30capsulescreme-de-jour-5050ml\/\",\"url\":\"https:\/\/pharmadreams.shop\/index.php\/product\/dr-irena-eris-clinic-way-5-coffret-creme-de-nuit30mldermocapsules30capsulescreme-de-jour-5050ml\/\",\"name\":\"DR IRENA ERIS CLINIC WAY 5\u00b0 COFFRET CR\u00c8ME DE NUIT,30ML+DERMOCAPSULES,30CAPSULES+CR\u00c8ME DE JOUR(-50%),50ML - pharmadreams\",\"isPartOf\":{\"@id\":\"https:\/\/pharmadreams.shop\/#website\"},\"primaryImageOfPage\":{\"@id\":\"https:\/\/pharmadreams.shop\/index.php\/product\/dr-irena-eris-clinic-way-5-coffret-creme-de-nuit30mldermocapsules30capsulescreme-de-jour-5050ml\/#primaryimage\"},\"image\":{\"@id\":\"https:\/\/pharmadreams.shop\/index.php\/product\/dr-irena-eris-clinic-way-5-coffret-creme-de-nuit30mldermocapsules30capsulescreme-de-jour-5050ml\/#primaryimage\"},\"thumbnailUrl\":\"https:\/\/pharmadreams.shop\/wp-content\/uploads\/2024\/05\/dr-irena-eris-clinic-way-5\u00b0-coffret-creme-de-nuit30mldermocapsules30capsulescreme-de-jour-5050ml.jpg\",\"datePublished\":\"2024-05-23T15:36:59+00:00\",\"dateModified\":\"2024-05-23T15:37:00+00:00\",\"breadcrumb\":{\"@id\":\"https:\/\/pharmadreams.shop\/index.php\/product\/dr-irena-eris-clinic-way-5-coffret-creme-de-nuit30mldermocapsules30capsulescreme-de-jour-5050ml\/#breadcrumb\"},\"inLanguage\":\"fr-FR\",\"potentialAction\":[{\"@type\":\"ReadAction\",\"target\":[\"https:\/\/pharmadreams.shop\/index.php\/product\/dr-irena-eris-clinic-way-5-coffret-creme-de-nuit30mldermocapsules30capsulescreme-de-jour-5050ml\/\"]}]},{\"@type\":\"ImageObject\",\"inLanguage\":\"fr-FR\",\"@id\":\"https:\/\/pharmadreams.shop\/index.php\/product\/dr-irena-eris-clinic-way-5-coffret-creme-de-nuit30mldermocapsules30capsulescreme-de-jour-5050ml\/#primaryimage\",\"url\":\"https:\/\/pharmadreams.shop\/wp-content\/uploads\/2024\/05\/dr-irena-eris-clinic-way-5\u00b0-coffret-creme-de-nuit30mldermocapsules30capsulescreme-de-jour-5050ml.jpg\",\"contentUrl\":\"https:\/\/pharmadreams.shop\/wp-content\/uploads\/2024\/05\/dr-irena-eris-clinic-way-5\u00b0-coffret-creme-de-nuit30mldermocapsules30capsulescreme-de-jour-5050ml.jpg\",\"width\":250,\"height\":250},{\"@type\":\"BreadcrumbList\",\"@id\":\"https:\/\/pharmadreams.shop\/index.php\/product\/dr-irena-eris-clinic-way-5-coffret-creme-de-nuit30mldermocapsules30capsulescreme-de-jour-5050ml\/#breadcrumb\",\"itemListElement\":[{\"@type\":\"ListItem\",\"position\":1,\"name\":\"Accueil\",\"item\":\"https:\/\/pharmadreams.shop\/\"},{\"@type\":\"ListItem\",\"position\":2,\"name\":\"Shop\",\"item\":\"https:\/\/pharmadreams.shop\/index.php\/shop\/\"},{\"@type\":\"ListItem\",\"position\":3,\"name\":\"DR IRENA ERIS CLINIC WAY 5\u00b0 COFFRET CR\u00c8ME DE NUIT,30ML+DERMOCAPSULES,30CAPSULES+CR\u00c8ME DE JOUR(-50%),50ML\"}]},{\"@type\":\"WebSite\",\"@id\":\"https:\/\/pharmadreams.shop\/#website\",\"url\":\"https:\/\/pharmadreams.shop\/\",\"name\":\"pharmadreams\",\"description\":\"Parapharmacie en ligne\",\"potentialAction\":[{\"@type\":\"SearchAction\",\"target\":{\"@type\":\"EntryPoint\",\"urlTemplate\":\"https:\/\/pharmadreams.shop\/?s={search_term_string}\"},\"query-input\":\"required name=search_term_string\"}],\"inLanguage\":\"fr-FR\"}]}<\/script>\n<!-- \/ Yoast SEO plugin. -->","yoast_head_json":{"title":"DR IRENA ERIS CLINIC WAY 5\u00b0 COFFRET CR\u00c8ME DE NUIT,30ML+DERMOCAPSULES,30CAPSULES+CR\u00c8ME DE JOUR(-50%),50ML - pharmadreams","robots":{"index":"index","follow":"follow","max-snippet":"max-snippet:-1","max-image-preview":"max-image-preview:large","max-video-preview":"max-video-preview:-1"},"canonical":"https:\/\/pharmadreams.shop\/index.php\/product\/dr-irena-eris-clinic-way-5-coffret-creme-de-nuit30mldermocapsules30capsulescreme-de-jour-5050ml\/","og_locale":"fr_FR","og_type":"article","og_title":"DR IRENA ERIS CLINIC WAY 5\u00b0 COFFRET CR\u00c8ME DE NUIT,30ML+DERMOCAPSULES,30CAPSULES+CR\u00c8ME DE JOUR(-50%),50ML - pharmadreams","og_description":"5\u00b0 soin anti-\u00e2ge Dr Irena Eris CLINIC WAY est un soin id\u00e9al pour les peaux sensibles pr\u00e9sentant des rides et des plis profonds visibles, \u00e0 la structure flasque et fine, sujettes aux irritations. Il procure l'effet lipo-comblement des rides et sillons profonds gr\u00e2ce \u00e0 trois actifs : la formule brevet\u00e9e FGF1 LMS avec technologie de transport dermique Lipo-Sphere, le complexe Iso-lipid et Aqua Calcis. Recommand\u00e9 aux femmes \u00e0 partir de 70 ans environ.","og_url":"https:\/\/pharmadreams.shop\/index.php\/product\/dr-irena-eris-clinic-way-5-coffret-creme-de-nuit30mldermocapsules30capsulescreme-de-jour-5050ml\/","og_site_name":"pharmadreams","article_modified_time":"2024-05-23T15:37:00+00:00","og_image":[{"width":250,"height":250,"url":"https:\/\/pharmadreams.shop\/wp-content\/uploads\/2024\/05\/dr-irena-eris-clinic-way-5\u00b0-coffret-creme-de-nuit30mldermocapsules30capsulescreme-de-jour-5050ml.jpg","type":"image\/jpeg"}],"twitter_card":"summary_large_image","twitter_misc":{"Dur\u00e9e de lecture estim\u00e9e":"1 minute"},"schema":{"@context":"https:\/\/schema.org","@graph":[{"@type":"WebPage","@id":"https:\/\/pharmadreams.shop\/index.php\/product\/dr-irena-eris-clinic-way-5-coffret-creme-de-nuit30mldermocapsules30capsulescreme-de-jour-5050ml\/","url":"https:\/\/pharmadreams.shop\/index.php\/product\/dr-irena-eris-clinic-way-5-coffret-creme-de-nuit30mldermocapsules30capsulescreme-de-jour-5050ml\/","name":"DR IRENA ERIS CLINIC WAY 5\u00b0 COFFRET CR\u00c8ME DE NUIT,30ML+DERMOCAPSULES,30CAPSULES+CR\u00c8ME DE JOUR(-50%),50ML - pharmadreams","isPartOf":{"@id":"https:\/\/pharmadreams.shop\/#website"},"primaryImageOfPage":{"@id":"https:\/\/pharmadreams.shop\/index.php\/product\/dr-irena-eris-clinic-way-5-coffret-creme-de-nuit30mldermocapsules30capsulescreme-de-jour-5050ml\/#primaryimage"},"image":{"@id":"https:\/\/pharmadreams.shop\/index.php\/product\/dr-irena-eris-clinic-way-5-coffret-creme-de-nuit30mldermocapsules30capsulescreme-de-jour-5050ml\/#primaryimage"},"thumbnailUrl":"https:\/\/pharmadreams.shop\/wp-content\/uploads\/2024\/05\/dr-irena-eris-clinic-way-5\u00b0-coffret-creme-de-nuit30mldermocapsules30capsulescreme-de-jour-5050ml.jpg","datePublished":"2024-05-23T15:36:59+00:00","dateModified":"2024-05-23T15:37:00+00:00","breadcrumb":{"@id":"https:\/\/pharmadreams.shop\/index.php\/product\/dr-irena-eris-clinic-way-5-coffret-creme-de-nuit30mldermocapsules30capsulescreme-de-jour-5050ml\/#breadcrumb"},"inLanguage":"fr-FR","potentialAction":[{"@type":"ReadAction","target":["https:\/\/pharmadreams.shop\/index.php\/product\/dr-irena-eris-clinic-way-5-coffret-creme-de-nuit30mldermocapsules30capsulescreme-de-jour-5050ml\/"]}]},{"@type":"ImageObject","inLanguage":"fr-FR","@id":"https:\/\/pharmadreams.shop\/index.php\/product\/dr-irena-eris-clinic-way-5-coffret-creme-de-nuit30mldermocapsules30capsulescreme-de-jour-5050ml\/#primaryimage","url":"https:\/\/pharmadreams.shop\/wp-content\/uploads\/2024\/05\/dr-irena-eris-clinic-way-5\u00b0-coffret-creme-de-nuit30mldermocapsules30capsulescreme-de-jour-5050ml.jpg","contentUrl":"https:\/\/pharmadreams.shop\/wp-content\/uploads\/2024\/05\/dr-irena-eris-clinic-way-5\u00b0-coffret-creme-de-nuit30mldermocapsules30capsulescreme-de-jour-5050ml.jpg","width":250,"height":250},{"@type":"BreadcrumbList","@id":"https:\/\/pharmadreams.shop\/index.php\/product\/dr-irena-eris-clinic-way-5-coffret-creme-de-nuit30mldermocapsules30capsulescreme-de-jour-5050ml\/#breadcrumb","itemListElement":[{"@type":"ListItem","position":1,"name":"Accueil","item":"https:\/\/pharmadreams.shop\/"},{"@type":"ListItem","position":2,"name":"Shop","item":"https:\/\/pharmadreams.shop\/index.php\/shop\/"},{"@type":"ListItem","position":3,"name":"DR IRENA ERIS CLINIC WAY 5\u00b0 COFFRET CR\u00c8ME DE NUIT,30ML+DERMOCAPSULES,30CAPSULES+CR\u00c8ME DE JOUR(-50%),50ML"}]},{"@type":"WebSite","@id":"https:\/\/pharmadreams.shop\/#website","url":"https:\/\/pharmadreams.shop\/","name":"pharmadreams","description":"Parapharmacie en ligne","potentialAction":[{"@type":"SearchAction","target":{"@type":"EntryPoint","urlTemplate":"https:\/\/pharmadreams.shop\/?s={search_term_string}"},"query-input":"required name=search_term_string"}],"inLanguage":"fr-FR"}]}},"_links":{"self":[{"href":"https:\/\/pharmadreams.shop\/index.php\/wp-json\/wp\/v2\/product\/18448","targetHints":{"allow":["GET"]}}],"collection":[{"href":"https:\/\/pharmadreams.shop\/index.php\/wp-json\/wp\/v2\/product"}],"about":[{"href":"https:\/\/pharmadreams.shop\/index.php\/wp-json\/wp\/v2\/types\/product"}],"replies":[{"embeddable":true,"href":"https:\/\/pharmadreams.shop\/index.php\/wp-json\/wp\/v2\/comments?post=18448"}],"version-history":[{"count":0,"href":"https:\/\/pharmadreams.shop\/index.php\/wp-json\/wp\/v2\/product\/18448\/revisions"}],"wp:featuredmedia":[{"embeddable":true,"href":"https:\/\/pharmadreams.shop\/index.php\/wp-json\/wp\/v2\/media\/18449"}],"wp:attachment":[{"href":"https:\/\/pharmadreams.shop\/index.php\/wp-json\/wp\/v2\/media?parent=18448"}],"wp:term":[{"taxonomy":"product_brand","embeddable":true,"href":"https:\/\/pharmadreams.shop\/index.php\/wp-json\/wp\/v2\/product_brand?post=18448"},{"taxonomy":"product_cat","embeddable":true,"href":"https:\/\/pharmadreams.shop\/index.php\/wp-json\/wp\/v2\/product_cat?post=18448"},{"taxonomy":"product_tag","embeddable":true,"href":"https:\/\/pharmadreams.shop\/index.php\/wp-json\/wp\/v2\/product_tag?post=18448"}],"curies":[{"name":"wp","href":"https:\/\/api.w.org\/{rel}","templated":true}]}}