{"id":18451,"date":"2024-05-23T16:44:09","date_gmt":"2024-05-23T15:44:09","guid":{"rendered":"https:\/\/pharmadreams.shop\/?post_type=product&#038;p=18451"},"modified":"2024-05-23T16:44:10","modified_gmt":"2024-05-23T15:44:10","slug":"dr-irena-eris-clinic-way-4-coffret-creme-de-nuit30mldermocapsules30capsulescreme-de-jour-5050ml","status":"publish","type":"product","link":"https:\/\/pharmadreams.shop\/index.php\/product\/dr-irena-eris-clinic-way-4-coffret-creme-de-nuit30mldermocapsules30capsulescreme-de-jour-5050ml\/","title":{"rendered":"DR IRENA ERIS CLINIC WAY 4\u00b0 COFFRET CR\u00c8ME DE NUIT,30ML+DERMOCAPSULES,30CAPSULES+CR\u00c8ME DE JOUR(-50%),50ML"},"content":{"rendered":"","protected":false},"excerpt":{"rendered":"<p>CLINIC WAY COFFRET ULTRA SENSITIVE SKIN N\u00b0 4 Le coffret Anti-age de CLINIC WAY N4 est compos\u00e9 de soins de pr\u00e9vention anti-age et correction anti-rides, Ce coffret contient: CLINIC WAY Dermo-capsules revitalisantes : contiennent du s\u00e9rum lipidique avanc\u00e9 en capsules unidoses qui constituent une cure de conditionnement de 30 jours. Le s\u00e9rum est recommand\u00e9 pour les peaux fatigu\u00e9es, trop s\u00e8ches ou d\u00e9shydrat\u00e9es de tout \u00e2ge qui ont besoin d&rsquo;une r\u00e9g\u00e9n\u00e9ration rapide, ou pour la pr\u00e9vention des processus impliqu\u00e9s dans le vieillissement cutan\u00e9. CLINIC WAY Dermocr\u00e8me anti-rides de jour 4\u00b0 SPF 20 : Rides profondes, Soins de la peau 60+ gommage peptidique BIO-PEPTYD renforce l&rsquo;int\u00e9grit\u00e9 et la capacit\u00e9 de la peau, r\u00e9tablit son tonus et l&rsquo;\u00e9lasticit\u00e9. CLINIC WAY Dermocr\u00e8me anti-rides de jour 4\u00b0 SPF 20 soin anti-rides pour les femmes de plus de 60 ans Le LIFTING PEPTIDE de jour combat efficacement les processus responsables de la formation des rides de gravit\u00e9 CLINIC WAY Dermocr\u00e8me anti-rides de nuit N4 OFFERTE: soin anti-rides pour les femmes de plus de 60 ans Le LIFTING PEPTIDE de nuit combat efficacement les processus responsables de la formation des rides de gravit\u00e9<\/p>\n","protected":false},"featured_media":18452,"comment_status":"open","ping_status":"closed","template":"","meta":[],"product_brand":[],"product_cat":[100,120,194,79,285,20],"product_tag":[],"class_list":{"0":"post-18451","1":"product","2":"type-product","3":"status-publish","4":"has-post-thumbnail","6":"product_cat-anti-age","7":"product_cat-anti-rides","8":"product_cat-peaux-sensibles","9":"product_cat-peaux-seches","10":"product_cat-vieillissement-cutane","11":"product_cat-visage","13":"first","14":"instock","15":"sale","16":"shipping-taxable","17":"purchasable","18":"product-type-simple"},"yoast_head":"<!-- This site is optimized with the Yoast SEO plugin v23.0 - https:\/\/yoast.com\/wordpress\/plugins\/seo\/ -->\n<title>DR IRENA ERIS CLINIC WAY 4\u00b0 COFFRET CR\u00c8ME DE NUIT,30ML+DERMOCAPSULES,30CAPSULES+CR\u00c8ME DE JOUR(-50%),50ML - pharmadreams<\/title>\n<meta name=\"robots\" content=\"index, follow, max-snippet:-1, max-image-preview:large, max-video-preview:-1\" \/>\n<link rel=\"canonical\" href=\"https:\/\/pharmadreams.shop\/index.php\/product\/dr-irena-eris-clinic-way-4-coffret-creme-de-nuit30mldermocapsules30capsulescreme-de-jour-5050ml\/\" \/>\n<meta property=\"og:locale\" content=\"fr_FR\" \/>\n<meta property=\"og:type\" content=\"article\" \/>\n<meta property=\"og:title\" content=\"DR IRENA ERIS CLINIC WAY 4\u00b0 COFFRET CR\u00c8ME DE NUIT,30ML+DERMOCAPSULES,30CAPSULES+CR\u00c8ME DE JOUR(-50%),50ML - pharmadreams\" \/>\n<meta property=\"og:description\" content=\"CLINIC WAY COFFRET ULTRA SENSITIVE SKIN N\u00b0 4 Le coffret Anti-age de CLINIC WAY N4 est compos\u00e9 de soins de pr\u00e9vention anti-age et correction anti-rides, Ce coffret contient: CLINIC WAY Dermo-capsules revitalisantes : contiennent du s\u00e9rum lipidique avanc\u00e9 en capsules unidoses qui constituent une cure de conditionnement de 30 jours. Le s\u00e9rum est recommand\u00e9 pour les peaux fatigu\u00e9es, trop s\u00e8ches ou d\u00e9shydrat\u00e9es de tout \u00e2ge qui ont besoin d&#039;une r\u00e9g\u00e9n\u00e9ration rapide, ou pour la pr\u00e9vention des processus impliqu\u00e9s dans le vieillissement cutan\u00e9. CLINIC WAY Dermocr\u00e8me anti-rides de jour 4\u00b0 SPF 20 : Rides profondes, Soins de la peau 60+ gommage peptidique BIO-PEPTYD renforce l&#039;int\u00e9grit\u00e9 et la capacit\u00e9 de la peau, r\u00e9tablit son tonus et l&#039;\u00e9lasticit\u00e9. CLINIC WAY Dermocr\u00e8me anti-rides de jour 4\u00b0 SPF 20 soin anti-rides pour les femmes de plus de 60 ans Le LIFTING PEPTIDE de jour combat efficacement les processus responsables de la formation des rides de gravit\u00e9 CLINIC WAY Dermocr\u00e8me anti-rides de nuit N4 OFFERTE: soin anti-rides pour les femmes de plus de 60 ans Le LIFTING PEPTIDE de nuit combat efficacement les processus responsables de la formation des rides de gravit\u00e9\" \/>\n<meta property=\"og:url\" content=\"https:\/\/pharmadreams.shop\/index.php\/product\/dr-irena-eris-clinic-way-4-coffret-creme-de-nuit30mldermocapsules30capsulescreme-de-jour-5050ml\/\" \/>\n<meta property=\"og:site_name\" content=\"pharmadreams\" \/>\n<meta property=\"article:modified_time\" content=\"2024-05-23T15:44:10+00:00\" \/>\n<meta property=\"og:image\" content=\"https:\/\/pharmadreams.shop\/wp-content\/uploads\/2024\/05\/dr-irena-eris-clinic-way-4\u00b0-coffret-creme-de-nuit30mldermocapsules30capsulescreme-de-jour-5050ml.jpg\" \/>\n\t<meta property=\"og:image:width\" content=\"500\" \/>\n\t<meta property=\"og:image:height\" content=\"500\" \/>\n\t<meta property=\"og:image:type\" content=\"image\/jpeg\" \/>\n<meta name=\"twitter:card\" content=\"summary_large_image\" \/>\n<meta name=\"twitter:label1\" content=\"Dur\u00e9e de lecture estim\u00e9e\" \/>\n\t<meta name=\"twitter:data1\" content=\"1 minute\" \/>\n<script type=\"application\/ld+json\" class=\"yoast-schema-graph\">{\"@context\":\"https:\/\/schema.org\",\"@graph\":[{\"@type\":\"WebPage\",\"@id\":\"https:\/\/pharmadreams.shop\/index.php\/product\/dr-irena-eris-clinic-way-4-coffret-creme-de-nuit30mldermocapsules30capsulescreme-de-jour-5050ml\/\",\"url\":\"https:\/\/pharmadreams.shop\/index.php\/product\/dr-irena-eris-clinic-way-4-coffret-creme-de-nuit30mldermocapsules30capsulescreme-de-jour-5050ml\/\",\"name\":\"DR IRENA ERIS CLINIC WAY 4\u00b0 COFFRET CR\u00c8ME DE NUIT,30ML+DERMOCAPSULES,30CAPSULES+CR\u00c8ME DE JOUR(-50%),50ML - pharmadreams\",\"isPartOf\":{\"@id\":\"https:\/\/pharmadreams.shop\/#website\"},\"primaryImageOfPage\":{\"@id\":\"https:\/\/pharmadreams.shop\/index.php\/product\/dr-irena-eris-clinic-way-4-coffret-creme-de-nuit30mldermocapsules30capsulescreme-de-jour-5050ml\/#primaryimage\"},\"image\":{\"@id\":\"https:\/\/pharmadreams.shop\/index.php\/product\/dr-irena-eris-clinic-way-4-coffret-creme-de-nuit30mldermocapsules30capsulescreme-de-jour-5050ml\/#primaryimage\"},\"thumbnailUrl\":\"https:\/\/pharmadreams.shop\/wp-content\/uploads\/2024\/05\/dr-irena-eris-clinic-way-4\u00b0-coffret-creme-de-nuit30mldermocapsules30capsulescreme-de-jour-5050ml.jpg\",\"datePublished\":\"2024-05-23T15:44:09+00:00\",\"dateModified\":\"2024-05-23T15:44:10+00:00\",\"breadcrumb\":{\"@id\":\"https:\/\/pharmadreams.shop\/index.php\/product\/dr-irena-eris-clinic-way-4-coffret-creme-de-nuit30mldermocapsules30capsulescreme-de-jour-5050ml\/#breadcrumb\"},\"inLanguage\":\"fr-FR\",\"potentialAction\":[{\"@type\":\"ReadAction\",\"target\":[\"https:\/\/pharmadreams.shop\/index.php\/product\/dr-irena-eris-clinic-way-4-coffret-creme-de-nuit30mldermocapsules30capsulescreme-de-jour-5050ml\/\"]}]},{\"@type\":\"ImageObject\",\"inLanguage\":\"fr-FR\",\"@id\":\"https:\/\/pharmadreams.shop\/index.php\/product\/dr-irena-eris-clinic-way-4-coffret-creme-de-nuit30mldermocapsules30capsulescreme-de-jour-5050ml\/#primaryimage\",\"url\":\"https:\/\/pharmadreams.shop\/wp-content\/uploads\/2024\/05\/dr-irena-eris-clinic-way-4\u00b0-coffret-creme-de-nuit30mldermocapsules30capsulescreme-de-jour-5050ml.jpg\",\"contentUrl\":\"https:\/\/pharmadreams.shop\/wp-content\/uploads\/2024\/05\/dr-irena-eris-clinic-way-4\u00b0-coffret-creme-de-nuit30mldermocapsules30capsulescreme-de-jour-5050ml.jpg\",\"width\":500,\"height\":500},{\"@type\":\"BreadcrumbList\",\"@id\":\"https:\/\/pharmadreams.shop\/index.php\/product\/dr-irena-eris-clinic-way-4-coffret-creme-de-nuit30mldermocapsules30capsulescreme-de-jour-5050ml\/#breadcrumb\",\"itemListElement\":[{\"@type\":\"ListItem\",\"position\":1,\"name\":\"Accueil\",\"item\":\"https:\/\/pharmadreams.shop\/\"},{\"@type\":\"ListItem\",\"position\":2,\"name\":\"Shop\",\"item\":\"https:\/\/pharmadreams.shop\/index.php\/shop\/\"},{\"@type\":\"ListItem\",\"position\":3,\"name\":\"DR IRENA ERIS CLINIC WAY 4\u00b0 COFFRET CR\u00c8ME DE NUIT,30ML+DERMOCAPSULES,30CAPSULES+CR\u00c8ME DE JOUR(-50%),50ML\"}]},{\"@type\":\"WebSite\",\"@id\":\"https:\/\/pharmadreams.shop\/#website\",\"url\":\"https:\/\/pharmadreams.shop\/\",\"name\":\"pharmadreams\",\"description\":\"Parapharmacie en ligne\",\"potentialAction\":[{\"@type\":\"SearchAction\",\"target\":{\"@type\":\"EntryPoint\",\"urlTemplate\":\"https:\/\/pharmadreams.shop\/?s={search_term_string}\"},\"query-input\":\"required name=search_term_string\"}],\"inLanguage\":\"fr-FR\"}]}<\/script>\n<!-- \/ Yoast SEO plugin. -->","yoast_head_json":{"title":"DR IRENA ERIS CLINIC WAY 4\u00b0 COFFRET CR\u00c8ME DE NUIT,30ML+DERMOCAPSULES,30CAPSULES+CR\u00c8ME DE JOUR(-50%),50ML - pharmadreams","robots":{"index":"index","follow":"follow","max-snippet":"max-snippet:-1","max-image-preview":"max-image-preview:large","max-video-preview":"max-video-preview:-1"},"canonical":"https:\/\/pharmadreams.shop\/index.php\/product\/dr-irena-eris-clinic-way-4-coffret-creme-de-nuit30mldermocapsules30capsulescreme-de-jour-5050ml\/","og_locale":"fr_FR","og_type":"article","og_title":"DR IRENA ERIS CLINIC WAY 4\u00b0 COFFRET CR\u00c8ME DE NUIT,30ML+DERMOCAPSULES,30CAPSULES+CR\u00c8ME DE JOUR(-50%),50ML - pharmadreams","og_description":"CLINIC WAY COFFRET ULTRA SENSITIVE SKIN N\u00b0 4 Le coffret Anti-age de CLINIC WAY N4 est compos\u00e9 de soins de pr\u00e9vention anti-age et correction anti-rides, Ce coffret contient: CLINIC WAY Dermo-capsules revitalisantes : contiennent du s\u00e9rum lipidique avanc\u00e9 en capsules unidoses qui constituent une cure de conditionnement de 30 jours. Le s\u00e9rum est recommand\u00e9 pour les peaux fatigu\u00e9es, trop s\u00e8ches ou d\u00e9shydrat\u00e9es de tout \u00e2ge qui ont besoin d'une r\u00e9g\u00e9n\u00e9ration rapide, ou pour la pr\u00e9vention des processus impliqu\u00e9s dans le vieillissement cutan\u00e9. CLINIC WAY Dermocr\u00e8me anti-rides de jour 4\u00b0 SPF 20 : Rides profondes, Soins de la peau 60+ gommage peptidique BIO-PEPTYD renforce l'int\u00e9grit\u00e9 et la capacit\u00e9 de la peau, r\u00e9tablit son tonus et l'\u00e9lasticit\u00e9. CLINIC WAY Dermocr\u00e8me anti-rides de jour 4\u00b0 SPF 20 soin anti-rides pour les femmes de plus de 60 ans Le LIFTING PEPTIDE de jour combat efficacement les processus responsables de la formation des rides de gravit\u00e9 CLINIC WAY Dermocr\u00e8me anti-rides de nuit N4 OFFERTE: soin anti-rides pour les femmes de plus de 60 ans Le LIFTING PEPTIDE de nuit combat efficacement les processus responsables de la formation des rides de gravit\u00e9","og_url":"https:\/\/pharmadreams.shop\/index.php\/product\/dr-irena-eris-clinic-way-4-coffret-creme-de-nuit30mldermocapsules30capsulescreme-de-jour-5050ml\/","og_site_name":"pharmadreams","article_modified_time":"2024-05-23T15:44:10+00:00","og_image":[{"width":500,"height":500,"url":"https:\/\/pharmadreams.shop\/wp-content\/uploads\/2024\/05\/dr-irena-eris-clinic-way-4\u00b0-coffret-creme-de-nuit30mldermocapsules30capsulescreme-de-jour-5050ml.jpg","type":"image\/jpeg"}],"twitter_card":"summary_large_image","twitter_misc":{"Dur\u00e9e de lecture estim\u00e9e":"1 minute"},"schema":{"@context":"https:\/\/schema.org","@graph":[{"@type":"WebPage","@id":"https:\/\/pharmadreams.shop\/index.php\/product\/dr-irena-eris-clinic-way-4-coffret-creme-de-nuit30mldermocapsules30capsulescreme-de-jour-5050ml\/","url":"https:\/\/pharmadreams.shop\/index.php\/product\/dr-irena-eris-clinic-way-4-coffret-creme-de-nuit30mldermocapsules30capsulescreme-de-jour-5050ml\/","name":"DR IRENA ERIS CLINIC WAY 4\u00b0 COFFRET CR\u00c8ME DE NUIT,30ML+DERMOCAPSULES,30CAPSULES+CR\u00c8ME DE JOUR(-50%),50ML - pharmadreams","isPartOf":{"@id":"https:\/\/pharmadreams.shop\/#website"},"primaryImageOfPage":{"@id":"https:\/\/pharmadreams.shop\/index.php\/product\/dr-irena-eris-clinic-way-4-coffret-creme-de-nuit30mldermocapsules30capsulescreme-de-jour-5050ml\/#primaryimage"},"image":{"@id":"https:\/\/pharmadreams.shop\/index.php\/product\/dr-irena-eris-clinic-way-4-coffret-creme-de-nuit30mldermocapsules30capsulescreme-de-jour-5050ml\/#primaryimage"},"thumbnailUrl":"https:\/\/pharmadreams.shop\/wp-content\/uploads\/2024\/05\/dr-irena-eris-clinic-way-4\u00b0-coffret-creme-de-nuit30mldermocapsules30capsulescreme-de-jour-5050ml.jpg","datePublished":"2024-05-23T15:44:09+00:00","dateModified":"2024-05-23T15:44:10+00:00","breadcrumb":{"@id":"https:\/\/pharmadreams.shop\/index.php\/product\/dr-irena-eris-clinic-way-4-coffret-creme-de-nuit30mldermocapsules30capsulescreme-de-jour-5050ml\/#breadcrumb"},"inLanguage":"fr-FR","potentialAction":[{"@type":"ReadAction","target":["https:\/\/pharmadreams.shop\/index.php\/product\/dr-irena-eris-clinic-way-4-coffret-creme-de-nuit30mldermocapsules30capsulescreme-de-jour-5050ml\/"]}]},{"@type":"ImageObject","inLanguage":"fr-FR","@id":"https:\/\/pharmadreams.shop\/index.php\/product\/dr-irena-eris-clinic-way-4-coffret-creme-de-nuit30mldermocapsules30capsulescreme-de-jour-5050ml\/#primaryimage","url":"https:\/\/pharmadreams.shop\/wp-content\/uploads\/2024\/05\/dr-irena-eris-clinic-way-4\u00b0-coffret-creme-de-nuit30mldermocapsules30capsulescreme-de-jour-5050ml.jpg","contentUrl":"https:\/\/pharmadreams.shop\/wp-content\/uploads\/2024\/05\/dr-irena-eris-clinic-way-4\u00b0-coffret-creme-de-nuit30mldermocapsules30capsulescreme-de-jour-5050ml.jpg","width":500,"height":500},{"@type":"BreadcrumbList","@id":"https:\/\/pharmadreams.shop\/index.php\/product\/dr-irena-eris-clinic-way-4-coffret-creme-de-nuit30mldermocapsules30capsulescreme-de-jour-5050ml\/#breadcrumb","itemListElement":[{"@type":"ListItem","position":1,"name":"Accueil","item":"https:\/\/pharmadreams.shop\/"},{"@type":"ListItem","position":2,"name":"Shop","item":"https:\/\/pharmadreams.shop\/index.php\/shop\/"},{"@type":"ListItem","position":3,"name":"DR IRENA ERIS CLINIC WAY 4\u00b0 COFFRET CR\u00c8ME DE NUIT,30ML+DERMOCAPSULES,30CAPSULES+CR\u00c8ME DE JOUR(-50%),50ML"}]},{"@type":"WebSite","@id":"https:\/\/pharmadreams.shop\/#website","url":"https:\/\/pharmadreams.shop\/","name":"pharmadreams","description":"Parapharmacie en ligne","potentialAction":[{"@type":"SearchAction","target":{"@type":"EntryPoint","urlTemplate":"https:\/\/pharmadreams.shop\/?s={search_term_string}"},"query-input":"required name=search_term_string"}],"inLanguage":"fr-FR"}]}},"_links":{"self":[{"href":"https:\/\/pharmadreams.shop\/index.php\/wp-json\/wp\/v2\/product\/18451","targetHints":{"allow":["GET"]}}],"collection":[{"href":"https:\/\/pharmadreams.shop\/index.php\/wp-json\/wp\/v2\/product"}],"about":[{"href":"https:\/\/pharmadreams.shop\/index.php\/wp-json\/wp\/v2\/types\/product"}],"replies":[{"embeddable":true,"href":"https:\/\/pharmadreams.shop\/index.php\/wp-json\/wp\/v2\/comments?post=18451"}],"version-history":[{"count":0,"href":"https:\/\/pharmadreams.shop\/index.php\/wp-json\/wp\/v2\/product\/18451\/revisions"}],"wp:featuredmedia":[{"embeddable":true,"href":"https:\/\/pharmadreams.shop\/index.php\/wp-json\/wp\/v2\/media\/18452"}],"wp:attachment":[{"href":"https:\/\/pharmadreams.shop\/index.php\/wp-json\/wp\/v2\/media?parent=18451"}],"wp:term":[{"taxonomy":"product_brand","embeddable":true,"href":"https:\/\/pharmadreams.shop\/index.php\/wp-json\/wp\/v2\/product_brand?post=18451"},{"taxonomy":"product_cat","embeddable":true,"href":"https:\/\/pharmadreams.shop\/index.php\/wp-json\/wp\/v2\/product_cat?post=18451"},{"taxonomy":"product_tag","embeddable":true,"href":"https:\/\/pharmadreams.shop\/index.php\/wp-json\/wp\/v2\/product_tag?post=18451"}],"curies":[{"name":"wp","href":"https:\/\/api.w.org\/{rel}","templated":true}]}}