{"id":18497,"date":"2024-05-27T17:00:10","date_gmt":"2024-05-27T16:00:10","guid":{"rendered":"https:\/\/pharmadreams.shop\/?post_type=product&#038;p=18497"},"modified":"2024-05-27T17:00:11","modified_gmt":"2024-05-27T16:00:11","slug":"acm-depiwhite-mousse-nettoyante-eclaircissante-200ml","status":"publish","type":"product","link":"https:\/\/pharmadreams.shop\/index.php\/product\/acm-depiwhite-mousse-nettoyante-eclaircissante-200ml\/","title":{"rendered":"ACM DEPIWHITE MOUSSE NETTOYANTE ECLAIRCISSANTE 200ML"},"content":{"rendered":"","protected":false},"excerpt":{"rendered":"<p style=\"font-weight: 400;\">\u00c0 la fois efficace et ultra douce, cette mousse \u00e9limine les impuret\u00e9s et ravive l\u2019\u00e9clat du teint tout en respectant son \u00e9quilibre naturel, pour un nettoyage et un d\u00e9maquillage en douceur. La vitamine C combin\u00e9e \u00e0 la vitamine PP lui permettent d\u2019unifier et d\u2019illuminer le teint.<\/p>\n<p style=\"font-weight: 400;\">Compos\u00e9e de 96% d\u2019ingr\u00e9dients d\u2019origine naturelle, cette lotion se transforme en mousse g\u00e9n\u00e9reuse et a\u00e9rienne dans un jeu sensoriel afin de laisser la peau nette, douce, plus \u00e9clatante, sans aucune sensation de tiraillement.<\/p>\n<p style=\"font-weight: 400;\">La peau est nette, douce, plus \u00e9clatante et confortable, sans aucune sensation de tiraillement.<\/p>\n","protected":false},"featured_media":18498,"comment_status":"open","ping_status":"closed","template":"","meta":[],"product_brand":[],"product_cat":[90,214,20],"product_tag":[],"class_list":{"0":"post-18497","1":"product","2":"type-product","3":"status-publish","4":"has-post-thumbnail","6":"product_cat-anti-tache","7":"product_cat-mousse-nettoyante","8":"product_cat-visage","10":"first","11":"instock","12":"sale","13":"shipping-taxable","14":"purchasable","15":"product-type-simple"},"yoast_head":"<!-- This site is optimized with the Yoast SEO plugin v23.0 - https:\/\/yoast.com\/wordpress\/plugins\/seo\/ -->\n<title>ACM DEPIWHITE MOUSSE NETTOYANTE ECLAIRCISSANTE 200ML - pharmadreams<\/title>\n<meta name=\"robots\" content=\"index, follow, max-snippet:-1, max-image-preview:large, max-video-preview:-1\" \/>\n<link rel=\"canonical\" href=\"https:\/\/pharmadreams.shop\/index.php\/product\/acm-depiwhite-mousse-nettoyante-eclaircissante-200ml\/\" \/>\n<meta property=\"og:locale\" content=\"fr_FR\" \/>\n<meta property=\"og:type\" content=\"article\" \/>\n<meta property=\"og:title\" content=\"ACM DEPIWHITE MOUSSE NETTOYANTE ECLAIRCISSANTE 200ML - pharmadreams\" \/>\n<meta property=\"og:description\" content=\"\u00c0 la fois efficace et ultra douce, cette mousse \u00e9limine les impuret\u00e9s et ravive l\u2019\u00e9clat du teint tout en respectant son \u00e9quilibre naturel, pour un nettoyage et un d\u00e9maquillage en douceur. La vitamine C combin\u00e9e \u00e0 la vitamine PP lui permettent d\u2019unifier et d\u2019illuminer le teint. Compos\u00e9e de 96% d\u2019ingr\u00e9dients d\u2019origine naturelle, cette lotion se transforme en mousse g\u00e9n\u00e9reuse et a\u00e9rienne dans un jeu sensoriel afin de laisser la peau nette, douce, plus \u00e9clatante, sans aucune sensation de tiraillement. La peau est nette, douce, plus \u00e9clatante et confortable, sans aucune sensation de tiraillement.\" \/>\n<meta property=\"og:url\" content=\"https:\/\/pharmadreams.shop\/index.php\/product\/acm-depiwhite-mousse-nettoyante-eclaircissante-200ml\/\" \/>\n<meta property=\"og:site_name\" content=\"pharmadreams\" \/>\n<meta property=\"article:modified_time\" content=\"2024-05-27T16:00:11+00:00\" \/>\n<meta property=\"og:image\" content=\"https:\/\/pharmadreams.shop\/wp-content\/uploads\/2024\/05\/acm-depiwhite-mousse-nettoyante-eclaircissante-200ml.jpg\" \/>\n\t<meta property=\"og:image:width\" content=\"500\" \/>\n\t<meta property=\"og:image:height\" content=\"500\" \/>\n\t<meta property=\"og:image:type\" content=\"image\/jpeg\" \/>\n<meta name=\"twitter:card\" content=\"summary_large_image\" \/>\n<meta name=\"twitter:label1\" content=\"Dur\u00e9e de lecture estim\u00e9e\" \/>\n\t<meta name=\"twitter:data1\" content=\"1 minute\" \/>\n<script type=\"application\/ld+json\" class=\"yoast-schema-graph\">{\"@context\":\"https:\/\/schema.org\",\"@graph\":[{\"@type\":\"WebPage\",\"@id\":\"https:\/\/pharmadreams.shop\/index.php\/product\/acm-depiwhite-mousse-nettoyante-eclaircissante-200ml\/\",\"url\":\"https:\/\/pharmadreams.shop\/index.php\/product\/acm-depiwhite-mousse-nettoyante-eclaircissante-200ml\/\",\"name\":\"ACM DEPIWHITE MOUSSE NETTOYANTE ECLAIRCISSANTE 200ML - pharmadreams\",\"isPartOf\":{\"@id\":\"https:\/\/pharmadreams.shop\/#website\"},\"primaryImageOfPage\":{\"@id\":\"https:\/\/pharmadreams.shop\/index.php\/product\/acm-depiwhite-mousse-nettoyante-eclaircissante-200ml\/#primaryimage\"},\"image\":{\"@id\":\"https:\/\/pharmadreams.shop\/index.php\/product\/acm-depiwhite-mousse-nettoyante-eclaircissante-200ml\/#primaryimage\"},\"thumbnailUrl\":\"https:\/\/pharmadreams.shop\/wp-content\/uploads\/2024\/05\/acm-depiwhite-mousse-nettoyante-eclaircissante-200ml.jpg\",\"datePublished\":\"2024-05-27T16:00:10+00:00\",\"dateModified\":\"2024-05-27T16:00:11+00:00\",\"breadcrumb\":{\"@id\":\"https:\/\/pharmadreams.shop\/index.php\/product\/acm-depiwhite-mousse-nettoyante-eclaircissante-200ml\/#breadcrumb\"},\"inLanguage\":\"fr-FR\",\"potentialAction\":[{\"@type\":\"ReadAction\",\"target\":[\"https:\/\/pharmadreams.shop\/index.php\/product\/acm-depiwhite-mousse-nettoyante-eclaircissante-200ml\/\"]}]},{\"@type\":\"ImageObject\",\"inLanguage\":\"fr-FR\",\"@id\":\"https:\/\/pharmadreams.shop\/index.php\/product\/acm-depiwhite-mousse-nettoyante-eclaircissante-200ml\/#primaryimage\",\"url\":\"https:\/\/pharmadreams.shop\/wp-content\/uploads\/2024\/05\/acm-depiwhite-mousse-nettoyante-eclaircissante-200ml.jpg\",\"contentUrl\":\"https:\/\/pharmadreams.shop\/wp-content\/uploads\/2024\/05\/acm-depiwhite-mousse-nettoyante-eclaircissante-200ml.jpg\",\"width\":500,\"height\":500},{\"@type\":\"BreadcrumbList\",\"@id\":\"https:\/\/pharmadreams.shop\/index.php\/product\/acm-depiwhite-mousse-nettoyante-eclaircissante-200ml\/#breadcrumb\",\"itemListElement\":[{\"@type\":\"ListItem\",\"position\":1,\"name\":\"Accueil\",\"item\":\"https:\/\/pharmadreams.shop\/\"},{\"@type\":\"ListItem\",\"position\":2,\"name\":\"Shop\",\"item\":\"https:\/\/pharmadreams.shop\/index.php\/shop\/\"},{\"@type\":\"ListItem\",\"position\":3,\"name\":\"ACM DEPIWHITE MOUSSE NETTOYANTE ECLAIRCISSANTE 200ML\"}]},{\"@type\":\"WebSite\",\"@id\":\"https:\/\/pharmadreams.shop\/#website\",\"url\":\"https:\/\/pharmadreams.shop\/\",\"name\":\"pharmadreams\",\"description\":\"Parapharmacie en ligne\",\"potentialAction\":[{\"@type\":\"SearchAction\",\"target\":{\"@type\":\"EntryPoint\",\"urlTemplate\":\"https:\/\/pharmadreams.shop\/?s={search_term_string}\"},\"query-input\":\"required name=search_term_string\"}],\"inLanguage\":\"fr-FR\"}]}<\/script>\n<!-- \/ Yoast SEO plugin. -->","yoast_head_json":{"title":"ACM DEPIWHITE MOUSSE NETTOYANTE ECLAIRCISSANTE 200ML - pharmadreams","robots":{"index":"index","follow":"follow","max-snippet":"max-snippet:-1","max-image-preview":"max-image-preview:large","max-video-preview":"max-video-preview:-1"},"canonical":"https:\/\/pharmadreams.shop\/index.php\/product\/acm-depiwhite-mousse-nettoyante-eclaircissante-200ml\/","og_locale":"fr_FR","og_type":"article","og_title":"ACM DEPIWHITE MOUSSE NETTOYANTE ECLAIRCISSANTE 200ML - pharmadreams","og_description":"\u00c0 la fois efficace et ultra douce, cette mousse \u00e9limine les impuret\u00e9s et ravive l\u2019\u00e9clat du teint tout en respectant son \u00e9quilibre naturel, pour un nettoyage et un d\u00e9maquillage en douceur. La vitamine C combin\u00e9e \u00e0 la vitamine PP lui permettent d\u2019unifier et d\u2019illuminer le teint. Compos\u00e9e de 96% d\u2019ingr\u00e9dients d\u2019origine naturelle, cette lotion se transforme en mousse g\u00e9n\u00e9reuse et a\u00e9rienne dans un jeu sensoriel afin de laisser la peau nette, douce, plus \u00e9clatante, sans aucune sensation de tiraillement. La peau est nette, douce, plus \u00e9clatante et confortable, sans aucune sensation de tiraillement.","og_url":"https:\/\/pharmadreams.shop\/index.php\/product\/acm-depiwhite-mousse-nettoyante-eclaircissante-200ml\/","og_site_name":"pharmadreams","article_modified_time":"2024-05-27T16:00:11+00:00","og_image":[{"width":500,"height":500,"url":"https:\/\/pharmadreams.shop\/wp-content\/uploads\/2024\/05\/acm-depiwhite-mousse-nettoyante-eclaircissante-200ml.jpg","type":"image\/jpeg"}],"twitter_card":"summary_large_image","twitter_misc":{"Dur\u00e9e de lecture estim\u00e9e":"1 minute"},"schema":{"@context":"https:\/\/schema.org","@graph":[{"@type":"WebPage","@id":"https:\/\/pharmadreams.shop\/index.php\/product\/acm-depiwhite-mousse-nettoyante-eclaircissante-200ml\/","url":"https:\/\/pharmadreams.shop\/index.php\/product\/acm-depiwhite-mousse-nettoyante-eclaircissante-200ml\/","name":"ACM DEPIWHITE MOUSSE NETTOYANTE ECLAIRCISSANTE 200ML - pharmadreams","isPartOf":{"@id":"https:\/\/pharmadreams.shop\/#website"},"primaryImageOfPage":{"@id":"https:\/\/pharmadreams.shop\/index.php\/product\/acm-depiwhite-mousse-nettoyante-eclaircissante-200ml\/#primaryimage"},"image":{"@id":"https:\/\/pharmadreams.shop\/index.php\/product\/acm-depiwhite-mousse-nettoyante-eclaircissante-200ml\/#primaryimage"},"thumbnailUrl":"https:\/\/pharmadreams.shop\/wp-content\/uploads\/2024\/05\/acm-depiwhite-mousse-nettoyante-eclaircissante-200ml.jpg","datePublished":"2024-05-27T16:00:10+00:00","dateModified":"2024-05-27T16:00:11+00:00","breadcrumb":{"@id":"https:\/\/pharmadreams.shop\/index.php\/product\/acm-depiwhite-mousse-nettoyante-eclaircissante-200ml\/#breadcrumb"},"inLanguage":"fr-FR","potentialAction":[{"@type":"ReadAction","target":["https:\/\/pharmadreams.shop\/index.php\/product\/acm-depiwhite-mousse-nettoyante-eclaircissante-200ml\/"]}]},{"@type":"ImageObject","inLanguage":"fr-FR","@id":"https:\/\/pharmadreams.shop\/index.php\/product\/acm-depiwhite-mousse-nettoyante-eclaircissante-200ml\/#primaryimage","url":"https:\/\/pharmadreams.shop\/wp-content\/uploads\/2024\/05\/acm-depiwhite-mousse-nettoyante-eclaircissante-200ml.jpg","contentUrl":"https:\/\/pharmadreams.shop\/wp-content\/uploads\/2024\/05\/acm-depiwhite-mousse-nettoyante-eclaircissante-200ml.jpg","width":500,"height":500},{"@type":"BreadcrumbList","@id":"https:\/\/pharmadreams.shop\/index.php\/product\/acm-depiwhite-mousse-nettoyante-eclaircissante-200ml\/#breadcrumb","itemListElement":[{"@type":"ListItem","position":1,"name":"Accueil","item":"https:\/\/pharmadreams.shop\/"},{"@type":"ListItem","position":2,"name":"Shop","item":"https:\/\/pharmadreams.shop\/index.php\/shop\/"},{"@type":"ListItem","position":3,"name":"ACM DEPIWHITE MOUSSE NETTOYANTE ECLAIRCISSANTE 200ML"}]},{"@type":"WebSite","@id":"https:\/\/pharmadreams.shop\/#website","url":"https:\/\/pharmadreams.shop\/","name":"pharmadreams","description":"Parapharmacie en ligne","potentialAction":[{"@type":"SearchAction","target":{"@type":"EntryPoint","urlTemplate":"https:\/\/pharmadreams.shop\/?s={search_term_string}"},"query-input":"required name=search_term_string"}],"inLanguage":"fr-FR"}]}},"_links":{"self":[{"href":"https:\/\/pharmadreams.shop\/index.php\/wp-json\/wp\/v2\/product\/18497","targetHints":{"allow":["GET"]}}],"collection":[{"href":"https:\/\/pharmadreams.shop\/index.php\/wp-json\/wp\/v2\/product"}],"about":[{"href":"https:\/\/pharmadreams.shop\/index.php\/wp-json\/wp\/v2\/types\/product"}],"replies":[{"embeddable":true,"href":"https:\/\/pharmadreams.shop\/index.php\/wp-json\/wp\/v2\/comments?post=18497"}],"version-history":[{"count":0,"href":"https:\/\/pharmadreams.shop\/index.php\/wp-json\/wp\/v2\/product\/18497\/revisions"}],"wp:featuredmedia":[{"embeddable":true,"href":"https:\/\/pharmadreams.shop\/index.php\/wp-json\/wp\/v2\/media\/18498"}],"wp:attachment":[{"href":"https:\/\/pharmadreams.shop\/index.php\/wp-json\/wp\/v2\/media?parent=18497"}],"wp:term":[{"taxonomy":"product_brand","embeddable":true,"href":"https:\/\/pharmadreams.shop\/index.php\/wp-json\/wp\/v2\/product_brand?post=18497"},{"taxonomy":"product_cat","embeddable":true,"href":"https:\/\/pharmadreams.shop\/index.php\/wp-json\/wp\/v2\/product_cat?post=18497"},{"taxonomy":"product_tag","embeddable":true,"href":"https:\/\/pharmadreams.shop\/index.php\/wp-json\/wp\/v2\/product_tag?post=18497"}],"curies":[{"name":"wp","href":"https:\/\/api.w.org\/{rel}","templated":true}]}}