{"id":18511,"date":"2024-05-30T17:59:15","date_gmt":"2024-05-30T16:59:15","guid":{"rendered":"https:\/\/pharmadreams.shop\/?post_type=product&#038;p=18511"},"modified":"2024-05-30T17:59:15","modified_gmt":"2024-05-30T16:59:15","slug":"avene-hydrance-creme-riche-40ml","status":"publish","type":"product","link":"https:\/\/pharmadreams.shop\/index.php\/product\/avene-hydrance-creme-riche-40ml\/","title":{"rendered":"AVENE Hydrance Creme Riche 40ml"},"content":{"rendered":"","protected":false},"excerpt":{"rendered":"<p>Une recharge d\u2019eau thermale pour une peau intens\u00e9ment et durablement hydrat\u00e9e. Sa texture onctueuse et nutritive, au fini velout\u00e9 laisse la peau douce et souple toute la journ\u00e9e.<\/p>\n<h3>Conseils d\u2019utilisation<\/h3>\n<p>Avant de vous enduire de cette cr\u00e8me, il est recommand\u00e9 de bien nettoyer et s\u00e9cher la peau afin d\u2019obtenir une efficacit\u00e9 maximale. Les professionnels de la dermatologie conseillent une utilisation quotidienne sur une base d\u2019une seule application, en l\u2019occurrence soit le matin soit le soir apr\u00e8s avoir pris un bain ou une douche. Utilis\u00e9e de la sorte, la cr\u00e8me Hydrance Optimale Riche procure \u00e0 la peau douceur et aisance.<\/p>\n","protected":false},"featured_media":18512,"comment_status":"open","ping_status":"closed","template":"","meta":[],"product_brand":[],"product_cat":[78,79,20],"product_tag":[],"class_list":{"0":"post-18511","1":"product","2":"type-product","3":"status-publish","4":"has-post-thumbnail","6":"product_cat-cremes","7":"product_cat-peaux-seches","8":"product_cat-visage","10":"first","11":"instock","12":"shipping-taxable","13":"purchasable","14":"product-type-simple"},"yoast_head":"<!-- This site is optimized with the Yoast SEO plugin v23.0 - https:\/\/yoast.com\/wordpress\/plugins\/seo\/ -->\n<title>AVENE Hydrance Creme Riche 40ml - pharmadreams<\/title>\n<meta name=\"robots\" content=\"index, follow, max-snippet:-1, max-image-preview:large, max-video-preview:-1\" \/>\n<link rel=\"canonical\" href=\"https:\/\/pharmadreams.shop\/index.php\/product\/avene-hydrance-creme-riche-40ml\/\" \/>\n<meta property=\"og:locale\" content=\"fr_FR\" \/>\n<meta property=\"og:type\" content=\"article\" \/>\n<meta property=\"og:title\" content=\"AVENE Hydrance Creme Riche 40ml - pharmadreams\" \/>\n<meta property=\"og:description\" content=\"Une recharge d\u2019eau thermale pour une peau intens\u00e9ment et durablement hydrat\u00e9e. Sa texture onctueuse et nutritive, au fini velout\u00e9 laisse la peau douce et souple toute la journ\u00e9e. Conseils d\u2019utilisation Avant de vous enduire de cette cr\u00e8me, il est recommand\u00e9 de bien nettoyer et s\u00e9cher la peau afin d\u2019obtenir une efficacit\u00e9 maximale. Les professionnels de la dermatologie conseillent une utilisation quotidienne sur une base d\u2019une seule application, en l\u2019occurrence soit le matin soit le soir apr\u00e8s avoir pris un bain ou une douche. Utilis\u00e9e de la sorte, la cr\u00e8me Hydrance Optimale Riche procure \u00e0 la peau douceur et aisance.\" \/>\n<meta property=\"og:url\" content=\"https:\/\/pharmadreams.shop\/index.php\/product\/avene-hydrance-creme-riche-40ml\/\" \/>\n<meta property=\"og:site_name\" content=\"pharmadreams\" \/>\n<meta property=\"og:image\" content=\"https:\/\/pharmadreams.shop\/wp-content\/uploads\/2024\/05\/AVENE-Hydrance-Creme-Riche-40ml.webp\" \/>\n\t<meta property=\"og:image:width\" content=\"1200\" \/>\n\t<meta property=\"og:image:height\" content=\"1200\" \/>\n\t<meta property=\"og:image:type\" content=\"image\/webp\" \/>\n<meta name=\"twitter:card\" content=\"summary_large_image\" \/>\n<meta name=\"twitter:label1\" content=\"Dur\u00e9e de lecture estim\u00e9e\" \/>\n\t<meta name=\"twitter:data1\" content=\"1 minute\" \/>\n<script type=\"application\/ld+json\" class=\"yoast-schema-graph\">{\"@context\":\"https:\/\/schema.org\",\"@graph\":[{\"@type\":\"WebPage\",\"@id\":\"https:\/\/pharmadreams.shop\/index.php\/product\/avene-hydrance-creme-riche-40ml\/\",\"url\":\"https:\/\/pharmadreams.shop\/index.php\/product\/avene-hydrance-creme-riche-40ml\/\",\"name\":\"AVENE Hydrance Creme Riche 40ml - pharmadreams\",\"isPartOf\":{\"@id\":\"https:\/\/pharmadreams.shop\/#website\"},\"primaryImageOfPage\":{\"@id\":\"https:\/\/pharmadreams.shop\/index.php\/product\/avene-hydrance-creme-riche-40ml\/#primaryimage\"},\"image\":{\"@id\":\"https:\/\/pharmadreams.shop\/index.php\/product\/avene-hydrance-creme-riche-40ml\/#primaryimage\"},\"thumbnailUrl\":\"https:\/\/pharmadreams.shop\/wp-content\/uploads\/2024\/05\/AVENE-Hydrance-Creme-Riche-40ml.webp\",\"datePublished\":\"2024-05-30T16:59:15+00:00\",\"dateModified\":\"2024-05-30T16:59:15+00:00\",\"breadcrumb\":{\"@id\":\"https:\/\/pharmadreams.shop\/index.php\/product\/avene-hydrance-creme-riche-40ml\/#breadcrumb\"},\"inLanguage\":\"fr-FR\",\"potentialAction\":[{\"@type\":\"ReadAction\",\"target\":[\"https:\/\/pharmadreams.shop\/index.php\/product\/avene-hydrance-creme-riche-40ml\/\"]}]},{\"@type\":\"ImageObject\",\"inLanguage\":\"fr-FR\",\"@id\":\"https:\/\/pharmadreams.shop\/index.php\/product\/avene-hydrance-creme-riche-40ml\/#primaryimage\",\"url\":\"https:\/\/pharmadreams.shop\/wp-content\/uploads\/2024\/05\/AVENE-Hydrance-Creme-Riche-40ml.webp\",\"contentUrl\":\"https:\/\/pharmadreams.shop\/wp-content\/uploads\/2024\/05\/AVENE-Hydrance-Creme-Riche-40ml.webp\",\"width\":1200,\"height\":1200},{\"@type\":\"BreadcrumbList\",\"@id\":\"https:\/\/pharmadreams.shop\/index.php\/product\/avene-hydrance-creme-riche-40ml\/#breadcrumb\",\"itemListElement\":[{\"@type\":\"ListItem\",\"position\":1,\"name\":\"Accueil\",\"item\":\"https:\/\/pharmadreams.shop\/\"},{\"@type\":\"ListItem\",\"position\":2,\"name\":\"Shop\",\"item\":\"https:\/\/pharmadreams.shop\/index.php\/shop\/\"},{\"@type\":\"ListItem\",\"position\":3,\"name\":\"AVENE Hydrance Creme Riche 40ml\"}]},{\"@type\":\"WebSite\",\"@id\":\"https:\/\/pharmadreams.shop\/#website\",\"url\":\"https:\/\/pharmadreams.shop\/\",\"name\":\"pharmadreams\",\"description\":\"Parapharmacie en ligne\",\"potentialAction\":[{\"@type\":\"SearchAction\",\"target\":{\"@type\":\"EntryPoint\",\"urlTemplate\":\"https:\/\/pharmadreams.shop\/?s={search_term_string}\"},\"query-input\":\"required name=search_term_string\"}],\"inLanguage\":\"fr-FR\"}]}<\/script>\n<!-- \/ Yoast SEO plugin. -->","yoast_head_json":{"title":"AVENE Hydrance Creme Riche 40ml - pharmadreams","robots":{"index":"index","follow":"follow","max-snippet":"max-snippet:-1","max-image-preview":"max-image-preview:large","max-video-preview":"max-video-preview:-1"},"canonical":"https:\/\/pharmadreams.shop\/index.php\/product\/avene-hydrance-creme-riche-40ml\/","og_locale":"fr_FR","og_type":"article","og_title":"AVENE Hydrance Creme Riche 40ml - pharmadreams","og_description":"Une recharge d\u2019eau thermale pour une peau intens\u00e9ment et durablement hydrat\u00e9e. Sa texture onctueuse et nutritive, au fini velout\u00e9 laisse la peau douce et souple toute la journ\u00e9e. Conseils d\u2019utilisation Avant de vous enduire de cette cr\u00e8me, il est recommand\u00e9 de bien nettoyer et s\u00e9cher la peau afin d\u2019obtenir une efficacit\u00e9 maximale. Les professionnels de la dermatologie conseillent une utilisation quotidienne sur une base d\u2019une seule application, en l\u2019occurrence soit le matin soit le soir apr\u00e8s avoir pris un bain ou une douche. Utilis\u00e9e de la sorte, la cr\u00e8me Hydrance Optimale Riche procure \u00e0 la peau douceur et aisance.","og_url":"https:\/\/pharmadreams.shop\/index.php\/product\/avene-hydrance-creme-riche-40ml\/","og_site_name":"pharmadreams","og_image":[{"width":1200,"height":1200,"url":"https:\/\/pharmadreams.shop\/wp-content\/uploads\/2024\/05\/AVENE-Hydrance-Creme-Riche-40ml.webp","type":"image\/webp"}],"twitter_card":"summary_large_image","twitter_misc":{"Dur\u00e9e de lecture estim\u00e9e":"1 minute"},"schema":{"@context":"https:\/\/schema.org","@graph":[{"@type":"WebPage","@id":"https:\/\/pharmadreams.shop\/index.php\/product\/avene-hydrance-creme-riche-40ml\/","url":"https:\/\/pharmadreams.shop\/index.php\/product\/avene-hydrance-creme-riche-40ml\/","name":"AVENE Hydrance Creme Riche 40ml - pharmadreams","isPartOf":{"@id":"https:\/\/pharmadreams.shop\/#website"},"primaryImageOfPage":{"@id":"https:\/\/pharmadreams.shop\/index.php\/product\/avene-hydrance-creme-riche-40ml\/#primaryimage"},"image":{"@id":"https:\/\/pharmadreams.shop\/index.php\/product\/avene-hydrance-creme-riche-40ml\/#primaryimage"},"thumbnailUrl":"https:\/\/pharmadreams.shop\/wp-content\/uploads\/2024\/05\/AVENE-Hydrance-Creme-Riche-40ml.webp","datePublished":"2024-05-30T16:59:15+00:00","dateModified":"2024-05-30T16:59:15+00:00","breadcrumb":{"@id":"https:\/\/pharmadreams.shop\/index.php\/product\/avene-hydrance-creme-riche-40ml\/#breadcrumb"},"inLanguage":"fr-FR","potentialAction":[{"@type":"ReadAction","target":["https:\/\/pharmadreams.shop\/index.php\/product\/avene-hydrance-creme-riche-40ml\/"]}]},{"@type":"ImageObject","inLanguage":"fr-FR","@id":"https:\/\/pharmadreams.shop\/index.php\/product\/avene-hydrance-creme-riche-40ml\/#primaryimage","url":"https:\/\/pharmadreams.shop\/wp-content\/uploads\/2024\/05\/AVENE-Hydrance-Creme-Riche-40ml.webp","contentUrl":"https:\/\/pharmadreams.shop\/wp-content\/uploads\/2024\/05\/AVENE-Hydrance-Creme-Riche-40ml.webp","width":1200,"height":1200},{"@type":"BreadcrumbList","@id":"https:\/\/pharmadreams.shop\/index.php\/product\/avene-hydrance-creme-riche-40ml\/#breadcrumb","itemListElement":[{"@type":"ListItem","position":1,"name":"Accueil","item":"https:\/\/pharmadreams.shop\/"},{"@type":"ListItem","position":2,"name":"Shop","item":"https:\/\/pharmadreams.shop\/index.php\/shop\/"},{"@type":"ListItem","position":3,"name":"AVENE Hydrance Creme Riche 40ml"}]},{"@type":"WebSite","@id":"https:\/\/pharmadreams.shop\/#website","url":"https:\/\/pharmadreams.shop\/","name":"pharmadreams","description":"Parapharmacie en ligne","potentialAction":[{"@type":"SearchAction","target":{"@type":"EntryPoint","urlTemplate":"https:\/\/pharmadreams.shop\/?s={search_term_string}"},"query-input":"required name=search_term_string"}],"inLanguage":"fr-FR"}]}},"_links":{"self":[{"href":"https:\/\/pharmadreams.shop\/index.php\/wp-json\/wp\/v2\/product\/18511","targetHints":{"allow":["GET"]}}],"collection":[{"href":"https:\/\/pharmadreams.shop\/index.php\/wp-json\/wp\/v2\/product"}],"about":[{"href":"https:\/\/pharmadreams.shop\/index.php\/wp-json\/wp\/v2\/types\/product"}],"replies":[{"embeddable":true,"href":"https:\/\/pharmadreams.shop\/index.php\/wp-json\/wp\/v2\/comments?post=18511"}],"version-history":[{"count":0,"href":"https:\/\/pharmadreams.shop\/index.php\/wp-json\/wp\/v2\/product\/18511\/revisions"}],"wp:featuredmedia":[{"embeddable":true,"href":"https:\/\/pharmadreams.shop\/index.php\/wp-json\/wp\/v2\/media\/18512"}],"wp:attachment":[{"href":"https:\/\/pharmadreams.shop\/index.php\/wp-json\/wp\/v2\/media?parent=18511"}],"wp:term":[{"taxonomy":"product_brand","embeddable":true,"href":"https:\/\/pharmadreams.shop\/index.php\/wp-json\/wp\/v2\/product_brand?post=18511"},{"taxonomy":"product_cat","embeddable":true,"href":"https:\/\/pharmadreams.shop\/index.php\/wp-json\/wp\/v2\/product_cat?post=18511"},{"taxonomy":"product_tag","embeddable":true,"href":"https:\/\/pharmadreams.shop\/index.php\/wp-json\/wp\/v2\/product_tag?post=18511"}],"curies":[{"name":"wp","href":"https:\/\/api.w.org\/{rel}","templated":true}]}}