{"id":18514,"date":"2024-05-30T18:07:47","date_gmt":"2024-05-30T17:07:47","guid":{"rendered":"https:\/\/pharmadreams.shop\/?post_type=product&#038;p=18514"},"modified":"2024-05-30T18:07:47","modified_gmt":"2024-05-30T17:07:47","slug":"avene-hydrance-legere-emulsion-hydratante-40ml","status":"publish","type":"product","link":"https:\/\/pharmadreams.shop\/index.php\/product\/avene-hydrance-legere-emulsion-hydratante-40ml\/","title":{"rendered":"AVENE Hydrance Legere Emulsion Hydratante 40ml"},"content":{"rendered":"","protected":false},"excerpt":{"rendered":"<p><strong>Av\u00e8ne Hydrance L\u00e9g\u00e8re \u00c9mulsion Hydratante 40ml\u00a0<\/strong>est une\u00a0<strong>cr\u00e8me fluide non grasse<\/strong>\u00a0qui aide \u00e0\u00a0<strong>hydrater\u00a0<\/strong>et \u00e0<strong>\u00a0adoucir la peau,<\/strong>\u00a0lui apporte souplesse et douceur.<\/p>\n<p>Cette \u00e9mulsion contient de l\u2019<strong>eau thermale d\u2019Av\u00e8ne<\/strong>\u00a0qui permet de prolonger l\u2019<strong>hydratation<\/strong>\u00a0de votre peau pendant 24 heures tout en la gardant\u00a0<strong>apais\u00e9e<\/strong>. Sa texture l\u00e9g\u00e8re hydrate et\u00a0<strong>d\u00e9salt\u00e8re votre peau en un instant<\/strong>. Elle est visiblement hydrat\u00e9e, apais\u00e9e et plus souple.<\/p>\n<p>Convient aux peaux sensibles normales \u00e0 mixtes.<\/p>\n","protected":false},"featured_media":18515,"comment_status":"open","ping_status":"closed","template":"","meta":[],"product_brand":[],"product_cat":[78,98,162,194,20],"product_tag":[],"class_list":{"0":"post-18514","1":"product","2":"type-product","3":"status-publish","4":"has-post-thumbnail","6":"product_cat-cremes","7":"product_cat-hydratation","8":"product_cat-peaux-mixtes","9":"product_cat-peaux-sensibles","10":"product_cat-visage","12":"first","13":"instock","14":"shipping-taxable","15":"purchasable","16":"product-type-simple"},"yoast_head":"<!-- This site is optimized with the Yoast SEO plugin v23.0 - https:\/\/yoast.com\/wordpress\/plugins\/seo\/ -->\n<title>AVENE Hydrance Legere Emulsion Hydratante 40ml - pharmadreams<\/title>\n<meta name=\"robots\" content=\"index, follow, max-snippet:-1, max-image-preview:large, max-video-preview:-1\" \/>\n<link rel=\"canonical\" href=\"https:\/\/pharmadreams.shop\/index.php\/product\/avene-hydrance-legere-emulsion-hydratante-40ml\/\" \/>\n<meta property=\"og:locale\" content=\"fr_FR\" \/>\n<meta property=\"og:type\" content=\"article\" \/>\n<meta property=\"og:title\" content=\"AVENE Hydrance Legere Emulsion Hydratante 40ml - pharmadreams\" \/>\n<meta property=\"og:description\" content=\"Av\u00e8ne Hydrance L\u00e9g\u00e8re \u00c9mulsion Hydratante 40ml\u00a0est une\u00a0cr\u00e8me fluide non grasse\u00a0qui aide \u00e0\u00a0hydrater\u00a0et \u00e0\u00a0adoucir la peau,\u00a0lui apporte souplesse et douceur.  Cette \u00e9mulsion contient de l\u2019eau thermale d\u2019Av\u00e8ne\u00a0qui permet de prolonger l\u2019hydratation\u00a0de votre peau pendant 24 heures tout en la gardant\u00a0apais\u00e9e. Sa texture l\u00e9g\u00e8re hydrate et\u00a0d\u00e9salt\u00e8re votre peau en un instant. Elle est visiblement hydrat\u00e9e, apais\u00e9e et plus souple.  Convient aux peaux sensibles normales \u00e0 mixtes.\" \/>\n<meta property=\"og:url\" content=\"https:\/\/pharmadreams.shop\/index.php\/product\/avene-hydrance-legere-emulsion-hydratante-40ml\/\" \/>\n<meta property=\"og:site_name\" content=\"pharmadreams\" \/>\n<meta property=\"og:image\" content=\"https:\/\/pharmadreams.shop\/wp-content\/uploads\/2024\/05\/AVENE-Hydrance-Legere-Emulsion-Hydratante-40-ml.webp\" \/>\n\t<meta property=\"og:image:width\" content=\"1000\" \/>\n\t<meta property=\"og:image:height\" content=\"1000\" \/>\n\t<meta property=\"og:image:type\" content=\"image\/webp\" \/>\n<meta name=\"twitter:card\" content=\"summary_large_image\" \/>\n<meta name=\"twitter:label1\" content=\"Dur\u00e9e de lecture estim\u00e9e\" \/>\n\t<meta name=\"twitter:data1\" content=\"1 minute\" \/>\n<script type=\"application\/ld+json\" class=\"yoast-schema-graph\">{\"@context\":\"https:\/\/schema.org\",\"@graph\":[{\"@type\":\"WebPage\",\"@id\":\"https:\/\/pharmadreams.shop\/index.php\/product\/avene-hydrance-legere-emulsion-hydratante-40ml\/\",\"url\":\"https:\/\/pharmadreams.shop\/index.php\/product\/avene-hydrance-legere-emulsion-hydratante-40ml\/\",\"name\":\"AVENE Hydrance Legere Emulsion Hydratante 40ml - pharmadreams\",\"isPartOf\":{\"@id\":\"https:\/\/pharmadreams.shop\/#website\"},\"primaryImageOfPage\":{\"@id\":\"https:\/\/pharmadreams.shop\/index.php\/product\/avene-hydrance-legere-emulsion-hydratante-40ml\/#primaryimage\"},\"image\":{\"@id\":\"https:\/\/pharmadreams.shop\/index.php\/product\/avene-hydrance-legere-emulsion-hydratante-40ml\/#primaryimage\"},\"thumbnailUrl\":\"https:\/\/pharmadreams.shop\/wp-content\/uploads\/2024\/05\/AVENE-Hydrance-Legere-Emulsion-Hydratante-40-ml.webp\",\"datePublished\":\"2024-05-30T17:07:47+00:00\",\"dateModified\":\"2024-05-30T17:07:47+00:00\",\"breadcrumb\":{\"@id\":\"https:\/\/pharmadreams.shop\/index.php\/product\/avene-hydrance-legere-emulsion-hydratante-40ml\/#breadcrumb\"},\"inLanguage\":\"fr-FR\",\"potentialAction\":[{\"@type\":\"ReadAction\",\"target\":[\"https:\/\/pharmadreams.shop\/index.php\/product\/avene-hydrance-legere-emulsion-hydratante-40ml\/\"]}]},{\"@type\":\"ImageObject\",\"inLanguage\":\"fr-FR\",\"@id\":\"https:\/\/pharmadreams.shop\/index.php\/product\/avene-hydrance-legere-emulsion-hydratante-40ml\/#primaryimage\",\"url\":\"https:\/\/pharmadreams.shop\/wp-content\/uploads\/2024\/05\/AVENE-Hydrance-Legere-Emulsion-Hydratante-40-ml.webp\",\"contentUrl\":\"https:\/\/pharmadreams.shop\/wp-content\/uploads\/2024\/05\/AVENE-Hydrance-Legere-Emulsion-Hydratante-40-ml.webp\",\"width\":1000,\"height\":1000},{\"@type\":\"BreadcrumbList\",\"@id\":\"https:\/\/pharmadreams.shop\/index.php\/product\/avene-hydrance-legere-emulsion-hydratante-40ml\/#breadcrumb\",\"itemListElement\":[{\"@type\":\"ListItem\",\"position\":1,\"name\":\"Accueil\",\"item\":\"https:\/\/pharmadreams.shop\/\"},{\"@type\":\"ListItem\",\"position\":2,\"name\":\"Shop\",\"item\":\"https:\/\/pharmadreams.shop\/index.php\/shop\/\"},{\"@type\":\"ListItem\",\"position\":3,\"name\":\"AVENE Hydrance Legere Emulsion Hydratante 40ml\"}]},{\"@type\":\"WebSite\",\"@id\":\"https:\/\/pharmadreams.shop\/#website\",\"url\":\"https:\/\/pharmadreams.shop\/\",\"name\":\"pharmadreams\",\"description\":\"Parapharmacie en ligne\",\"potentialAction\":[{\"@type\":\"SearchAction\",\"target\":{\"@type\":\"EntryPoint\",\"urlTemplate\":\"https:\/\/pharmadreams.shop\/?s={search_term_string}\"},\"query-input\":\"required name=search_term_string\"}],\"inLanguage\":\"fr-FR\"}]}<\/script>\n<!-- \/ Yoast SEO plugin. -->","yoast_head_json":{"title":"AVENE Hydrance Legere Emulsion Hydratante 40ml - pharmadreams","robots":{"index":"index","follow":"follow","max-snippet":"max-snippet:-1","max-image-preview":"max-image-preview:large","max-video-preview":"max-video-preview:-1"},"canonical":"https:\/\/pharmadreams.shop\/index.php\/product\/avene-hydrance-legere-emulsion-hydratante-40ml\/","og_locale":"fr_FR","og_type":"article","og_title":"AVENE Hydrance Legere Emulsion Hydratante 40ml - pharmadreams","og_description":"Av\u00e8ne Hydrance L\u00e9g\u00e8re \u00c9mulsion Hydratante 40ml\u00a0est une\u00a0cr\u00e8me fluide non grasse\u00a0qui aide \u00e0\u00a0hydrater\u00a0et \u00e0\u00a0adoucir la peau,\u00a0lui apporte souplesse et douceur.  Cette \u00e9mulsion contient de l\u2019eau thermale d\u2019Av\u00e8ne\u00a0qui permet de prolonger l\u2019hydratation\u00a0de votre peau pendant 24 heures tout en la gardant\u00a0apais\u00e9e. Sa texture l\u00e9g\u00e8re hydrate et\u00a0d\u00e9salt\u00e8re votre peau en un instant. Elle est visiblement hydrat\u00e9e, apais\u00e9e et plus souple.  Convient aux peaux sensibles normales \u00e0 mixtes.","og_url":"https:\/\/pharmadreams.shop\/index.php\/product\/avene-hydrance-legere-emulsion-hydratante-40ml\/","og_site_name":"pharmadreams","og_image":[{"width":1000,"height":1000,"url":"https:\/\/pharmadreams.shop\/wp-content\/uploads\/2024\/05\/AVENE-Hydrance-Legere-Emulsion-Hydratante-40-ml.webp","type":"image\/webp"}],"twitter_card":"summary_large_image","twitter_misc":{"Dur\u00e9e de lecture estim\u00e9e":"1 minute"},"schema":{"@context":"https:\/\/schema.org","@graph":[{"@type":"WebPage","@id":"https:\/\/pharmadreams.shop\/index.php\/product\/avene-hydrance-legere-emulsion-hydratante-40ml\/","url":"https:\/\/pharmadreams.shop\/index.php\/product\/avene-hydrance-legere-emulsion-hydratante-40ml\/","name":"AVENE Hydrance Legere Emulsion Hydratante 40ml - pharmadreams","isPartOf":{"@id":"https:\/\/pharmadreams.shop\/#website"},"primaryImageOfPage":{"@id":"https:\/\/pharmadreams.shop\/index.php\/product\/avene-hydrance-legere-emulsion-hydratante-40ml\/#primaryimage"},"image":{"@id":"https:\/\/pharmadreams.shop\/index.php\/product\/avene-hydrance-legere-emulsion-hydratante-40ml\/#primaryimage"},"thumbnailUrl":"https:\/\/pharmadreams.shop\/wp-content\/uploads\/2024\/05\/AVENE-Hydrance-Legere-Emulsion-Hydratante-40-ml.webp","datePublished":"2024-05-30T17:07:47+00:00","dateModified":"2024-05-30T17:07:47+00:00","breadcrumb":{"@id":"https:\/\/pharmadreams.shop\/index.php\/product\/avene-hydrance-legere-emulsion-hydratante-40ml\/#breadcrumb"},"inLanguage":"fr-FR","potentialAction":[{"@type":"ReadAction","target":["https:\/\/pharmadreams.shop\/index.php\/product\/avene-hydrance-legere-emulsion-hydratante-40ml\/"]}]},{"@type":"ImageObject","inLanguage":"fr-FR","@id":"https:\/\/pharmadreams.shop\/index.php\/product\/avene-hydrance-legere-emulsion-hydratante-40ml\/#primaryimage","url":"https:\/\/pharmadreams.shop\/wp-content\/uploads\/2024\/05\/AVENE-Hydrance-Legere-Emulsion-Hydratante-40-ml.webp","contentUrl":"https:\/\/pharmadreams.shop\/wp-content\/uploads\/2024\/05\/AVENE-Hydrance-Legere-Emulsion-Hydratante-40-ml.webp","width":1000,"height":1000},{"@type":"BreadcrumbList","@id":"https:\/\/pharmadreams.shop\/index.php\/product\/avene-hydrance-legere-emulsion-hydratante-40ml\/#breadcrumb","itemListElement":[{"@type":"ListItem","position":1,"name":"Accueil","item":"https:\/\/pharmadreams.shop\/"},{"@type":"ListItem","position":2,"name":"Shop","item":"https:\/\/pharmadreams.shop\/index.php\/shop\/"},{"@type":"ListItem","position":3,"name":"AVENE Hydrance Legere Emulsion Hydratante 40ml"}]},{"@type":"WebSite","@id":"https:\/\/pharmadreams.shop\/#website","url":"https:\/\/pharmadreams.shop\/","name":"pharmadreams","description":"Parapharmacie en ligne","potentialAction":[{"@type":"SearchAction","target":{"@type":"EntryPoint","urlTemplate":"https:\/\/pharmadreams.shop\/?s={search_term_string}"},"query-input":"required name=search_term_string"}],"inLanguage":"fr-FR"}]}},"_links":{"self":[{"href":"https:\/\/pharmadreams.shop\/index.php\/wp-json\/wp\/v2\/product\/18514","targetHints":{"allow":["GET"]}}],"collection":[{"href":"https:\/\/pharmadreams.shop\/index.php\/wp-json\/wp\/v2\/product"}],"about":[{"href":"https:\/\/pharmadreams.shop\/index.php\/wp-json\/wp\/v2\/types\/product"}],"replies":[{"embeddable":true,"href":"https:\/\/pharmadreams.shop\/index.php\/wp-json\/wp\/v2\/comments?post=18514"}],"version-history":[{"count":0,"href":"https:\/\/pharmadreams.shop\/index.php\/wp-json\/wp\/v2\/product\/18514\/revisions"}],"wp:featuredmedia":[{"embeddable":true,"href":"https:\/\/pharmadreams.shop\/index.php\/wp-json\/wp\/v2\/media\/18515"}],"wp:attachment":[{"href":"https:\/\/pharmadreams.shop\/index.php\/wp-json\/wp\/v2\/media?parent=18514"}],"wp:term":[{"taxonomy":"product_brand","embeddable":true,"href":"https:\/\/pharmadreams.shop\/index.php\/wp-json\/wp\/v2\/product_brand?post=18514"},{"taxonomy":"product_cat","embeddable":true,"href":"https:\/\/pharmadreams.shop\/index.php\/wp-json\/wp\/v2\/product_cat?post=18514"},{"taxonomy":"product_tag","embeddable":true,"href":"https:\/\/pharmadreams.shop\/index.php\/wp-json\/wp\/v2\/product_tag?post=18514"}],"curies":[{"name":"wp","href":"https:\/\/api.w.org\/{rel}","templated":true}]}}