{"id":18517,"date":"2024-05-30T18:20:05","date_gmt":"2024-05-30T17:20:05","guid":{"rendered":"https:\/\/pharmadreams.shop\/?post_type=product&#038;p=18517"},"modified":"2024-05-30T18:20:06","modified_gmt":"2024-05-30T17:20:06","slug":"avene-ecran-b-protect-spf50-30ml","status":"publish","type":"product","link":"https:\/\/pharmadreams.shop\/index.php\/product\/avene-ecran-b-protect-spf50-30ml\/","title":{"rendered":"AVENE Ecran B Protect SPF50+ 30ml"},"content":{"rendered":"","protected":false},"excerpt":{"rendered":"<p>Le\u00a0<strong>soin solaire B-Protect d\u2019Av\u00e8ne<\/strong>\u00a0est destin\u00e9 aux peaux sensibles. Il s\u2019utilise quotidiennement. Il va prot\u00e9ger et embellir la peau du visage et du cou.<\/p>\n<p>Av\u00e8ne a formul\u00e9 son soin solaire pour illuminer le teint tout en prot\u00e9geant efficacement la peau des effets nocifs des\u00a0<strong>UVA<\/strong>\u00a0et des\u00a0<strong>UVB<\/strong>. Ce sont les rayons ultra-violets g\u00e9n\u00e9r\u00e9s par le soleil et qui peuvent atteindre la peau. Des deux types de rayons peuvent \u00eatre la cause de cancers cutan\u00e9s. Les UVA p\u00e9n\u00e8trent profond\u00e9ment dans la peau et y d\u00e9clenchent la formation de radicaux libres. Il s\u2019agit de mol\u00e9cules d\u00e9stabilisatrices, qui\u00a0sont une cause de<strong>\u00a0vieillissement pr\u00e9coce de la peau<\/strong>. Il est donc n\u00e9cessaire de s\u2019en prot\u00e9ger et ce, au quotidien, et pas simplement lors d\u2019une s\u00e9ance de bronzage. Autre cause d\u2019\u00e9mission de radicaux libres : la pollution.<\/p>\n<p>Le soin solaire B-Protect\u00a0d\u2019Av\u00e8ne va lutter contre ces mol\u00e9cules, notamment gr\u00e2ce au tocoph\u00e9rol, un actif aux propri\u00e9t\u00e9s anti-oxydantes. D\u2019indice SPF 50+, ce soin offre un tr\u00e8s haut degr\u00e9 de protection. Mais ce n\u2019est pas simplement un soin protecteur, c\u2019est \u00e9galement un\u00a0<strong>embellisseur de la peau<\/strong>. En effet, il contient des pigments micro-encapsul\u00e9s qui vont illuminer son\u00a0<strong>teint<\/strong>. Il int\u00e8gre de l\u2019eau thermale d\u2019Av\u00e8ne, r\u00e9put\u00e9e pour ses vertus apaisantes. Ainsi, la peau est\u00a0<strong>prot\u00e9g\u00e9e et embellie<\/strong>.<\/p>\n<p>&nbsp;<\/p>\n","protected":false},"featured_media":18518,"comment_status":"open","ping_status":"closed","template":"","meta":[],"product_brand":[],"product_cat":[231,194,233],"product_tag":[],"class_list":{"0":"post-18517","1":"product","2":"type-product","3":"status-publish","4":"has-post-thumbnail","6":"product_cat-ecran-solaire","7":"product_cat-peaux-sensibles","8":"product_cat-protection-solaire","10":"first","11":"instock","12":"sale","13":"shipping-taxable","14":"purchasable","15":"product-type-simple"},"yoast_head":"<!-- This site is optimized with the Yoast SEO plugin v23.0 - https:\/\/yoast.com\/wordpress\/plugins\/seo\/ -->\n<title>AVENE Ecran B Protect SPF50+ 30ml - pharmadreams<\/title>\n<meta name=\"robots\" content=\"index, follow, max-snippet:-1, max-image-preview:large, max-video-preview:-1\" \/>\n<link rel=\"canonical\" href=\"https:\/\/pharmadreams.shop\/index.php\/product\/avene-ecran-b-protect-spf50-30ml\/\" \/>\n<meta property=\"og:locale\" content=\"fr_FR\" \/>\n<meta property=\"og:type\" content=\"article\" \/>\n<meta property=\"og:title\" content=\"AVENE Ecran B Protect SPF50+ 30ml - pharmadreams\" \/>\n<meta property=\"og:description\" content=\"Le\u00a0soin solaire B-Protect d\u2019Av\u00e8ne\u00a0est destin\u00e9 aux peaux sensibles. Il s\u2019utilise quotidiennement. Il va prot\u00e9ger et embellir la peau du visage et du cou.  Av\u00e8ne a formul\u00e9 son soin solaire pour illuminer le teint tout en prot\u00e9geant efficacement la peau des effets nocifs des\u00a0UVA\u00a0et des\u00a0UVB. Ce sont les rayons ultra-violets g\u00e9n\u00e9r\u00e9s par le soleil et qui peuvent atteindre la peau. Des deux types de rayons peuvent \u00eatre la cause de cancers cutan\u00e9s. Les UVA p\u00e9n\u00e8trent profond\u00e9ment dans la peau et y d\u00e9clenchent la formation de radicaux libres. Il s\u2019agit de mol\u00e9cules d\u00e9stabilisatrices, qui\u00a0sont une cause de\u00a0vieillissement pr\u00e9coce de la peau. Il est donc n\u00e9cessaire de s\u2019en prot\u00e9ger et ce, au quotidien, et pas simplement lors d\u2019une s\u00e9ance de bronzage. Autre cause d\u2019\u00e9mission de radicaux libres : la pollution.  Le soin solaire B-Protect\u00a0d\u2019Av\u00e8ne va lutter contre ces mol\u00e9cules, notamment gr\u00e2ce au tocoph\u00e9rol, un actif aux propri\u00e9t\u00e9s anti-oxydantes. D\u2019indice SPF 50+, ce soin offre un tr\u00e8s haut degr\u00e9 de protection. Mais ce n\u2019est pas simplement un soin protecteur, c\u2019est \u00e9galement un\u00a0embellisseur de la peau. En effet, il contient des pigments micro-encapsul\u00e9s qui vont illuminer son\u00a0teint. Il int\u00e8gre de l\u2019eau thermale d\u2019Av\u00e8ne, r\u00e9put\u00e9e pour ses vertus apaisantes. Ainsi, la peau est\u00a0prot\u00e9g\u00e9e et embellie.  &nbsp;\" \/>\n<meta property=\"og:url\" content=\"https:\/\/pharmadreams.shop\/index.php\/product\/avene-ecran-b-protect-spf50-30ml\/\" \/>\n<meta property=\"og:site_name\" content=\"pharmadreams\" \/>\n<meta property=\"article:modified_time\" content=\"2024-05-30T17:20:06+00:00\" \/>\n<meta property=\"og:image\" content=\"https:\/\/pharmadreams.shop\/wp-content\/uploads\/2024\/05\/avene-b-protect.webp\" \/>\n\t<meta property=\"og:image:width\" content=\"1000\" \/>\n\t<meta property=\"og:image:height\" content=\"1000\" \/>\n\t<meta property=\"og:image:type\" content=\"image\/webp\" \/>\n<meta name=\"twitter:card\" content=\"summary_large_image\" \/>\n<meta name=\"twitter:label1\" content=\"Dur\u00e9e de lecture estim\u00e9e\" \/>\n\t<meta name=\"twitter:data1\" content=\"1 minute\" \/>\n<script type=\"application\/ld+json\" class=\"yoast-schema-graph\">{\"@context\":\"https:\/\/schema.org\",\"@graph\":[{\"@type\":\"WebPage\",\"@id\":\"https:\/\/pharmadreams.shop\/index.php\/product\/avene-ecran-b-protect-spf50-30ml\/\",\"url\":\"https:\/\/pharmadreams.shop\/index.php\/product\/avene-ecran-b-protect-spf50-30ml\/\",\"name\":\"AVENE Ecran B Protect SPF50+ 30ml - pharmadreams\",\"isPartOf\":{\"@id\":\"https:\/\/pharmadreams.shop\/#website\"},\"primaryImageOfPage\":{\"@id\":\"https:\/\/pharmadreams.shop\/index.php\/product\/avene-ecran-b-protect-spf50-30ml\/#primaryimage\"},\"image\":{\"@id\":\"https:\/\/pharmadreams.shop\/index.php\/product\/avene-ecran-b-protect-spf50-30ml\/#primaryimage\"},\"thumbnailUrl\":\"https:\/\/pharmadreams.shop\/wp-content\/uploads\/2024\/05\/avene-b-protect.webp\",\"datePublished\":\"2024-05-30T17:20:05+00:00\",\"dateModified\":\"2024-05-30T17:20:06+00:00\",\"breadcrumb\":{\"@id\":\"https:\/\/pharmadreams.shop\/index.php\/product\/avene-ecran-b-protect-spf50-30ml\/#breadcrumb\"},\"inLanguage\":\"fr-FR\",\"potentialAction\":[{\"@type\":\"ReadAction\",\"target\":[\"https:\/\/pharmadreams.shop\/index.php\/product\/avene-ecran-b-protect-spf50-30ml\/\"]}]},{\"@type\":\"ImageObject\",\"inLanguage\":\"fr-FR\",\"@id\":\"https:\/\/pharmadreams.shop\/index.php\/product\/avene-ecran-b-protect-spf50-30ml\/#primaryimage\",\"url\":\"https:\/\/pharmadreams.shop\/wp-content\/uploads\/2024\/05\/avene-b-protect.webp\",\"contentUrl\":\"https:\/\/pharmadreams.shop\/wp-content\/uploads\/2024\/05\/avene-b-protect.webp\",\"width\":1000,\"height\":1000},{\"@type\":\"BreadcrumbList\",\"@id\":\"https:\/\/pharmadreams.shop\/index.php\/product\/avene-ecran-b-protect-spf50-30ml\/#breadcrumb\",\"itemListElement\":[{\"@type\":\"ListItem\",\"position\":1,\"name\":\"Accueil\",\"item\":\"https:\/\/pharmadreams.shop\/\"},{\"@type\":\"ListItem\",\"position\":2,\"name\":\"Shop\",\"item\":\"https:\/\/pharmadreams.shop\/index.php\/shop\/\"},{\"@type\":\"ListItem\",\"position\":3,\"name\":\"AVENE Ecran B Protect SPF50+ 30ml\"}]},{\"@type\":\"WebSite\",\"@id\":\"https:\/\/pharmadreams.shop\/#website\",\"url\":\"https:\/\/pharmadreams.shop\/\",\"name\":\"pharmadreams\",\"description\":\"Parapharmacie en ligne\",\"potentialAction\":[{\"@type\":\"SearchAction\",\"target\":{\"@type\":\"EntryPoint\",\"urlTemplate\":\"https:\/\/pharmadreams.shop\/?s={search_term_string}\"},\"query-input\":\"required name=search_term_string\"}],\"inLanguage\":\"fr-FR\"}]}<\/script>\n<!-- \/ Yoast SEO plugin. -->","yoast_head_json":{"title":"AVENE Ecran B Protect SPF50+ 30ml - pharmadreams","robots":{"index":"index","follow":"follow","max-snippet":"max-snippet:-1","max-image-preview":"max-image-preview:large","max-video-preview":"max-video-preview:-1"},"canonical":"https:\/\/pharmadreams.shop\/index.php\/product\/avene-ecran-b-protect-spf50-30ml\/","og_locale":"fr_FR","og_type":"article","og_title":"AVENE Ecran B Protect SPF50+ 30ml - pharmadreams","og_description":"Le\u00a0soin solaire B-Protect d\u2019Av\u00e8ne\u00a0est destin\u00e9 aux peaux sensibles. Il s\u2019utilise quotidiennement. Il va prot\u00e9ger et embellir la peau du visage et du cou.  Av\u00e8ne a formul\u00e9 son soin solaire pour illuminer le teint tout en prot\u00e9geant efficacement la peau des effets nocifs des\u00a0UVA\u00a0et des\u00a0UVB. Ce sont les rayons ultra-violets g\u00e9n\u00e9r\u00e9s par le soleil et qui peuvent atteindre la peau. Des deux types de rayons peuvent \u00eatre la cause de cancers cutan\u00e9s. Les UVA p\u00e9n\u00e8trent profond\u00e9ment dans la peau et y d\u00e9clenchent la formation de radicaux libres. Il s\u2019agit de mol\u00e9cules d\u00e9stabilisatrices, qui\u00a0sont une cause de\u00a0vieillissement pr\u00e9coce de la peau. Il est donc n\u00e9cessaire de s\u2019en prot\u00e9ger et ce, au quotidien, et pas simplement lors d\u2019une s\u00e9ance de bronzage. Autre cause d\u2019\u00e9mission de radicaux libres : la pollution.  Le soin solaire B-Protect\u00a0d\u2019Av\u00e8ne va lutter contre ces mol\u00e9cules, notamment gr\u00e2ce au tocoph\u00e9rol, un actif aux propri\u00e9t\u00e9s anti-oxydantes. D\u2019indice SPF 50+, ce soin offre un tr\u00e8s haut degr\u00e9 de protection. Mais ce n\u2019est pas simplement un soin protecteur, c\u2019est \u00e9galement un\u00a0embellisseur de la peau. En effet, il contient des pigments micro-encapsul\u00e9s qui vont illuminer son\u00a0teint. Il int\u00e8gre de l\u2019eau thermale d\u2019Av\u00e8ne, r\u00e9put\u00e9e pour ses vertus apaisantes. Ainsi, la peau est\u00a0prot\u00e9g\u00e9e et embellie.  &nbsp;","og_url":"https:\/\/pharmadreams.shop\/index.php\/product\/avene-ecran-b-protect-spf50-30ml\/","og_site_name":"pharmadreams","article_modified_time":"2024-05-30T17:20:06+00:00","og_image":[{"width":1000,"height":1000,"url":"https:\/\/pharmadreams.shop\/wp-content\/uploads\/2024\/05\/avene-b-protect.webp","type":"image\/webp"}],"twitter_card":"summary_large_image","twitter_misc":{"Dur\u00e9e de lecture estim\u00e9e":"1 minute"},"schema":{"@context":"https:\/\/schema.org","@graph":[{"@type":"WebPage","@id":"https:\/\/pharmadreams.shop\/index.php\/product\/avene-ecran-b-protect-spf50-30ml\/","url":"https:\/\/pharmadreams.shop\/index.php\/product\/avene-ecran-b-protect-spf50-30ml\/","name":"AVENE Ecran B Protect SPF50+ 30ml - pharmadreams","isPartOf":{"@id":"https:\/\/pharmadreams.shop\/#website"},"primaryImageOfPage":{"@id":"https:\/\/pharmadreams.shop\/index.php\/product\/avene-ecran-b-protect-spf50-30ml\/#primaryimage"},"image":{"@id":"https:\/\/pharmadreams.shop\/index.php\/product\/avene-ecran-b-protect-spf50-30ml\/#primaryimage"},"thumbnailUrl":"https:\/\/pharmadreams.shop\/wp-content\/uploads\/2024\/05\/avene-b-protect.webp","datePublished":"2024-05-30T17:20:05+00:00","dateModified":"2024-05-30T17:20:06+00:00","breadcrumb":{"@id":"https:\/\/pharmadreams.shop\/index.php\/product\/avene-ecran-b-protect-spf50-30ml\/#breadcrumb"},"inLanguage":"fr-FR","potentialAction":[{"@type":"ReadAction","target":["https:\/\/pharmadreams.shop\/index.php\/product\/avene-ecran-b-protect-spf50-30ml\/"]}]},{"@type":"ImageObject","inLanguage":"fr-FR","@id":"https:\/\/pharmadreams.shop\/index.php\/product\/avene-ecran-b-protect-spf50-30ml\/#primaryimage","url":"https:\/\/pharmadreams.shop\/wp-content\/uploads\/2024\/05\/avene-b-protect.webp","contentUrl":"https:\/\/pharmadreams.shop\/wp-content\/uploads\/2024\/05\/avene-b-protect.webp","width":1000,"height":1000},{"@type":"BreadcrumbList","@id":"https:\/\/pharmadreams.shop\/index.php\/product\/avene-ecran-b-protect-spf50-30ml\/#breadcrumb","itemListElement":[{"@type":"ListItem","position":1,"name":"Accueil","item":"https:\/\/pharmadreams.shop\/"},{"@type":"ListItem","position":2,"name":"Shop","item":"https:\/\/pharmadreams.shop\/index.php\/shop\/"},{"@type":"ListItem","position":3,"name":"AVENE Ecran B Protect SPF50+ 30ml"}]},{"@type":"WebSite","@id":"https:\/\/pharmadreams.shop\/#website","url":"https:\/\/pharmadreams.shop\/","name":"pharmadreams","description":"Parapharmacie en ligne","potentialAction":[{"@type":"SearchAction","target":{"@type":"EntryPoint","urlTemplate":"https:\/\/pharmadreams.shop\/?s={search_term_string}"},"query-input":"required name=search_term_string"}],"inLanguage":"fr-FR"}]}},"_links":{"self":[{"href":"https:\/\/pharmadreams.shop\/index.php\/wp-json\/wp\/v2\/product\/18517","targetHints":{"allow":["GET"]}}],"collection":[{"href":"https:\/\/pharmadreams.shop\/index.php\/wp-json\/wp\/v2\/product"}],"about":[{"href":"https:\/\/pharmadreams.shop\/index.php\/wp-json\/wp\/v2\/types\/product"}],"replies":[{"embeddable":true,"href":"https:\/\/pharmadreams.shop\/index.php\/wp-json\/wp\/v2\/comments?post=18517"}],"version-history":[{"count":0,"href":"https:\/\/pharmadreams.shop\/index.php\/wp-json\/wp\/v2\/product\/18517\/revisions"}],"wp:featuredmedia":[{"embeddable":true,"href":"https:\/\/pharmadreams.shop\/index.php\/wp-json\/wp\/v2\/media\/18518"}],"wp:attachment":[{"href":"https:\/\/pharmadreams.shop\/index.php\/wp-json\/wp\/v2\/media?parent=18517"}],"wp:term":[{"taxonomy":"product_brand","embeddable":true,"href":"https:\/\/pharmadreams.shop\/index.php\/wp-json\/wp\/v2\/product_brand?post=18517"},{"taxonomy":"product_cat","embeddable":true,"href":"https:\/\/pharmadreams.shop\/index.php\/wp-json\/wp\/v2\/product_cat?post=18517"},{"taxonomy":"product_tag","embeddable":true,"href":"https:\/\/pharmadreams.shop\/index.php\/wp-json\/wp\/v2\/product_tag?post=18517"}],"curies":[{"name":"wp","href":"https:\/\/api.w.org\/{rel}","templated":true}]}}