{"id":18520,"date":"2024-05-30T18:30:38","date_gmt":"2024-05-30T17:30:38","guid":{"rendered":"https:\/\/pharmadreams.shop\/?post_type=product&#038;p=18520"},"modified":"2024-05-30T18:30:39","modified_gmt":"2024-05-30T17:30:39","slug":"avene-gelee-gommante-douceur-75ml","status":"publish","type":"product","link":"https:\/\/pharmadreams.shop\/index.php\/product\/avene-gelee-gommante-douceur-75ml\/","title":{"rendered":"AVENE Gel\u00e9e Gommante Douceur 75ml"},"content":{"rendered":"","protected":false},"excerpt":{"rendered":"<p>Le Gommage Doux Purifiant Av\u00e8ne est un soin exfoliant sous forme d\u2019\u00e9mulsion-gel, d\u2019une tr\u00e8s grande efficacit\u00e9 et d\u2019une excellente tol\u00e9rance, qui permet de d\u00e9barrasser en douceur la peau des impuret\u00e9s. La peau est plus nette et plus lumineuse.<\/p>\n<p><strong>Mode d\u2019emploi<\/strong><\/p>\n<p>Appliquer le Gommage Doux Purifiant Av\u00e8ne sur le visage en \u00e9vitant le contour des yeux.<br \/>\nMasser doucement, par mouvements circulaires et r\u00e9guliers, avec le bout des doigts puis rincer abondamment \u00e0 l\u2019eau ti\u00e8de.<br \/>\nUtiliser le gommage 1 \u00e0 2 fois par semaine pour les peaux grasses et 1 fois tous les 15 jours pour les autres types de peau.<\/p>\n","protected":false},"featured_media":18521,"comment_status":"open","ping_status":"closed","template":"","meta":[],"product_brand":[],"product_cat":[128,20],"product_tag":[],"class_list":{"0":"post-18520","1":"product","2":"type-product","3":"status-publish","4":"has-post-thumbnail","6":"product_cat-gel-gommant","7":"product_cat-visage","9":"first","10":"instock","11":"shipping-taxable","12":"purchasable","13":"product-type-simple"},"yoast_head":"<!-- This site is optimized with the Yoast SEO plugin v23.0 - https:\/\/yoast.com\/wordpress\/plugins\/seo\/ -->\n<title>AVENE Gel\u00e9e Gommante Douceur 75ml - pharmadreams<\/title>\n<meta name=\"robots\" content=\"index, follow, max-snippet:-1, max-image-preview:large, max-video-preview:-1\" \/>\n<link rel=\"canonical\" href=\"https:\/\/pharmadreams.shop\/index.php\/product\/avene-gelee-gommante-douceur-75ml\/\" \/>\n<meta property=\"og:locale\" content=\"fr_FR\" \/>\n<meta property=\"og:type\" content=\"article\" \/>\n<meta property=\"og:title\" content=\"AVENE Gel\u00e9e Gommante Douceur 75ml - pharmadreams\" \/>\n<meta property=\"og:description\" content=\"Le Gommage Doux Purifiant Av\u00e8ne est un soin exfoliant sous forme d\u2019\u00e9mulsion-gel, d\u2019une tr\u00e8s grande efficacit\u00e9 et d\u2019une excellente tol\u00e9rance, qui permet de d\u00e9barrasser en douceur la peau des impuret\u00e9s. La peau est plus nette et plus lumineuse.  Mode d\u2019emploi  Appliquer le Gommage Doux Purifiant Av\u00e8ne sur le visage en \u00e9vitant le contour des yeux. Masser doucement, par mouvements circulaires et r\u00e9guliers, avec le bout des doigts puis rincer abondamment \u00e0 l\u2019eau ti\u00e8de. Utiliser le gommage 1 \u00e0 2 fois par semaine pour les peaux grasses et 1 fois tous les 15 jours pour les autres types de peau.\" \/>\n<meta property=\"og:url\" content=\"https:\/\/pharmadreams.shop\/index.php\/product\/avene-gelee-gommante-douceur-75ml\/\" \/>\n<meta property=\"og:site_name\" content=\"pharmadreams\" \/>\n<meta property=\"article:modified_time\" content=\"2024-05-30T17:30:39+00:00\" \/>\n<meta property=\"og:image\" content=\"https:\/\/pharmadreams.shop\/wp-content\/uploads\/2024\/05\/avene-gelee-gommante-douceur-75ml-1.webp\" \/>\n\t<meta property=\"og:image:width\" content=\"1096\" \/>\n\t<meta property=\"og:image:height\" content=\"1096\" \/>\n\t<meta property=\"og:image:type\" content=\"image\/webp\" \/>\n<meta name=\"twitter:card\" content=\"summary_large_image\" \/>\n<meta name=\"twitter:label1\" content=\"Dur\u00e9e de lecture estim\u00e9e\" \/>\n\t<meta name=\"twitter:data1\" content=\"1 minute\" \/>\n<script type=\"application\/ld+json\" class=\"yoast-schema-graph\">{\"@context\":\"https:\/\/schema.org\",\"@graph\":[{\"@type\":\"WebPage\",\"@id\":\"https:\/\/pharmadreams.shop\/index.php\/product\/avene-gelee-gommante-douceur-75ml\/\",\"url\":\"https:\/\/pharmadreams.shop\/index.php\/product\/avene-gelee-gommante-douceur-75ml\/\",\"name\":\"AVENE Gel\u00e9e Gommante Douceur 75ml - pharmadreams\",\"isPartOf\":{\"@id\":\"https:\/\/pharmadreams.shop\/#website\"},\"primaryImageOfPage\":{\"@id\":\"https:\/\/pharmadreams.shop\/index.php\/product\/avene-gelee-gommante-douceur-75ml\/#primaryimage\"},\"image\":{\"@id\":\"https:\/\/pharmadreams.shop\/index.php\/product\/avene-gelee-gommante-douceur-75ml\/#primaryimage\"},\"thumbnailUrl\":\"https:\/\/pharmadreams.shop\/wp-content\/uploads\/2024\/05\/avene-gelee-gommante-douceur-75ml-1.webp\",\"datePublished\":\"2024-05-30T17:30:38+00:00\",\"dateModified\":\"2024-05-30T17:30:39+00:00\",\"breadcrumb\":{\"@id\":\"https:\/\/pharmadreams.shop\/index.php\/product\/avene-gelee-gommante-douceur-75ml\/#breadcrumb\"},\"inLanguage\":\"fr-FR\",\"potentialAction\":[{\"@type\":\"ReadAction\",\"target\":[\"https:\/\/pharmadreams.shop\/index.php\/product\/avene-gelee-gommante-douceur-75ml\/\"]}]},{\"@type\":\"ImageObject\",\"inLanguage\":\"fr-FR\",\"@id\":\"https:\/\/pharmadreams.shop\/index.php\/product\/avene-gelee-gommante-douceur-75ml\/#primaryimage\",\"url\":\"https:\/\/pharmadreams.shop\/wp-content\/uploads\/2024\/05\/avene-gelee-gommante-douceur-75ml-1.webp\",\"contentUrl\":\"https:\/\/pharmadreams.shop\/wp-content\/uploads\/2024\/05\/avene-gelee-gommante-douceur-75ml-1.webp\",\"width\":1096,\"height\":1096},{\"@type\":\"BreadcrumbList\",\"@id\":\"https:\/\/pharmadreams.shop\/index.php\/product\/avene-gelee-gommante-douceur-75ml\/#breadcrumb\",\"itemListElement\":[{\"@type\":\"ListItem\",\"position\":1,\"name\":\"Accueil\",\"item\":\"https:\/\/pharmadreams.shop\/\"},{\"@type\":\"ListItem\",\"position\":2,\"name\":\"Shop\",\"item\":\"https:\/\/pharmadreams.shop\/index.php\/shop\/\"},{\"@type\":\"ListItem\",\"position\":3,\"name\":\"AVENE Gel\u00e9e Gommante Douceur 75ml\"}]},{\"@type\":\"WebSite\",\"@id\":\"https:\/\/pharmadreams.shop\/#website\",\"url\":\"https:\/\/pharmadreams.shop\/\",\"name\":\"pharmadreams\",\"description\":\"Parapharmacie en ligne\",\"potentialAction\":[{\"@type\":\"SearchAction\",\"target\":{\"@type\":\"EntryPoint\",\"urlTemplate\":\"https:\/\/pharmadreams.shop\/?s={search_term_string}\"},\"query-input\":\"required name=search_term_string\"}],\"inLanguage\":\"fr-FR\"}]}<\/script>\n<!-- \/ Yoast SEO plugin. -->","yoast_head_json":{"title":"AVENE Gel\u00e9e Gommante Douceur 75ml - pharmadreams","robots":{"index":"index","follow":"follow","max-snippet":"max-snippet:-1","max-image-preview":"max-image-preview:large","max-video-preview":"max-video-preview:-1"},"canonical":"https:\/\/pharmadreams.shop\/index.php\/product\/avene-gelee-gommante-douceur-75ml\/","og_locale":"fr_FR","og_type":"article","og_title":"AVENE Gel\u00e9e Gommante Douceur 75ml - pharmadreams","og_description":"Le Gommage Doux Purifiant Av\u00e8ne est un soin exfoliant sous forme d\u2019\u00e9mulsion-gel, d\u2019une tr\u00e8s grande efficacit\u00e9 et d\u2019une excellente tol\u00e9rance, qui permet de d\u00e9barrasser en douceur la peau des impuret\u00e9s. La peau est plus nette et plus lumineuse.  Mode d\u2019emploi  Appliquer le Gommage Doux Purifiant Av\u00e8ne sur le visage en \u00e9vitant le contour des yeux. Masser doucement, par mouvements circulaires et r\u00e9guliers, avec le bout des doigts puis rincer abondamment \u00e0 l\u2019eau ti\u00e8de. Utiliser le gommage 1 \u00e0 2 fois par semaine pour les peaux grasses et 1 fois tous les 15 jours pour les autres types de peau.","og_url":"https:\/\/pharmadreams.shop\/index.php\/product\/avene-gelee-gommante-douceur-75ml\/","og_site_name":"pharmadreams","article_modified_time":"2024-05-30T17:30:39+00:00","og_image":[{"width":1096,"height":1096,"url":"https:\/\/pharmadreams.shop\/wp-content\/uploads\/2024\/05\/avene-gelee-gommante-douceur-75ml-1.webp","type":"image\/webp"}],"twitter_card":"summary_large_image","twitter_misc":{"Dur\u00e9e de lecture estim\u00e9e":"1 minute"},"schema":{"@context":"https:\/\/schema.org","@graph":[{"@type":"WebPage","@id":"https:\/\/pharmadreams.shop\/index.php\/product\/avene-gelee-gommante-douceur-75ml\/","url":"https:\/\/pharmadreams.shop\/index.php\/product\/avene-gelee-gommante-douceur-75ml\/","name":"AVENE Gel\u00e9e Gommante Douceur 75ml - pharmadreams","isPartOf":{"@id":"https:\/\/pharmadreams.shop\/#website"},"primaryImageOfPage":{"@id":"https:\/\/pharmadreams.shop\/index.php\/product\/avene-gelee-gommante-douceur-75ml\/#primaryimage"},"image":{"@id":"https:\/\/pharmadreams.shop\/index.php\/product\/avene-gelee-gommante-douceur-75ml\/#primaryimage"},"thumbnailUrl":"https:\/\/pharmadreams.shop\/wp-content\/uploads\/2024\/05\/avene-gelee-gommante-douceur-75ml-1.webp","datePublished":"2024-05-30T17:30:38+00:00","dateModified":"2024-05-30T17:30:39+00:00","breadcrumb":{"@id":"https:\/\/pharmadreams.shop\/index.php\/product\/avene-gelee-gommante-douceur-75ml\/#breadcrumb"},"inLanguage":"fr-FR","potentialAction":[{"@type":"ReadAction","target":["https:\/\/pharmadreams.shop\/index.php\/product\/avene-gelee-gommante-douceur-75ml\/"]}]},{"@type":"ImageObject","inLanguage":"fr-FR","@id":"https:\/\/pharmadreams.shop\/index.php\/product\/avene-gelee-gommante-douceur-75ml\/#primaryimage","url":"https:\/\/pharmadreams.shop\/wp-content\/uploads\/2024\/05\/avene-gelee-gommante-douceur-75ml-1.webp","contentUrl":"https:\/\/pharmadreams.shop\/wp-content\/uploads\/2024\/05\/avene-gelee-gommante-douceur-75ml-1.webp","width":1096,"height":1096},{"@type":"BreadcrumbList","@id":"https:\/\/pharmadreams.shop\/index.php\/product\/avene-gelee-gommante-douceur-75ml\/#breadcrumb","itemListElement":[{"@type":"ListItem","position":1,"name":"Accueil","item":"https:\/\/pharmadreams.shop\/"},{"@type":"ListItem","position":2,"name":"Shop","item":"https:\/\/pharmadreams.shop\/index.php\/shop\/"},{"@type":"ListItem","position":3,"name":"AVENE Gel\u00e9e Gommante Douceur 75ml"}]},{"@type":"WebSite","@id":"https:\/\/pharmadreams.shop\/#website","url":"https:\/\/pharmadreams.shop\/","name":"pharmadreams","description":"Parapharmacie en ligne","potentialAction":[{"@type":"SearchAction","target":{"@type":"EntryPoint","urlTemplate":"https:\/\/pharmadreams.shop\/?s={search_term_string}"},"query-input":"required name=search_term_string"}],"inLanguage":"fr-FR"}]}},"_links":{"self":[{"href":"https:\/\/pharmadreams.shop\/index.php\/wp-json\/wp\/v2\/product\/18520","targetHints":{"allow":["GET"]}}],"collection":[{"href":"https:\/\/pharmadreams.shop\/index.php\/wp-json\/wp\/v2\/product"}],"about":[{"href":"https:\/\/pharmadreams.shop\/index.php\/wp-json\/wp\/v2\/types\/product"}],"replies":[{"embeddable":true,"href":"https:\/\/pharmadreams.shop\/index.php\/wp-json\/wp\/v2\/comments?post=18520"}],"version-history":[{"count":0,"href":"https:\/\/pharmadreams.shop\/index.php\/wp-json\/wp\/v2\/product\/18520\/revisions"}],"wp:featuredmedia":[{"embeddable":true,"href":"https:\/\/pharmadreams.shop\/index.php\/wp-json\/wp\/v2\/media\/18521"}],"wp:attachment":[{"href":"https:\/\/pharmadreams.shop\/index.php\/wp-json\/wp\/v2\/media?parent=18520"}],"wp:term":[{"taxonomy":"product_brand","embeddable":true,"href":"https:\/\/pharmadreams.shop\/index.php\/wp-json\/wp\/v2\/product_brand?post=18520"},{"taxonomy":"product_cat","embeddable":true,"href":"https:\/\/pharmadreams.shop\/index.php\/wp-json\/wp\/v2\/product_cat?post=18520"},{"taxonomy":"product_tag","embeddable":true,"href":"https:\/\/pharmadreams.shop\/index.php\/wp-json\/wp\/v2\/product_tag?post=18520"}],"curies":[{"name":"wp","href":"https:\/\/api.w.org\/{rel}","templated":true}]}}