{"id":18523,"date":"2024-05-30T18:39:59","date_gmt":"2024-05-30T17:39:59","guid":{"rendered":"https:\/\/pharmadreams.shop\/?post_type=product&#038;p=18523"},"modified":"2024-05-30T18:39:59","modified_gmt":"2024-05-30T17:39:59","slug":"avene-cicalfate-gel-cicatrice-30ml","status":"publish","type":"product","link":"https:\/\/pharmadreams.shop\/index.php\/product\/avene-cicalfate-gel-cicatrice-30ml\/","title":{"rendered":"AVENE CICALFATE+ Gel Cicatrice 30ml"},"content":{"rendered":"","protected":false},"excerpt":{"rendered":"<p><strong>Av\u00e8ne Cicalfate+ Gel Cicatrice 30ml\u00a0<\/strong>est un film protecteur corps &amp; visage con\u00e7u\u00a0<strong>pour r\u00e9duire l\u2019apparence des marques et cicatrices<\/strong>\u00a0tout en am\u00e9liorant le confort de la peau.<\/p>\n<p>Sa texture gel enrichi en\u00a0<strong>actif postbiotique brevet\u00e9<\/strong>\u00a0forme\u00a0<strong>un film protecteur<\/strong>\u00a0qui facilite le massage des cicatrices r\u00e9\u00e9pidermis\u00e9es et\u00a0<strong>apaise imm\u00e9diatement.<\/strong><\/p>\n","protected":false},"featured_media":18524,"comment_status":"open","ping_status":"closed","template":"","meta":[],"product_brand":[],"product_cat":[131],"product_tag":[],"class_list":{"0":"post-18523","1":"product","2":"type-product","3":"status-publish","4":"has-post-thumbnail","6":"product_cat-traitement-de-cicatrices","8":"first","9":"instock","10":"shipping-taxable","11":"purchasable","12":"product-type-simple"},"yoast_head":"<!-- This site is optimized with the Yoast SEO plugin v23.0 - https:\/\/yoast.com\/wordpress\/plugins\/seo\/ -->\n<title>AVENE CICALFATE+ Gel Cicatrice 30ml - pharmadreams<\/title>\n<meta name=\"robots\" content=\"index, follow, max-snippet:-1, max-image-preview:large, max-video-preview:-1\" \/>\n<link rel=\"canonical\" href=\"https:\/\/pharmadreams.shop\/index.php\/product\/avene-cicalfate-gel-cicatrice-30ml\/\" \/>\n<meta property=\"og:locale\" content=\"fr_FR\" \/>\n<meta property=\"og:type\" content=\"article\" \/>\n<meta property=\"og:title\" content=\"AVENE CICALFATE+ Gel Cicatrice 30ml - pharmadreams\" \/>\n<meta property=\"og:description\" content=\"Av\u00e8ne Cicalfate+ Gel Cicatrice 30ml\u00a0est un film protecteur corps &amp; visage con\u00e7u\u00a0pour r\u00e9duire l\u2019apparence des marques et cicatrices\u00a0tout en am\u00e9liorant le confort de la peau.  Sa texture gel enrichi en\u00a0actif postbiotique brevet\u00e9\u00a0forme\u00a0un film protecteur\u00a0qui facilite le massage des cicatrices r\u00e9\u00e9pidermis\u00e9es et\u00a0apaise imm\u00e9diatement.\" \/>\n<meta property=\"og:url\" content=\"https:\/\/pharmadreams.shop\/index.php\/product\/avene-cicalfate-gel-cicatrice-30ml\/\" \/>\n<meta property=\"og:site_name\" content=\"pharmadreams\" \/>\n<meta name=\"twitter:card\" content=\"summary_large_image\" \/>\n<meta name=\"twitter:label1\" content=\"Dur\u00e9e de lecture estim\u00e9e\" \/>\n\t<meta name=\"twitter:data1\" content=\"1 minute\" \/>\n<script type=\"application\/ld+json\" class=\"yoast-schema-graph\">{\"@context\":\"https:\/\/schema.org\",\"@graph\":[{\"@type\":\"WebPage\",\"@id\":\"https:\/\/pharmadreams.shop\/index.php\/product\/avene-cicalfate-gel-cicatrice-30ml\/\",\"url\":\"https:\/\/pharmadreams.shop\/index.php\/product\/avene-cicalfate-gel-cicatrice-30ml\/\",\"name\":\"AVENE CICALFATE+ Gel Cicatrice 30ml - pharmadreams\",\"isPartOf\":{\"@id\":\"https:\/\/pharmadreams.shop\/#website\"},\"primaryImageOfPage\":{\"@id\":\"https:\/\/pharmadreams.shop\/index.php\/product\/avene-cicalfate-gel-cicatrice-30ml\/#primaryimage\"},\"image\":{\"@id\":\"https:\/\/pharmadreams.shop\/index.php\/product\/avene-cicalfate-gel-cicatrice-30ml\/#primaryimage\"},\"thumbnailUrl\":\"https:\/\/pharmadreams.shop\/wp-content\/uploads\/2024\/05\/avene-cicalfate-gel-cicatrice-30-ml.avif\",\"datePublished\":\"2024-05-30T17:39:59+00:00\",\"dateModified\":\"2024-05-30T17:39:59+00:00\",\"breadcrumb\":{\"@id\":\"https:\/\/pharmadreams.shop\/index.php\/product\/avene-cicalfate-gel-cicatrice-30ml\/#breadcrumb\"},\"inLanguage\":\"fr-FR\",\"potentialAction\":[{\"@type\":\"ReadAction\",\"target\":[\"https:\/\/pharmadreams.shop\/index.php\/product\/avene-cicalfate-gel-cicatrice-30ml\/\"]}]},{\"@type\":\"ImageObject\",\"inLanguage\":\"fr-FR\",\"@id\":\"https:\/\/pharmadreams.shop\/index.php\/product\/avene-cicalfate-gel-cicatrice-30ml\/#primaryimage\",\"url\":\"https:\/\/pharmadreams.shop\/wp-content\/uploads\/2024\/05\/avene-cicalfate-gel-cicatrice-30-ml.avif\",\"contentUrl\":\"https:\/\/pharmadreams.shop\/wp-content\/uploads\/2024\/05\/avene-cicalfate-gel-cicatrice-30-ml.avif\",\"width\":458,\"height\":458},{\"@type\":\"BreadcrumbList\",\"@id\":\"https:\/\/pharmadreams.shop\/index.php\/product\/avene-cicalfate-gel-cicatrice-30ml\/#breadcrumb\",\"itemListElement\":[{\"@type\":\"ListItem\",\"position\":1,\"name\":\"Accueil\",\"item\":\"https:\/\/pharmadreams.shop\/\"},{\"@type\":\"ListItem\",\"position\":2,\"name\":\"Shop\",\"item\":\"https:\/\/pharmadreams.shop\/index.php\/shop\/\"},{\"@type\":\"ListItem\",\"position\":3,\"name\":\"AVENE CICALFATE+ Gel Cicatrice 30ml\"}]},{\"@type\":\"WebSite\",\"@id\":\"https:\/\/pharmadreams.shop\/#website\",\"url\":\"https:\/\/pharmadreams.shop\/\",\"name\":\"pharmadreams\",\"description\":\"Parapharmacie en ligne\",\"potentialAction\":[{\"@type\":\"SearchAction\",\"target\":{\"@type\":\"EntryPoint\",\"urlTemplate\":\"https:\/\/pharmadreams.shop\/?s={search_term_string}\"},\"query-input\":\"required name=search_term_string\"}],\"inLanguage\":\"fr-FR\"}]}<\/script>\n<!-- \/ Yoast SEO plugin. -->","yoast_head_json":{"title":"AVENE CICALFATE+ Gel Cicatrice 30ml - pharmadreams","robots":{"index":"index","follow":"follow","max-snippet":"max-snippet:-1","max-image-preview":"max-image-preview:large","max-video-preview":"max-video-preview:-1"},"canonical":"https:\/\/pharmadreams.shop\/index.php\/product\/avene-cicalfate-gel-cicatrice-30ml\/","og_locale":"fr_FR","og_type":"article","og_title":"AVENE CICALFATE+ Gel Cicatrice 30ml - pharmadreams","og_description":"Av\u00e8ne Cicalfate+ Gel Cicatrice 30ml\u00a0est un film protecteur corps &amp; visage con\u00e7u\u00a0pour r\u00e9duire l\u2019apparence des marques et cicatrices\u00a0tout en am\u00e9liorant le confort de la peau.  Sa texture gel enrichi en\u00a0actif postbiotique brevet\u00e9\u00a0forme\u00a0un film protecteur\u00a0qui facilite le massage des cicatrices r\u00e9\u00e9pidermis\u00e9es et\u00a0apaise imm\u00e9diatement.","og_url":"https:\/\/pharmadreams.shop\/index.php\/product\/avene-cicalfate-gel-cicatrice-30ml\/","og_site_name":"pharmadreams","twitter_card":"summary_large_image","twitter_misc":{"Dur\u00e9e de lecture estim\u00e9e":"1 minute"},"schema":{"@context":"https:\/\/schema.org","@graph":[{"@type":"WebPage","@id":"https:\/\/pharmadreams.shop\/index.php\/product\/avene-cicalfate-gel-cicatrice-30ml\/","url":"https:\/\/pharmadreams.shop\/index.php\/product\/avene-cicalfate-gel-cicatrice-30ml\/","name":"AVENE CICALFATE+ Gel Cicatrice 30ml - pharmadreams","isPartOf":{"@id":"https:\/\/pharmadreams.shop\/#website"},"primaryImageOfPage":{"@id":"https:\/\/pharmadreams.shop\/index.php\/product\/avene-cicalfate-gel-cicatrice-30ml\/#primaryimage"},"image":{"@id":"https:\/\/pharmadreams.shop\/index.php\/product\/avene-cicalfate-gel-cicatrice-30ml\/#primaryimage"},"thumbnailUrl":"https:\/\/pharmadreams.shop\/wp-content\/uploads\/2024\/05\/avene-cicalfate-gel-cicatrice-30-ml.avif","datePublished":"2024-05-30T17:39:59+00:00","dateModified":"2024-05-30T17:39:59+00:00","breadcrumb":{"@id":"https:\/\/pharmadreams.shop\/index.php\/product\/avene-cicalfate-gel-cicatrice-30ml\/#breadcrumb"},"inLanguage":"fr-FR","potentialAction":[{"@type":"ReadAction","target":["https:\/\/pharmadreams.shop\/index.php\/product\/avene-cicalfate-gel-cicatrice-30ml\/"]}]},{"@type":"ImageObject","inLanguage":"fr-FR","@id":"https:\/\/pharmadreams.shop\/index.php\/product\/avene-cicalfate-gel-cicatrice-30ml\/#primaryimage","url":"https:\/\/pharmadreams.shop\/wp-content\/uploads\/2024\/05\/avene-cicalfate-gel-cicatrice-30-ml.avif","contentUrl":"https:\/\/pharmadreams.shop\/wp-content\/uploads\/2024\/05\/avene-cicalfate-gel-cicatrice-30-ml.avif","width":458,"height":458},{"@type":"BreadcrumbList","@id":"https:\/\/pharmadreams.shop\/index.php\/product\/avene-cicalfate-gel-cicatrice-30ml\/#breadcrumb","itemListElement":[{"@type":"ListItem","position":1,"name":"Accueil","item":"https:\/\/pharmadreams.shop\/"},{"@type":"ListItem","position":2,"name":"Shop","item":"https:\/\/pharmadreams.shop\/index.php\/shop\/"},{"@type":"ListItem","position":3,"name":"AVENE CICALFATE+ Gel Cicatrice 30ml"}]},{"@type":"WebSite","@id":"https:\/\/pharmadreams.shop\/#website","url":"https:\/\/pharmadreams.shop\/","name":"pharmadreams","description":"Parapharmacie en ligne","potentialAction":[{"@type":"SearchAction","target":{"@type":"EntryPoint","urlTemplate":"https:\/\/pharmadreams.shop\/?s={search_term_string}"},"query-input":"required name=search_term_string"}],"inLanguage":"fr-FR"}]}},"_links":{"self":[{"href":"https:\/\/pharmadreams.shop\/index.php\/wp-json\/wp\/v2\/product\/18523","targetHints":{"allow":["GET"]}}],"collection":[{"href":"https:\/\/pharmadreams.shop\/index.php\/wp-json\/wp\/v2\/product"}],"about":[{"href":"https:\/\/pharmadreams.shop\/index.php\/wp-json\/wp\/v2\/types\/product"}],"replies":[{"embeddable":true,"href":"https:\/\/pharmadreams.shop\/index.php\/wp-json\/wp\/v2\/comments?post=18523"}],"version-history":[{"count":0,"href":"https:\/\/pharmadreams.shop\/index.php\/wp-json\/wp\/v2\/product\/18523\/revisions"}],"wp:featuredmedia":[{"embeddable":true,"href":"https:\/\/pharmadreams.shop\/index.php\/wp-json\/wp\/v2\/media\/18524"}],"wp:attachment":[{"href":"https:\/\/pharmadreams.shop\/index.php\/wp-json\/wp\/v2\/media?parent=18523"}],"wp:term":[{"taxonomy":"product_brand","embeddable":true,"href":"https:\/\/pharmadreams.shop\/index.php\/wp-json\/wp\/v2\/product_brand?post=18523"},{"taxonomy":"product_cat","embeddable":true,"href":"https:\/\/pharmadreams.shop\/index.php\/wp-json\/wp\/v2\/product_cat?post=18523"},{"taxonomy":"product_tag","embeddable":true,"href":"https:\/\/pharmadreams.shop\/index.php\/wp-json\/wp\/v2\/product_tag?post=18523"}],"curies":[{"name":"wp","href":"https:\/\/api.w.org\/{rel}","templated":true}]}}