{"id":18533,"date":"2024-05-30T19:27:39","date_gmt":"2024-05-30T18:27:39","guid":{"rendered":"https:\/\/pharmadreams.shop\/?post_type=product&#038;p=18533"},"modified":"2024-05-30T19:27:39","modified_gmt":"2024-05-30T18:27:39","slug":"avene-hydrance-legere-uv-spf30-40ml","status":"publish","type":"product","link":"https:\/\/pharmadreams.shop\/index.php\/product\/avene-hydrance-legere-uv-spf30-40ml\/","title":{"rendered":"AVENE Hydrance L\u00e9g\u00e8re UV SPF30 40ml"},"content":{"rendered":"","protected":false},"excerpt":{"rendered":"<p>L\u2019<strong>Eau thermale<\/strong>\u00a0contenue dans la cr\u00e8me l\u00e9g\u00e8re Hydrance Optimale d\u2019Av\u00e8ne poss\u00e8de des propri\u00e9t\u00e9s\u00a0<strong>apaisantes et anti irritantes<\/strong>, id\u00e9ales pour les peaux sensibles souvent sujettes aux rougeurs et aux tiraillements. Jour apr\u00e8s jour, votre peau est\u00a0<strong>hydrat\u00e9e et douce<\/strong>\u00a0et votre teint retrouve tout son \u00e9clat !\u00a0<strong>Son indice de protection solaire\u00a0SPF 30<\/strong>\u00a0lui conf\u00e8re des propri\u00e9t\u00e9s anti oxydantes qui prot\u00e9geront votre peau des agressions que provoquent les rayons UV sur votre peau comme par exemple le vieillissement cutan\u00e9.<\/p>\n","protected":false},"featured_media":18534,"comment_status":"open","ping_status":"closed","template":"","meta":[],"product_brand":[],"product_cat":[78,98,233,20],"product_tag":[],"class_list":{"0":"post-18533","1":"product","2":"type-product","3":"status-publish","4":"has-post-thumbnail","6":"product_cat-cremes","7":"product_cat-hydratation","8":"product_cat-protection-solaire","9":"product_cat-visage","11":"first","12":"instock","13":"shipping-taxable","14":"purchasable","15":"product-type-simple"},"yoast_head":"<!-- This site is optimized with the Yoast SEO plugin v23.0 - https:\/\/yoast.com\/wordpress\/plugins\/seo\/ -->\n<title>AVENE Hydrance L\u00e9g\u00e8re UV SPF30 40ml - pharmadreams<\/title>\n<meta name=\"robots\" content=\"index, follow, max-snippet:-1, max-image-preview:large, max-video-preview:-1\" \/>\n<link rel=\"canonical\" href=\"https:\/\/pharmadreams.shop\/index.php\/product\/avene-hydrance-legere-uv-spf30-40ml\/\" \/>\n<meta property=\"og:locale\" content=\"fr_FR\" \/>\n<meta property=\"og:type\" content=\"article\" \/>\n<meta property=\"og:title\" content=\"AVENE Hydrance L\u00e9g\u00e8re UV SPF30 40ml - pharmadreams\" \/>\n<meta property=\"og:description\" content=\"L\u2019Eau thermale\u00a0contenue dans la cr\u00e8me l\u00e9g\u00e8re Hydrance Optimale d\u2019Av\u00e8ne poss\u00e8de des propri\u00e9t\u00e9s\u00a0apaisantes et anti irritantes, id\u00e9ales pour les peaux sensibles souvent sujettes aux rougeurs et aux tiraillements. Jour apr\u00e8s jour, votre peau est\u00a0hydrat\u00e9e et douce\u00a0et votre teint retrouve tout son \u00e9clat !\u00a0Son indice de protection solaire\u00a0SPF 30\u00a0lui conf\u00e8re des propri\u00e9t\u00e9s anti oxydantes qui prot\u00e9geront votre peau des agressions que provoquent les rayons UV sur votre peau comme par exemple le vieillissement cutan\u00e9.\" \/>\n<meta property=\"og:url\" content=\"https:\/\/pharmadreams.shop\/index.php\/product\/avene-hydrance-legere-uv-spf30-40ml\/\" \/>\n<meta property=\"og:site_name\" content=\"pharmadreams\" \/>\n<meta property=\"og:image\" content=\"https:\/\/pharmadreams.shop\/wp-content\/uploads\/2024\/05\/avene-hydrance-uv-legere-emulsion-hydratante-spf-30-emulsion-1.webp\" \/>\n\t<meta property=\"og:image:width\" content=\"1182\" \/>\n\t<meta property=\"og:image:height\" content=\"1182\" \/>\n\t<meta property=\"og:image:type\" content=\"image\/webp\" \/>\n<meta name=\"twitter:card\" content=\"summary_large_image\" \/>\n<meta name=\"twitter:label1\" content=\"Dur\u00e9e de lecture estim\u00e9e\" \/>\n\t<meta name=\"twitter:data1\" content=\"1 minute\" \/>\n<script type=\"application\/ld+json\" class=\"yoast-schema-graph\">{\"@context\":\"https:\/\/schema.org\",\"@graph\":[{\"@type\":\"WebPage\",\"@id\":\"https:\/\/pharmadreams.shop\/index.php\/product\/avene-hydrance-legere-uv-spf30-40ml\/\",\"url\":\"https:\/\/pharmadreams.shop\/index.php\/product\/avene-hydrance-legere-uv-spf30-40ml\/\",\"name\":\"AVENE Hydrance L\u00e9g\u00e8re UV SPF30 40ml - pharmadreams\",\"isPartOf\":{\"@id\":\"https:\/\/pharmadreams.shop\/#website\"},\"primaryImageOfPage\":{\"@id\":\"https:\/\/pharmadreams.shop\/index.php\/product\/avene-hydrance-legere-uv-spf30-40ml\/#primaryimage\"},\"image\":{\"@id\":\"https:\/\/pharmadreams.shop\/index.php\/product\/avene-hydrance-legere-uv-spf30-40ml\/#primaryimage\"},\"thumbnailUrl\":\"https:\/\/pharmadreams.shop\/wp-content\/uploads\/2024\/05\/avene-hydrance-uv-legere-emulsion-hydratante-spf-30-emulsion-1.webp\",\"datePublished\":\"2024-05-30T18:27:39+00:00\",\"dateModified\":\"2024-05-30T18:27:39+00:00\",\"breadcrumb\":{\"@id\":\"https:\/\/pharmadreams.shop\/index.php\/product\/avene-hydrance-legere-uv-spf30-40ml\/#breadcrumb\"},\"inLanguage\":\"fr-FR\",\"potentialAction\":[{\"@type\":\"ReadAction\",\"target\":[\"https:\/\/pharmadreams.shop\/index.php\/product\/avene-hydrance-legere-uv-spf30-40ml\/\"]}]},{\"@type\":\"ImageObject\",\"inLanguage\":\"fr-FR\",\"@id\":\"https:\/\/pharmadreams.shop\/index.php\/product\/avene-hydrance-legere-uv-spf30-40ml\/#primaryimage\",\"url\":\"https:\/\/pharmadreams.shop\/wp-content\/uploads\/2024\/05\/avene-hydrance-uv-legere-emulsion-hydratante-spf-30-emulsion-1.webp\",\"contentUrl\":\"https:\/\/pharmadreams.shop\/wp-content\/uploads\/2024\/05\/avene-hydrance-uv-legere-emulsion-hydratante-spf-30-emulsion-1.webp\",\"width\":1182,\"height\":1182},{\"@type\":\"BreadcrumbList\",\"@id\":\"https:\/\/pharmadreams.shop\/index.php\/product\/avene-hydrance-legere-uv-spf30-40ml\/#breadcrumb\",\"itemListElement\":[{\"@type\":\"ListItem\",\"position\":1,\"name\":\"Accueil\",\"item\":\"https:\/\/pharmadreams.shop\/\"},{\"@type\":\"ListItem\",\"position\":2,\"name\":\"Shop\",\"item\":\"https:\/\/pharmadreams.shop\/index.php\/shop\/\"},{\"@type\":\"ListItem\",\"position\":3,\"name\":\"AVENE Hydrance L\u00e9g\u00e8re UV SPF30 40ml\"}]},{\"@type\":\"WebSite\",\"@id\":\"https:\/\/pharmadreams.shop\/#website\",\"url\":\"https:\/\/pharmadreams.shop\/\",\"name\":\"pharmadreams\",\"description\":\"Parapharmacie en ligne\",\"potentialAction\":[{\"@type\":\"SearchAction\",\"target\":{\"@type\":\"EntryPoint\",\"urlTemplate\":\"https:\/\/pharmadreams.shop\/?s={search_term_string}\"},\"query-input\":\"required name=search_term_string\"}],\"inLanguage\":\"fr-FR\"}]}<\/script>\n<!-- \/ Yoast SEO plugin. -->","yoast_head_json":{"title":"AVENE Hydrance L\u00e9g\u00e8re UV SPF30 40ml - pharmadreams","robots":{"index":"index","follow":"follow","max-snippet":"max-snippet:-1","max-image-preview":"max-image-preview:large","max-video-preview":"max-video-preview:-1"},"canonical":"https:\/\/pharmadreams.shop\/index.php\/product\/avene-hydrance-legere-uv-spf30-40ml\/","og_locale":"fr_FR","og_type":"article","og_title":"AVENE Hydrance L\u00e9g\u00e8re UV SPF30 40ml - pharmadreams","og_description":"L\u2019Eau thermale\u00a0contenue dans la cr\u00e8me l\u00e9g\u00e8re Hydrance Optimale d\u2019Av\u00e8ne poss\u00e8de des propri\u00e9t\u00e9s\u00a0apaisantes et anti irritantes, id\u00e9ales pour les peaux sensibles souvent sujettes aux rougeurs et aux tiraillements. Jour apr\u00e8s jour, votre peau est\u00a0hydrat\u00e9e et douce\u00a0et votre teint retrouve tout son \u00e9clat !\u00a0Son indice de protection solaire\u00a0SPF 30\u00a0lui conf\u00e8re des propri\u00e9t\u00e9s anti oxydantes qui prot\u00e9geront votre peau des agressions que provoquent les rayons UV sur votre peau comme par exemple le vieillissement cutan\u00e9.","og_url":"https:\/\/pharmadreams.shop\/index.php\/product\/avene-hydrance-legere-uv-spf30-40ml\/","og_site_name":"pharmadreams","og_image":[{"width":1182,"height":1182,"url":"https:\/\/pharmadreams.shop\/wp-content\/uploads\/2024\/05\/avene-hydrance-uv-legere-emulsion-hydratante-spf-30-emulsion-1.webp","type":"image\/webp"}],"twitter_card":"summary_large_image","twitter_misc":{"Dur\u00e9e de lecture estim\u00e9e":"1 minute"},"schema":{"@context":"https:\/\/schema.org","@graph":[{"@type":"WebPage","@id":"https:\/\/pharmadreams.shop\/index.php\/product\/avene-hydrance-legere-uv-spf30-40ml\/","url":"https:\/\/pharmadreams.shop\/index.php\/product\/avene-hydrance-legere-uv-spf30-40ml\/","name":"AVENE Hydrance L\u00e9g\u00e8re UV SPF30 40ml - pharmadreams","isPartOf":{"@id":"https:\/\/pharmadreams.shop\/#website"},"primaryImageOfPage":{"@id":"https:\/\/pharmadreams.shop\/index.php\/product\/avene-hydrance-legere-uv-spf30-40ml\/#primaryimage"},"image":{"@id":"https:\/\/pharmadreams.shop\/index.php\/product\/avene-hydrance-legere-uv-spf30-40ml\/#primaryimage"},"thumbnailUrl":"https:\/\/pharmadreams.shop\/wp-content\/uploads\/2024\/05\/avene-hydrance-uv-legere-emulsion-hydratante-spf-30-emulsion-1.webp","datePublished":"2024-05-30T18:27:39+00:00","dateModified":"2024-05-30T18:27:39+00:00","breadcrumb":{"@id":"https:\/\/pharmadreams.shop\/index.php\/product\/avene-hydrance-legere-uv-spf30-40ml\/#breadcrumb"},"inLanguage":"fr-FR","potentialAction":[{"@type":"ReadAction","target":["https:\/\/pharmadreams.shop\/index.php\/product\/avene-hydrance-legere-uv-spf30-40ml\/"]}]},{"@type":"ImageObject","inLanguage":"fr-FR","@id":"https:\/\/pharmadreams.shop\/index.php\/product\/avene-hydrance-legere-uv-spf30-40ml\/#primaryimage","url":"https:\/\/pharmadreams.shop\/wp-content\/uploads\/2024\/05\/avene-hydrance-uv-legere-emulsion-hydratante-spf-30-emulsion-1.webp","contentUrl":"https:\/\/pharmadreams.shop\/wp-content\/uploads\/2024\/05\/avene-hydrance-uv-legere-emulsion-hydratante-spf-30-emulsion-1.webp","width":1182,"height":1182},{"@type":"BreadcrumbList","@id":"https:\/\/pharmadreams.shop\/index.php\/product\/avene-hydrance-legere-uv-spf30-40ml\/#breadcrumb","itemListElement":[{"@type":"ListItem","position":1,"name":"Accueil","item":"https:\/\/pharmadreams.shop\/"},{"@type":"ListItem","position":2,"name":"Shop","item":"https:\/\/pharmadreams.shop\/index.php\/shop\/"},{"@type":"ListItem","position":3,"name":"AVENE Hydrance L\u00e9g\u00e8re UV SPF30 40ml"}]},{"@type":"WebSite","@id":"https:\/\/pharmadreams.shop\/#website","url":"https:\/\/pharmadreams.shop\/","name":"pharmadreams","description":"Parapharmacie en ligne","potentialAction":[{"@type":"SearchAction","target":{"@type":"EntryPoint","urlTemplate":"https:\/\/pharmadreams.shop\/?s={search_term_string}"},"query-input":"required name=search_term_string"}],"inLanguage":"fr-FR"}]}},"_links":{"self":[{"href":"https:\/\/pharmadreams.shop\/index.php\/wp-json\/wp\/v2\/product\/18533","targetHints":{"allow":["GET"]}}],"collection":[{"href":"https:\/\/pharmadreams.shop\/index.php\/wp-json\/wp\/v2\/product"}],"about":[{"href":"https:\/\/pharmadreams.shop\/index.php\/wp-json\/wp\/v2\/types\/product"}],"replies":[{"embeddable":true,"href":"https:\/\/pharmadreams.shop\/index.php\/wp-json\/wp\/v2\/comments?post=18533"}],"version-history":[{"count":0,"href":"https:\/\/pharmadreams.shop\/index.php\/wp-json\/wp\/v2\/product\/18533\/revisions"}],"wp:featuredmedia":[{"embeddable":true,"href":"https:\/\/pharmadreams.shop\/index.php\/wp-json\/wp\/v2\/media\/18534"}],"wp:attachment":[{"href":"https:\/\/pharmadreams.shop\/index.php\/wp-json\/wp\/v2\/media?parent=18533"}],"wp:term":[{"taxonomy":"product_brand","embeddable":true,"href":"https:\/\/pharmadreams.shop\/index.php\/wp-json\/wp\/v2\/product_brand?post=18533"},{"taxonomy":"product_cat","embeddable":true,"href":"https:\/\/pharmadreams.shop\/index.php\/wp-json\/wp\/v2\/product_cat?post=18533"},{"taxonomy":"product_tag","embeddable":true,"href":"https:\/\/pharmadreams.shop\/index.php\/wp-json\/wp\/v2\/product_tag?post=18533"}],"curies":[{"name":"wp","href":"https:\/\/api.w.org\/{rel}","templated":true}]}}