{"id":18537,"date":"2024-05-30T20:26:55","date_gmt":"2024-05-30T19:26:55","guid":{"rendered":"https:\/\/pharmadreams.shop\/?post_type=product&#038;p=18537"},"modified":"2024-05-30T20:26:55","modified_gmt":"2024-05-30T19:26:55","slug":"avene-a-oxitive-nuit-soin-peeling-30ml","status":"publish","type":"product","link":"https:\/\/pharmadreams.shop\/index.php\/product\/avene-a-oxitive-nuit-soin-peeling-30ml\/","title":{"rendered":"AVENE A-OXitive Nuit Soin Peeling 30ml"},"content":{"rendered":"","protected":false},"excerpt":{"rendered":"<p>Le\u00a0<strong>soin peeling nuit A-Oxitive\u00a0d\u2019Av\u00e8ne<\/strong>\u00a0pr\u00e9vient la survenue des premiers signes de l\u2019\u00e2ge. Il prot\u00e8ge \u00e9galement la peau des effets d\u00e9l\u00e9t\u00e8res du stress oxydatif. Il convient \u00e0 tous les types de peaux.<\/p>\n<p><strong>CONSEILS D\u2019UTILISATION<\/strong><\/p>\n<p>Appliquez ce soin le soir sur le visage, le cou ainsi que le d\u00e9collet\u00e9.<\/p>\n<p>R\u00e9duisez les expositions solaires. Utiliser un photoprotecteur adapt\u00e9 comme le\u00a0<a href=\"https:\/\/www.maparatunisie.tn\/produit\/avene-fluide-protection-solaire-spf50-50ml\/\">fluide solaire Av\u00e8ne SPF 50+<\/a>.<br \/>\nSi vous exp\u00e9rimentez des picotements, espacez les applications du soin.<br \/>\nNe pas mettre en contact avec les yeux.<br \/>\nNe pas utiliser chez la femme enceinte.<\/p>\n","protected":false},"featured_media":18538,"comment_status":"open","ping_status":"closed","template":"","meta":[],"product_brand":[],"product_cat":[100,80,234,20],"product_tag":[],"class_list":{"0":"post-18537","1":"product","2":"type-product","3":"status-publish","4":"has-post-thumbnail","6":"product_cat-anti-age","7":"product_cat-soins","8":"product_cat-tous-types-de-peaux","9":"product_cat-visage","11":"first","12":"instock","13":"shipping-taxable","14":"purchasable","15":"product-type-simple"},"yoast_head":"<!-- This site is optimized with the Yoast SEO plugin v23.0 - https:\/\/yoast.com\/wordpress\/plugins\/seo\/ -->\n<title>AVENE A-OXitive Nuit Soin Peeling 30ml - pharmadreams<\/title>\n<meta name=\"robots\" content=\"index, follow, max-snippet:-1, max-image-preview:large, max-video-preview:-1\" \/>\n<link rel=\"canonical\" href=\"https:\/\/pharmadreams.shop\/index.php\/product\/avene-a-oxitive-nuit-soin-peeling-30ml\/\" \/>\n<meta property=\"og:locale\" content=\"fr_FR\" \/>\n<meta property=\"og:type\" content=\"article\" \/>\n<meta property=\"og:title\" content=\"AVENE A-OXitive Nuit Soin Peeling 30ml - pharmadreams\" \/>\n<meta property=\"og:description\" content=\"Le\u00a0soin peeling nuit A-Oxitive\u00a0d\u2019Av\u00e8ne\u00a0pr\u00e9vient la survenue des premiers signes de l\u2019\u00e2ge. Il prot\u00e8ge \u00e9galement la peau des effets d\u00e9l\u00e9t\u00e8res du stress oxydatif. Il convient \u00e0 tous les types de peaux.  CONSEILS D\u2019UTILISATION  Appliquez ce soin le soir sur le visage, le cou ainsi que le d\u00e9collet\u00e9.  R\u00e9duisez les expositions solaires. Utiliser un photoprotecteur adapt\u00e9 comme le\u00a0fluide solaire Av\u00e8ne SPF 50+. Si vous exp\u00e9rimentez des picotements, espacez les applications du soin. Ne pas mettre en contact avec les yeux. Ne pas utiliser chez la femme enceinte.\" \/>\n<meta property=\"og:url\" content=\"https:\/\/pharmadreams.shop\/index.php\/product\/avene-a-oxitive-nuit-soin-peeling-30ml\/\" \/>\n<meta property=\"og:site_name\" content=\"pharmadreams\" \/>\n<meta property=\"og:image\" content=\"https:\/\/pharmadreams.shop\/wp-content\/uploads\/2024\/05\/avene-a-oxitive-nuit-soin-peeling-30-ml.jpg\" \/>\n\t<meta property=\"og:image:width\" content=\"500\" \/>\n\t<meta property=\"og:image:height\" content=\"500\" \/>\n\t<meta property=\"og:image:type\" content=\"image\/jpeg\" \/>\n<meta name=\"twitter:card\" content=\"summary_large_image\" \/>\n<meta name=\"twitter:label1\" content=\"Dur\u00e9e de lecture estim\u00e9e\" \/>\n\t<meta name=\"twitter:data1\" content=\"1 minute\" \/>\n<script type=\"application\/ld+json\" class=\"yoast-schema-graph\">{\"@context\":\"https:\/\/schema.org\",\"@graph\":[{\"@type\":\"WebPage\",\"@id\":\"https:\/\/pharmadreams.shop\/index.php\/product\/avene-a-oxitive-nuit-soin-peeling-30ml\/\",\"url\":\"https:\/\/pharmadreams.shop\/index.php\/product\/avene-a-oxitive-nuit-soin-peeling-30ml\/\",\"name\":\"AVENE A-OXitive Nuit Soin Peeling 30ml - pharmadreams\",\"isPartOf\":{\"@id\":\"https:\/\/pharmadreams.shop\/#website\"},\"primaryImageOfPage\":{\"@id\":\"https:\/\/pharmadreams.shop\/index.php\/product\/avene-a-oxitive-nuit-soin-peeling-30ml\/#primaryimage\"},\"image\":{\"@id\":\"https:\/\/pharmadreams.shop\/index.php\/product\/avene-a-oxitive-nuit-soin-peeling-30ml\/#primaryimage\"},\"thumbnailUrl\":\"https:\/\/pharmadreams.shop\/wp-content\/uploads\/2024\/05\/avene-a-oxitive-nuit-soin-peeling-30-ml.jpg\",\"datePublished\":\"2024-05-30T19:26:55+00:00\",\"dateModified\":\"2024-05-30T19:26:55+00:00\",\"breadcrumb\":{\"@id\":\"https:\/\/pharmadreams.shop\/index.php\/product\/avene-a-oxitive-nuit-soin-peeling-30ml\/#breadcrumb\"},\"inLanguage\":\"fr-FR\",\"potentialAction\":[{\"@type\":\"ReadAction\",\"target\":[\"https:\/\/pharmadreams.shop\/index.php\/product\/avene-a-oxitive-nuit-soin-peeling-30ml\/\"]}]},{\"@type\":\"ImageObject\",\"inLanguage\":\"fr-FR\",\"@id\":\"https:\/\/pharmadreams.shop\/index.php\/product\/avene-a-oxitive-nuit-soin-peeling-30ml\/#primaryimage\",\"url\":\"https:\/\/pharmadreams.shop\/wp-content\/uploads\/2024\/05\/avene-a-oxitive-nuit-soin-peeling-30-ml.jpg\",\"contentUrl\":\"https:\/\/pharmadreams.shop\/wp-content\/uploads\/2024\/05\/avene-a-oxitive-nuit-soin-peeling-30-ml.jpg\",\"width\":500,\"height\":500},{\"@type\":\"BreadcrumbList\",\"@id\":\"https:\/\/pharmadreams.shop\/index.php\/product\/avene-a-oxitive-nuit-soin-peeling-30ml\/#breadcrumb\",\"itemListElement\":[{\"@type\":\"ListItem\",\"position\":1,\"name\":\"Accueil\",\"item\":\"https:\/\/pharmadreams.shop\/\"},{\"@type\":\"ListItem\",\"position\":2,\"name\":\"Shop\",\"item\":\"https:\/\/pharmadreams.shop\/index.php\/shop\/\"},{\"@type\":\"ListItem\",\"position\":3,\"name\":\"AVENE A-OXitive Nuit Soin Peeling 30ml\"}]},{\"@type\":\"WebSite\",\"@id\":\"https:\/\/pharmadreams.shop\/#website\",\"url\":\"https:\/\/pharmadreams.shop\/\",\"name\":\"pharmadreams\",\"description\":\"Parapharmacie en ligne\",\"potentialAction\":[{\"@type\":\"SearchAction\",\"target\":{\"@type\":\"EntryPoint\",\"urlTemplate\":\"https:\/\/pharmadreams.shop\/?s={search_term_string}\"},\"query-input\":\"required name=search_term_string\"}],\"inLanguage\":\"fr-FR\"}]}<\/script>\n<!-- \/ Yoast SEO plugin. -->","yoast_head_json":{"title":"AVENE A-OXitive Nuit Soin Peeling 30ml - pharmadreams","robots":{"index":"index","follow":"follow","max-snippet":"max-snippet:-1","max-image-preview":"max-image-preview:large","max-video-preview":"max-video-preview:-1"},"canonical":"https:\/\/pharmadreams.shop\/index.php\/product\/avene-a-oxitive-nuit-soin-peeling-30ml\/","og_locale":"fr_FR","og_type":"article","og_title":"AVENE A-OXitive Nuit Soin Peeling 30ml - pharmadreams","og_description":"Le\u00a0soin peeling nuit A-Oxitive\u00a0d\u2019Av\u00e8ne\u00a0pr\u00e9vient la survenue des premiers signes de l\u2019\u00e2ge. Il prot\u00e8ge \u00e9galement la peau des effets d\u00e9l\u00e9t\u00e8res du stress oxydatif. Il convient \u00e0 tous les types de peaux.  CONSEILS D\u2019UTILISATION  Appliquez ce soin le soir sur le visage, le cou ainsi que le d\u00e9collet\u00e9.  R\u00e9duisez les expositions solaires. Utiliser un photoprotecteur adapt\u00e9 comme le\u00a0fluide solaire Av\u00e8ne SPF 50+. Si vous exp\u00e9rimentez des picotements, espacez les applications du soin. Ne pas mettre en contact avec les yeux. Ne pas utiliser chez la femme enceinte.","og_url":"https:\/\/pharmadreams.shop\/index.php\/product\/avene-a-oxitive-nuit-soin-peeling-30ml\/","og_site_name":"pharmadreams","og_image":[{"width":500,"height":500,"url":"https:\/\/pharmadreams.shop\/wp-content\/uploads\/2024\/05\/avene-a-oxitive-nuit-soin-peeling-30-ml.jpg","type":"image\/jpeg"}],"twitter_card":"summary_large_image","twitter_misc":{"Dur\u00e9e de lecture estim\u00e9e":"1 minute"},"schema":{"@context":"https:\/\/schema.org","@graph":[{"@type":"WebPage","@id":"https:\/\/pharmadreams.shop\/index.php\/product\/avene-a-oxitive-nuit-soin-peeling-30ml\/","url":"https:\/\/pharmadreams.shop\/index.php\/product\/avene-a-oxitive-nuit-soin-peeling-30ml\/","name":"AVENE A-OXitive Nuit Soin Peeling 30ml - pharmadreams","isPartOf":{"@id":"https:\/\/pharmadreams.shop\/#website"},"primaryImageOfPage":{"@id":"https:\/\/pharmadreams.shop\/index.php\/product\/avene-a-oxitive-nuit-soin-peeling-30ml\/#primaryimage"},"image":{"@id":"https:\/\/pharmadreams.shop\/index.php\/product\/avene-a-oxitive-nuit-soin-peeling-30ml\/#primaryimage"},"thumbnailUrl":"https:\/\/pharmadreams.shop\/wp-content\/uploads\/2024\/05\/avene-a-oxitive-nuit-soin-peeling-30-ml.jpg","datePublished":"2024-05-30T19:26:55+00:00","dateModified":"2024-05-30T19:26:55+00:00","breadcrumb":{"@id":"https:\/\/pharmadreams.shop\/index.php\/product\/avene-a-oxitive-nuit-soin-peeling-30ml\/#breadcrumb"},"inLanguage":"fr-FR","potentialAction":[{"@type":"ReadAction","target":["https:\/\/pharmadreams.shop\/index.php\/product\/avene-a-oxitive-nuit-soin-peeling-30ml\/"]}]},{"@type":"ImageObject","inLanguage":"fr-FR","@id":"https:\/\/pharmadreams.shop\/index.php\/product\/avene-a-oxitive-nuit-soin-peeling-30ml\/#primaryimage","url":"https:\/\/pharmadreams.shop\/wp-content\/uploads\/2024\/05\/avene-a-oxitive-nuit-soin-peeling-30-ml.jpg","contentUrl":"https:\/\/pharmadreams.shop\/wp-content\/uploads\/2024\/05\/avene-a-oxitive-nuit-soin-peeling-30-ml.jpg","width":500,"height":500},{"@type":"BreadcrumbList","@id":"https:\/\/pharmadreams.shop\/index.php\/product\/avene-a-oxitive-nuit-soin-peeling-30ml\/#breadcrumb","itemListElement":[{"@type":"ListItem","position":1,"name":"Accueil","item":"https:\/\/pharmadreams.shop\/"},{"@type":"ListItem","position":2,"name":"Shop","item":"https:\/\/pharmadreams.shop\/index.php\/shop\/"},{"@type":"ListItem","position":3,"name":"AVENE A-OXitive Nuit Soin Peeling 30ml"}]},{"@type":"WebSite","@id":"https:\/\/pharmadreams.shop\/#website","url":"https:\/\/pharmadreams.shop\/","name":"pharmadreams","description":"Parapharmacie en ligne","potentialAction":[{"@type":"SearchAction","target":{"@type":"EntryPoint","urlTemplate":"https:\/\/pharmadreams.shop\/?s={search_term_string}"},"query-input":"required name=search_term_string"}],"inLanguage":"fr-FR"}]}},"_links":{"self":[{"href":"https:\/\/pharmadreams.shop\/index.php\/wp-json\/wp\/v2\/product\/18537","targetHints":{"allow":["GET"]}}],"collection":[{"href":"https:\/\/pharmadreams.shop\/index.php\/wp-json\/wp\/v2\/product"}],"about":[{"href":"https:\/\/pharmadreams.shop\/index.php\/wp-json\/wp\/v2\/types\/product"}],"replies":[{"embeddable":true,"href":"https:\/\/pharmadreams.shop\/index.php\/wp-json\/wp\/v2\/comments?post=18537"}],"version-history":[{"count":0,"href":"https:\/\/pharmadreams.shop\/index.php\/wp-json\/wp\/v2\/product\/18537\/revisions"}],"wp:featuredmedia":[{"embeddable":true,"href":"https:\/\/pharmadreams.shop\/index.php\/wp-json\/wp\/v2\/media\/18538"}],"wp:attachment":[{"href":"https:\/\/pharmadreams.shop\/index.php\/wp-json\/wp\/v2\/media?parent=18537"}],"wp:term":[{"taxonomy":"product_brand","embeddable":true,"href":"https:\/\/pharmadreams.shop\/index.php\/wp-json\/wp\/v2\/product_brand?post=18537"},{"taxonomy":"product_cat","embeddable":true,"href":"https:\/\/pharmadreams.shop\/index.php\/wp-json\/wp\/v2\/product_cat?post=18537"},{"taxonomy":"product_tag","embeddable":true,"href":"https:\/\/pharmadreams.shop\/index.php\/wp-json\/wp\/v2\/product_tag?post=18537"}],"curies":[{"name":"wp","href":"https:\/\/api.w.org\/{rel}","templated":true}]}}