{"id":18543,"date":"2024-05-31T10:25:01","date_gmt":"2024-05-31T09:25:01","guid":{"rendered":"https:\/\/pharmadreams.shop\/?post_type=product&#038;p=18543"},"modified":"2024-05-31T10:25:02","modified_gmt":"2024-05-31T09:25:02","slug":"avene-cleanance-hydra-creme-apaisante-40ml","status":"publish","type":"product","link":"https:\/\/pharmadreams.shop\/index.php\/product\/avene-cleanance-hydra-creme-apaisante-40ml\/","title":{"rendered":"AVENE Cleanance Hydra Cr\u00e8me Apaisante 40ml"},"content":{"rendered":"","protected":false},"excerpt":{"rendered":"<p><strong>Cleanance HYDRA cr\u00e8me apaisante<\/strong>\u00a0de la marque Av\u00e8ne est sp\u00e9cialement formul\u00e9 pour les<strong>\u00a0peaux dess\u00e9ch\u00e9es et irrit\u00e9es par un traitement m\u00e9dicamenteux\u00a0<a href=\"https:\/\/www.maparatunisie.tn\/categorie-produit\/visages\/soins-peau-grasse-mixte-et-acne\/\">anti-acn\u00e9ique<\/a><\/strong>. En un seul geste, votre peau est intens\u00e9ment hydrat\u00e9e :\u00a0fini les sensations de tiraillements.<\/p>\n<p>Cleanance HYDRA cr\u00e8me apaisante est une cr\u00e8me onctueuse, non grasse qui s\u2019\u00e9tale facilement sans laisser de fini gras. Rapidement absorb\u00e9e, elle restaure le\u00a0<strong>confort cutan\u00e9<\/strong>\u00a0et facilite la poursuite des traitements m\u00e9dicamenteux dess\u00e9chants et irritants sans les inconv\u00e9nients !<\/p>\n","protected":false},"featured_media":18544,"comment_status":"open","ping_status":"closed","template":"","meta":[],"product_brand":[],"product_cat":[78,85,81,20],"product_tag":[],"class_list":{"0":"post-18543","1":"product","2":"type-product","3":"status-publish","4":"has-post-thumbnail","6":"product_cat-cremes","7":"product_cat-hydratation-et-nutrition","8":"product_cat-soins-hydratants","9":"product_cat-visage","11":"first","12":"instock","13":"shipping-taxable","14":"purchasable","15":"product-type-simple"},"yoast_head":"<!-- This site is optimized with the Yoast SEO plugin v23.0 - https:\/\/yoast.com\/wordpress\/plugins\/seo\/ -->\n<title>AVENE Cleanance Hydra Cr\u00e8me Apaisante 40ml - pharmadreams<\/title>\n<meta name=\"robots\" content=\"index, follow, max-snippet:-1, max-image-preview:large, max-video-preview:-1\" \/>\n<link rel=\"canonical\" href=\"https:\/\/pharmadreams.shop\/index.php\/product\/avene-cleanance-hydra-creme-apaisante-40ml\/\" \/>\n<meta property=\"og:locale\" content=\"fr_FR\" \/>\n<meta property=\"og:type\" content=\"article\" \/>\n<meta property=\"og:title\" content=\"AVENE Cleanance Hydra Cr\u00e8me Apaisante 40ml - pharmadreams\" \/>\n<meta property=\"og:description\" content=\"Cleanance HYDRA cr\u00e8me apaisante\u00a0de la marque Av\u00e8ne est sp\u00e9cialement formul\u00e9 pour les\u00a0peaux dess\u00e9ch\u00e9es et irrit\u00e9es par un traitement m\u00e9dicamenteux\u00a0anti-acn\u00e9ique. En un seul geste, votre peau est intens\u00e9ment hydrat\u00e9e :\u00a0fini les sensations de tiraillements.  Cleanance HYDRA cr\u00e8me apaisante est une cr\u00e8me onctueuse, non grasse qui s\u2019\u00e9tale facilement sans laisser de fini gras. Rapidement absorb\u00e9e, elle restaure le\u00a0confort cutan\u00e9\u00a0et facilite la poursuite des traitements m\u00e9dicamenteux dess\u00e9chants et irritants sans les inconv\u00e9nients !\" \/>\n<meta property=\"og:url\" content=\"https:\/\/pharmadreams.shop\/index.php\/product\/avene-cleanance-hydra-creme-apaisante-40ml\/\" \/>\n<meta property=\"og:site_name\" content=\"pharmadreams\" \/>\n<meta property=\"article:modified_time\" content=\"2024-05-31T09:25:02+00:00\" \/>\n<meta property=\"og:image\" content=\"https:\/\/pharmadreams.shop\/wp-content\/uploads\/2024\/05\/Avene-Cleanance-HYDRA-Soothing-cream.webp\" \/>\n\t<meta property=\"og:image:width\" content=\"1080\" \/>\n\t<meta property=\"og:image:height\" content=\"1080\" \/>\n\t<meta property=\"og:image:type\" content=\"image\/webp\" \/>\n<meta name=\"twitter:card\" content=\"summary_large_image\" \/>\n<meta name=\"twitter:label1\" content=\"Dur\u00e9e de lecture estim\u00e9e\" \/>\n\t<meta name=\"twitter:data1\" content=\"1 minute\" \/>\n<script type=\"application\/ld+json\" class=\"yoast-schema-graph\">{\"@context\":\"https:\/\/schema.org\",\"@graph\":[{\"@type\":\"WebPage\",\"@id\":\"https:\/\/pharmadreams.shop\/index.php\/product\/avene-cleanance-hydra-creme-apaisante-40ml\/\",\"url\":\"https:\/\/pharmadreams.shop\/index.php\/product\/avene-cleanance-hydra-creme-apaisante-40ml\/\",\"name\":\"AVENE Cleanance Hydra Cr\u00e8me Apaisante 40ml - pharmadreams\",\"isPartOf\":{\"@id\":\"https:\/\/pharmadreams.shop\/#website\"},\"primaryImageOfPage\":{\"@id\":\"https:\/\/pharmadreams.shop\/index.php\/product\/avene-cleanance-hydra-creme-apaisante-40ml\/#primaryimage\"},\"image\":{\"@id\":\"https:\/\/pharmadreams.shop\/index.php\/product\/avene-cleanance-hydra-creme-apaisante-40ml\/#primaryimage\"},\"thumbnailUrl\":\"https:\/\/pharmadreams.shop\/wp-content\/uploads\/2024\/05\/Avene-Cleanance-HYDRA-Soothing-cream.webp\",\"datePublished\":\"2024-05-31T09:25:01+00:00\",\"dateModified\":\"2024-05-31T09:25:02+00:00\",\"breadcrumb\":{\"@id\":\"https:\/\/pharmadreams.shop\/index.php\/product\/avene-cleanance-hydra-creme-apaisante-40ml\/#breadcrumb\"},\"inLanguage\":\"fr-FR\",\"potentialAction\":[{\"@type\":\"ReadAction\",\"target\":[\"https:\/\/pharmadreams.shop\/index.php\/product\/avene-cleanance-hydra-creme-apaisante-40ml\/\"]}]},{\"@type\":\"ImageObject\",\"inLanguage\":\"fr-FR\",\"@id\":\"https:\/\/pharmadreams.shop\/index.php\/product\/avene-cleanance-hydra-creme-apaisante-40ml\/#primaryimage\",\"url\":\"https:\/\/pharmadreams.shop\/wp-content\/uploads\/2024\/05\/Avene-Cleanance-HYDRA-Soothing-cream.webp\",\"contentUrl\":\"https:\/\/pharmadreams.shop\/wp-content\/uploads\/2024\/05\/Avene-Cleanance-HYDRA-Soothing-cream.webp\",\"width\":1080,\"height\":1080},{\"@type\":\"BreadcrumbList\",\"@id\":\"https:\/\/pharmadreams.shop\/index.php\/product\/avene-cleanance-hydra-creme-apaisante-40ml\/#breadcrumb\",\"itemListElement\":[{\"@type\":\"ListItem\",\"position\":1,\"name\":\"Accueil\",\"item\":\"https:\/\/pharmadreams.shop\/\"},{\"@type\":\"ListItem\",\"position\":2,\"name\":\"Shop\",\"item\":\"https:\/\/pharmadreams.shop\/index.php\/shop\/\"},{\"@type\":\"ListItem\",\"position\":3,\"name\":\"AVENE Cleanance Hydra Cr\u00e8me Apaisante 40ml\"}]},{\"@type\":\"WebSite\",\"@id\":\"https:\/\/pharmadreams.shop\/#website\",\"url\":\"https:\/\/pharmadreams.shop\/\",\"name\":\"pharmadreams\",\"description\":\"Parapharmacie en ligne\",\"potentialAction\":[{\"@type\":\"SearchAction\",\"target\":{\"@type\":\"EntryPoint\",\"urlTemplate\":\"https:\/\/pharmadreams.shop\/?s={search_term_string}\"},\"query-input\":\"required name=search_term_string\"}],\"inLanguage\":\"fr-FR\"}]}<\/script>\n<!-- \/ Yoast SEO plugin. -->","yoast_head_json":{"title":"AVENE Cleanance Hydra Cr\u00e8me Apaisante 40ml - pharmadreams","robots":{"index":"index","follow":"follow","max-snippet":"max-snippet:-1","max-image-preview":"max-image-preview:large","max-video-preview":"max-video-preview:-1"},"canonical":"https:\/\/pharmadreams.shop\/index.php\/product\/avene-cleanance-hydra-creme-apaisante-40ml\/","og_locale":"fr_FR","og_type":"article","og_title":"AVENE Cleanance Hydra Cr\u00e8me Apaisante 40ml - pharmadreams","og_description":"Cleanance HYDRA cr\u00e8me apaisante\u00a0de la marque Av\u00e8ne est sp\u00e9cialement formul\u00e9 pour les\u00a0peaux dess\u00e9ch\u00e9es et irrit\u00e9es par un traitement m\u00e9dicamenteux\u00a0anti-acn\u00e9ique. En un seul geste, votre peau est intens\u00e9ment hydrat\u00e9e :\u00a0fini les sensations de tiraillements.  Cleanance HYDRA cr\u00e8me apaisante est une cr\u00e8me onctueuse, non grasse qui s\u2019\u00e9tale facilement sans laisser de fini gras. Rapidement absorb\u00e9e, elle restaure le\u00a0confort cutan\u00e9\u00a0et facilite la poursuite des traitements m\u00e9dicamenteux dess\u00e9chants et irritants sans les inconv\u00e9nients !","og_url":"https:\/\/pharmadreams.shop\/index.php\/product\/avene-cleanance-hydra-creme-apaisante-40ml\/","og_site_name":"pharmadreams","article_modified_time":"2024-05-31T09:25:02+00:00","og_image":[{"width":1080,"height":1080,"url":"https:\/\/pharmadreams.shop\/wp-content\/uploads\/2024\/05\/Avene-Cleanance-HYDRA-Soothing-cream.webp","type":"image\/webp"}],"twitter_card":"summary_large_image","twitter_misc":{"Dur\u00e9e de lecture estim\u00e9e":"1 minute"},"schema":{"@context":"https:\/\/schema.org","@graph":[{"@type":"WebPage","@id":"https:\/\/pharmadreams.shop\/index.php\/product\/avene-cleanance-hydra-creme-apaisante-40ml\/","url":"https:\/\/pharmadreams.shop\/index.php\/product\/avene-cleanance-hydra-creme-apaisante-40ml\/","name":"AVENE Cleanance Hydra Cr\u00e8me Apaisante 40ml - pharmadreams","isPartOf":{"@id":"https:\/\/pharmadreams.shop\/#website"},"primaryImageOfPage":{"@id":"https:\/\/pharmadreams.shop\/index.php\/product\/avene-cleanance-hydra-creme-apaisante-40ml\/#primaryimage"},"image":{"@id":"https:\/\/pharmadreams.shop\/index.php\/product\/avene-cleanance-hydra-creme-apaisante-40ml\/#primaryimage"},"thumbnailUrl":"https:\/\/pharmadreams.shop\/wp-content\/uploads\/2024\/05\/Avene-Cleanance-HYDRA-Soothing-cream.webp","datePublished":"2024-05-31T09:25:01+00:00","dateModified":"2024-05-31T09:25:02+00:00","breadcrumb":{"@id":"https:\/\/pharmadreams.shop\/index.php\/product\/avene-cleanance-hydra-creme-apaisante-40ml\/#breadcrumb"},"inLanguage":"fr-FR","potentialAction":[{"@type":"ReadAction","target":["https:\/\/pharmadreams.shop\/index.php\/product\/avene-cleanance-hydra-creme-apaisante-40ml\/"]}]},{"@type":"ImageObject","inLanguage":"fr-FR","@id":"https:\/\/pharmadreams.shop\/index.php\/product\/avene-cleanance-hydra-creme-apaisante-40ml\/#primaryimage","url":"https:\/\/pharmadreams.shop\/wp-content\/uploads\/2024\/05\/Avene-Cleanance-HYDRA-Soothing-cream.webp","contentUrl":"https:\/\/pharmadreams.shop\/wp-content\/uploads\/2024\/05\/Avene-Cleanance-HYDRA-Soothing-cream.webp","width":1080,"height":1080},{"@type":"BreadcrumbList","@id":"https:\/\/pharmadreams.shop\/index.php\/product\/avene-cleanance-hydra-creme-apaisante-40ml\/#breadcrumb","itemListElement":[{"@type":"ListItem","position":1,"name":"Accueil","item":"https:\/\/pharmadreams.shop\/"},{"@type":"ListItem","position":2,"name":"Shop","item":"https:\/\/pharmadreams.shop\/index.php\/shop\/"},{"@type":"ListItem","position":3,"name":"AVENE Cleanance Hydra Cr\u00e8me Apaisante 40ml"}]},{"@type":"WebSite","@id":"https:\/\/pharmadreams.shop\/#website","url":"https:\/\/pharmadreams.shop\/","name":"pharmadreams","description":"Parapharmacie en ligne","potentialAction":[{"@type":"SearchAction","target":{"@type":"EntryPoint","urlTemplate":"https:\/\/pharmadreams.shop\/?s={search_term_string}"},"query-input":"required name=search_term_string"}],"inLanguage":"fr-FR"}]}},"_links":{"self":[{"href":"https:\/\/pharmadreams.shop\/index.php\/wp-json\/wp\/v2\/product\/18543","targetHints":{"allow":["GET"]}}],"collection":[{"href":"https:\/\/pharmadreams.shop\/index.php\/wp-json\/wp\/v2\/product"}],"about":[{"href":"https:\/\/pharmadreams.shop\/index.php\/wp-json\/wp\/v2\/types\/product"}],"replies":[{"embeddable":true,"href":"https:\/\/pharmadreams.shop\/index.php\/wp-json\/wp\/v2\/comments?post=18543"}],"version-history":[{"count":0,"href":"https:\/\/pharmadreams.shop\/index.php\/wp-json\/wp\/v2\/product\/18543\/revisions"}],"wp:featuredmedia":[{"embeddable":true,"href":"https:\/\/pharmadreams.shop\/index.php\/wp-json\/wp\/v2\/media\/18544"}],"wp:attachment":[{"href":"https:\/\/pharmadreams.shop\/index.php\/wp-json\/wp\/v2\/media?parent=18543"}],"wp:term":[{"taxonomy":"product_brand","embeddable":true,"href":"https:\/\/pharmadreams.shop\/index.php\/wp-json\/wp\/v2\/product_brand?post=18543"},{"taxonomy":"product_cat","embeddable":true,"href":"https:\/\/pharmadreams.shop\/index.php\/wp-json\/wp\/v2\/product_cat?post=18543"},{"taxonomy":"product_tag","embeddable":true,"href":"https:\/\/pharmadreams.shop\/index.php\/wp-json\/wp\/v2\/product_tag?post=18543"}],"curies":[{"name":"wp","href":"https:\/\/api.w.org\/{rel}","templated":true}]}}