{"id":18546,"date":"2024-05-31T10:40:58","date_gmt":"2024-05-31T09:40:58","guid":{"rendered":"https:\/\/pharmadreams.shop\/?post_type=product&#038;p=18546"},"modified":"2024-05-31T10:40:58","modified_gmt":"2024-05-31T09:40:58","slug":"avene-solaire-lait-mineral-tres-haute-protection-spf50-100ml","status":"publish","type":"product","link":"https:\/\/pharmadreams.shop\/index.php\/product\/avene-solaire-lait-mineral-tres-haute-protection-spf50-100ml\/","title":{"rendered":"AVENE Solaire Lait Mineral Tres Haute Protection SPF50+ 100ml"},"content":{"rendered":"","protected":false},"excerpt":{"rendered":"<p><strong>Le lait min\u00e9ral solaire Avene SPF 50+<\/strong>\u00a0prot\u00e8ge consid\u00e9rablement toutes les<strong>\u00a0peaux intol\u00e9rantes<\/strong>\u00a0ou alt\u00e9r\u00e9es. Destin\u00e9e \u00e0 toutes les personnes poss\u00e9dant une forte sensibilit\u00e9 au soleil et aux UV, cette cr\u00e8me solaire\u00a0<strong>haute protection<\/strong>\u00a0est tr\u00e8s efficace\u00a0<strong>contre les rayons ultraviolets<\/strong>\u00a0UVB et UVA, qu\u2019ils soient longs et courts.<\/p>\n<p>Elle peut notamment convenir aux peaux claires, mais aussi aux peaux sujettes aux coups de soleil et aux peaux intol\u00e9rantes aux filtres chimiques et parfums.<\/p>\n","protected":false},"featured_media":18547,"comment_status":"open","ping_status":"closed","template":"","meta":[],"product_brand":[],"product_cat":[231,234],"product_tag":[],"class_list":{"0":"post-18546","1":"product","2":"type-product","3":"status-publish","4":"has-post-thumbnail","6":"product_cat-ecran-solaire","7":"product_cat-tous-types-de-peaux","9":"first","10":"instock","11":"shipping-taxable","12":"purchasable","13":"product-type-simple"},"yoast_head":"<!-- This site is optimized with the Yoast SEO plugin v23.0 - https:\/\/yoast.com\/wordpress\/plugins\/seo\/ -->\n<title>AVENE Solaire Lait Mineral Tres Haute Protection SPF50+ 100ml - pharmadreams<\/title>\n<meta name=\"robots\" content=\"index, follow, max-snippet:-1, max-image-preview:large, max-video-preview:-1\" \/>\n<link rel=\"canonical\" href=\"https:\/\/pharmadreams.shop\/index.php\/product\/avene-solaire-lait-mineral-tres-haute-protection-spf50-100ml\/\" \/>\n<meta property=\"og:locale\" content=\"fr_FR\" \/>\n<meta property=\"og:type\" content=\"article\" \/>\n<meta property=\"og:title\" content=\"AVENE Solaire Lait Mineral Tres Haute Protection SPF50+ 100ml - pharmadreams\" \/>\n<meta property=\"og:description\" content=\"Le lait min\u00e9ral solaire Avene SPF 50+\u00a0prot\u00e8ge consid\u00e9rablement toutes les\u00a0peaux intol\u00e9rantes\u00a0ou alt\u00e9r\u00e9es. Destin\u00e9e \u00e0 toutes les personnes poss\u00e9dant une forte sensibilit\u00e9 au soleil et aux UV, cette cr\u00e8me solaire\u00a0haute protection\u00a0est tr\u00e8s efficace\u00a0contre les rayons ultraviolets\u00a0UVB et UVA, qu\u2019ils soient longs et courts.  Elle peut notamment convenir aux peaux claires, mais aussi aux peaux sujettes aux coups de soleil et aux peaux intol\u00e9rantes aux filtres chimiques et parfums.\" \/>\n<meta property=\"og:url\" content=\"https:\/\/pharmadreams.shop\/index.php\/product\/avene-solaire-lait-mineral-tres-haute-protection-spf50-100ml\/\" \/>\n<meta property=\"og:site_name\" content=\"pharmadreams\" \/>\n<meta property=\"og:image\" content=\"https:\/\/pharmadreams.shop\/wp-content\/uploads\/2024\/05\/avene-solaire-lait-mineral-tres-haute-protection-peaux-intolerantes-spf50-100ml.webp\" \/>\n\t<meta property=\"og:image:width\" content=\"1000\" \/>\n\t<meta property=\"og:image:height\" content=\"1000\" \/>\n\t<meta property=\"og:image:type\" content=\"image\/webp\" \/>\n<meta name=\"twitter:card\" content=\"summary_large_image\" \/>\n<meta name=\"twitter:label1\" content=\"Dur\u00e9e de lecture estim\u00e9e\" \/>\n\t<meta name=\"twitter:data1\" content=\"1 minute\" \/>\n<script type=\"application\/ld+json\" class=\"yoast-schema-graph\">{\"@context\":\"https:\/\/schema.org\",\"@graph\":[{\"@type\":\"WebPage\",\"@id\":\"https:\/\/pharmadreams.shop\/index.php\/product\/avene-solaire-lait-mineral-tres-haute-protection-spf50-100ml\/\",\"url\":\"https:\/\/pharmadreams.shop\/index.php\/product\/avene-solaire-lait-mineral-tres-haute-protection-spf50-100ml\/\",\"name\":\"AVENE Solaire Lait Mineral Tres Haute Protection SPF50+ 100ml - pharmadreams\",\"isPartOf\":{\"@id\":\"https:\/\/pharmadreams.shop\/#website\"},\"primaryImageOfPage\":{\"@id\":\"https:\/\/pharmadreams.shop\/index.php\/product\/avene-solaire-lait-mineral-tres-haute-protection-spf50-100ml\/#primaryimage\"},\"image\":{\"@id\":\"https:\/\/pharmadreams.shop\/index.php\/product\/avene-solaire-lait-mineral-tres-haute-protection-spf50-100ml\/#primaryimage\"},\"thumbnailUrl\":\"https:\/\/pharmadreams.shop\/wp-content\/uploads\/2024\/05\/avene-solaire-lait-mineral-tres-haute-protection-peaux-intolerantes-spf50-100ml.webp\",\"datePublished\":\"2024-05-31T09:40:58+00:00\",\"dateModified\":\"2024-05-31T09:40:58+00:00\",\"breadcrumb\":{\"@id\":\"https:\/\/pharmadreams.shop\/index.php\/product\/avene-solaire-lait-mineral-tres-haute-protection-spf50-100ml\/#breadcrumb\"},\"inLanguage\":\"fr-FR\",\"potentialAction\":[{\"@type\":\"ReadAction\",\"target\":[\"https:\/\/pharmadreams.shop\/index.php\/product\/avene-solaire-lait-mineral-tres-haute-protection-spf50-100ml\/\"]}]},{\"@type\":\"ImageObject\",\"inLanguage\":\"fr-FR\",\"@id\":\"https:\/\/pharmadreams.shop\/index.php\/product\/avene-solaire-lait-mineral-tres-haute-protection-spf50-100ml\/#primaryimage\",\"url\":\"https:\/\/pharmadreams.shop\/wp-content\/uploads\/2024\/05\/avene-solaire-lait-mineral-tres-haute-protection-peaux-intolerantes-spf50-100ml.webp\",\"contentUrl\":\"https:\/\/pharmadreams.shop\/wp-content\/uploads\/2024\/05\/avene-solaire-lait-mineral-tres-haute-protection-peaux-intolerantes-spf50-100ml.webp\",\"width\":1000,\"height\":1000},{\"@type\":\"BreadcrumbList\",\"@id\":\"https:\/\/pharmadreams.shop\/index.php\/product\/avene-solaire-lait-mineral-tres-haute-protection-spf50-100ml\/#breadcrumb\",\"itemListElement\":[{\"@type\":\"ListItem\",\"position\":1,\"name\":\"Accueil\",\"item\":\"https:\/\/pharmadreams.shop\/\"},{\"@type\":\"ListItem\",\"position\":2,\"name\":\"Shop\",\"item\":\"https:\/\/pharmadreams.shop\/index.php\/shop\/\"},{\"@type\":\"ListItem\",\"position\":3,\"name\":\"AVENE Solaire Lait Mineral Tres Haute Protection SPF50+ 100ml\"}]},{\"@type\":\"WebSite\",\"@id\":\"https:\/\/pharmadreams.shop\/#website\",\"url\":\"https:\/\/pharmadreams.shop\/\",\"name\":\"pharmadreams\",\"description\":\"Parapharmacie en ligne\",\"potentialAction\":[{\"@type\":\"SearchAction\",\"target\":{\"@type\":\"EntryPoint\",\"urlTemplate\":\"https:\/\/pharmadreams.shop\/?s={search_term_string}\"},\"query-input\":\"required name=search_term_string\"}],\"inLanguage\":\"fr-FR\"}]}<\/script>\n<!-- \/ Yoast SEO plugin. -->","yoast_head_json":{"title":"AVENE Solaire Lait Mineral Tres Haute Protection SPF50+ 100ml - pharmadreams","robots":{"index":"index","follow":"follow","max-snippet":"max-snippet:-1","max-image-preview":"max-image-preview:large","max-video-preview":"max-video-preview:-1"},"canonical":"https:\/\/pharmadreams.shop\/index.php\/product\/avene-solaire-lait-mineral-tres-haute-protection-spf50-100ml\/","og_locale":"fr_FR","og_type":"article","og_title":"AVENE Solaire Lait Mineral Tres Haute Protection SPF50+ 100ml - pharmadreams","og_description":"Le lait min\u00e9ral solaire Avene SPF 50+\u00a0prot\u00e8ge consid\u00e9rablement toutes les\u00a0peaux intol\u00e9rantes\u00a0ou alt\u00e9r\u00e9es. Destin\u00e9e \u00e0 toutes les personnes poss\u00e9dant une forte sensibilit\u00e9 au soleil et aux UV, cette cr\u00e8me solaire\u00a0haute protection\u00a0est tr\u00e8s efficace\u00a0contre les rayons ultraviolets\u00a0UVB et UVA, qu\u2019ils soient longs et courts.  Elle peut notamment convenir aux peaux claires, mais aussi aux peaux sujettes aux coups de soleil et aux peaux intol\u00e9rantes aux filtres chimiques et parfums.","og_url":"https:\/\/pharmadreams.shop\/index.php\/product\/avene-solaire-lait-mineral-tres-haute-protection-spf50-100ml\/","og_site_name":"pharmadreams","og_image":[{"width":1000,"height":1000,"url":"https:\/\/pharmadreams.shop\/wp-content\/uploads\/2024\/05\/avene-solaire-lait-mineral-tres-haute-protection-peaux-intolerantes-spf50-100ml.webp","type":"image\/webp"}],"twitter_card":"summary_large_image","twitter_misc":{"Dur\u00e9e de lecture estim\u00e9e":"1 minute"},"schema":{"@context":"https:\/\/schema.org","@graph":[{"@type":"WebPage","@id":"https:\/\/pharmadreams.shop\/index.php\/product\/avene-solaire-lait-mineral-tres-haute-protection-spf50-100ml\/","url":"https:\/\/pharmadreams.shop\/index.php\/product\/avene-solaire-lait-mineral-tres-haute-protection-spf50-100ml\/","name":"AVENE Solaire Lait Mineral Tres Haute Protection SPF50+ 100ml - pharmadreams","isPartOf":{"@id":"https:\/\/pharmadreams.shop\/#website"},"primaryImageOfPage":{"@id":"https:\/\/pharmadreams.shop\/index.php\/product\/avene-solaire-lait-mineral-tres-haute-protection-spf50-100ml\/#primaryimage"},"image":{"@id":"https:\/\/pharmadreams.shop\/index.php\/product\/avene-solaire-lait-mineral-tres-haute-protection-spf50-100ml\/#primaryimage"},"thumbnailUrl":"https:\/\/pharmadreams.shop\/wp-content\/uploads\/2024\/05\/avene-solaire-lait-mineral-tres-haute-protection-peaux-intolerantes-spf50-100ml.webp","datePublished":"2024-05-31T09:40:58+00:00","dateModified":"2024-05-31T09:40:58+00:00","breadcrumb":{"@id":"https:\/\/pharmadreams.shop\/index.php\/product\/avene-solaire-lait-mineral-tres-haute-protection-spf50-100ml\/#breadcrumb"},"inLanguage":"fr-FR","potentialAction":[{"@type":"ReadAction","target":["https:\/\/pharmadreams.shop\/index.php\/product\/avene-solaire-lait-mineral-tres-haute-protection-spf50-100ml\/"]}]},{"@type":"ImageObject","inLanguage":"fr-FR","@id":"https:\/\/pharmadreams.shop\/index.php\/product\/avene-solaire-lait-mineral-tres-haute-protection-spf50-100ml\/#primaryimage","url":"https:\/\/pharmadreams.shop\/wp-content\/uploads\/2024\/05\/avene-solaire-lait-mineral-tres-haute-protection-peaux-intolerantes-spf50-100ml.webp","contentUrl":"https:\/\/pharmadreams.shop\/wp-content\/uploads\/2024\/05\/avene-solaire-lait-mineral-tres-haute-protection-peaux-intolerantes-spf50-100ml.webp","width":1000,"height":1000},{"@type":"BreadcrumbList","@id":"https:\/\/pharmadreams.shop\/index.php\/product\/avene-solaire-lait-mineral-tres-haute-protection-spf50-100ml\/#breadcrumb","itemListElement":[{"@type":"ListItem","position":1,"name":"Accueil","item":"https:\/\/pharmadreams.shop\/"},{"@type":"ListItem","position":2,"name":"Shop","item":"https:\/\/pharmadreams.shop\/index.php\/shop\/"},{"@type":"ListItem","position":3,"name":"AVENE Solaire Lait Mineral Tres Haute Protection SPF50+ 100ml"}]},{"@type":"WebSite","@id":"https:\/\/pharmadreams.shop\/#website","url":"https:\/\/pharmadreams.shop\/","name":"pharmadreams","description":"Parapharmacie en ligne","potentialAction":[{"@type":"SearchAction","target":{"@type":"EntryPoint","urlTemplate":"https:\/\/pharmadreams.shop\/?s={search_term_string}"},"query-input":"required name=search_term_string"}],"inLanguage":"fr-FR"}]}},"_links":{"self":[{"href":"https:\/\/pharmadreams.shop\/index.php\/wp-json\/wp\/v2\/product\/18546","targetHints":{"allow":["GET"]}}],"collection":[{"href":"https:\/\/pharmadreams.shop\/index.php\/wp-json\/wp\/v2\/product"}],"about":[{"href":"https:\/\/pharmadreams.shop\/index.php\/wp-json\/wp\/v2\/types\/product"}],"replies":[{"embeddable":true,"href":"https:\/\/pharmadreams.shop\/index.php\/wp-json\/wp\/v2\/comments?post=18546"}],"version-history":[{"count":0,"href":"https:\/\/pharmadreams.shop\/index.php\/wp-json\/wp\/v2\/product\/18546\/revisions"}],"wp:featuredmedia":[{"embeddable":true,"href":"https:\/\/pharmadreams.shop\/index.php\/wp-json\/wp\/v2\/media\/18547"}],"wp:attachment":[{"href":"https:\/\/pharmadreams.shop\/index.php\/wp-json\/wp\/v2\/media?parent=18546"}],"wp:term":[{"taxonomy":"product_brand","embeddable":true,"href":"https:\/\/pharmadreams.shop\/index.php\/wp-json\/wp\/v2\/product_brand?post=18546"},{"taxonomy":"product_cat","embeddable":true,"href":"https:\/\/pharmadreams.shop\/index.php\/wp-json\/wp\/v2\/product_cat?post=18546"},{"taxonomy":"product_tag","embeddable":true,"href":"https:\/\/pharmadreams.shop\/index.php\/wp-json\/wp\/v2\/product_tag?post=18546"}],"curies":[{"name":"wp","href":"https:\/\/api.w.org\/{rel}","templated":true}]}}