{"id":18550,"date":"2024-05-31T14:21:43","date_gmt":"2024-05-31T13:21:43","guid":{"rendered":"https:\/\/pharmadreams.shop\/?post_type=product&#038;p=18550"},"modified":"2024-05-31T14:21:43","modified_gmt":"2024-05-31T13:21:43","slug":"avene-hydrance-aqua-gel-creme-hydratant-50ml","status":"publish","type":"product","link":"https:\/\/pharmadreams.shop\/index.php\/product\/avene-hydrance-aqua-gel-creme-hydratant-50ml\/","title":{"rendered":"AVENE HYDRANCE AQUA GEL-CREME HYDRATANT 50ML"},"content":{"rendered":"","protected":false},"excerpt":{"rendered":"<p>Le Gel-Cr\u00e8me de Av\u00e8ne, apporte apaisement et hydratation au quotidien. En effet face aux agressions ext\u00e9rieures, les peaux d\u00e9shydrat\u00e9es sont les plus vuln\u00e9rables : elles subissent d&rsquo;autant plus les changements de conditions m\u00e9t\u00e9o, les temp\u00e9ratures, la pollution ou encore le calcaire de l&rsquo;eau. Les bienfaits de l&rsquo;Eau Thermale AVENE, connue pour ses propri\u00e9t\u00e9s apaisantes, sont associ\u00e9s \u00e0 ceux de la glyc\u00e9rine, qui retient l&rsquo;eau dans les cellules de la peau. Les agressions ext\u00e9rieures sont repouss\u00e9es et ne peuvent pas p\u00e9n\u00e9trer les couches profondes de la peau. R\u00e9sultats, une peau confortable et hydrat\u00e9e pour longtemps.<\/p>\n","protected":false},"featured_media":18551,"comment_status":"open","ping_status":"closed","template":"","meta":[],"product_brand":[],"product_cat":[203,81,20],"product_tag":[],"class_list":{"0":"post-18550","1":"product","2":"type-product","3":"status-publish","4":"has-post-thumbnail","6":"product_cat-gel-creme","7":"product_cat-soins-hydratants","8":"product_cat-visage","10":"first","11":"instock","12":"sale","13":"shipping-taxable","14":"purchasable","15":"product-type-simple"},"yoast_head":"<!-- This site is optimized with the Yoast SEO plugin v23.0 - https:\/\/yoast.com\/wordpress\/plugins\/seo\/ -->\n<title>AVENE HYDRANCE AQUA GEL-CREME HYDRATANT 50ML - pharmadreams<\/title>\n<meta name=\"robots\" content=\"index, follow, max-snippet:-1, max-image-preview:large, max-video-preview:-1\" \/>\n<link rel=\"canonical\" href=\"https:\/\/pharmadreams.shop\/index.php\/product\/avene-hydrance-aqua-gel-creme-hydratant-50ml\/\" \/>\n<meta property=\"og:locale\" content=\"fr_FR\" \/>\n<meta property=\"og:type\" content=\"article\" \/>\n<meta property=\"og:title\" content=\"AVENE HYDRANCE AQUA GEL-CREME HYDRATANT 50ML - pharmadreams\" \/>\n<meta property=\"og:description\" content=\"Le Gel-Cr\u00e8me de Av\u00e8ne, apporte apaisement et hydratation au quotidien. En effet face aux agressions ext\u00e9rieures, les peaux d\u00e9shydrat\u00e9es sont les plus vuln\u00e9rables : elles subissent d&#039;autant plus les changements de conditions m\u00e9t\u00e9o, les temp\u00e9ratures, la pollution ou encore le calcaire de l&#039;eau. Les bienfaits de l&#039;Eau Thermale AVENE, connue pour ses propri\u00e9t\u00e9s apaisantes, sont associ\u00e9s \u00e0 ceux de la glyc\u00e9rine, qui retient l&#039;eau dans les cellules de la peau. Les agressions ext\u00e9rieures sont repouss\u00e9es et ne peuvent pas p\u00e9n\u00e9trer les couches profondes de la peau. R\u00e9sultats, une peau confortable et hydrat\u00e9e pour longtemps.\" \/>\n<meta property=\"og:url\" content=\"https:\/\/pharmadreams.shop\/index.php\/product\/avene-hydrance-aqua-gel-creme-hydratant-50ml\/\" \/>\n<meta property=\"og:site_name\" content=\"pharmadreams\" \/>\n<meta property=\"og:image\" content=\"https:\/\/pharmadreams.shop\/wp-content\/uploads\/2024\/05\/avene-hydrance-aqua-gel-creme-hydratant-50ml.jpg\" \/>\n\t<meta property=\"og:image:width\" content=\"500\" \/>\n\t<meta property=\"og:image:height\" content=\"500\" \/>\n\t<meta property=\"og:image:type\" content=\"image\/jpeg\" \/>\n<meta name=\"twitter:card\" content=\"summary_large_image\" \/>\n<meta name=\"twitter:label1\" content=\"Dur\u00e9e de lecture estim\u00e9e\" \/>\n\t<meta name=\"twitter:data1\" content=\"1 minute\" \/>\n<script type=\"application\/ld+json\" class=\"yoast-schema-graph\">{\"@context\":\"https:\/\/schema.org\",\"@graph\":[{\"@type\":\"WebPage\",\"@id\":\"https:\/\/pharmadreams.shop\/index.php\/product\/avene-hydrance-aqua-gel-creme-hydratant-50ml\/\",\"url\":\"https:\/\/pharmadreams.shop\/index.php\/product\/avene-hydrance-aqua-gel-creme-hydratant-50ml\/\",\"name\":\"AVENE HYDRANCE AQUA GEL-CREME HYDRATANT 50ML - pharmadreams\",\"isPartOf\":{\"@id\":\"https:\/\/pharmadreams.shop\/#website\"},\"primaryImageOfPage\":{\"@id\":\"https:\/\/pharmadreams.shop\/index.php\/product\/avene-hydrance-aqua-gel-creme-hydratant-50ml\/#primaryimage\"},\"image\":{\"@id\":\"https:\/\/pharmadreams.shop\/index.php\/product\/avene-hydrance-aqua-gel-creme-hydratant-50ml\/#primaryimage\"},\"thumbnailUrl\":\"https:\/\/pharmadreams.shop\/wp-content\/uploads\/2024\/05\/avene-hydrance-aqua-gel-creme-hydratant-50ml.jpg\",\"datePublished\":\"2024-05-31T13:21:43+00:00\",\"dateModified\":\"2024-05-31T13:21:43+00:00\",\"breadcrumb\":{\"@id\":\"https:\/\/pharmadreams.shop\/index.php\/product\/avene-hydrance-aqua-gel-creme-hydratant-50ml\/#breadcrumb\"},\"inLanguage\":\"fr-FR\",\"potentialAction\":[{\"@type\":\"ReadAction\",\"target\":[\"https:\/\/pharmadreams.shop\/index.php\/product\/avene-hydrance-aqua-gel-creme-hydratant-50ml\/\"]}]},{\"@type\":\"ImageObject\",\"inLanguage\":\"fr-FR\",\"@id\":\"https:\/\/pharmadreams.shop\/index.php\/product\/avene-hydrance-aqua-gel-creme-hydratant-50ml\/#primaryimage\",\"url\":\"https:\/\/pharmadreams.shop\/wp-content\/uploads\/2024\/05\/avene-hydrance-aqua-gel-creme-hydratant-50ml.jpg\",\"contentUrl\":\"https:\/\/pharmadreams.shop\/wp-content\/uploads\/2024\/05\/avene-hydrance-aqua-gel-creme-hydratant-50ml.jpg\",\"width\":500,\"height\":500},{\"@type\":\"BreadcrumbList\",\"@id\":\"https:\/\/pharmadreams.shop\/index.php\/product\/avene-hydrance-aqua-gel-creme-hydratant-50ml\/#breadcrumb\",\"itemListElement\":[{\"@type\":\"ListItem\",\"position\":1,\"name\":\"Accueil\",\"item\":\"https:\/\/pharmadreams.shop\/\"},{\"@type\":\"ListItem\",\"position\":2,\"name\":\"Shop\",\"item\":\"https:\/\/pharmadreams.shop\/index.php\/shop\/\"},{\"@type\":\"ListItem\",\"position\":3,\"name\":\"AVENE HYDRANCE AQUA GEL-CREME HYDRATANT 50ML\"}]},{\"@type\":\"WebSite\",\"@id\":\"https:\/\/pharmadreams.shop\/#website\",\"url\":\"https:\/\/pharmadreams.shop\/\",\"name\":\"pharmadreams\",\"description\":\"Parapharmacie en ligne\",\"potentialAction\":[{\"@type\":\"SearchAction\",\"target\":{\"@type\":\"EntryPoint\",\"urlTemplate\":\"https:\/\/pharmadreams.shop\/?s={search_term_string}\"},\"query-input\":\"required name=search_term_string\"}],\"inLanguage\":\"fr-FR\"}]}<\/script>\n<!-- \/ Yoast SEO plugin. -->","yoast_head_json":{"title":"AVENE HYDRANCE AQUA GEL-CREME HYDRATANT 50ML - pharmadreams","robots":{"index":"index","follow":"follow","max-snippet":"max-snippet:-1","max-image-preview":"max-image-preview:large","max-video-preview":"max-video-preview:-1"},"canonical":"https:\/\/pharmadreams.shop\/index.php\/product\/avene-hydrance-aqua-gel-creme-hydratant-50ml\/","og_locale":"fr_FR","og_type":"article","og_title":"AVENE HYDRANCE AQUA GEL-CREME HYDRATANT 50ML - pharmadreams","og_description":"Le Gel-Cr\u00e8me de Av\u00e8ne, apporte apaisement et hydratation au quotidien. En effet face aux agressions ext\u00e9rieures, les peaux d\u00e9shydrat\u00e9es sont les plus vuln\u00e9rables : elles subissent d'autant plus les changements de conditions m\u00e9t\u00e9o, les temp\u00e9ratures, la pollution ou encore le calcaire de l'eau. Les bienfaits de l'Eau Thermale AVENE, connue pour ses propri\u00e9t\u00e9s apaisantes, sont associ\u00e9s \u00e0 ceux de la glyc\u00e9rine, qui retient l'eau dans les cellules de la peau. Les agressions ext\u00e9rieures sont repouss\u00e9es et ne peuvent pas p\u00e9n\u00e9trer les couches profondes de la peau. R\u00e9sultats, une peau confortable et hydrat\u00e9e pour longtemps.","og_url":"https:\/\/pharmadreams.shop\/index.php\/product\/avene-hydrance-aqua-gel-creme-hydratant-50ml\/","og_site_name":"pharmadreams","og_image":[{"width":500,"height":500,"url":"https:\/\/pharmadreams.shop\/wp-content\/uploads\/2024\/05\/avene-hydrance-aqua-gel-creme-hydratant-50ml.jpg","type":"image\/jpeg"}],"twitter_card":"summary_large_image","twitter_misc":{"Dur\u00e9e de lecture estim\u00e9e":"1 minute"},"schema":{"@context":"https:\/\/schema.org","@graph":[{"@type":"WebPage","@id":"https:\/\/pharmadreams.shop\/index.php\/product\/avene-hydrance-aqua-gel-creme-hydratant-50ml\/","url":"https:\/\/pharmadreams.shop\/index.php\/product\/avene-hydrance-aqua-gel-creme-hydratant-50ml\/","name":"AVENE HYDRANCE AQUA GEL-CREME HYDRATANT 50ML - pharmadreams","isPartOf":{"@id":"https:\/\/pharmadreams.shop\/#website"},"primaryImageOfPage":{"@id":"https:\/\/pharmadreams.shop\/index.php\/product\/avene-hydrance-aqua-gel-creme-hydratant-50ml\/#primaryimage"},"image":{"@id":"https:\/\/pharmadreams.shop\/index.php\/product\/avene-hydrance-aqua-gel-creme-hydratant-50ml\/#primaryimage"},"thumbnailUrl":"https:\/\/pharmadreams.shop\/wp-content\/uploads\/2024\/05\/avene-hydrance-aqua-gel-creme-hydratant-50ml.jpg","datePublished":"2024-05-31T13:21:43+00:00","dateModified":"2024-05-31T13:21:43+00:00","breadcrumb":{"@id":"https:\/\/pharmadreams.shop\/index.php\/product\/avene-hydrance-aqua-gel-creme-hydratant-50ml\/#breadcrumb"},"inLanguage":"fr-FR","potentialAction":[{"@type":"ReadAction","target":["https:\/\/pharmadreams.shop\/index.php\/product\/avene-hydrance-aqua-gel-creme-hydratant-50ml\/"]}]},{"@type":"ImageObject","inLanguage":"fr-FR","@id":"https:\/\/pharmadreams.shop\/index.php\/product\/avene-hydrance-aqua-gel-creme-hydratant-50ml\/#primaryimage","url":"https:\/\/pharmadreams.shop\/wp-content\/uploads\/2024\/05\/avene-hydrance-aqua-gel-creme-hydratant-50ml.jpg","contentUrl":"https:\/\/pharmadreams.shop\/wp-content\/uploads\/2024\/05\/avene-hydrance-aqua-gel-creme-hydratant-50ml.jpg","width":500,"height":500},{"@type":"BreadcrumbList","@id":"https:\/\/pharmadreams.shop\/index.php\/product\/avene-hydrance-aqua-gel-creme-hydratant-50ml\/#breadcrumb","itemListElement":[{"@type":"ListItem","position":1,"name":"Accueil","item":"https:\/\/pharmadreams.shop\/"},{"@type":"ListItem","position":2,"name":"Shop","item":"https:\/\/pharmadreams.shop\/index.php\/shop\/"},{"@type":"ListItem","position":3,"name":"AVENE HYDRANCE AQUA GEL-CREME HYDRATANT 50ML"}]},{"@type":"WebSite","@id":"https:\/\/pharmadreams.shop\/#website","url":"https:\/\/pharmadreams.shop\/","name":"pharmadreams","description":"Parapharmacie en ligne","potentialAction":[{"@type":"SearchAction","target":{"@type":"EntryPoint","urlTemplate":"https:\/\/pharmadreams.shop\/?s={search_term_string}"},"query-input":"required name=search_term_string"}],"inLanguage":"fr-FR"}]}},"_links":{"self":[{"href":"https:\/\/pharmadreams.shop\/index.php\/wp-json\/wp\/v2\/product\/18550","targetHints":{"allow":["GET"]}}],"collection":[{"href":"https:\/\/pharmadreams.shop\/index.php\/wp-json\/wp\/v2\/product"}],"about":[{"href":"https:\/\/pharmadreams.shop\/index.php\/wp-json\/wp\/v2\/types\/product"}],"replies":[{"embeddable":true,"href":"https:\/\/pharmadreams.shop\/index.php\/wp-json\/wp\/v2\/comments?post=18550"}],"version-history":[{"count":0,"href":"https:\/\/pharmadreams.shop\/index.php\/wp-json\/wp\/v2\/product\/18550\/revisions"}],"wp:featuredmedia":[{"embeddable":true,"href":"https:\/\/pharmadreams.shop\/index.php\/wp-json\/wp\/v2\/media\/18551"}],"wp:attachment":[{"href":"https:\/\/pharmadreams.shop\/index.php\/wp-json\/wp\/v2\/media?parent=18550"}],"wp:term":[{"taxonomy":"product_brand","embeddable":true,"href":"https:\/\/pharmadreams.shop\/index.php\/wp-json\/wp\/v2\/product_brand?post=18550"},{"taxonomy":"product_cat","embeddable":true,"href":"https:\/\/pharmadreams.shop\/index.php\/wp-json\/wp\/v2\/product_cat?post=18550"},{"taxonomy":"product_tag","embeddable":true,"href":"https:\/\/pharmadreams.shop\/index.php\/wp-json\/wp\/v2\/product_tag?post=18550"}],"curies":[{"name":"wp","href":"https:\/\/api.w.org\/{rel}","templated":true}]}}