{"id":18553,"date":"2024-05-31T14:39:21","date_gmt":"2024-05-31T13:39:21","guid":{"rendered":"https:\/\/pharmadreams.shop\/?post_type=product&#038;p=18553"},"modified":"2024-05-31T14:39:21","modified_gmt":"2024-05-31T13:39:21","slug":"avene-cleanance-women-soin-nuit-lissant-30ml","status":"publish","type":"product","link":"https:\/\/pharmadreams.shop\/index.php\/product\/avene-cleanance-women-soin-nuit-lissant-30ml\/","title":{"rendered":"AVENE Cleanance Women Soin Nuit Lissant 30ml"},"content":{"rendered":"","protected":false},"excerpt":{"rendered":"<p>Destin\u00e9 aux peaux adultes \u00e0 imperfections, ce soin de nuit hydratant att\u00e9nue les imperfections, les taches et les marques r\u00e9siduelles, tout en contribuant \u00e0 lisser le grain de peau.\u00a0<strong>Cleanance Women Soin nuit lissant<\/strong>\u00a0pr\u00e9sente une efficacit\u00e9 \u00e0 plusieurs niveaux, gr\u00e2ce au Synovea\u2122 HR qui contribue \u00e0 r\u00e9duire les imperfections et limite l\u2019oxydation du s\u00e9bum* \u00e0 l\u2019origine de l\u2019apparition des points noirs et au R\u00e9tinald\u00e9hyde qui favorise l\u2019att\u00e9nuation des marques r\u00e9siduelles, et l\u2019Eau thermale d\u2019Av\u00e8ne aux propri\u00e9t\u00e9s apaisantes et anti-irritantes. Sa texture non grasse, douce et agr\u00e9able, enveloppe la peau et apporte du confort toute la nuit. Son parfum addictif rend ce soin incontournable \u00e0 appliquer seul ou apr\u00e8s le s\u00e9rum habituel, sur une peau parfaitement nettoy\u00e9e.<\/p>\n","protected":false},"featured_media":18554,"comment_status":"open","ping_status":"closed","template":"","meta":[],"product_brand":[],"product_cat":[98,242,225,162,20],"product_tag":[],"class_list":{"0":"post-18553","1":"product","2":"type-product","3":"status-publish","4":"has-post-thumbnail","6":"product_cat-hydratation","7":"product_cat-peaux-acneiques","8":"product_cat-peaux-grasses","9":"product_cat-peaux-mixtes","10":"product_cat-visage","12":"first","13":"instock","14":"shipping-taxable","15":"purchasable","16":"product-type-simple"},"yoast_head":"<!-- This site is optimized with the Yoast SEO plugin v23.0 - https:\/\/yoast.com\/wordpress\/plugins\/seo\/ -->\n<title>AVENE Cleanance Women Soin Nuit Lissant 30ml - pharmadreams<\/title>\n<meta name=\"robots\" content=\"index, follow, max-snippet:-1, max-image-preview:large, max-video-preview:-1\" \/>\n<link rel=\"canonical\" href=\"https:\/\/pharmadreams.shop\/index.php\/product\/avene-cleanance-women-soin-nuit-lissant-30ml\/\" \/>\n<meta property=\"og:locale\" content=\"fr_FR\" \/>\n<meta property=\"og:type\" content=\"article\" \/>\n<meta property=\"og:title\" content=\"AVENE Cleanance Women Soin Nuit Lissant 30ml - pharmadreams\" \/>\n<meta property=\"og:description\" content=\"Destin\u00e9 aux peaux adultes \u00e0 imperfections, ce soin de nuit hydratant att\u00e9nue les imperfections, les taches et les marques r\u00e9siduelles, tout en contribuant \u00e0 lisser le grain de peau.\u00a0Cleanance Women Soin nuit lissant\u00a0pr\u00e9sente une efficacit\u00e9 \u00e0 plusieurs niveaux, gr\u00e2ce au Synovea\u2122 HR qui contribue \u00e0 r\u00e9duire les imperfections et limite l\u2019oxydation du s\u00e9bum* \u00e0 l\u2019origine de l\u2019apparition des points noirs et au R\u00e9tinald\u00e9hyde qui favorise l\u2019att\u00e9nuation des marques r\u00e9siduelles, et l\u2019Eau thermale d\u2019Av\u00e8ne aux propri\u00e9t\u00e9s apaisantes et anti-irritantes. Sa texture non grasse, douce et agr\u00e9able, enveloppe la peau et apporte du confort toute la nuit. Son parfum addictif rend ce soin incontournable \u00e0 appliquer seul ou apr\u00e8s le s\u00e9rum habituel, sur une peau parfaitement nettoy\u00e9e.\" \/>\n<meta property=\"og:url\" content=\"https:\/\/pharmadreams.shop\/index.php\/product\/avene-cleanance-women-soin-nuit-lissant-30ml\/\" \/>\n<meta property=\"og:site_name\" content=\"pharmadreams\" \/>\n<meta property=\"og:image\" content=\"https:\/\/pharmadreams.shop\/wp-content\/uploads\/2024\/05\/AVENE-Hydrance-Legere-UV-SPF30-40ml.webp\" \/>\n\t<meta property=\"og:image:width\" content=\"1000\" \/>\n\t<meta property=\"og:image:height\" content=\"1000\" \/>\n\t<meta property=\"og:image:type\" content=\"image\/webp\" \/>\n<meta name=\"twitter:card\" content=\"summary_large_image\" \/>\n<meta name=\"twitter:label1\" content=\"Dur\u00e9e de lecture estim\u00e9e\" \/>\n\t<meta name=\"twitter:data1\" content=\"1 minute\" \/>\n<script type=\"application\/ld+json\" class=\"yoast-schema-graph\">{\"@context\":\"https:\/\/schema.org\",\"@graph\":[{\"@type\":\"WebPage\",\"@id\":\"https:\/\/pharmadreams.shop\/index.php\/product\/avene-cleanance-women-soin-nuit-lissant-30ml\/\",\"url\":\"https:\/\/pharmadreams.shop\/index.php\/product\/avene-cleanance-women-soin-nuit-lissant-30ml\/\",\"name\":\"AVENE Cleanance Women Soin Nuit Lissant 30ml - pharmadreams\",\"isPartOf\":{\"@id\":\"https:\/\/pharmadreams.shop\/#website\"},\"primaryImageOfPage\":{\"@id\":\"https:\/\/pharmadreams.shop\/index.php\/product\/avene-cleanance-women-soin-nuit-lissant-30ml\/#primaryimage\"},\"image\":{\"@id\":\"https:\/\/pharmadreams.shop\/index.php\/product\/avene-cleanance-women-soin-nuit-lissant-30ml\/#primaryimage\"},\"thumbnailUrl\":\"https:\/\/pharmadreams.shop\/wp-content\/uploads\/2024\/05\/AVENE-Hydrance-Legere-UV-SPF30-40ml.webp\",\"datePublished\":\"2024-05-31T13:39:21+00:00\",\"dateModified\":\"2024-05-31T13:39:21+00:00\",\"breadcrumb\":{\"@id\":\"https:\/\/pharmadreams.shop\/index.php\/product\/avene-cleanance-women-soin-nuit-lissant-30ml\/#breadcrumb\"},\"inLanguage\":\"fr-FR\",\"potentialAction\":[{\"@type\":\"ReadAction\",\"target\":[\"https:\/\/pharmadreams.shop\/index.php\/product\/avene-cleanance-women-soin-nuit-lissant-30ml\/\"]}]},{\"@type\":\"ImageObject\",\"inLanguage\":\"fr-FR\",\"@id\":\"https:\/\/pharmadreams.shop\/index.php\/product\/avene-cleanance-women-soin-nuit-lissant-30ml\/#primaryimage\",\"url\":\"https:\/\/pharmadreams.shop\/wp-content\/uploads\/2024\/05\/AVENE-Hydrance-Legere-UV-SPF30-40ml.webp\",\"contentUrl\":\"https:\/\/pharmadreams.shop\/wp-content\/uploads\/2024\/05\/AVENE-Hydrance-Legere-UV-SPF30-40ml.webp\",\"width\":1000,\"height\":1000},{\"@type\":\"BreadcrumbList\",\"@id\":\"https:\/\/pharmadreams.shop\/index.php\/product\/avene-cleanance-women-soin-nuit-lissant-30ml\/#breadcrumb\",\"itemListElement\":[{\"@type\":\"ListItem\",\"position\":1,\"name\":\"Accueil\",\"item\":\"https:\/\/pharmadreams.shop\/\"},{\"@type\":\"ListItem\",\"position\":2,\"name\":\"Shop\",\"item\":\"https:\/\/pharmadreams.shop\/index.php\/shop\/\"},{\"@type\":\"ListItem\",\"position\":3,\"name\":\"AVENE Cleanance Women Soin Nuit Lissant 30ml\"}]},{\"@type\":\"WebSite\",\"@id\":\"https:\/\/pharmadreams.shop\/#website\",\"url\":\"https:\/\/pharmadreams.shop\/\",\"name\":\"pharmadreams\",\"description\":\"Parapharmacie en ligne\",\"potentialAction\":[{\"@type\":\"SearchAction\",\"target\":{\"@type\":\"EntryPoint\",\"urlTemplate\":\"https:\/\/pharmadreams.shop\/?s={search_term_string}\"},\"query-input\":\"required name=search_term_string\"}],\"inLanguage\":\"fr-FR\"}]}<\/script>\n<!-- \/ Yoast SEO plugin. -->","yoast_head_json":{"title":"AVENE Cleanance Women Soin Nuit Lissant 30ml - pharmadreams","robots":{"index":"index","follow":"follow","max-snippet":"max-snippet:-1","max-image-preview":"max-image-preview:large","max-video-preview":"max-video-preview:-1"},"canonical":"https:\/\/pharmadreams.shop\/index.php\/product\/avene-cleanance-women-soin-nuit-lissant-30ml\/","og_locale":"fr_FR","og_type":"article","og_title":"AVENE Cleanance Women Soin Nuit Lissant 30ml - pharmadreams","og_description":"Destin\u00e9 aux peaux adultes \u00e0 imperfections, ce soin de nuit hydratant att\u00e9nue les imperfections, les taches et les marques r\u00e9siduelles, tout en contribuant \u00e0 lisser le grain de peau.\u00a0Cleanance Women Soin nuit lissant\u00a0pr\u00e9sente une efficacit\u00e9 \u00e0 plusieurs niveaux, gr\u00e2ce au Synovea\u2122 HR qui contribue \u00e0 r\u00e9duire les imperfections et limite l\u2019oxydation du s\u00e9bum* \u00e0 l\u2019origine de l\u2019apparition des points noirs et au R\u00e9tinald\u00e9hyde qui favorise l\u2019att\u00e9nuation des marques r\u00e9siduelles, et l\u2019Eau thermale d\u2019Av\u00e8ne aux propri\u00e9t\u00e9s apaisantes et anti-irritantes. Sa texture non grasse, douce et agr\u00e9able, enveloppe la peau et apporte du confort toute la nuit. Son parfum addictif rend ce soin incontournable \u00e0 appliquer seul ou apr\u00e8s le s\u00e9rum habituel, sur une peau parfaitement nettoy\u00e9e.","og_url":"https:\/\/pharmadreams.shop\/index.php\/product\/avene-cleanance-women-soin-nuit-lissant-30ml\/","og_site_name":"pharmadreams","og_image":[{"width":1000,"height":1000,"url":"https:\/\/pharmadreams.shop\/wp-content\/uploads\/2024\/05\/AVENE-Hydrance-Legere-UV-SPF30-40ml.webp","type":"image\/webp"}],"twitter_card":"summary_large_image","twitter_misc":{"Dur\u00e9e de lecture estim\u00e9e":"1 minute"},"schema":{"@context":"https:\/\/schema.org","@graph":[{"@type":"WebPage","@id":"https:\/\/pharmadreams.shop\/index.php\/product\/avene-cleanance-women-soin-nuit-lissant-30ml\/","url":"https:\/\/pharmadreams.shop\/index.php\/product\/avene-cleanance-women-soin-nuit-lissant-30ml\/","name":"AVENE Cleanance Women Soin Nuit Lissant 30ml - pharmadreams","isPartOf":{"@id":"https:\/\/pharmadreams.shop\/#website"},"primaryImageOfPage":{"@id":"https:\/\/pharmadreams.shop\/index.php\/product\/avene-cleanance-women-soin-nuit-lissant-30ml\/#primaryimage"},"image":{"@id":"https:\/\/pharmadreams.shop\/index.php\/product\/avene-cleanance-women-soin-nuit-lissant-30ml\/#primaryimage"},"thumbnailUrl":"https:\/\/pharmadreams.shop\/wp-content\/uploads\/2024\/05\/AVENE-Hydrance-Legere-UV-SPF30-40ml.webp","datePublished":"2024-05-31T13:39:21+00:00","dateModified":"2024-05-31T13:39:21+00:00","breadcrumb":{"@id":"https:\/\/pharmadreams.shop\/index.php\/product\/avene-cleanance-women-soin-nuit-lissant-30ml\/#breadcrumb"},"inLanguage":"fr-FR","potentialAction":[{"@type":"ReadAction","target":["https:\/\/pharmadreams.shop\/index.php\/product\/avene-cleanance-women-soin-nuit-lissant-30ml\/"]}]},{"@type":"ImageObject","inLanguage":"fr-FR","@id":"https:\/\/pharmadreams.shop\/index.php\/product\/avene-cleanance-women-soin-nuit-lissant-30ml\/#primaryimage","url":"https:\/\/pharmadreams.shop\/wp-content\/uploads\/2024\/05\/AVENE-Hydrance-Legere-UV-SPF30-40ml.webp","contentUrl":"https:\/\/pharmadreams.shop\/wp-content\/uploads\/2024\/05\/AVENE-Hydrance-Legere-UV-SPF30-40ml.webp","width":1000,"height":1000},{"@type":"BreadcrumbList","@id":"https:\/\/pharmadreams.shop\/index.php\/product\/avene-cleanance-women-soin-nuit-lissant-30ml\/#breadcrumb","itemListElement":[{"@type":"ListItem","position":1,"name":"Accueil","item":"https:\/\/pharmadreams.shop\/"},{"@type":"ListItem","position":2,"name":"Shop","item":"https:\/\/pharmadreams.shop\/index.php\/shop\/"},{"@type":"ListItem","position":3,"name":"AVENE Cleanance Women Soin Nuit Lissant 30ml"}]},{"@type":"WebSite","@id":"https:\/\/pharmadreams.shop\/#website","url":"https:\/\/pharmadreams.shop\/","name":"pharmadreams","description":"Parapharmacie en ligne","potentialAction":[{"@type":"SearchAction","target":{"@type":"EntryPoint","urlTemplate":"https:\/\/pharmadreams.shop\/?s={search_term_string}"},"query-input":"required name=search_term_string"}],"inLanguage":"fr-FR"}]}},"_links":{"self":[{"href":"https:\/\/pharmadreams.shop\/index.php\/wp-json\/wp\/v2\/product\/18553","targetHints":{"allow":["GET"]}}],"collection":[{"href":"https:\/\/pharmadreams.shop\/index.php\/wp-json\/wp\/v2\/product"}],"about":[{"href":"https:\/\/pharmadreams.shop\/index.php\/wp-json\/wp\/v2\/types\/product"}],"replies":[{"embeddable":true,"href":"https:\/\/pharmadreams.shop\/index.php\/wp-json\/wp\/v2\/comments?post=18553"}],"version-history":[{"count":0,"href":"https:\/\/pharmadreams.shop\/index.php\/wp-json\/wp\/v2\/product\/18553\/revisions"}],"wp:featuredmedia":[{"embeddable":true,"href":"https:\/\/pharmadreams.shop\/index.php\/wp-json\/wp\/v2\/media\/18554"}],"wp:attachment":[{"href":"https:\/\/pharmadreams.shop\/index.php\/wp-json\/wp\/v2\/media?parent=18553"}],"wp:term":[{"taxonomy":"product_brand","embeddable":true,"href":"https:\/\/pharmadreams.shop\/index.php\/wp-json\/wp\/v2\/product_brand?post=18553"},{"taxonomy":"product_cat","embeddable":true,"href":"https:\/\/pharmadreams.shop\/index.php\/wp-json\/wp\/v2\/product_cat?post=18553"},{"taxonomy":"product_tag","embeddable":true,"href":"https:\/\/pharmadreams.shop\/index.php\/wp-json\/wp\/v2\/product_tag?post=18553"}],"curies":[{"name":"wp","href":"https:\/\/api.w.org\/{rel}","templated":true}]}}