{"id":18556,"date":"2024-05-31T14:57:41","date_gmt":"2024-05-31T13:57:41","guid":{"rendered":"https:\/\/pharmadreams.shop\/?post_type=product&#038;p=18556"},"modified":"2024-05-31T14:57:42","modified_gmt":"2024-05-31T13:57:42","slug":"avene-creme-minerale-haute-protection-spf50-50ml","status":"publish","type":"product","link":"https:\/\/pharmadreams.shop\/index.php\/product\/avene-creme-minerale-haute-protection-spf50-50ml\/","title":{"rendered":"AVENE CREME MINERALE HAUTE PROTECTION SPF50+ 50ML"},"content":{"rendered":"","protected":false},"excerpt":{"rendered":"<p>&#8211; Protectrice solaire : Efficace contre l&rsquo;ensemble du rayonnement solaire (UVB-UVA longs et courts).<br \/>\n&#8211; R\u00e9sistante \u00e0 leau : Durable par son excellente r\u00e9sistance \u00e0 l&rsquo;eau et \u00e0 la sueur.<br \/>\n&#8211; Anti-oxydante : Gr\u00e2ce au pr\u00e9tocoph\u00e9ryl, pr\u00e9curseur de la vitamine E, renforce la barri\u00e8recutan\u00e9e.<br \/>\n&#8211; Apaisante et anti-irritante : Gr\u00e2ce \u00e0 sa richesse en Eau thermale Av\u00e8ne.<\/p>\n","protected":false},"featured_media":18557,"comment_status":"open","ping_status":"closed","template":"","meta":[],"product_brand":[],"product_cat":[231,233],"product_tag":[],"class_list":{"0":"post-18556","1":"product","2":"type-product","3":"status-publish","4":"has-post-thumbnail","6":"product_cat-ecran-solaire","7":"product_cat-protection-solaire","9":"first","10":"instock","11":"sale","12":"shipping-taxable","13":"purchasable","14":"product-type-simple"},"yoast_head":"<!-- This site is optimized with the Yoast SEO plugin v23.0 - https:\/\/yoast.com\/wordpress\/plugins\/seo\/ -->\n<title>AVENE CREME MINERALE HAUTE PROTECTION SPF50+ 50ML - pharmadreams<\/title>\n<meta name=\"robots\" content=\"index, follow, max-snippet:-1, max-image-preview:large, max-video-preview:-1\" \/>\n<link rel=\"canonical\" href=\"https:\/\/pharmadreams.shop\/index.php\/product\/avene-creme-minerale-haute-protection-spf50-50ml\/\" \/>\n<meta property=\"og:locale\" content=\"fr_FR\" \/>\n<meta property=\"og:type\" content=\"article\" \/>\n<meta property=\"og:title\" content=\"AVENE CREME MINERALE HAUTE PROTECTION SPF50+ 50ML - pharmadreams\" \/>\n<meta property=\"og:description\" content=\"- Protectrice solaire : Efficace contre l&#039;ensemble du rayonnement solaire (UVB-UVA longs et courts). - R\u00e9sistante \u00e0 leau : Durable par son excellente r\u00e9sistance \u00e0 l&#039;eau et \u00e0 la sueur. - Anti-oxydante : Gr\u00e2ce au pr\u00e9tocoph\u00e9ryl, pr\u00e9curseur de la vitamine E, renforce la barri\u00e8recutan\u00e9e. - Apaisante et anti-irritante : Gr\u00e2ce \u00e0 sa richesse en Eau thermale Av\u00e8ne.\" \/>\n<meta property=\"og:url\" content=\"https:\/\/pharmadreams.shop\/index.php\/product\/avene-creme-minerale-haute-protection-spf50-50ml\/\" \/>\n<meta property=\"og:site_name\" content=\"pharmadreams\" \/>\n<meta property=\"article:modified_time\" content=\"2024-05-31T13:57:42+00:00\" \/>\n<meta property=\"og:image\" content=\"https:\/\/pharmadreams.shop\/wp-content\/uploads\/2024\/05\/avene-creme-minerale-spf-50.jpg\" \/>\n\t<meta property=\"og:image:width\" content=\"800\" \/>\n\t<meta property=\"og:image:height\" content=\"800\" \/>\n\t<meta property=\"og:image:type\" content=\"image\/jpeg\" \/>\n<meta name=\"twitter:card\" content=\"summary_large_image\" \/>\n<meta name=\"twitter:label1\" content=\"Dur\u00e9e de lecture estim\u00e9e\" \/>\n\t<meta name=\"twitter:data1\" content=\"1 minute\" \/>\n<script type=\"application\/ld+json\" class=\"yoast-schema-graph\">{\"@context\":\"https:\/\/schema.org\",\"@graph\":[{\"@type\":\"WebPage\",\"@id\":\"https:\/\/pharmadreams.shop\/index.php\/product\/avene-creme-minerale-haute-protection-spf50-50ml\/\",\"url\":\"https:\/\/pharmadreams.shop\/index.php\/product\/avene-creme-minerale-haute-protection-spf50-50ml\/\",\"name\":\"AVENE CREME MINERALE HAUTE PROTECTION SPF50+ 50ML - pharmadreams\",\"isPartOf\":{\"@id\":\"https:\/\/pharmadreams.shop\/#website\"},\"primaryImageOfPage\":{\"@id\":\"https:\/\/pharmadreams.shop\/index.php\/product\/avene-creme-minerale-haute-protection-spf50-50ml\/#primaryimage\"},\"image\":{\"@id\":\"https:\/\/pharmadreams.shop\/index.php\/product\/avene-creme-minerale-haute-protection-spf50-50ml\/#primaryimage\"},\"thumbnailUrl\":\"https:\/\/pharmadreams.shop\/wp-content\/uploads\/2024\/05\/avene-creme-minerale-spf-50.jpg\",\"datePublished\":\"2024-05-31T13:57:41+00:00\",\"dateModified\":\"2024-05-31T13:57:42+00:00\",\"breadcrumb\":{\"@id\":\"https:\/\/pharmadreams.shop\/index.php\/product\/avene-creme-minerale-haute-protection-spf50-50ml\/#breadcrumb\"},\"inLanguage\":\"fr-FR\",\"potentialAction\":[{\"@type\":\"ReadAction\",\"target\":[\"https:\/\/pharmadreams.shop\/index.php\/product\/avene-creme-minerale-haute-protection-spf50-50ml\/\"]}]},{\"@type\":\"ImageObject\",\"inLanguage\":\"fr-FR\",\"@id\":\"https:\/\/pharmadreams.shop\/index.php\/product\/avene-creme-minerale-haute-protection-spf50-50ml\/#primaryimage\",\"url\":\"https:\/\/pharmadreams.shop\/wp-content\/uploads\/2024\/05\/avene-creme-minerale-spf-50.jpg\",\"contentUrl\":\"https:\/\/pharmadreams.shop\/wp-content\/uploads\/2024\/05\/avene-creme-minerale-spf-50.jpg\",\"width\":800,\"height\":800},{\"@type\":\"BreadcrumbList\",\"@id\":\"https:\/\/pharmadreams.shop\/index.php\/product\/avene-creme-minerale-haute-protection-spf50-50ml\/#breadcrumb\",\"itemListElement\":[{\"@type\":\"ListItem\",\"position\":1,\"name\":\"Accueil\",\"item\":\"https:\/\/pharmadreams.shop\/\"},{\"@type\":\"ListItem\",\"position\":2,\"name\":\"Shop\",\"item\":\"https:\/\/pharmadreams.shop\/index.php\/shop\/\"},{\"@type\":\"ListItem\",\"position\":3,\"name\":\"AVENE CREME MINERALE HAUTE PROTECTION SPF50+ 50ML\"}]},{\"@type\":\"WebSite\",\"@id\":\"https:\/\/pharmadreams.shop\/#website\",\"url\":\"https:\/\/pharmadreams.shop\/\",\"name\":\"pharmadreams\",\"description\":\"Parapharmacie en ligne\",\"potentialAction\":[{\"@type\":\"SearchAction\",\"target\":{\"@type\":\"EntryPoint\",\"urlTemplate\":\"https:\/\/pharmadreams.shop\/?s={search_term_string}\"},\"query-input\":\"required name=search_term_string\"}],\"inLanguage\":\"fr-FR\"}]}<\/script>\n<!-- \/ Yoast SEO plugin. -->","yoast_head_json":{"title":"AVENE CREME MINERALE HAUTE PROTECTION SPF50+ 50ML - pharmadreams","robots":{"index":"index","follow":"follow","max-snippet":"max-snippet:-1","max-image-preview":"max-image-preview:large","max-video-preview":"max-video-preview:-1"},"canonical":"https:\/\/pharmadreams.shop\/index.php\/product\/avene-creme-minerale-haute-protection-spf50-50ml\/","og_locale":"fr_FR","og_type":"article","og_title":"AVENE CREME MINERALE HAUTE PROTECTION SPF50+ 50ML - pharmadreams","og_description":"- Protectrice solaire : Efficace contre l'ensemble du rayonnement solaire (UVB-UVA longs et courts). - R\u00e9sistante \u00e0 leau : Durable par son excellente r\u00e9sistance \u00e0 l'eau et \u00e0 la sueur. - Anti-oxydante : Gr\u00e2ce au pr\u00e9tocoph\u00e9ryl, pr\u00e9curseur de la vitamine E, renforce la barri\u00e8recutan\u00e9e. - Apaisante et anti-irritante : Gr\u00e2ce \u00e0 sa richesse en Eau thermale Av\u00e8ne.","og_url":"https:\/\/pharmadreams.shop\/index.php\/product\/avene-creme-minerale-haute-protection-spf50-50ml\/","og_site_name":"pharmadreams","article_modified_time":"2024-05-31T13:57:42+00:00","og_image":[{"width":800,"height":800,"url":"https:\/\/pharmadreams.shop\/wp-content\/uploads\/2024\/05\/avene-creme-minerale-spf-50.jpg","type":"image\/jpeg"}],"twitter_card":"summary_large_image","twitter_misc":{"Dur\u00e9e de lecture estim\u00e9e":"1 minute"},"schema":{"@context":"https:\/\/schema.org","@graph":[{"@type":"WebPage","@id":"https:\/\/pharmadreams.shop\/index.php\/product\/avene-creme-minerale-haute-protection-spf50-50ml\/","url":"https:\/\/pharmadreams.shop\/index.php\/product\/avene-creme-minerale-haute-protection-spf50-50ml\/","name":"AVENE CREME MINERALE HAUTE PROTECTION SPF50+ 50ML - pharmadreams","isPartOf":{"@id":"https:\/\/pharmadreams.shop\/#website"},"primaryImageOfPage":{"@id":"https:\/\/pharmadreams.shop\/index.php\/product\/avene-creme-minerale-haute-protection-spf50-50ml\/#primaryimage"},"image":{"@id":"https:\/\/pharmadreams.shop\/index.php\/product\/avene-creme-minerale-haute-protection-spf50-50ml\/#primaryimage"},"thumbnailUrl":"https:\/\/pharmadreams.shop\/wp-content\/uploads\/2024\/05\/avene-creme-minerale-spf-50.jpg","datePublished":"2024-05-31T13:57:41+00:00","dateModified":"2024-05-31T13:57:42+00:00","breadcrumb":{"@id":"https:\/\/pharmadreams.shop\/index.php\/product\/avene-creme-minerale-haute-protection-spf50-50ml\/#breadcrumb"},"inLanguage":"fr-FR","potentialAction":[{"@type":"ReadAction","target":["https:\/\/pharmadreams.shop\/index.php\/product\/avene-creme-minerale-haute-protection-spf50-50ml\/"]}]},{"@type":"ImageObject","inLanguage":"fr-FR","@id":"https:\/\/pharmadreams.shop\/index.php\/product\/avene-creme-minerale-haute-protection-spf50-50ml\/#primaryimage","url":"https:\/\/pharmadreams.shop\/wp-content\/uploads\/2024\/05\/avene-creme-minerale-spf-50.jpg","contentUrl":"https:\/\/pharmadreams.shop\/wp-content\/uploads\/2024\/05\/avene-creme-minerale-spf-50.jpg","width":800,"height":800},{"@type":"BreadcrumbList","@id":"https:\/\/pharmadreams.shop\/index.php\/product\/avene-creme-minerale-haute-protection-spf50-50ml\/#breadcrumb","itemListElement":[{"@type":"ListItem","position":1,"name":"Accueil","item":"https:\/\/pharmadreams.shop\/"},{"@type":"ListItem","position":2,"name":"Shop","item":"https:\/\/pharmadreams.shop\/index.php\/shop\/"},{"@type":"ListItem","position":3,"name":"AVENE CREME MINERALE HAUTE PROTECTION SPF50+ 50ML"}]},{"@type":"WebSite","@id":"https:\/\/pharmadreams.shop\/#website","url":"https:\/\/pharmadreams.shop\/","name":"pharmadreams","description":"Parapharmacie en ligne","potentialAction":[{"@type":"SearchAction","target":{"@type":"EntryPoint","urlTemplate":"https:\/\/pharmadreams.shop\/?s={search_term_string}"},"query-input":"required name=search_term_string"}],"inLanguage":"fr-FR"}]}},"_links":{"self":[{"href":"https:\/\/pharmadreams.shop\/index.php\/wp-json\/wp\/v2\/product\/18556","targetHints":{"allow":["GET"]}}],"collection":[{"href":"https:\/\/pharmadreams.shop\/index.php\/wp-json\/wp\/v2\/product"}],"about":[{"href":"https:\/\/pharmadreams.shop\/index.php\/wp-json\/wp\/v2\/types\/product"}],"replies":[{"embeddable":true,"href":"https:\/\/pharmadreams.shop\/index.php\/wp-json\/wp\/v2\/comments?post=18556"}],"version-history":[{"count":0,"href":"https:\/\/pharmadreams.shop\/index.php\/wp-json\/wp\/v2\/product\/18556\/revisions"}],"wp:featuredmedia":[{"embeddable":true,"href":"https:\/\/pharmadreams.shop\/index.php\/wp-json\/wp\/v2\/media\/18557"}],"wp:attachment":[{"href":"https:\/\/pharmadreams.shop\/index.php\/wp-json\/wp\/v2\/media?parent=18556"}],"wp:term":[{"taxonomy":"product_brand","embeddable":true,"href":"https:\/\/pharmadreams.shop\/index.php\/wp-json\/wp\/v2\/product_brand?post=18556"},{"taxonomy":"product_cat","embeddable":true,"href":"https:\/\/pharmadreams.shop\/index.php\/wp-json\/wp\/v2\/product_cat?post=18556"},{"taxonomy":"product_tag","embeddable":true,"href":"https:\/\/pharmadreams.shop\/index.php\/wp-json\/wp\/v2\/product_tag?post=18556"}],"curies":[{"name":"wp","href":"https:\/\/api.w.org\/{rel}","templated":true}]}}