{"id":18559,"date":"2024-05-31T15:09:23","date_gmt":"2024-05-31T14:09:23","guid":{"rendered":"https:\/\/pharmadreams.shop\/?post_type=product&#038;p=18559"},"modified":"2024-05-31T15:09:24","modified_gmt":"2024-05-31T14:09:24","slug":"avene-fluide-protection-solaire-teinte-spf50-50ml","status":"publish","type":"product","link":"https:\/\/pharmadreams.shop\/index.php\/product\/avene-fluide-protection-solaire-teinte-spf50-50ml\/","title":{"rendered":"AVENE Fluide Protection Solaire Teinte SPF50+ 50ml"},"content":{"rendered":"","protected":false},"excerpt":{"rendered":"<p>A destination des<strong>\u00a0peaux sensibles, normales \u00e0 mixtes<\/strong>, le<strong>\u00a0fluide solaire teint\u00e9 indice 50+<\/strong>\u00a0de la marque\u00a0<strong>Av\u00e8ne<\/strong>\u00a0est con\u00e7u pour garantir au\u00a0<strong>visage<\/strong>\u00a0des\u00a0<strong>adultes<\/strong>, une<strong>\u00a0haute protection\u00a0<\/strong>efficace contre les<strong>\u00a0rayons UVA et UVB<\/strong>. Il\u00a0b\u00e9n\u00e9ficie d\u2019un\u00a0<strong>syst\u00e8me filtrant UVA-UVB<\/strong>\u00a0qui lui conf\u00e8re un<strong>\u00a0tr\u00e8s large spectre<\/strong>\u00a0et le rend\u00a0<strong>photostable<\/strong>\u00a0afin de\u00a0vous pr\u00e9munir \u00e0 la fois des\u00a0<strong>coups de soleil<\/strong>\u00a0et\u00a0du\u00a0<strong>photovieillissement<\/strong>, mais pas seulement puisqu\u2019il\u00a0agit \u00e9galement comme bouclier contre les r\u00e9sidus de lumi\u00e8re bleue ayant r\u00e9ussie \u00e0 p\u00e9n\u00e9trer l\u2019atmosph\u00e8re. Ces rayons ont un effet oxydant par le biais de l\u2019agitation des radicaux libres.<\/p>\n","protected":false},"featured_media":18560,"comment_status":"open","ping_status":"closed","template":"","meta":[],"product_brand":[],"product_cat":[231,233],"product_tag":[],"class_list":{"0":"post-18559","1":"product","2":"type-product","3":"status-publish","4":"has-post-thumbnail","6":"product_cat-ecran-solaire","7":"product_cat-protection-solaire","9":"first","10":"instock","11":"shipping-taxable","12":"purchasable","13":"product-type-simple"},"yoast_head":"<!-- This site is optimized with the Yoast SEO plugin v23.0 - https:\/\/yoast.com\/wordpress\/plugins\/seo\/ -->\n<title>AVENE Fluide Protection Solaire Teinte SPF50+ 50ml - pharmadreams<\/title>\n<meta name=\"robots\" content=\"index, follow, max-snippet:-1, max-image-preview:large, max-video-preview:-1\" \/>\n<link rel=\"canonical\" href=\"https:\/\/pharmadreams.shop\/index.php\/product\/avene-fluide-protection-solaire-teinte-spf50-50ml\/\" \/>\n<meta property=\"og:locale\" content=\"fr_FR\" \/>\n<meta property=\"og:type\" content=\"article\" \/>\n<meta property=\"og:title\" content=\"AVENE Fluide Protection Solaire Teinte SPF50+ 50ml - pharmadreams\" \/>\n<meta property=\"og:description\" content=\"A destination des\u00a0peaux sensibles, normales \u00e0 mixtes, le\u00a0fluide solaire teint\u00e9 indice 50+\u00a0de la marque\u00a0Av\u00e8ne\u00a0est con\u00e7u pour garantir au\u00a0visage\u00a0des\u00a0adultes, une\u00a0haute protection\u00a0efficace contre les\u00a0rayons UVA et UVB. Il\u00a0b\u00e9n\u00e9ficie d\u2019un\u00a0syst\u00e8me filtrant UVA-UVB\u00a0qui lui conf\u00e8re un\u00a0tr\u00e8s large spectre\u00a0et le rend\u00a0photostable\u00a0afin de\u00a0vous pr\u00e9munir \u00e0 la fois des\u00a0coups de soleil\u00a0et\u00a0du\u00a0photovieillissement, mais pas seulement puisqu\u2019il\u00a0agit \u00e9galement comme bouclier contre les r\u00e9sidus de lumi\u00e8re bleue ayant r\u00e9ussie \u00e0 p\u00e9n\u00e9trer l\u2019atmosph\u00e8re. Ces rayons ont un effet oxydant par le biais de l\u2019agitation des radicaux libres.\" \/>\n<meta property=\"og:url\" content=\"https:\/\/pharmadreams.shop\/index.php\/product\/avene-fluide-protection-solaire-teinte-spf50-50ml\/\" \/>\n<meta property=\"og:site_name\" content=\"pharmadreams\" \/>\n<meta property=\"article:modified_time\" content=\"2024-05-31T14:09:24+00:00\" \/>\n<meta property=\"og:image\" content=\"https:\/\/pharmadreams.shop\/wp-content\/uploads\/2024\/05\/av_sun_care_tinted_fluid_50_front_50ml_3282770149111.webp\" \/>\n\t<meta property=\"og:image:width\" content=\"380\" \/>\n\t<meta property=\"og:image:height\" content=\"460\" \/>\n\t<meta property=\"og:image:type\" content=\"image\/webp\" \/>\n<meta name=\"twitter:card\" content=\"summary_large_image\" \/>\n<meta name=\"twitter:label1\" content=\"Dur\u00e9e de lecture estim\u00e9e\" \/>\n\t<meta name=\"twitter:data1\" content=\"1 minute\" \/>\n<script type=\"application\/ld+json\" class=\"yoast-schema-graph\">{\"@context\":\"https:\/\/schema.org\",\"@graph\":[{\"@type\":\"WebPage\",\"@id\":\"https:\/\/pharmadreams.shop\/index.php\/product\/avene-fluide-protection-solaire-teinte-spf50-50ml\/\",\"url\":\"https:\/\/pharmadreams.shop\/index.php\/product\/avene-fluide-protection-solaire-teinte-spf50-50ml\/\",\"name\":\"AVENE Fluide Protection Solaire Teinte SPF50+ 50ml - pharmadreams\",\"isPartOf\":{\"@id\":\"https:\/\/pharmadreams.shop\/#website\"},\"primaryImageOfPage\":{\"@id\":\"https:\/\/pharmadreams.shop\/index.php\/product\/avene-fluide-protection-solaire-teinte-spf50-50ml\/#primaryimage\"},\"image\":{\"@id\":\"https:\/\/pharmadreams.shop\/index.php\/product\/avene-fluide-protection-solaire-teinte-spf50-50ml\/#primaryimage\"},\"thumbnailUrl\":\"https:\/\/pharmadreams.shop\/wp-content\/uploads\/2024\/05\/av_sun_care_tinted_fluid_50_front_50ml_3282770149111.webp\",\"datePublished\":\"2024-05-31T14:09:23+00:00\",\"dateModified\":\"2024-05-31T14:09:24+00:00\",\"breadcrumb\":{\"@id\":\"https:\/\/pharmadreams.shop\/index.php\/product\/avene-fluide-protection-solaire-teinte-spf50-50ml\/#breadcrumb\"},\"inLanguage\":\"fr-FR\",\"potentialAction\":[{\"@type\":\"ReadAction\",\"target\":[\"https:\/\/pharmadreams.shop\/index.php\/product\/avene-fluide-protection-solaire-teinte-spf50-50ml\/\"]}]},{\"@type\":\"ImageObject\",\"inLanguage\":\"fr-FR\",\"@id\":\"https:\/\/pharmadreams.shop\/index.php\/product\/avene-fluide-protection-solaire-teinte-spf50-50ml\/#primaryimage\",\"url\":\"https:\/\/pharmadreams.shop\/wp-content\/uploads\/2024\/05\/av_sun_care_tinted_fluid_50_front_50ml_3282770149111.webp\",\"contentUrl\":\"https:\/\/pharmadreams.shop\/wp-content\/uploads\/2024\/05\/av_sun_care_tinted_fluid_50_front_50ml_3282770149111.webp\",\"width\":380,\"height\":460},{\"@type\":\"BreadcrumbList\",\"@id\":\"https:\/\/pharmadreams.shop\/index.php\/product\/avene-fluide-protection-solaire-teinte-spf50-50ml\/#breadcrumb\",\"itemListElement\":[{\"@type\":\"ListItem\",\"position\":1,\"name\":\"Accueil\",\"item\":\"https:\/\/pharmadreams.shop\/\"},{\"@type\":\"ListItem\",\"position\":2,\"name\":\"Shop\",\"item\":\"https:\/\/pharmadreams.shop\/index.php\/shop\/\"},{\"@type\":\"ListItem\",\"position\":3,\"name\":\"AVENE Fluide Protection Solaire Teinte SPF50+ 50ml\"}]},{\"@type\":\"WebSite\",\"@id\":\"https:\/\/pharmadreams.shop\/#website\",\"url\":\"https:\/\/pharmadreams.shop\/\",\"name\":\"pharmadreams\",\"description\":\"Parapharmacie en ligne\",\"potentialAction\":[{\"@type\":\"SearchAction\",\"target\":{\"@type\":\"EntryPoint\",\"urlTemplate\":\"https:\/\/pharmadreams.shop\/?s={search_term_string}\"},\"query-input\":\"required name=search_term_string\"}],\"inLanguage\":\"fr-FR\"}]}<\/script>\n<!-- \/ Yoast SEO plugin. -->","yoast_head_json":{"title":"AVENE Fluide Protection Solaire Teinte SPF50+ 50ml - pharmadreams","robots":{"index":"index","follow":"follow","max-snippet":"max-snippet:-1","max-image-preview":"max-image-preview:large","max-video-preview":"max-video-preview:-1"},"canonical":"https:\/\/pharmadreams.shop\/index.php\/product\/avene-fluide-protection-solaire-teinte-spf50-50ml\/","og_locale":"fr_FR","og_type":"article","og_title":"AVENE Fluide Protection Solaire Teinte SPF50+ 50ml - pharmadreams","og_description":"A destination des\u00a0peaux sensibles, normales \u00e0 mixtes, le\u00a0fluide solaire teint\u00e9 indice 50+\u00a0de la marque\u00a0Av\u00e8ne\u00a0est con\u00e7u pour garantir au\u00a0visage\u00a0des\u00a0adultes, une\u00a0haute protection\u00a0efficace contre les\u00a0rayons UVA et UVB. Il\u00a0b\u00e9n\u00e9ficie d\u2019un\u00a0syst\u00e8me filtrant UVA-UVB\u00a0qui lui conf\u00e8re un\u00a0tr\u00e8s large spectre\u00a0et le rend\u00a0photostable\u00a0afin de\u00a0vous pr\u00e9munir \u00e0 la fois des\u00a0coups de soleil\u00a0et\u00a0du\u00a0photovieillissement, mais pas seulement puisqu\u2019il\u00a0agit \u00e9galement comme bouclier contre les r\u00e9sidus de lumi\u00e8re bleue ayant r\u00e9ussie \u00e0 p\u00e9n\u00e9trer l\u2019atmosph\u00e8re. Ces rayons ont un effet oxydant par le biais de l\u2019agitation des radicaux libres.","og_url":"https:\/\/pharmadreams.shop\/index.php\/product\/avene-fluide-protection-solaire-teinte-spf50-50ml\/","og_site_name":"pharmadreams","article_modified_time":"2024-05-31T14:09:24+00:00","og_image":[{"width":380,"height":460,"url":"https:\/\/pharmadreams.shop\/wp-content\/uploads\/2024\/05\/av_sun_care_tinted_fluid_50_front_50ml_3282770149111.webp","type":"image\/webp"}],"twitter_card":"summary_large_image","twitter_misc":{"Dur\u00e9e de lecture estim\u00e9e":"1 minute"},"schema":{"@context":"https:\/\/schema.org","@graph":[{"@type":"WebPage","@id":"https:\/\/pharmadreams.shop\/index.php\/product\/avene-fluide-protection-solaire-teinte-spf50-50ml\/","url":"https:\/\/pharmadreams.shop\/index.php\/product\/avene-fluide-protection-solaire-teinte-spf50-50ml\/","name":"AVENE Fluide Protection Solaire Teinte SPF50+ 50ml - pharmadreams","isPartOf":{"@id":"https:\/\/pharmadreams.shop\/#website"},"primaryImageOfPage":{"@id":"https:\/\/pharmadreams.shop\/index.php\/product\/avene-fluide-protection-solaire-teinte-spf50-50ml\/#primaryimage"},"image":{"@id":"https:\/\/pharmadreams.shop\/index.php\/product\/avene-fluide-protection-solaire-teinte-spf50-50ml\/#primaryimage"},"thumbnailUrl":"https:\/\/pharmadreams.shop\/wp-content\/uploads\/2024\/05\/av_sun_care_tinted_fluid_50_front_50ml_3282770149111.webp","datePublished":"2024-05-31T14:09:23+00:00","dateModified":"2024-05-31T14:09:24+00:00","breadcrumb":{"@id":"https:\/\/pharmadreams.shop\/index.php\/product\/avene-fluide-protection-solaire-teinte-spf50-50ml\/#breadcrumb"},"inLanguage":"fr-FR","potentialAction":[{"@type":"ReadAction","target":["https:\/\/pharmadreams.shop\/index.php\/product\/avene-fluide-protection-solaire-teinte-spf50-50ml\/"]}]},{"@type":"ImageObject","inLanguage":"fr-FR","@id":"https:\/\/pharmadreams.shop\/index.php\/product\/avene-fluide-protection-solaire-teinte-spf50-50ml\/#primaryimage","url":"https:\/\/pharmadreams.shop\/wp-content\/uploads\/2024\/05\/av_sun_care_tinted_fluid_50_front_50ml_3282770149111.webp","contentUrl":"https:\/\/pharmadreams.shop\/wp-content\/uploads\/2024\/05\/av_sun_care_tinted_fluid_50_front_50ml_3282770149111.webp","width":380,"height":460},{"@type":"BreadcrumbList","@id":"https:\/\/pharmadreams.shop\/index.php\/product\/avene-fluide-protection-solaire-teinte-spf50-50ml\/#breadcrumb","itemListElement":[{"@type":"ListItem","position":1,"name":"Accueil","item":"https:\/\/pharmadreams.shop\/"},{"@type":"ListItem","position":2,"name":"Shop","item":"https:\/\/pharmadreams.shop\/index.php\/shop\/"},{"@type":"ListItem","position":3,"name":"AVENE Fluide Protection Solaire Teinte SPF50+ 50ml"}]},{"@type":"WebSite","@id":"https:\/\/pharmadreams.shop\/#website","url":"https:\/\/pharmadreams.shop\/","name":"pharmadreams","description":"Parapharmacie en ligne","potentialAction":[{"@type":"SearchAction","target":{"@type":"EntryPoint","urlTemplate":"https:\/\/pharmadreams.shop\/?s={search_term_string}"},"query-input":"required name=search_term_string"}],"inLanguage":"fr-FR"}]}},"_links":{"self":[{"href":"https:\/\/pharmadreams.shop\/index.php\/wp-json\/wp\/v2\/product\/18559","targetHints":{"allow":["GET"]}}],"collection":[{"href":"https:\/\/pharmadreams.shop\/index.php\/wp-json\/wp\/v2\/product"}],"about":[{"href":"https:\/\/pharmadreams.shop\/index.php\/wp-json\/wp\/v2\/types\/product"}],"replies":[{"embeddable":true,"href":"https:\/\/pharmadreams.shop\/index.php\/wp-json\/wp\/v2\/comments?post=18559"}],"version-history":[{"count":0,"href":"https:\/\/pharmadreams.shop\/index.php\/wp-json\/wp\/v2\/product\/18559\/revisions"}],"wp:featuredmedia":[{"embeddable":true,"href":"https:\/\/pharmadreams.shop\/index.php\/wp-json\/wp\/v2\/media\/18560"}],"wp:attachment":[{"href":"https:\/\/pharmadreams.shop\/index.php\/wp-json\/wp\/v2\/media?parent=18559"}],"wp:term":[{"taxonomy":"product_brand","embeddable":true,"href":"https:\/\/pharmadreams.shop\/index.php\/wp-json\/wp\/v2\/product_brand?post=18559"},{"taxonomy":"product_cat","embeddable":true,"href":"https:\/\/pharmadreams.shop\/index.php\/wp-json\/wp\/v2\/product_cat?post=18559"},{"taxonomy":"product_tag","embeddable":true,"href":"https:\/\/pharmadreams.shop\/index.php\/wp-json\/wp\/v2\/product_tag?post=18559"}],"curies":[{"name":"wp","href":"https:\/\/api.w.org\/{rel}","templated":true}]}}