{"id":18568,"date":"2024-05-31T15:28:17","date_gmt":"2024-05-31T14:28:17","guid":{"rendered":"https:\/\/pharmadreams.shop\/?post_type=product&#038;p=18568"},"modified":"2024-05-31T15:28:17","modified_gmt":"2024-05-31T14:28:17","slug":"avene-solaire-enfant-spray-haute-protection-spf-50-200ml","status":"publish","type":"product","link":"https:\/\/pharmadreams.shop\/index.php\/product\/avene-solaire-enfant-spray-haute-protection-spf-50-200ml\/","title":{"rendered":"AVENE SOLAIRE ENFANT SPRAY HAUTE PROTECTION SPF 50+, 200ML"},"content":{"rendered":"","protected":false},"excerpt":{"rendered":"<p class=\"specifications\">Au coeur du Spray enfant SPF 50+, l&rsquo;association exclusive Sunsitive\u00ae protection, issue de la Recherche Pierre Fabre :<\/p>\n<p class=\"specifications\">1. Syst\u00e8me filtrant brevet\u00e9 contenant seulement 4 FILTRES SOLAIRES pour une tr\u00e8s large protection UVB-UVA stable et efficace dans le temps, et une tol\u00e9rance cutan\u00e9e optimale.<\/p>\n<p class=\"specifications\">2. COMPLEXE ANTIOXYDANT UNIQUE (Pr\u00e9-tocoph\u00e9ryl + Thialidine), pour une protection cellulaire globale contre le stress oxydatif.<\/p>\n<p class=\"specifications\">3. EAU THERMALE D&rsquo;AV\u00c8NE, reconnue pour ses propri\u00e9t\u00e9s apaisantes, anti-irritantes et adoucissantes.<\/p>\n<p class=\"specifications\">Gr\u00e2ce \u00e0 sa nouvelle Texture barri\u00e8re anti-agressions*, le Spray enfant SPF 50+ offre : Texture fluide et l\u00e9g\u00e8re \u00e0 appliquer.<\/p>\n<p class=\"specifications\">Film protecteur renforc\u00e9.<\/p>\n<p class=\"specifications\">Formule tr\u00e8s r\u00e9sistante \u00e0 l&rsquo;eau.<\/p>\n<p class=\"specifications\">Le Spray enfant SPF 50+ b\u00e9n\u00e9ficie d&rsquo;un nouveau syst\u00e8me OPEN \/ STOP pour plus de praticit\u00e9 et de respect de l&rsquo;environnement : OPEN : on tourne et l\u2019embout appara\u00eet. STOP : on tourne et l\u2019embout dispara\u00eet.<\/p>\n","protected":false},"featured_media":18569,"comment_status":"open","ping_status":"closed","template":"","meta":[],"product_brand":[],"product_cat":[233,263],"product_tag":[],"class_list":{"0":"post-18568","1":"product","2":"type-product","3":"status-publish","4":"has-post-thumbnail","6":"product_cat-protection-solaire","7":"product_cat-spray","9":"first","10":"instock","11":"sale","12":"shipping-taxable","13":"purchasable","14":"product-type-simple"},"yoast_head":"<!-- This site is optimized with the Yoast SEO plugin v23.0 - https:\/\/yoast.com\/wordpress\/plugins\/seo\/ -->\n<title>AVENE SOLAIRE ENFANT SPRAY HAUTE PROTECTION SPF 50+, 200ML - pharmadreams<\/title>\n<meta name=\"robots\" content=\"index, follow, max-snippet:-1, max-image-preview:large, max-video-preview:-1\" \/>\n<link rel=\"canonical\" href=\"https:\/\/pharmadreams.shop\/index.php\/product\/avene-solaire-enfant-spray-haute-protection-spf-50-200ml\/\" \/>\n<meta property=\"og:locale\" content=\"fr_FR\" \/>\n<meta property=\"og:type\" content=\"article\" \/>\n<meta property=\"og:title\" content=\"AVENE SOLAIRE ENFANT SPRAY HAUTE PROTECTION SPF 50+, 200ML - pharmadreams\" \/>\n<meta property=\"og:description\" content=\"Au coeur du Spray enfant SPF 50+, l&#039;association exclusive Sunsitive\u00ae protection, issue de la Recherche Pierre Fabre : 1. Syst\u00e8me filtrant brevet\u00e9 contenant seulement 4 FILTRES SOLAIRES pour une tr\u00e8s large protection UVB-UVA stable et efficace dans le temps, et une tol\u00e9rance cutan\u00e9e optimale. 2. COMPLEXE ANTIOXYDANT UNIQUE (Pr\u00e9-tocoph\u00e9ryl + Thialidine), pour une protection cellulaire globale contre le stress oxydatif. 3. EAU THERMALE D&#039;AV\u00c8NE, reconnue pour ses propri\u00e9t\u00e9s apaisantes, anti-irritantes et adoucissantes. Gr\u00e2ce \u00e0 sa nouvelle Texture barri\u00e8re anti-agressions*, le Spray enfant SPF 50+ offre : Texture fluide et l\u00e9g\u00e8re \u00e0 appliquer. Film protecteur renforc\u00e9. Formule tr\u00e8s r\u00e9sistante \u00e0 l&#039;eau. Le Spray enfant SPF 50+ b\u00e9n\u00e9ficie d&#039;un nouveau syst\u00e8me OPEN \/ STOP pour plus de praticit\u00e9 et de respect de l&#039;environnement : OPEN : on tourne et l\u2019embout appara\u00eet. STOP : on tourne et l\u2019embout dispara\u00eet.\" \/>\n<meta property=\"og:url\" content=\"https:\/\/pharmadreams.shop\/index.php\/product\/avene-solaire-enfant-spray-haute-protection-spf-50-200ml\/\" \/>\n<meta property=\"og:site_name\" content=\"pharmadreams\" \/>\n<meta property=\"og:image\" content=\"https:\/\/pharmadreams.shop\/wp-content\/uploads\/2024\/05\/avene-solaire-enfant-spray-haute-protection-spf-50-200ml.jpg\" \/>\n\t<meta property=\"og:image:width\" content=\"500\" \/>\n\t<meta property=\"og:image:height\" content=\"500\" \/>\n\t<meta property=\"og:image:type\" content=\"image\/jpeg\" \/>\n<meta name=\"twitter:card\" content=\"summary_large_image\" \/>\n<meta name=\"twitter:label1\" content=\"Dur\u00e9e de lecture estim\u00e9e\" \/>\n\t<meta name=\"twitter:data1\" content=\"1 minute\" \/>\n<script type=\"application\/ld+json\" class=\"yoast-schema-graph\">{\"@context\":\"https:\/\/schema.org\",\"@graph\":[{\"@type\":\"WebPage\",\"@id\":\"https:\/\/pharmadreams.shop\/index.php\/product\/avene-solaire-enfant-spray-haute-protection-spf-50-200ml\/\",\"url\":\"https:\/\/pharmadreams.shop\/index.php\/product\/avene-solaire-enfant-spray-haute-protection-spf-50-200ml\/\",\"name\":\"AVENE SOLAIRE ENFANT SPRAY HAUTE PROTECTION SPF 50+, 200ML - pharmadreams\",\"isPartOf\":{\"@id\":\"https:\/\/pharmadreams.shop\/#website\"},\"primaryImageOfPage\":{\"@id\":\"https:\/\/pharmadreams.shop\/index.php\/product\/avene-solaire-enfant-spray-haute-protection-spf-50-200ml\/#primaryimage\"},\"image\":{\"@id\":\"https:\/\/pharmadreams.shop\/index.php\/product\/avene-solaire-enfant-spray-haute-protection-spf-50-200ml\/#primaryimage\"},\"thumbnailUrl\":\"https:\/\/pharmadreams.shop\/wp-content\/uploads\/2024\/05\/avene-solaire-enfant-spray-haute-protection-spf-50-200ml.jpg\",\"datePublished\":\"2024-05-31T14:28:17+00:00\",\"dateModified\":\"2024-05-31T14:28:17+00:00\",\"breadcrumb\":{\"@id\":\"https:\/\/pharmadreams.shop\/index.php\/product\/avene-solaire-enfant-spray-haute-protection-spf-50-200ml\/#breadcrumb\"},\"inLanguage\":\"fr-FR\",\"potentialAction\":[{\"@type\":\"ReadAction\",\"target\":[\"https:\/\/pharmadreams.shop\/index.php\/product\/avene-solaire-enfant-spray-haute-protection-spf-50-200ml\/\"]}]},{\"@type\":\"ImageObject\",\"inLanguage\":\"fr-FR\",\"@id\":\"https:\/\/pharmadreams.shop\/index.php\/product\/avene-solaire-enfant-spray-haute-protection-spf-50-200ml\/#primaryimage\",\"url\":\"https:\/\/pharmadreams.shop\/wp-content\/uploads\/2024\/05\/avene-solaire-enfant-spray-haute-protection-spf-50-200ml.jpg\",\"contentUrl\":\"https:\/\/pharmadreams.shop\/wp-content\/uploads\/2024\/05\/avene-solaire-enfant-spray-haute-protection-spf-50-200ml.jpg\",\"width\":500,\"height\":500},{\"@type\":\"BreadcrumbList\",\"@id\":\"https:\/\/pharmadreams.shop\/index.php\/product\/avene-solaire-enfant-spray-haute-protection-spf-50-200ml\/#breadcrumb\",\"itemListElement\":[{\"@type\":\"ListItem\",\"position\":1,\"name\":\"Accueil\",\"item\":\"https:\/\/pharmadreams.shop\/\"},{\"@type\":\"ListItem\",\"position\":2,\"name\":\"Shop\",\"item\":\"https:\/\/pharmadreams.shop\/index.php\/shop\/\"},{\"@type\":\"ListItem\",\"position\":3,\"name\":\"AVENE SOLAIRE ENFANT SPRAY HAUTE PROTECTION SPF 50+, 200ML\"}]},{\"@type\":\"WebSite\",\"@id\":\"https:\/\/pharmadreams.shop\/#website\",\"url\":\"https:\/\/pharmadreams.shop\/\",\"name\":\"pharmadreams\",\"description\":\"Parapharmacie en ligne\",\"potentialAction\":[{\"@type\":\"SearchAction\",\"target\":{\"@type\":\"EntryPoint\",\"urlTemplate\":\"https:\/\/pharmadreams.shop\/?s={search_term_string}\"},\"query-input\":\"required name=search_term_string\"}],\"inLanguage\":\"fr-FR\"}]}<\/script>\n<!-- \/ Yoast SEO plugin. -->","yoast_head_json":{"title":"AVENE SOLAIRE ENFANT SPRAY HAUTE PROTECTION SPF 50+, 200ML - pharmadreams","robots":{"index":"index","follow":"follow","max-snippet":"max-snippet:-1","max-image-preview":"max-image-preview:large","max-video-preview":"max-video-preview:-1"},"canonical":"https:\/\/pharmadreams.shop\/index.php\/product\/avene-solaire-enfant-spray-haute-protection-spf-50-200ml\/","og_locale":"fr_FR","og_type":"article","og_title":"AVENE SOLAIRE ENFANT SPRAY HAUTE PROTECTION SPF 50+, 200ML - pharmadreams","og_description":"Au coeur du Spray enfant SPF 50+, l'association exclusive Sunsitive\u00ae protection, issue de la Recherche Pierre Fabre : 1. Syst\u00e8me filtrant brevet\u00e9 contenant seulement 4 FILTRES SOLAIRES pour une tr\u00e8s large protection UVB-UVA stable et efficace dans le temps, et une tol\u00e9rance cutan\u00e9e optimale. 2. COMPLEXE ANTIOXYDANT UNIQUE (Pr\u00e9-tocoph\u00e9ryl + Thialidine), pour une protection cellulaire globale contre le stress oxydatif. 3. EAU THERMALE D'AV\u00c8NE, reconnue pour ses propri\u00e9t\u00e9s apaisantes, anti-irritantes et adoucissantes. Gr\u00e2ce \u00e0 sa nouvelle Texture barri\u00e8re anti-agressions*, le Spray enfant SPF 50+ offre : Texture fluide et l\u00e9g\u00e8re \u00e0 appliquer. Film protecteur renforc\u00e9. Formule tr\u00e8s r\u00e9sistante \u00e0 l'eau. Le Spray enfant SPF 50+ b\u00e9n\u00e9ficie d'un nouveau syst\u00e8me OPEN \/ STOP pour plus de praticit\u00e9 et de respect de l'environnement : OPEN : on tourne et l\u2019embout appara\u00eet. STOP : on tourne et l\u2019embout dispara\u00eet.","og_url":"https:\/\/pharmadreams.shop\/index.php\/product\/avene-solaire-enfant-spray-haute-protection-spf-50-200ml\/","og_site_name":"pharmadreams","og_image":[{"width":500,"height":500,"url":"https:\/\/pharmadreams.shop\/wp-content\/uploads\/2024\/05\/avene-solaire-enfant-spray-haute-protection-spf-50-200ml.jpg","type":"image\/jpeg"}],"twitter_card":"summary_large_image","twitter_misc":{"Dur\u00e9e de lecture estim\u00e9e":"1 minute"},"schema":{"@context":"https:\/\/schema.org","@graph":[{"@type":"WebPage","@id":"https:\/\/pharmadreams.shop\/index.php\/product\/avene-solaire-enfant-spray-haute-protection-spf-50-200ml\/","url":"https:\/\/pharmadreams.shop\/index.php\/product\/avene-solaire-enfant-spray-haute-protection-spf-50-200ml\/","name":"AVENE SOLAIRE ENFANT SPRAY HAUTE PROTECTION SPF 50+, 200ML - pharmadreams","isPartOf":{"@id":"https:\/\/pharmadreams.shop\/#website"},"primaryImageOfPage":{"@id":"https:\/\/pharmadreams.shop\/index.php\/product\/avene-solaire-enfant-spray-haute-protection-spf-50-200ml\/#primaryimage"},"image":{"@id":"https:\/\/pharmadreams.shop\/index.php\/product\/avene-solaire-enfant-spray-haute-protection-spf-50-200ml\/#primaryimage"},"thumbnailUrl":"https:\/\/pharmadreams.shop\/wp-content\/uploads\/2024\/05\/avene-solaire-enfant-spray-haute-protection-spf-50-200ml.jpg","datePublished":"2024-05-31T14:28:17+00:00","dateModified":"2024-05-31T14:28:17+00:00","breadcrumb":{"@id":"https:\/\/pharmadreams.shop\/index.php\/product\/avene-solaire-enfant-spray-haute-protection-spf-50-200ml\/#breadcrumb"},"inLanguage":"fr-FR","potentialAction":[{"@type":"ReadAction","target":["https:\/\/pharmadreams.shop\/index.php\/product\/avene-solaire-enfant-spray-haute-protection-spf-50-200ml\/"]}]},{"@type":"ImageObject","inLanguage":"fr-FR","@id":"https:\/\/pharmadreams.shop\/index.php\/product\/avene-solaire-enfant-spray-haute-protection-spf-50-200ml\/#primaryimage","url":"https:\/\/pharmadreams.shop\/wp-content\/uploads\/2024\/05\/avene-solaire-enfant-spray-haute-protection-spf-50-200ml.jpg","contentUrl":"https:\/\/pharmadreams.shop\/wp-content\/uploads\/2024\/05\/avene-solaire-enfant-spray-haute-protection-spf-50-200ml.jpg","width":500,"height":500},{"@type":"BreadcrumbList","@id":"https:\/\/pharmadreams.shop\/index.php\/product\/avene-solaire-enfant-spray-haute-protection-spf-50-200ml\/#breadcrumb","itemListElement":[{"@type":"ListItem","position":1,"name":"Accueil","item":"https:\/\/pharmadreams.shop\/"},{"@type":"ListItem","position":2,"name":"Shop","item":"https:\/\/pharmadreams.shop\/index.php\/shop\/"},{"@type":"ListItem","position":3,"name":"AVENE SOLAIRE ENFANT SPRAY HAUTE PROTECTION SPF 50+, 200ML"}]},{"@type":"WebSite","@id":"https:\/\/pharmadreams.shop\/#website","url":"https:\/\/pharmadreams.shop\/","name":"pharmadreams","description":"Parapharmacie en ligne","potentialAction":[{"@type":"SearchAction","target":{"@type":"EntryPoint","urlTemplate":"https:\/\/pharmadreams.shop\/?s={search_term_string}"},"query-input":"required name=search_term_string"}],"inLanguage":"fr-FR"}]}},"_links":{"self":[{"href":"https:\/\/pharmadreams.shop\/index.php\/wp-json\/wp\/v2\/product\/18568","targetHints":{"allow":["GET"]}}],"collection":[{"href":"https:\/\/pharmadreams.shop\/index.php\/wp-json\/wp\/v2\/product"}],"about":[{"href":"https:\/\/pharmadreams.shop\/index.php\/wp-json\/wp\/v2\/types\/product"}],"replies":[{"embeddable":true,"href":"https:\/\/pharmadreams.shop\/index.php\/wp-json\/wp\/v2\/comments?post=18568"}],"version-history":[{"count":0,"href":"https:\/\/pharmadreams.shop\/index.php\/wp-json\/wp\/v2\/product\/18568\/revisions"}],"wp:featuredmedia":[{"embeddable":true,"href":"https:\/\/pharmadreams.shop\/index.php\/wp-json\/wp\/v2\/media\/18569"}],"wp:attachment":[{"href":"https:\/\/pharmadreams.shop\/index.php\/wp-json\/wp\/v2\/media?parent=18568"}],"wp:term":[{"taxonomy":"product_brand","embeddable":true,"href":"https:\/\/pharmadreams.shop\/index.php\/wp-json\/wp\/v2\/product_brand?post=18568"},{"taxonomy":"product_cat","embeddable":true,"href":"https:\/\/pharmadreams.shop\/index.php\/wp-json\/wp\/v2\/product_cat?post=18568"},{"taxonomy":"product_tag","embeddable":true,"href":"https:\/\/pharmadreams.shop\/index.php\/wp-json\/wp\/v2\/product_tag?post=18568"}],"curies":[{"name":"wp","href":"https:\/\/api.w.org\/{rel}","templated":true}]}}