{"id":18571,"date":"2024-05-31T15:37:58","date_gmt":"2024-05-31T14:37:58","guid":{"rendered":"https:\/\/pharmadreams.shop\/?post_type=product&#038;p=18571"},"modified":"2024-05-31T15:37:58","modified_gmt":"2024-05-31T14:37:58","slug":"avene-cicalfate-mains-creme-reparatrice-100ml","status":"publish","type":"product","link":"https:\/\/pharmadreams.shop\/index.php\/product\/avene-cicalfate-mains-creme-reparatrice-100ml\/","title":{"rendered":"AVENE Cicalfate Mains Cr\u00e8me R\u00e9paratrice 100ML"},"content":{"rendered":"","protected":false},"excerpt":{"rendered":"<p>La cr\u00e8me mains Cicalfate r\u00e9pare et apaise les \u00e9pidermes fragiles. Elle convient parfaitement aux peaux tr\u00e8s s\u00e8ches et irrit\u00e9es. Cette cr\u00e8me mains est tr\u00e8s riche en Eau Thermale d&rsquo;Av\u00e8ne. Sa formule combine du sucralfate, du sulfate de cuivre et de zinc pour r\u00e9parer la peau et limiter la prolif\u00e9ration bact\u00e9rienne.<\/p>\n","protected":false},"featured_media":18572,"comment_status":"open","ping_status":"closed","template":"","meta":[],"product_brand":[],"product_cat":[78,101,131],"product_tag":[],"class_list":{"0":"post-18571","1":"product","2":"type-product","3":"status-publish","4":"has-post-thumbnail","6":"product_cat-cremes","7":"product_cat-mains","8":"product_cat-traitement-de-cicatrices","10":"first","11":"instock","12":"shipping-taxable","13":"purchasable","14":"product-type-simple"},"yoast_head":"<!-- This site is optimized with the Yoast SEO plugin v23.0 - https:\/\/yoast.com\/wordpress\/plugins\/seo\/ -->\n<title>AVENE Cicalfate Mains Cr\u00e8me R\u00e9paratrice 100ML - pharmadreams<\/title>\n<meta name=\"robots\" content=\"index, follow, max-snippet:-1, max-image-preview:large, max-video-preview:-1\" \/>\n<link rel=\"canonical\" href=\"https:\/\/pharmadreams.shop\/index.php\/product\/avene-cicalfate-mains-creme-reparatrice-100ml\/\" \/>\n<meta property=\"og:locale\" content=\"fr_FR\" \/>\n<meta property=\"og:type\" content=\"article\" \/>\n<meta property=\"og:title\" content=\"AVENE Cicalfate Mains Cr\u00e8me R\u00e9paratrice 100ML - pharmadreams\" \/>\n<meta property=\"og:description\" content=\"La cr\u00e8me mains Cicalfate r\u00e9pare et apaise les \u00e9pidermes fragiles. Elle convient parfaitement aux peaux tr\u00e8s s\u00e8ches et irrit\u00e9es. Cette cr\u00e8me mains est tr\u00e8s riche en Eau Thermale d&#039;Av\u00e8ne. Sa formule combine du sucralfate, du sulfate de cuivre et de zinc pour r\u00e9parer la peau et limiter la prolif\u00e9ration bact\u00e9rienne.\" \/>\n<meta property=\"og:url\" content=\"https:\/\/pharmadreams.shop\/index.php\/product\/avene-cicalfate-mains-creme-reparatrice-100ml\/\" \/>\n<meta property=\"og:site_name\" content=\"pharmadreams\" \/>\n<meta property=\"og:image\" content=\"https:\/\/pharmadreams.shop\/wp-content\/uploads\/2024\/05\/cicalfate-mains-creme-reparatrice-avene.webp\" \/>\n\t<meta property=\"og:image:width\" content=\"800\" \/>\n\t<meta property=\"og:image:height\" content=\"800\" \/>\n\t<meta property=\"og:image:type\" content=\"image\/webp\" \/>\n<meta name=\"twitter:card\" content=\"summary_large_image\" \/>\n<meta name=\"twitter:label1\" content=\"Dur\u00e9e de lecture estim\u00e9e\" \/>\n\t<meta name=\"twitter:data1\" content=\"1 minute\" \/>\n<script type=\"application\/ld+json\" class=\"yoast-schema-graph\">{\"@context\":\"https:\/\/schema.org\",\"@graph\":[{\"@type\":\"WebPage\",\"@id\":\"https:\/\/pharmadreams.shop\/index.php\/product\/avene-cicalfate-mains-creme-reparatrice-100ml\/\",\"url\":\"https:\/\/pharmadreams.shop\/index.php\/product\/avene-cicalfate-mains-creme-reparatrice-100ml\/\",\"name\":\"AVENE Cicalfate Mains Cr\u00e8me R\u00e9paratrice 100ML - pharmadreams\",\"isPartOf\":{\"@id\":\"https:\/\/pharmadreams.shop\/#website\"},\"primaryImageOfPage\":{\"@id\":\"https:\/\/pharmadreams.shop\/index.php\/product\/avene-cicalfate-mains-creme-reparatrice-100ml\/#primaryimage\"},\"image\":{\"@id\":\"https:\/\/pharmadreams.shop\/index.php\/product\/avene-cicalfate-mains-creme-reparatrice-100ml\/#primaryimage\"},\"thumbnailUrl\":\"https:\/\/pharmadreams.shop\/wp-content\/uploads\/2024\/05\/cicalfate-mains-creme-reparatrice-avene.webp\",\"datePublished\":\"2024-05-31T14:37:58+00:00\",\"dateModified\":\"2024-05-31T14:37:58+00:00\",\"breadcrumb\":{\"@id\":\"https:\/\/pharmadreams.shop\/index.php\/product\/avene-cicalfate-mains-creme-reparatrice-100ml\/#breadcrumb\"},\"inLanguage\":\"fr-FR\",\"potentialAction\":[{\"@type\":\"ReadAction\",\"target\":[\"https:\/\/pharmadreams.shop\/index.php\/product\/avene-cicalfate-mains-creme-reparatrice-100ml\/\"]}]},{\"@type\":\"ImageObject\",\"inLanguage\":\"fr-FR\",\"@id\":\"https:\/\/pharmadreams.shop\/index.php\/product\/avene-cicalfate-mains-creme-reparatrice-100ml\/#primaryimage\",\"url\":\"https:\/\/pharmadreams.shop\/wp-content\/uploads\/2024\/05\/cicalfate-mains-creme-reparatrice-avene.webp\",\"contentUrl\":\"https:\/\/pharmadreams.shop\/wp-content\/uploads\/2024\/05\/cicalfate-mains-creme-reparatrice-avene.webp\",\"width\":800,\"height\":800},{\"@type\":\"BreadcrumbList\",\"@id\":\"https:\/\/pharmadreams.shop\/index.php\/product\/avene-cicalfate-mains-creme-reparatrice-100ml\/#breadcrumb\",\"itemListElement\":[{\"@type\":\"ListItem\",\"position\":1,\"name\":\"Accueil\",\"item\":\"https:\/\/pharmadreams.shop\/\"},{\"@type\":\"ListItem\",\"position\":2,\"name\":\"Shop\",\"item\":\"https:\/\/pharmadreams.shop\/index.php\/shop\/\"},{\"@type\":\"ListItem\",\"position\":3,\"name\":\"AVENE Cicalfate Mains Cr\u00e8me R\u00e9paratrice 100ML\"}]},{\"@type\":\"WebSite\",\"@id\":\"https:\/\/pharmadreams.shop\/#website\",\"url\":\"https:\/\/pharmadreams.shop\/\",\"name\":\"pharmadreams\",\"description\":\"Parapharmacie en ligne\",\"potentialAction\":[{\"@type\":\"SearchAction\",\"target\":{\"@type\":\"EntryPoint\",\"urlTemplate\":\"https:\/\/pharmadreams.shop\/?s={search_term_string}\"},\"query-input\":\"required name=search_term_string\"}],\"inLanguage\":\"fr-FR\"}]}<\/script>\n<!-- \/ Yoast SEO plugin. -->","yoast_head_json":{"title":"AVENE Cicalfate Mains Cr\u00e8me R\u00e9paratrice 100ML - pharmadreams","robots":{"index":"index","follow":"follow","max-snippet":"max-snippet:-1","max-image-preview":"max-image-preview:large","max-video-preview":"max-video-preview:-1"},"canonical":"https:\/\/pharmadreams.shop\/index.php\/product\/avene-cicalfate-mains-creme-reparatrice-100ml\/","og_locale":"fr_FR","og_type":"article","og_title":"AVENE Cicalfate Mains Cr\u00e8me R\u00e9paratrice 100ML - pharmadreams","og_description":"La cr\u00e8me mains Cicalfate r\u00e9pare et apaise les \u00e9pidermes fragiles. Elle convient parfaitement aux peaux tr\u00e8s s\u00e8ches et irrit\u00e9es. Cette cr\u00e8me mains est tr\u00e8s riche en Eau Thermale d'Av\u00e8ne. Sa formule combine du sucralfate, du sulfate de cuivre et de zinc pour r\u00e9parer la peau et limiter la prolif\u00e9ration bact\u00e9rienne.","og_url":"https:\/\/pharmadreams.shop\/index.php\/product\/avene-cicalfate-mains-creme-reparatrice-100ml\/","og_site_name":"pharmadreams","og_image":[{"width":800,"height":800,"url":"https:\/\/pharmadreams.shop\/wp-content\/uploads\/2024\/05\/cicalfate-mains-creme-reparatrice-avene.webp","type":"image\/webp"}],"twitter_card":"summary_large_image","twitter_misc":{"Dur\u00e9e de lecture estim\u00e9e":"1 minute"},"schema":{"@context":"https:\/\/schema.org","@graph":[{"@type":"WebPage","@id":"https:\/\/pharmadreams.shop\/index.php\/product\/avene-cicalfate-mains-creme-reparatrice-100ml\/","url":"https:\/\/pharmadreams.shop\/index.php\/product\/avene-cicalfate-mains-creme-reparatrice-100ml\/","name":"AVENE Cicalfate Mains Cr\u00e8me R\u00e9paratrice 100ML - pharmadreams","isPartOf":{"@id":"https:\/\/pharmadreams.shop\/#website"},"primaryImageOfPage":{"@id":"https:\/\/pharmadreams.shop\/index.php\/product\/avene-cicalfate-mains-creme-reparatrice-100ml\/#primaryimage"},"image":{"@id":"https:\/\/pharmadreams.shop\/index.php\/product\/avene-cicalfate-mains-creme-reparatrice-100ml\/#primaryimage"},"thumbnailUrl":"https:\/\/pharmadreams.shop\/wp-content\/uploads\/2024\/05\/cicalfate-mains-creme-reparatrice-avene.webp","datePublished":"2024-05-31T14:37:58+00:00","dateModified":"2024-05-31T14:37:58+00:00","breadcrumb":{"@id":"https:\/\/pharmadreams.shop\/index.php\/product\/avene-cicalfate-mains-creme-reparatrice-100ml\/#breadcrumb"},"inLanguage":"fr-FR","potentialAction":[{"@type":"ReadAction","target":["https:\/\/pharmadreams.shop\/index.php\/product\/avene-cicalfate-mains-creme-reparatrice-100ml\/"]}]},{"@type":"ImageObject","inLanguage":"fr-FR","@id":"https:\/\/pharmadreams.shop\/index.php\/product\/avene-cicalfate-mains-creme-reparatrice-100ml\/#primaryimage","url":"https:\/\/pharmadreams.shop\/wp-content\/uploads\/2024\/05\/cicalfate-mains-creme-reparatrice-avene.webp","contentUrl":"https:\/\/pharmadreams.shop\/wp-content\/uploads\/2024\/05\/cicalfate-mains-creme-reparatrice-avene.webp","width":800,"height":800},{"@type":"BreadcrumbList","@id":"https:\/\/pharmadreams.shop\/index.php\/product\/avene-cicalfate-mains-creme-reparatrice-100ml\/#breadcrumb","itemListElement":[{"@type":"ListItem","position":1,"name":"Accueil","item":"https:\/\/pharmadreams.shop\/"},{"@type":"ListItem","position":2,"name":"Shop","item":"https:\/\/pharmadreams.shop\/index.php\/shop\/"},{"@type":"ListItem","position":3,"name":"AVENE Cicalfate Mains Cr\u00e8me R\u00e9paratrice 100ML"}]},{"@type":"WebSite","@id":"https:\/\/pharmadreams.shop\/#website","url":"https:\/\/pharmadreams.shop\/","name":"pharmadreams","description":"Parapharmacie en ligne","potentialAction":[{"@type":"SearchAction","target":{"@type":"EntryPoint","urlTemplate":"https:\/\/pharmadreams.shop\/?s={search_term_string}"},"query-input":"required name=search_term_string"}],"inLanguage":"fr-FR"}]}},"_links":{"self":[{"href":"https:\/\/pharmadreams.shop\/index.php\/wp-json\/wp\/v2\/product\/18571","targetHints":{"allow":["GET"]}}],"collection":[{"href":"https:\/\/pharmadreams.shop\/index.php\/wp-json\/wp\/v2\/product"}],"about":[{"href":"https:\/\/pharmadreams.shop\/index.php\/wp-json\/wp\/v2\/types\/product"}],"replies":[{"embeddable":true,"href":"https:\/\/pharmadreams.shop\/index.php\/wp-json\/wp\/v2\/comments?post=18571"}],"version-history":[{"count":0,"href":"https:\/\/pharmadreams.shop\/index.php\/wp-json\/wp\/v2\/product\/18571\/revisions"}],"wp:featuredmedia":[{"embeddable":true,"href":"https:\/\/pharmadreams.shop\/index.php\/wp-json\/wp\/v2\/media\/18572"}],"wp:attachment":[{"href":"https:\/\/pharmadreams.shop\/index.php\/wp-json\/wp\/v2\/media?parent=18571"}],"wp:term":[{"taxonomy":"product_brand","embeddable":true,"href":"https:\/\/pharmadreams.shop\/index.php\/wp-json\/wp\/v2\/product_brand?post=18571"},{"taxonomy":"product_cat","embeddable":true,"href":"https:\/\/pharmadreams.shop\/index.php\/wp-json\/wp\/v2\/product_cat?post=18571"},{"taxonomy":"product_tag","embeddable":true,"href":"https:\/\/pharmadreams.shop\/index.php\/wp-json\/wp\/v2\/product_tag?post=18571"}],"curies":[{"name":"wp","href":"https:\/\/api.w.org\/{rel}","templated":true}]}}