{"id":18574,"date":"2024-05-31T15:52:04","date_gmt":"2024-05-31T14:52:04","guid":{"rendered":"https:\/\/pharmadreams.shop\/?post_type=product&#038;p=18574"},"modified":"2024-05-31T15:52:04","modified_gmt":"2024-05-31T14:52:04","slug":"avene-cleanance-concentre-anti-imperfections-comedomed-30ml","status":"publish","type":"product","link":"https:\/\/pharmadreams.shop\/index.php\/product\/avene-cleanance-concentre-anti-imperfections-comedomed-30ml\/","title":{"rendered":"AVENE Cleanance Concentre Anti-imperfections Comedomed 30ml"},"content":{"rendered":"","protected":false},"excerpt":{"rendered":"<p><strong>Av\u00e8ne Cleanance Comedomed<\/strong>\u00a0est un\u00a0<strong>concentr\u00e9 anti-imperfections<\/strong>. Il diminue les points noirs et les boutons, et limite leur survenue. Il est destin\u00e9 aux\u00a0<strong>peaux \u00e0 tendance acn\u00e9ique<\/strong>.<\/p>\n<p>Av\u00e8ne Cleanance Comedomed \u00e9limine les boutons et les points noirs\u00a0et contribue \u00e0 resserrer les pores dilat\u00e9s, pr\u00e9venant ainsi leur r\u00e9apparition. Il int\u00e8gre un actif brevet\u00e9,\u00a0 la\u00a0<strong>Com\u00e9doclatin<\/strong>, issu du chardon marie. Celle-ci a des propri\u00e9t\u00e9s anti-inflammatoires et antioxydantes. Il est \u00e9galement formul\u00e9 \u00e0 la\u00a0<strong>silice<\/strong>, qui va\u00a0absorber le s\u00e9bum produit en exc\u00e8s et avoir un effet matifiant sur la peau, diminuant les brillances. Enfin, il apporte de\u00a0<strong>l\u2019eau thermale d\u2019Av\u00e8ne<\/strong>, r\u00e9put\u00e9e pour ses capacit\u00e9s apaisantes.<\/p>\n","protected":false},"featured_media":18575,"comment_status":"open","ping_status":"closed","template":"","meta":[],"product_brand":[],"product_cat":[242,225,162],"product_tag":[],"class_list":{"0":"post-18574","1":"product","2":"type-product","3":"status-publish","4":"has-post-thumbnail","6":"product_cat-peaux-acneiques","7":"product_cat-peaux-grasses","8":"product_cat-peaux-mixtes","10":"first","11":"instock","12":"shipping-taxable","13":"purchasable","14":"product-type-simple"},"yoast_head":"<!-- This site is optimized with the Yoast SEO plugin v23.0 - https:\/\/yoast.com\/wordpress\/plugins\/seo\/ -->\n<title>AVENE Cleanance Concentre Anti-imperfections Comedomed 30ml - pharmadreams<\/title>\n<meta name=\"robots\" content=\"index, follow, max-snippet:-1, max-image-preview:large, max-video-preview:-1\" \/>\n<link rel=\"canonical\" href=\"https:\/\/pharmadreams.shop\/index.php\/product\/avene-cleanance-concentre-anti-imperfections-comedomed-30ml\/\" \/>\n<meta property=\"og:locale\" content=\"fr_FR\" \/>\n<meta property=\"og:type\" content=\"article\" \/>\n<meta property=\"og:title\" content=\"AVENE Cleanance Concentre Anti-imperfections Comedomed 30ml - pharmadreams\" \/>\n<meta property=\"og:description\" content=\"Av\u00e8ne Cleanance Comedomed\u00a0est un\u00a0concentr\u00e9 anti-imperfections. Il diminue les points noirs et les boutons, et limite leur survenue. Il est destin\u00e9 aux\u00a0peaux \u00e0 tendance acn\u00e9ique.  Av\u00e8ne Cleanance Comedomed \u00e9limine les boutons et les points noirs\u00a0et contribue \u00e0 resserrer les pores dilat\u00e9s, pr\u00e9venant ainsi leur r\u00e9apparition. Il int\u00e8gre un actif brevet\u00e9,\u00a0 la\u00a0Com\u00e9doclatin, issu du chardon marie. Celle-ci a des propri\u00e9t\u00e9s anti-inflammatoires et antioxydantes. Il est \u00e9galement formul\u00e9 \u00e0 la\u00a0silice, qui va\u00a0absorber le s\u00e9bum produit en exc\u00e8s et avoir un effet matifiant sur la peau, diminuant les brillances. Enfin, il apporte de\u00a0l\u2019eau thermale d\u2019Av\u00e8ne, r\u00e9put\u00e9e pour ses capacit\u00e9s apaisantes.\" \/>\n<meta property=\"og:url\" content=\"https:\/\/pharmadreams.shop\/index.php\/product\/avene-cleanance-concentre-anti-imperfections-comedomed-30ml\/\" \/>\n<meta property=\"og:site_name\" content=\"pharmadreams\" \/>\n<meta name=\"twitter:card\" content=\"summary_large_image\" \/>\n<meta name=\"twitter:label1\" content=\"Dur\u00e9e de lecture estim\u00e9e\" \/>\n\t<meta name=\"twitter:data1\" content=\"1 minute\" \/>\n<script type=\"application\/ld+json\" class=\"yoast-schema-graph\">{\"@context\":\"https:\/\/schema.org\",\"@graph\":[{\"@type\":\"WebPage\",\"@id\":\"https:\/\/pharmadreams.shop\/index.php\/product\/avene-cleanance-concentre-anti-imperfections-comedomed-30ml\/\",\"url\":\"https:\/\/pharmadreams.shop\/index.php\/product\/avene-cleanance-concentre-anti-imperfections-comedomed-30ml\/\",\"name\":\"AVENE Cleanance Concentre Anti-imperfections Comedomed 30ml - pharmadreams\",\"isPartOf\":{\"@id\":\"https:\/\/pharmadreams.shop\/#website\"},\"primaryImageOfPage\":{\"@id\":\"https:\/\/pharmadreams.shop\/index.php\/product\/avene-cleanance-concentre-anti-imperfections-comedomed-30ml\/#primaryimage\"},\"image\":{\"@id\":\"https:\/\/pharmadreams.shop\/index.php\/product\/avene-cleanance-concentre-anti-imperfections-comedomed-30ml\/#primaryimage\"},\"thumbnailUrl\":\"https:\/\/pharmadreams.shop\/wp-content\/uploads\/2024\/05\/avene-cleanance-concentre-anti-imperfections-comedomed-30ml-1.avif\",\"datePublished\":\"2024-05-31T14:52:04+00:00\",\"dateModified\":\"2024-05-31T14:52:04+00:00\",\"breadcrumb\":{\"@id\":\"https:\/\/pharmadreams.shop\/index.php\/product\/avene-cleanance-concentre-anti-imperfections-comedomed-30ml\/#breadcrumb\"},\"inLanguage\":\"fr-FR\",\"potentialAction\":[{\"@type\":\"ReadAction\",\"target\":[\"https:\/\/pharmadreams.shop\/index.php\/product\/avene-cleanance-concentre-anti-imperfections-comedomed-30ml\/\"]}]},{\"@type\":\"ImageObject\",\"inLanguage\":\"fr-FR\",\"@id\":\"https:\/\/pharmadreams.shop\/index.php\/product\/avene-cleanance-concentre-anti-imperfections-comedomed-30ml\/#primaryimage\",\"url\":\"https:\/\/pharmadreams.shop\/wp-content\/uploads\/2024\/05\/avene-cleanance-concentre-anti-imperfections-comedomed-30ml-1.avif\",\"contentUrl\":\"https:\/\/pharmadreams.shop\/wp-content\/uploads\/2024\/05\/avene-cleanance-concentre-anti-imperfections-comedomed-30ml-1.avif\",\"width\":1000,\"height\":1000},{\"@type\":\"BreadcrumbList\",\"@id\":\"https:\/\/pharmadreams.shop\/index.php\/product\/avene-cleanance-concentre-anti-imperfections-comedomed-30ml\/#breadcrumb\",\"itemListElement\":[{\"@type\":\"ListItem\",\"position\":1,\"name\":\"Accueil\",\"item\":\"https:\/\/pharmadreams.shop\/\"},{\"@type\":\"ListItem\",\"position\":2,\"name\":\"Shop\",\"item\":\"https:\/\/pharmadreams.shop\/index.php\/shop\/\"},{\"@type\":\"ListItem\",\"position\":3,\"name\":\"AVENE Cleanance Concentre Anti-imperfections Comedomed 30ml\"}]},{\"@type\":\"WebSite\",\"@id\":\"https:\/\/pharmadreams.shop\/#website\",\"url\":\"https:\/\/pharmadreams.shop\/\",\"name\":\"pharmadreams\",\"description\":\"Parapharmacie en ligne\",\"potentialAction\":[{\"@type\":\"SearchAction\",\"target\":{\"@type\":\"EntryPoint\",\"urlTemplate\":\"https:\/\/pharmadreams.shop\/?s={search_term_string}\"},\"query-input\":\"required name=search_term_string\"}],\"inLanguage\":\"fr-FR\"}]}<\/script>\n<!-- \/ Yoast SEO plugin. -->","yoast_head_json":{"title":"AVENE Cleanance Concentre Anti-imperfections Comedomed 30ml - pharmadreams","robots":{"index":"index","follow":"follow","max-snippet":"max-snippet:-1","max-image-preview":"max-image-preview:large","max-video-preview":"max-video-preview:-1"},"canonical":"https:\/\/pharmadreams.shop\/index.php\/product\/avene-cleanance-concentre-anti-imperfections-comedomed-30ml\/","og_locale":"fr_FR","og_type":"article","og_title":"AVENE Cleanance Concentre Anti-imperfections Comedomed 30ml - pharmadreams","og_description":"Av\u00e8ne Cleanance Comedomed\u00a0est un\u00a0concentr\u00e9 anti-imperfections. Il diminue les points noirs et les boutons, et limite leur survenue. Il est destin\u00e9 aux\u00a0peaux \u00e0 tendance acn\u00e9ique.  Av\u00e8ne Cleanance Comedomed \u00e9limine les boutons et les points noirs\u00a0et contribue \u00e0 resserrer les pores dilat\u00e9s, pr\u00e9venant ainsi leur r\u00e9apparition. Il int\u00e8gre un actif brevet\u00e9,\u00a0 la\u00a0Com\u00e9doclatin, issu du chardon marie. Celle-ci a des propri\u00e9t\u00e9s anti-inflammatoires et antioxydantes. Il est \u00e9galement formul\u00e9 \u00e0 la\u00a0silice, qui va\u00a0absorber le s\u00e9bum produit en exc\u00e8s et avoir un effet matifiant sur la peau, diminuant les brillances. Enfin, il apporte de\u00a0l\u2019eau thermale d\u2019Av\u00e8ne, r\u00e9put\u00e9e pour ses capacit\u00e9s apaisantes.","og_url":"https:\/\/pharmadreams.shop\/index.php\/product\/avene-cleanance-concentre-anti-imperfections-comedomed-30ml\/","og_site_name":"pharmadreams","twitter_card":"summary_large_image","twitter_misc":{"Dur\u00e9e de lecture estim\u00e9e":"1 minute"},"schema":{"@context":"https:\/\/schema.org","@graph":[{"@type":"WebPage","@id":"https:\/\/pharmadreams.shop\/index.php\/product\/avene-cleanance-concentre-anti-imperfections-comedomed-30ml\/","url":"https:\/\/pharmadreams.shop\/index.php\/product\/avene-cleanance-concentre-anti-imperfections-comedomed-30ml\/","name":"AVENE Cleanance Concentre Anti-imperfections Comedomed 30ml - pharmadreams","isPartOf":{"@id":"https:\/\/pharmadreams.shop\/#website"},"primaryImageOfPage":{"@id":"https:\/\/pharmadreams.shop\/index.php\/product\/avene-cleanance-concentre-anti-imperfections-comedomed-30ml\/#primaryimage"},"image":{"@id":"https:\/\/pharmadreams.shop\/index.php\/product\/avene-cleanance-concentre-anti-imperfections-comedomed-30ml\/#primaryimage"},"thumbnailUrl":"https:\/\/pharmadreams.shop\/wp-content\/uploads\/2024\/05\/avene-cleanance-concentre-anti-imperfections-comedomed-30ml-1.avif","datePublished":"2024-05-31T14:52:04+00:00","dateModified":"2024-05-31T14:52:04+00:00","breadcrumb":{"@id":"https:\/\/pharmadreams.shop\/index.php\/product\/avene-cleanance-concentre-anti-imperfections-comedomed-30ml\/#breadcrumb"},"inLanguage":"fr-FR","potentialAction":[{"@type":"ReadAction","target":["https:\/\/pharmadreams.shop\/index.php\/product\/avene-cleanance-concentre-anti-imperfections-comedomed-30ml\/"]}]},{"@type":"ImageObject","inLanguage":"fr-FR","@id":"https:\/\/pharmadreams.shop\/index.php\/product\/avene-cleanance-concentre-anti-imperfections-comedomed-30ml\/#primaryimage","url":"https:\/\/pharmadreams.shop\/wp-content\/uploads\/2024\/05\/avene-cleanance-concentre-anti-imperfections-comedomed-30ml-1.avif","contentUrl":"https:\/\/pharmadreams.shop\/wp-content\/uploads\/2024\/05\/avene-cleanance-concentre-anti-imperfections-comedomed-30ml-1.avif","width":1000,"height":1000},{"@type":"BreadcrumbList","@id":"https:\/\/pharmadreams.shop\/index.php\/product\/avene-cleanance-concentre-anti-imperfections-comedomed-30ml\/#breadcrumb","itemListElement":[{"@type":"ListItem","position":1,"name":"Accueil","item":"https:\/\/pharmadreams.shop\/"},{"@type":"ListItem","position":2,"name":"Shop","item":"https:\/\/pharmadreams.shop\/index.php\/shop\/"},{"@type":"ListItem","position":3,"name":"AVENE Cleanance Concentre Anti-imperfections Comedomed 30ml"}]},{"@type":"WebSite","@id":"https:\/\/pharmadreams.shop\/#website","url":"https:\/\/pharmadreams.shop\/","name":"pharmadreams","description":"Parapharmacie en ligne","potentialAction":[{"@type":"SearchAction","target":{"@type":"EntryPoint","urlTemplate":"https:\/\/pharmadreams.shop\/?s={search_term_string}"},"query-input":"required name=search_term_string"}],"inLanguage":"fr-FR"}]}},"_links":{"self":[{"href":"https:\/\/pharmadreams.shop\/index.php\/wp-json\/wp\/v2\/product\/18574","targetHints":{"allow":["GET"]}}],"collection":[{"href":"https:\/\/pharmadreams.shop\/index.php\/wp-json\/wp\/v2\/product"}],"about":[{"href":"https:\/\/pharmadreams.shop\/index.php\/wp-json\/wp\/v2\/types\/product"}],"replies":[{"embeddable":true,"href":"https:\/\/pharmadreams.shop\/index.php\/wp-json\/wp\/v2\/comments?post=18574"}],"version-history":[{"count":0,"href":"https:\/\/pharmadreams.shop\/index.php\/wp-json\/wp\/v2\/product\/18574\/revisions"}],"wp:featuredmedia":[{"embeddable":true,"href":"https:\/\/pharmadreams.shop\/index.php\/wp-json\/wp\/v2\/media\/18575"}],"wp:attachment":[{"href":"https:\/\/pharmadreams.shop\/index.php\/wp-json\/wp\/v2\/media?parent=18574"}],"wp:term":[{"taxonomy":"product_brand","embeddable":true,"href":"https:\/\/pharmadreams.shop\/index.php\/wp-json\/wp\/v2\/product_brand?post=18574"},{"taxonomy":"product_cat","embeddable":true,"href":"https:\/\/pharmadreams.shop\/index.php\/wp-json\/wp\/v2\/product_cat?post=18574"},{"taxonomy":"product_tag","embeddable":true,"href":"https:\/\/pharmadreams.shop\/index.php\/wp-json\/wp\/v2\/product_tag?post=18574"}],"curies":[{"name":"wp","href":"https:\/\/api.w.org\/{rel}","templated":true}]}}